{"id":731,"date":"2025-01-14T02:46:35","date_gmt":"2025-01-14T05:46:35","guid":{"rendered":"https:\/\/posgraduacao.uea.edu.br\/cienciashumanas\/?page_id=731"},"modified":"2025-09-24T23:00:21","modified_gmt":"2025-09-25T02:00:21","slug":"coordenacao-do-programa","status":"publish","type":"page","link":"http:\/\/posgraduacao.uea.edu.br\/cienciashumanas\/index.php\/coordenacao-do-programa\/","title":{"rendered":"Coordena\u00e7\u00e3o do Programa"},"content":{"rendered":"\n<div class=\"wp-block-stackable-columns alignfull stk-block-columns stk-block stk-51b2b12 stk-block-background stk--has-background-overlay\" data-block-id=\"51b2b12\"><style>.stk-51b2b12 .stk--block-align-51b2b12{align-items:center !important;}.stk-51b2b12 {background-color:linear-gradient(to right, #6a11cb 0%, #2575fc 100%) !important;background-image:url(http:\/\/posgraduacao.uea.edu.br\/cienciashumanas\/wp-content\/uploads\/2025\/05\/fluido-2.png) !important;background-position:bottom center !important;background-repeat:no-repeat !important;background-size:cover !important;padding-top:300px !important;padding-bottom:200px !important;margin-bottom:0px !important;}.stk-51b2b12:before{opacity:0.7 !important;mix-blend-mode:multiply !important;background-image:linear-gradient(to right, #6a11cb 0%, #2575fc 100%) !important;}.stk-51b2b12-column{--stk-column-gap:35px !important;row-gap:35px !important;}@media screen and (max-width:999px){.stk-51b2b12 {padding-top:250px !important;padding-bottom:150px !important;}}@media screen and (max-width:689px){.stk-51b2b12 {padding-top:150px !important;padding-bottom:100px !important;}}<\/style><div class=\"stk-row stk-inner-blocks stk--block-align-51b2b12 stk-block-content stk-content-align stk-51b2b12-column\">\n<div class=\"wp-block-stackable-column stk-block-column stk-column stk-block stk-3a43e6b\" data-v=\"4\" data-block-id=\"3a43e6b\"><style>.stk-3a43e6b-container{margin-top:0px !important;margin-right:0px !important;margin-bottom:0px !important;margin-left:0px !important;}<\/style><div class=\"stk-column-wrapper stk-block-column__content stk-container stk-3a43e6b-container stk--no-background stk--no-padding\"><div class=\"has-text-align-center-mobile stk-block-content stk-inner-blocks stk-3a43e6b-inner-blocks\">\n<div class=\"wp-block-stackable-heading stk-block-heading stk-block-heading--v2 stk-block stk-7225c59\" id=\"coordenacao-do-programa\" data-block-id=\"7225c59\"><style>.stk-7225c59 {margin-bottom:10px !important;}.stk-7225c59 .stk-block-heading__text{color:var(--theme-palette-color-8, #ffffff) !important;line-height:1.3em !important;font-weight:800 !important;}@media screen and (max-width:999px){.stk-7225c59 .stk-block-heading__text{font-size:40px !important;}}@media screen and (max-width:689px){.stk-7225c59 .stk-block-heading__text{font-size:30px !important;}}<\/style><h2 class=\"stk-block-heading__text has-text-color has-text-align-center\">Coordena\u00e7\u00e3o do Programa<\/h2><\/div>\n<\/div><\/div><\/div>\n<\/div><\/div>\n\n\n\n<div class=\"wp-block-stackable-spacer stk-block-spacer stk--no-padding stk-block stk-b2c1613\" data-block-id=\"b2c1613\"><style>.stk-b2c1613 {height:130px !important;}@media screen and (max-width:999px){.stk-b2c1613 {height:70px !important;}}<\/style><\/div>\n\n\n\n<div class=\"wp-block-stackable-columns stk-block-columns stk-block stk-81ba387\" data-block-id=\"81ba387\"><div class=\"stk-row stk-inner-blocks stk-block-content stk-content-align stk-81ba387-column\">\n<div class=\"wp-block-stackable-column stk-block-column stk-column stk-block stk-de87848\" data-v=\"4\" data-block-id=\"de87848\"><div class=\"stk-column-wrapper stk-block-column__content stk-container stk-de87848-container stk--no-background stk--no-padding\"><div class=\"stk-block-content stk-inner-blocks stk-de87848-inner-blocks\">\n<div class=\"wp-block-stackable-heading stk-block-heading stk-block-heading--v2 stk-block stk-fab0f52\" id=\"span-style-color-ec-7038-class-stk-highlight-coordenadora-do-programa-span\" data-block-id=\"fab0f52\"><h2 class=\"stk-block-heading__text has-text-align-center\"><span style=\"color: #ec7038;\" class=\"stk-highlight\">Coordenadora do Programa<\/span><\/h2><\/div>\n\n\n\n<div class=\"wp-block-media-text is-stacked-on-mobile\" style=\"grid-template-columns:27% auto\"><figure class=\"wp-block-media-text__media\"><img loading=\"lazy\" decoding=\"async\" width=\"1017\" height=\"1024\" src=\"http:\/\/posgraduacao.uea.edu.br\/cienciashumanas\/wp-content\/uploads\/2025\/05\/Dra-LUCIA-PUGA-1017x1024.jpg\" alt=\"\" class=\"wp-image-1213 size-full\" srcset=\"http:\/\/posgraduacao.uea.edu.br\/cienciashumanas\/wp-content\/uploads\/2025\/05\/Dra-LUCIA-PUGA-1017x1024.jpg 1017w, http:\/\/posgraduacao.uea.edu.br\/cienciashumanas\/wp-content\/uploads\/2025\/05\/Dra-LUCIA-PUGA-298x300.jpg 298w, http:\/\/posgraduacao.uea.edu.br\/cienciashumanas\/wp-content\/uploads\/2025\/05\/Dra-LUCIA-PUGA-150x150.jpg 150w, http:\/\/posgraduacao.uea.edu.br\/cienciashumanas\/wp-content\/uploads\/2025\/05\/Dra-LUCIA-PUGA-768x773.jpg 768w, http:\/\/posgraduacao.uea.edu.br\/cienciashumanas\/wp-content\/uploads\/2025\/05\/Dra-LUCIA-PUGA.jpg 1080w\" sizes=\"auto, (max-width: 1017px) 100vw, 1017px\" \/><\/figure><div class=\"wp-block-media-text__content\">\n<p><strong><span style=\"color: #3e5b8e;\" class=\"stk-highlight\">Profa. Dra. L\u00facia Marina Puga Ferreira <\/span><\/strong><\/p>\n\n\n\n<div class=\"wp-block-stackable-text stk-block-text stk-block stk-2aaf94c\" data-block-id=\"2aaf94c\"><p class=\"stk-block-text__text has-text-align-justify\"><span style=\"color: #3b5b94;\" class=\"stk-highlight\">Doutora em Antropologia pela Universidade Federal Fluminense (2013). Possui gradua\u00e7\u00e3o em Ci\u00eancias Sociais pela Universidade de S\u00e3o Paulo (1997) e mestrado em Sociedade e Cultura na Amaz\u00f4nia pela Universidade Federal do Amazonas (2002). \u00c9 professora da Universidade do Estado do Amazonas. L\u00edder do Grupos de Pesquisa: &#8220;Laborat\u00f3rio de Pesquisa em Ci\u00eancias Sociais da Amaz\u00f4nia &#8211; LAPECSAM&#8221; (UEA) e Participante dos Grupos de Pesquisa &#8220;N\u00facleo Interdisciplinar de Pesquisas Arqueol\u00f3gicas da Bacia Amaz\u00f4nica &#8211; NIPAAM&#8221; (UEA). Foi coordenadora Pedag\u00f3gica dos Cursos de Administra\u00e7\u00e3o (2013\/2015) e Arqueologia (2014\/2017); Vice-Coordenadora do CEP\/UEA (2020\/2022). Exerce, desde julho de 2021, o cargo de Coordenadora do Programa de P\u00f3s-Gradua\u00e7\u00e3o Interdisciplinar em Ci\u00eancias Humanas (PPGICH\/UEA).<\/span><\/p><\/div>\n\n\n\n<p><em><span style=\"color: #3b5b94;\" class=\"stk-highlight\">Lattes:<\/span> <a href=\"http:\/\/lattes.cnpq.br\/7019435613626489\">http:\/\/lattes.cnpq.br\/7019435613626489<\/a><\/em><\/p>\n<\/div><\/div>\n\n\n\n<p><\/p>\n\n\n\n<div class=\"wp-block-stackable-heading stk-block-heading stk-block-heading--v2 stk-block stk-c38cb37\" id=\"span-style-color-ec-7038-class-stk-highlight-vice-coordenadora-do-programa-span\" data-block-id=\"c38cb37\"><h2 class=\"stk-block-heading__text has-text-align-center\"><span style=\"color: #ec7038;\" class=\"stk-highlight\">Vice-coordenadora do Programa<\/span><\/h2><\/div>\n\n\n\n<div class=\"wp-block-media-text has-media-on-the-right is-stacked-on-mobile\" style=\"grid-template-columns:auto 27%\"><div class=\"wp-block-media-text__content\">\n<p><strong><strong><span style=\"color: #3e5b8e;\" class=\"stk-highlight\">Profa. Dra. Gimima Beatriz Melo da Silva<\/span><\/strong><\/strong><\/p>\n\n\n\n<div class=\"wp-block-stackable-text stk-block-text stk-block stk-20543a2\" data-block-id=\"20543a2\"><p class=\"stk-block-text__text has-text-align-justify\"><span style=\"color: #3b5b94;\" class=\"stk-highlight\">P\u00f3s-Doutorado em Sociologia pela Universidade do Porto (2020). Possui doutorado em Antropologia pela Universidade Federal Fluminense (2013), mestrado em Sociedade e Cultura na Amaz\u00f4nia pela Universidade Federal do Amazonas (2003) e gradua\u00e7\u00e3o em Ci\u00eancias Sociais (Bacharelado e Licenciatura) pela Universidade Federal do Amazonas (2000). l\u00edder do Laborat\u00f3rio de Pesquisa em Ci\u00eancias Sociais da Amaz\u00f4nia (LAPECSAM). Atualmente \u00e9 professor Asso ciado do quadro permanente de docentes do Programa Interdisciplinar de P\u00f3s-Gradua\u00e7\u00e3o em Ci\u00eancias Humanas\/Mestrado em Ci\u00eancias Humanas da Universidade do Estado do Amazonas com vincula\u00e7\u00e3o \u00e0 linha de pesquisa Espa\u00e7os, Mem\u00f3rias e Configura\u00e7\u00f5es Sociais. Na p\u00f3s-gradua\u00e7\u00e3o, ministra a disciplina Cultura e Poder, sendo lotada na Escola Superior de Ci\u00eancias Sociais da Universidade do Estado do Amazonas atuando nas disciplinas Ci\u00eancia Pol\u00edtica; Sociologia; Estado, Cultura e Sociedade; Sociedade e Cultura na Amaz\u00f4nia. Tem experi\u00eancia na \u00e1rea de Ci\u00eancias Sociais e Antropologia Pol\u00edtica com foco no estudo de Processos Socioculturais na Amaz\u00f4nia. Cultura, Cidadania e Democracia. Educa\u00e7\u00e3o e alfabetiza\u00e7\u00e3o pol\u00edtica. Estruturas Sociais e Perspectivas Simb\u00f3licas das Rela\u00e7\u00f5es de Poder.<\/span><\/p><\/div>\n\n\n\n<p><em><span style=\"color: #3e5b8e;\" class=\"stk-highlight\">Lattes:<\/span> <\/em><a href=\"http:\/\/lattes.cnpq.br\/2039509924738052\">http:\/\/lattes.cnpq.br\/2039509924738052<\/a><\/p>\n<\/div><figure class=\"wp-block-media-text__media\"><img loading=\"lazy\" decoding=\"async\" width=\"912\" height=\"1024\" src=\"http:\/\/posgraduacao.uea.edu.br\/cienciashumanas\/wp-content\/uploads\/2025\/05\/gimima-2-912x1024.png\" alt=\"\" class=\"wp-image-1216 size-full\" srcset=\"http:\/\/posgraduacao.uea.edu.br\/cienciashumanas\/wp-content\/uploads\/2025\/05\/gimima-2-912x1024.png 912w, http:\/\/posgraduacao.uea.edu.br\/cienciashumanas\/wp-content\/uploads\/2025\/05\/gimima-2-267x300.png 267w, http:\/\/posgraduacao.uea.edu.br\/cienciashumanas\/wp-content\/uploads\/2025\/05\/gimima-2-768x863.png 768w, http:\/\/posgraduacao.uea.edu.br\/cienciashumanas\/wp-content\/uploads\/2025\/05\/gimima-2-1367x1536.png 1367w, http:\/\/posgraduacao.uea.edu.br\/cienciashumanas\/wp-content\/uploads\/2025\/05\/gimima-2-1823x2048.png 1823w\" sizes=\"auto, (max-width: 912px) 100vw, 912px\" \/><\/figure><\/div>\n\n\n\n<p class=\"has-text-align-center\"><\/p>\n\n\n\n<p><\/p>\n\n\n\n<div class=\"wp-block-stackable-heading stk-block-heading stk-block-heading--v2 stk-block stk-dbf92b0\" id=\"span-style-color-ec-7038-class-stk-highlight-subcoordenador-do-programa-tefe-span\" data-block-id=\"dbf92b0\"><h2 class=\"stk-block-heading__text has-text-align-center\"><span style=\"color: #ec7038;\" class=\"stk-highlight\">Subcoordenador do Programa (Tef\u00e9)<\/span><\/h2><\/div>\n\n\n\n<div class=\"wp-block-media-text is-stacked-on-mobile\" style=\"grid-template-columns:27% auto\"><figure class=\"wp-block-media-text__media\"><img loading=\"lazy\" decoding=\"async\" width=\"581\" height=\"644\" src=\"http:\/\/posgraduacao.uea.edu.br\/cienciashumanas\/wp-content\/uploads\/2025\/05\/Diretor_do_CestUEA_lanca_livro_com_estudo_sobre_producao_popular-2.jpg\" alt=\"\" class=\"wp-image-1217 size-full\" srcset=\"http:\/\/posgraduacao.uea.edu.br\/cienciashumanas\/wp-content\/uploads\/2025\/05\/Diretor_do_CestUEA_lanca_livro_com_estudo_sobre_producao_popular-2.jpg 581w, http:\/\/posgraduacao.uea.edu.br\/cienciashumanas\/wp-content\/uploads\/2025\/05\/Diretor_do_CestUEA_lanca_livro_com_estudo_sobre_producao_popular-2-271x300.jpg 271w\" sizes=\"auto, (max-width: 581px) 100vw, 581px\" \/><\/figure><div class=\"wp-block-media-text__content\">\n<p><strong><strong><strong><span style=\"color: #3e5b8e;\" class=\"stk-highlight\">Prof. Dr. Yomarley Lopes Holanda<\/span><\/strong><\/strong><\/strong><\/p>\n\n\n\n<div class=\"wp-block-stackable-text stk-block-text stk-block stk-91061fc\" data-block-id=\"91061fc\"><p class=\"stk-block-text__text has-text-align-justify\"><span style=\"color: #3b5b94;\" class=\"stk-highlight\">Doutor (2019) e Mestre (2010) em Sociedade e Cultura na Amaz\u00f4nia pela Universidade Federal do Amazonas (UFAM), onde tamb\u00e9m se especializou em Psicopedagogia (2007) e se graduou em Hist\u00f3ria (2005). Atualmente, \u00e9 professor Adjunto da Universidade do Estado do Amazonas (UEA), docente permanente do Programa de P\u00f3s-Gradua\u00e7\u00e3o Interdisciplinar em Ci\u00eancias Humanas (PPGICH\/UEA) e subcoordenador do PPGICH\/Tef\u00e9. Tamb\u00e9m exerce a fun\u00e7\u00e3o de Diretor do Centro de Estudos Superiores de Tef\u00e9 (UEA\/CEST) no per\u00edodo de 2023-2025. Sua trajet\u00f3ria acad\u00eamica e pesquisa concentram-se nos temas de cultura amaz\u00f4nica, imagin\u00e1rio e cria\u00e7\u00e3o art\u00edstica, hist\u00f3ria da Amaz\u00f4nia e ensino de hist\u00f3ria, com \u00eanfase na intersec\u00e7\u00e3o entre manifesta\u00e7\u00f5es culturais populares e processos de identidade na regi\u00e3o. \u00c9 autor de diversos livros, incluindo <em>Amazonidade: reflorestando a cria\u00e7\u00e3o po\u00e9tica<\/em> (2024), <em>Escritos sobre Hist\u00f3ria: ensino e itiner\u00e1rios de pesquisa no interior da Amaz\u00f4nia<\/em> (2022) e <em>O artista-andarilho da Amaz\u00f4nia e o florejar de sua pr\u00e1xis-poiesis na festa popular<\/em> (2020). Com uma trajet\u00f3ria que transita entre a academia e a produ\u00e7\u00e3o art\u00edstica, tamb\u00e9m atua como escritor e compositor em manifesta\u00e7\u00f5es culturais da Amaz\u00f4nia. Desenvolve projetos voltados \u00e0 forma\u00e7\u00e3o docente, educa\u00e7\u00e3o patrimonial e representa\u00e7\u00f5es socioculturais da Amaz\u00f4nia, contribuindo ativamente para o debate interdisciplinar sobre identidade e cultura na regi\u00e3o.<\/span><\/p><\/div>\n\n\n\n<p><em><span style=\"color: #3e5b8e;\" class=\"stk-highlight\">Lattes:<\/span> <\/em><a href=\"http:\/\/lattes.cnpq.br\/2565605620250789\">http:\/\/lattes.cnpq.br\/2565605620250789<\/a><\/p>\n<\/div><\/div>\n\n\n\n<p class=\"has-text-align-center\" id=\"vice-coordenadora-do-programa\"><\/p>\n<\/div><\/div><\/div>\n<\/div><\/div>\n\n\n\n<div class=\"wp-block-stackable-spacer stk-block-spacer stk--no-padding stk-block stk-bf33017\" data-block-id=\"bf33017\"><style>.stk-bf33017 {height:130px !important;}@media screen and (max-width:999px){.stk-bf33017 {height:70px !important;}}<\/style><\/div>\n\n\n\n<div class=\"wp-block-stackable-columns alignfull stk-block-columns stk-block stk-80ce3af stk-block-background stk--has-background-overlay\" data-block-id=\"80ce3af\"><style>.stk-80ce3af {background-color:linear-gradient(180deg, #ffffff 50%, var(--theme-palette-color-4, #102136) 50%) !important;margin-bottom:0px !important;}.stk-80ce3af:before{background-image:linear-gradient(180deg, #ffffff 50%, var(--theme-palette-color-4, #102136) 50%) !important;}<\/style><div class=\"stk-row stk-inner-blocks stk-block-content stk-content-align stk-80ce3af-column\">\n<div class=\"wp-block-stackable-column stk-block-column stk-column stk-block stk-6ddbaf2 stk-block-background stk--has-background-overlay\" data-v=\"4\" data-block-id=\"6ddbaf2\"><style>.stk-6ddbaf2-container{margin-top:0px !important;margin-right:0px !important;margin-bottom:0px !important;margin-left:0px !important;}.stk-6ddbaf2 {background-image:url(http:\/\/posgraduacao.uea.edu.br\/cienciashumanas\/wp-content\/uploads\/2025\/02\/PPGICHERS.png) !important;border-top-left-radius:10px !important;border-top-right-radius:10px !important;border-bottom-right-radius:10px !important;border-bottom-left-radius:10px !important;overflow:hidden !important;padding-top:100px !important;padding-right:150px !important;padding-bottom:100px !important;padding-left:150px !important;}.stk-6ddbaf2:before{background-color:#000000 !important;opacity:0.4 !important;}@media screen and (max-width:999px){.stk-6ddbaf2 {padding-top:80px !important;padding-right:150px !important;padding-bottom:80px !important;padding-left:150px !important;}}@media screen and (max-width:689px){.stk-6ddbaf2 {padding-top:60px !important;padding-right:50px !important;padding-bottom:60px !important;padding-left:50px !important;}}<\/style><div class=\"stk-column-wrapper stk-block-column__content stk-container stk-6ddbaf2-container stk--no-background stk--no-padding\"><div class=\"has-text-align-center stk-block-content stk-inner-blocks stk-6ddbaf2-inner-blocks\">\n<div class=\"wp-block-stackable-heading stk-block-heading stk-block-heading--v2 stk-block stk-8054442\" id=\"programa-de-pos-graduacao-interdisciplinar-em-ciencias-humanas\" data-block-id=\"8054442\"><style>.stk-8054442 {margin-bottom:10px !important;}.stk-8054442 .stk-block-heading__text{color:var(--theme-palette-color-8, #ffffff) !important;font-weight:800 !important;}@media screen and (max-width:689px){.stk-8054442 .stk-block-heading__text{font-size:25px !important;}}<\/style><h2 class=\"stk-block-heading__text has-text-color stk-block-heading--use-theme-margins\">Programa de P\u00f3s-gradua\u00e7\u00e3o Interdisciplinar em Ci\u00eancias Humanas<\/h2><\/div>\n\n\n\n<div class=\"wp-block-stackable-button-group stk-block-button-group stk-block stk-cc4a772\" data-block-id=\"cc4a772\"><div class=\"stk-row stk-inner-blocks stk-block-content stk-button-group\">\n<div class=\"wp-block-stackable-button stk-block-button stk-block stk-f63b751\" data-block-id=\"f63b751\"><style>.stk-f63b751 .stk-button{padding-top:12px !important;padding-right:30px !important;padding-bottom:12px !important;padding-left:30px !important;}<\/style><a class=\"stk-link stk-button stk--hover-effect-darken\" href=\"https:\/\/posgraduacao.uea.edu.br\/cienciashumanas\/index.php\/contato\/\"><span class=\"stk-button__inner-text\">Fale Conosco<\/span><\/a><\/div>\n<\/div><\/div>\n<\/div><\/div><\/div>\n<\/div><\/div>\n\n\n\n<p><\/p>\n","protected":false},"excerpt":{"rendered":"<p>Coordena\u00e7\u00e3o do Programa Coordenadora do Programa Profa. Dra. L\u00facia Marina Puga Ferreira Doutora em Antropologia pela Universidade Federal Fluminense (2013). Possui gradua\u00e7\u00e3o em Ci\u00eancias Sociais pela Universidade de S\u00e3o Paulo (1997) e mestrado em Sociedade e Cultura na Amaz\u00f4nia pela Universidade Federal do Amazonas (2002). \u00c9 professora da Universidade do Estado do Amazonas. L\u00edder do [&hellip;]<\/p>\n","protected":false},"author":1,"featured_media":0,"parent":0,"menu_order":0,"comment_status":"closed","ping_status":"closed","template":"","meta":{"footnotes":""},"class_list":["post-731","page","type-page","status-publish","hentry"],"blocksy_meta":{"page_title_panel":"","has_hero_section":"disabled","fe1c64ab89945cda534f4bb2d579ae1a":"","hero_section":"type-1","hero_elements":[{"id":"custom_title","enabled":true,"heading_tag":"h1","title":"Home"},{"id":"custom_description","enabled":true,"description_visibility":{"desktop":true,"tablet":true,"mobile":false}},{"id":"custom_meta","enabled":false,"meta_elements":[{"id":"author","enabled":true,"label":"By","has_author_avatar":"yes","avatar_size":25},{"id":"post_date","enabled":true,"label":"On","date_format_source":"default","date_format":"M j, Y"},{"id":"updated_date","enabled":false,"label":"On","date_format_source":"default","date_format":"M j, Y"},{"id":"categories","enabled":false,"label":"In","style":"simple"},{"id":"comments","enabled":true}],"page_meta_elements":{"joined":true,"articles_count":true,"comments":true}},{"id":"breadcrumbs","enabled":false}],"433b02732bec8d55ec282f00a9a700eb":"","hero_alignment1":"CT_CSS_SKIP_RULE","hero_margin":40,"hero_alignment2":"center","hero_vertical_alignment":"center","fdbb34d69d6afe2394c07d96c9ea0b60":"","hero_structure":"narrow","cb306aece5e91b9a44875e4a81075440":"","page_title_bg_type":"featured_image","custom_hero_background":{"attachment_id":null},"page_title_image_size":"full","parallax":{"desktop":false,"tablet":false,"mobile":false},"034bc954f3c533bc75ffdf62670c8395":"","hero_height":"250px","pageTitleFont":{"family":"Default","variation":"Default","size":"30px","line-height":"CT_CSS_SKIP_RULE","letter-spacing":"CT_CSS_SKIP_RULE","text-transform":"CT_CSS_SKIP_RULE","text-decoration":"CT_CSS_SKIP_RULE"},"pageTitleFontColor":{"default":{"color":"CT_CSS_SKIP_RULEDEFAULT"}},"pageMetaFont":{"family":"Default","variation":"n6","size":"12px","line-height":"1.3","letter-spacing":"CT_CSS_SKIP_RULE","text-transform":"uppercase","text-decoration":"CT_CSS_SKIP_RULE"},"pageMetaFontColor":{"default":{"color":"CT_CSS_SKIP_RULEDEFAULT"},"hover":{"color":"CT_CSS_SKIP_RULEDEFAULT"}},"page_meta_button_type_font_colors":{"default":{"color":"CT_CSS_SKIP_RULEDEFAULT"},"hover":{"color":"CT_CSS_SKIP_RULEDEFAULT"}},"page_meta_button_type_background_colors":{"default":{"color":"CT_CSS_SKIP_RULEDEFAULT"},"hover":{"color":"CT_CSS_SKIP_RULEDEFAULT"}},"pageExcerptFont":{"family":"Default","variation":"Default","size":"CT_CSS_SKIP_RULE","line-height":"CT_CSS_SKIP_RULE","letter-spacing":"CT_CSS_SKIP_RULE","text-transform":"CT_CSS_SKIP_RULE","text-decoration":"CT_CSS_SKIP_RULE"},"pageExcerptColor":{"default":{"color":"CT_CSS_SKIP_RULEDEFAULT"}},"breadcrumbsFont":{"family":"Default","variation":"Default","size":"CT_CSS_SKIP_RULE","line-height":"CT_CSS_SKIP_RULE","letter-spacing":"CT_CSS_SKIP_RULE","text-transform":"CT_CSS_SKIP_RULE","text-decoration":"CT_CSS_SKIP_RULE"},"breadcrumbsFontColor":{"default":{"color":"CT_CSS_SKIP_RULEDEFAULT"},"initial":{"color":"CT_CSS_SKIP_RULEDEFAULT"},"hover":{"color":"CT_CSS_SKIP_RULEDEFAULT"}},"pageTitleOverlay":{"background_type":"color","background_pattern":"type-1","background_image":{"attachment_id":null,"x":0,"y":0},"gradient":"linear-gradient(135deg,rgba(6,147,227,1) 0%,rgb(155,81,224) 100%)","background_repeat":"repeat","background_size":"auto","background_attachment":"scroll","patternColor":{"default":{"color":"#e5e7ea"}},"overlayColor":{"default":{"color":"CT_CSS_SKIP_RULE"}},"backgroundColor":{"default":{"color":"CT_CSS_SKIP_RULE"}}},"pageTitleBackground":{"background_type":"color","background_pattern":"type-1","background_image":{"attachment_id":null,"x":0,"y":0},"gradient":"linear-gradient(135deg,rgba(6,147,227,1) 0%,rgb(155,81,224) 100%)","background_repeat":"repeat","background_size":"auto","background_attachment":"scroll","patternColor":{"default":{"color":"#e5e7ea"}},"overlayColor":{"default":{"color":"CT_CSS_SKIP_RULE"}},"backgroundColor":{"default":{"color":"var(--theme-palette-color-6)"}}},"pageTitlePadding":{"top":"50px","bottom":"50px","left":"auto","right":"auto","linked":true},"12e455f30de1d15aed0effbbb6f951bf":"","page_structure_type":"default","f474d2f3ad69b4e64f52dac0a3aa2bb2":"","content_style_source":"inherit","content_style":"wide","vertical_spacing_source":"custom","content_area_spacing":"none","background":{"background_type":"color","background_pattern":"type-1","background_image":{"attachment_id":null,"x":0,"y":0},"gradient":"linear-gradient(135deg,rgba(6,147,227,1) 0%,rgb(155,81,224) 100%)","background_repeat":"repeat","background_size":"auto","background_attachment":"scroll","patternColor":{"default":{"color":"#e5e7ea"}},"overlayColor":{"default":{"color":"CT_CSS_SKIP_RULE"}},"backgroundColor":{"default":{"color":"CT_CSS_SKIP_RULE"}}},"content_background":{"background_type":"color","background_pattern":"type-1","background_image":{"attachment_id":null,"x":0,"y":0},"gradient":"linear-gradient(135deg,rgba(6,147,227,1) 0%,rgb(155,81,224) 100%)","background_repeat":"repeat","background_size":"auto","background_attachment":"scroll","patternColor":{"default":{"color":"#e5e7ea"}},"overlayColor":{"default":{"color":"CT_CSS_SKIP_RULE"}},"backgroundColor":{"default":{"color":"var(--theme-palette-color-8)"}}},"content_boxed_shadow":{"inherit":false,"blur":18,"spread":-6,"v_offset":12,"h_offset":0,"inset":false,"enable":true,"color":{"color":"rgba(34, 56, 101, 0.04)"}},"content_boxed_border":{"width":1,"style":"none","color":{"color":"rgba(44,62,80,0.2)"}},"content_boxed_radius":{"top":"3px","bottom":"3px","left":"3px","right":"3px","linked":true},"boxed_content_spacing":{"desktop":{"top":"40px","bottom":"40px","left":"40px","right":"40px","linked":true},"tablet":{"top":"35px","bottom":"35px","left":"35px","right":"35px","linked":true},"mobile":{"top":"20px","bottom":"20px","left":"20px","right":"20px","linked":true}},"fca9f1d1c7aa58a4b21dd78357f6373e":"","disable_featured_image":"no","disable_share_box":"no","disable_header":"no","disable_footer":"no","styles_descriptor":{"styles":{"desktop":"","tablet":"","mobile":""},"google_fonts":[],"version":6}},"_links":{"self":[{"href":"http:\/\/posgraduacao.uea.edu.br\/cienciashumanas\/index.php\/wp-json\/wp\/v2\/pages\/731","targetHints":{"allow":["GET"]}}],"collection":[{"href":"http:\/\/posgraduacao.uea.edu.br\/cienciashumanas\/index.php\/wp-json\/wp\/v2\/pages"}],"about":[{"href":"http:\/\/posgraduacao.uea.edu.br\/cienciashumanas\/index.php\/wp-json\/wp\/v2\/types\/page"}],"author":[{"embeddable":true,"href":"http:\/\/posgraduacao.uea.edu.br\/cienciashumanas\/index.php\/wp-json\/wp\/v2\/users\/1"}],"replies":[{"embeddable":true,"href":"http:\/\/posgraduacao.uea.edu.br\/cienciashumanas\/index.php\/wp-json\/wp\/v2\/comments?post=731"}],"version-history":[{"count":12,"href":"http:\/\/posgraduacao.uea.edu.br\/cienciashumanas\/index.php\/wp-json\/wp\/v2\/pages\/731\/revisions"}],"predecessor-version":[{"id":3787,"href":"http:\/\/posgraduacao.uea.edu.br\/cienciashumanas\/index.php\/wp-json\/wp\/v2\/pages\/731\/revisions\/3787"}],"wp:attachment":[{"href":"http:\/\/posgraduacao.uea.edu.br\/cienciashumanas\/index.php\/wp-json\/wp\/v2\/media?parent=731"}],"curies":[{"name":"wp","href":"https:\/\/api.w.org\/{rel}","templated":true}]}}