{"id":1945,"date":"2025-03-28T15:57:16","date_gmt":"2025-03-28T18:57:16","guid":{"rendered":"http:\/\/posgraduacao.uea.edu.br\/ensinodeciencia\/?page_id=1945"},"modified":"2025-03-28T16:45:41","modified_gmt":"2025-03-28T19:45:41","slug":"secam","status":"publish","type":"page","link":"http:\/\/posgraduacao.uea.edu.br\/ensinodeciencia\/index.php\/secam\/","title":{"rendered":"SECAM"},"content":{"rendered":"\n<div class=\"wp-block-stackable-columns alignfull stk-block-columns stk-block stk-fbd0346 stk-block-background stk--has-background-overlay\" data-block-id=\"fbd0346\"><style>.stk-fbd0346 {background-color:linear-gradient(90deg, #4c548a 0%, #dd3334 100%) !important;background-image:url(http:\/\/posgraduacao.uea.edu.br\/ensinodeciencia\/wp-content\/uploads\/2025\/03\/SECAM-CAPA.png) !important;min-height:600px !important;align-items:center !important;display:flex !important;}.stk-fbd0346:before{background-color:linear-gradient(90deg, #4c548a 0%, #dd3334 100%) !important;opacity:0.5 !important;}<\/style><div class=\"stk-row stk-inner-blocks has-text-align-center stk-block-content stk-content-align stk-fbd0346-column alignwide\">\n<div class=\"wp-block-stackable-column stk-block-column stk-column stk-block stk-6a80366\" data-v=\"4\" data-block-id=\"6a80366\"><div class=\"stk-column-wrapper stk-block-column__content stk-container stk-6a80366-container stk--no-background stk--no-padding\"><div class=\"stk-block-content stk-inner-blocks stk-6a80366-inner-blocks\"><\/div><\/div><\/div>\n<\/div><\/div>\n\n\n\n<div class=\"wp-block-stackable-spacer stk-block-spacer stk--no-padding stk-block stk-bf33017\" data-block-id=\"bf33017\"><style>.stk-bf33017 {height:62px !important;}@media screen and (max-width:999px){.stk-bf33017 {height:70px !important;}}<\/style><\/div>\n\n\n\n<div class=\"wp-block-stackable-columns stk-block-columns stk-block stk-eb090ea\" data-block-id=\"eb090ea\"><div class=\"stk-row stk-inner-blocks stk-block-content stk-content-align stk-eb090ea-column\">\n<div class=\"wp-block-stackable-column stk-block-column stk-column stk-block stk-17f2e65\" data-v=\"4\" data-block-id=\"17f2e65\"><div class=\"stk-column-wrapper stk-block-column__content stk-container stk-17f2e65-container stk--no-background stk--no-padding\"><div class=\"stk-block-content stk-inner-blocks stk-17f2e65-inner-blocks\">\n<div class=\"wp-block-stackable-heading stk-block-heading stk-block-heading--v2 stk-block stk-491776d\" id=\"simposio-de-educacao-em-ciencias-na-amazonia-secam\" data-block-id=\"491776d\"><h2 class=\"stk-block-heading__text\">Simp\u00f3sio de Educa\u00e7\u00e3o em Ci\u00eancias na Amaz\u00f4nia &#8211; SECAM<\/h2><\/div>\n\n\n\n<div class=\"wp-block-stackable-text stk-block-text stk-block stk-8a1b865\" data-block-id=\"8a1b865\"><p class=\"stk-block-text__text has-text-align-justify\">O Simp\u00f3sio de Educa\u00e7\u00e3o em Ci\u00eancias na Amaz\u00f4nia (SECAM) \u00e9 um evento acad\u00eamico organizado por docentes e discentes do Mestrado em Educa\u00e7\u00e3o em Ci\u00eancias na Amaz\u00f4nia, com o objetivo de fomentar o debate e a produ\u00e7\u00e3o cient\u00edfica na \u00e1rea. Sua trajet\u00f3ria teve in\u00edcio com o 1\u00ba Semin\u00e1rio de Ensino de Ci\u00eancias, realizado em 2006, que serviu como um espa\u00e7o para a troca de experi\u00eancias e a dissemina\u00e7\u00e3o de pesquisas voltadas para o ensino de Ci\u00eancias. Ao longo dos anos, o evento foi reformulado e passou a incorporar a Amaz\u00f4nia como eixo tem\u00e1tico central, promovendo discuss\u00f5es que articulam ci\u00eancia, educa\u00e7\u00e3o e as especificidades socioculturais e ambientais da regi\u00e3o. Mantendo uma periodicidade anual, o SECAM consolidou-se como um espa\u00e7o essencial para o fortalecimento da pesquisa, a socializa\u00e7\u00e3o do conhecimento e o aprimoramento das pr\u00e1ticas educacionais voltadas para a realidade amaz\u00f4nica. <br>Site: <a href=\"https:\/\/sites.google.com\/uea.edu.br\/secam\" target=\"_blank\" rel=\"noreferrer noopener\">SECAM UEA 2025<\/a><br>Instagram: <a href=\"https:\/\/www.instagram.com\/secam.uea?igsh=MTRydzY5OHZtanJrbw%3D%3D\" data-type=\"link\" data-id=\"https:\/\/www.instagram.com\/secam.uea?igsh=MTRydzY5OHZtanJrbw%3D%3D\" target=\"_blank\" rel=\"noreferrer noopener\">@secam.uea<\/a><\/p><\/div>\n\n\n\n<div class=\"wp-block-stackable-text stk-block-text stk-block stk-7a2622d\" data-block-id=\"7a2622d\"><style>.stk-7a2622d .stk-block-text__text{font-size:20px !important;color:#fcb900 !important;}@media screen and (max-width:999px){.stk-7a2622d .stk-block-text__text{font-size:20px !important;}}<\/style><p class=\"stk-block-text__text has-text-color\"><strong>Edi\u00e7\u00e3o atual (2025)<\/strong><\/p><\/div>\n\n\n\n<div class=\"wp-block-stackable-heading stk-block-heading stk-block-heading--v2 stk-block stk-9081fc2\" id=\"2025-xiii-secam-povos-em-confluencia-saberes-e-tecnologias\" data-block-id=\"9081fc2\"><style>.stk-9081fc2 .stk-block-heading__text{font-size:20px !important;font-family:\"Adamina\", Sans-serif !important;}@media screen and (max-width:999px){.stk-9081fc2 .stk-block-heading__text{font-size:20px !important;}}<\/style><h2 class=\"stk-block-heading__text\">2025 &#8211; XIII SECAM &#8211; Povos em conflu\u00eancia: saberes e tecnologias<\/h2><\/div>\n\n\n\n<div class=\"wp-block-stackable-subtitle stk-block-subtitle stk-block stk-2f57b02\" data-block-id=\"2f57b02\"><style>.stk-2f57b02 .stk-block-subtitle__text{font-size:20px !important;}@media screen and (max-width:999px){.stk-2f57b02 .stk-block-subtitle__text{font-size:20px !important;}}<\/style><p class=\"stk-block-subtitle__text stk-subtitle\"><strong>Edi\u00e7\u00f5es anteriores<\/strong><\/p><\/div>\n\n\n\n<div class=\"wp-block-stackable-heading stk-block-heading stk-block-heading--v2 stk-block stk-5282e9e\" id=\"2024-xii-secam-ciencia-arte-e-inovacao\" data-block-id=\"5282e9e\"><style>.stk-5282e9e .stk-block-heading__text{font-size:20px !important;}@media screen and (max-width:999px){.stk-5282e9e .stk-block-heading__text{font-size:20px !important;}}<\/style><h2 class=\"stk-block-heading__text\">2024 &#8211; XII SECAM: Ci\u00eancia, Arte e Inova\u00e7\u00e3o<\/h2><\/div>\n\n\n\n<div class=\"wp-block-stackable-text stk-block-text stk-block stk-968dd16\" data-block-id=\"968dd16\"><p class=\"stk-block-text__text\">A edi\u00e7\u00e3o foi realizada em 2024 nos dias 12,13 e 14 de junho com a tem\u00e1tica \u201cCi\u00eancia, Arte e Inova\u00e7\u00e3o\u201d e tamb\u00e9m manteve o formato h\u00edbrido, o que antes veio acontecer por quest\u00e3o de sa\u00fade passou a ser um importante meio de amplia\u00e7\u00e3o do evento, o SECAM 2024 se destaca pela forte parceria interinstitucional e coopera\u00e7\u00e3o entre programas, pois obtiveram presen\u00e7a como ministrantes, palestrantes e artistas de outras institui\u00e7\u00f5es<\/p><\/div>\n\n\n\n<div class=\"wp-block-stackable-heading stk-block-heading stk-block-heading--v2 stk-block stk-b76daca\" id=\"strong-2023-strong-xi-secam-quando-a-ciencia-pulsa-sociedade-saberes-e-desafios\" data-block-id=\"b76daca\"><style>.stk-b76daca .stk-block-heading__text{font-size:20px !important;}@media screen and (max-width:999px){.stk-b76daca .stk-block-heading__text{font-size:20px !important;}}<\/style><h2 class=\"stk-block-heading__text\"><strong>2023<\/strong> &#8211; XI SECAM: Quando a Ci\u00eancia Pulsa: sociedade, saberes e desafios<\/h2><\/div>\n\n\n\n<div class=\"wp-block-stackable-text stk-block-text stk-block stk-1c6d667\" data-block-id=\"1c6d667\"><p class=\"stk-block-text__text\">A escolha da tem\u00e1tica foi realizada partindo da met\u00e1fora da ci\u00eancia pulsante que traz o movimento e a energia que o pulsar envolve, pois, assim como o cora\u00e7\u00e3o precisa pulsar para que o corpo funcione, a ci\u00eancia que se almeja precisa estar viva, pulsante. Com intuito de ampliar o evento abrangendo cada vez mais munic\u00edpios fez-se a op\u00e7\u00e3o de realiz\u00e1-lo em formato h\u00edbrido.<\/p><\/div>\n\n\n\n<div class=\"wp-block-stackable-heading stk-block-heading stk-block-heading--v2 stk-block stk-efd05ed\" id=\"strong-2022-x-secam-strong-educacao-e-pesquisa-na-amazonia-transversalidade-decolonialidade-no-ensino-de-ciencias-e-matematica\" data-block-id=\"efd05ed\"><style>.stk-efd05ed .stk-block-heading__text{font-size:20px !important;}@media screen and (max-width:999px){.stk-efd05ed .stk-block-heading__text{font-size:20px !important;}}<\/style><h2 class=\"stk-block-heading__text\"><strong>2022 &#8211;  X SECAM<\/strong>: Educa\u00e7\u00e3o e Pesquisa na Amaz\u00f4nia: Transversalidade, Decolonialidade no Ensino de Ci\u00eancias e Matem\u00e1tica<\/h2><\/div>\n\n\n\n<div class=\"wp-block-stackable-text stk-block-text stk-block stk-09814fe\" data-block-id=\"09814fe\"><p class=\"stk-block-text__text\">O evento, entre os dias 27, 28 e 29 de julho de 2022, ocorreram confer\u00eancias, mesas redondas, rodas de conversas, oficinas, palestras, atividades culturais e o Ci\u00eancia com Caf\u00e9 que foi um espa\u00e7o criado em parceria com escolas da Educa\u00e7\u00e3o B\u00e1sica, voltadas principalmente aos professores, com tem\u00e1ticas diversas para o maior envolvimento de todos.<\/p><\/div>\n\n\n\n<div class=\"wp-block-stackable-heading stk-block-heading stk-block-heading--v2 stk-block stk-798a74f\" id=\"2020-2021\" data-block-id=\"798a74f\"><style>.stk-798a74f .stk-block-heading__text{font-size:20px !important;}@media screen and (max-width:999px){.stk-798a74f .stk-block-heading__text{font-size:20px !important;}}<\/style><h2 class=\"stk-block-heading__text\">2020-2021<\/h2><\/div>\n\n\n\n<div class=\"wp-block-stackable-text stk-block-text stk-block stk-6d1e5db\" data-block-id=\"6d1e5db\"><p class=\"stk-block-text__text\">A realiza\u00e7\u00e3o do SECAM nos anos de 2020 e 2021 n\u00e3o foi poss\u00edvel diante da calamidade em que o estado do Amazonas se encontrava. A pandemia de COVID-19 teve um impacto significativo na cidade de Manaus desde o ano de 2020, e seus efeitos refletiram diretamente no Programa de P\u00f3s-Gradua\u00e7\u00e3o em Educa\u00e7\u00e3o em Ci\u00eancias na Amaz\u00f4nia.<\/p><\/div>\n<\/div><\/div><\/div>\n<\/div><\/div>\n\n\n\n<div class=\"wp-block-stackable-columns alignfull stk-block-columns stk-block stk-80ce3af stk-block-background stk--has-background-overlay\" data-block-id=\"80ce3af\"><style>.stk-80ce3af {background-color:linear-gradient(180deg, #ffffff 50%, var(--theme-palette-color-4, #102136) 50%) !important;margin-bottom:0px !important;}.stk-80ce3af:before{background-image:linear-gradient(180deg, #ffffff 50%, var(--theme-palette-color-4, #102136) 50%) !important;}<\/style><div class=\"stk-row stk-inner-blocks stk-block-content stk-content-align stk-80ce3af-column\">\n<div class=\"wp-block-stackable-column stk-block-column stk-column stk-block stk-6ddbaf2 stk-block-background stk--has-background-overlay\" data-v=\"4\" data-block-id=\"6ddbaf2\"><style>.stk-6ddbaf2-container{margin-top:0px !important;margin-right:0px !important;margin-bottom:0px !important;margin-left:0px !important;}.stk-6ddbaf2 {background-image:url(http:\/\/posgraduacao.uea.edu.br\/ensinodeciencia\/wp-content\/uploads\/2020\/08\/campaign-creators-qCi_MzVODoU-unsplash.jpg) !important;border-radius:10px !important;overflow:hidden !important;padding-top:100px !important;padding-right:80px !important;padding-bottom:100px !important;padding-left:80px !important;}@media screen and (max-width:999px){.stk-6ddbaf2 {padding-top:80px !important;padding-right:150px !important;padding-bottom:80px !important;padding-left:150px !important;}}@media screen and (max-width:689px){.stk-6ddbaf2 {padding-top:60px !important;padding-right:50px !important;padding-bottom:60px !important;padding-left:50px !important;}}<\/style><div class=\"stk-column-wrapper stk-block-column__content stk-container stk-6ddbaf2-container stk--no-background stk--no-padding\"><div class=\"has-text-align-center stk-block-content stk-inner-blocks stk-6ddbaf2-inner-blocks\">\n<div class=\"wp-block-stackable-heading stk-block-heading stk-block-heading--v2 stk-block stk-8054442\" id=\"programa-de-pos-graduacao-em-educacao-em-ciencias-na-amazonia\" data-block-id=\"8054442\"><style>.stk-8054442 {margin-bottom:10px !important;}.stk-8054442 .stk-block-heading__text{color:var(--theme-palette-color-8, #ffffff) !important;font-weight:800 !important;}@media screen and (max-width:689px){.stk-8054442 .stk-block-heading__text{font-size:25px !important;}}<\/style><h2 class=\"stk-block-heading__text has-text-color stk-block-heading--use-theme-margins\">Programa de P\u00f3s-Gradua\u00e7\u00e3o em Educa\u00e7\u00e3o em Ci\u00eancias na Amaz\u00f4nia<\/h2><\/div>\n\n\n\n<div class=\"wp-block-stackable-button-group stk-block-button-group stk-block stk-cc4a772\" data-block-id=\"cc4a772\"><div class=\"stk-row stk-inner-blocks stk-block-content stk-button-group\">\n<div class=\"wp-block-stackable-button stk-block-button stk-block stk-f63b751\" data-block-id=\"f63b751\"><style>.stk-f63b751 .stk-button{padding-top:12px !important;padding-right:30px !important;padding-bottom:12px !important;padding-left:30px !important;}<\/style><a class=\"stk-link stk-button stk--hover-effect-darken\" href=\"https:\/\/posgraduacao.uea.edu.br\/ensinodeciencia\/index.php\/contato\/\"><span class=\"stk-button__inner-text\">Fale Conosco<\/span><\/a><\/div>\n<\/div><\/div>\n<\/div><\/div><\/div>\n<\/div><\/div>\n\n\n\n<p><\/p>\n","protected":false},"excerpt":{"rendered":"<p>Simp\u00f3sio de Educa\u00e7\u00e3o em Ci\u00eancias na Amaz\u00f4nia &#8211; SECAM O Simp\u00f3sio de Educa\u00e7\u00e3o em Ci\u00eancias na Amaz\u00f4nia (SECAM) \u00e9 um evento acad\u00eamico organizado por docentes e discentes do Mestrado em Educa\u00e7\u00e3o em Ci\u00eancias na Amaz\u00f4nia, com o objetivo de fomentar o debate e a produ\u00e7\u00e3o cient\u00edfica na \u00e1rea. Sua trajet\u00f3ria teve in\u00edcio com o 1\u00ba [&hellip;]<\/p>\n","protected":false},"author":4,"featured_media":1946,"parent":0,"menu_order":0,"comment_status":"closed","ping_status":"closed","template":"","meta":{"footnotes":""},"class_list":["post-1945","page","type-page","status-publish","has-post-thumbnail","hentry"],"blocksy_meta":{"page_title_panel":"","has_hero_section":"disabled","fe1c64ab89945cda534f4bb2d579ae1a":"","hero_section":"type-1","hero_elements":[{"id":"custom_title","enabled":true,"heading_tag":"h1","title":"Home"},{"id":"custom_description","enabled":true,"description_visibility":{"desktop":true,"tablet":true,"mobile":false}},{"id":"custom_meta","enabled":false,"meta_elements":[{"id":"author","enabled":true,"label":"By","has_author_avatar":"yes","avatar_size":25},{"id":"post_date","enabled":true,"label":"On","date_format_source":"default","date_format":"M j, Y"},{"id":"updated_date","enabled":false,"label":"On","date_format_source":"default","date_format":"M j, Y"},{"id":"categories","enabled":false,"label":"In","style":"simple"},{"id":"comments","enabled":true}],"page_meta_elements":{"joined":true,"articles_count":true,"comments":true}},{"id":"breadcrumbs","enabled":false}],"433b02732bec8d55ec282f00a9a700eb":"","hero_alignment1":"CT_CSS_SKIP_RULE","hero_margin":40,"hero_alignment2":"center","hero_vertical_alignment":"center","fdbb34d69d6afe2394c07d96c9ea0b60":"","hero_structure":"narrow","cb306aece5e91b9a44875e4a81075440":"","page_title_bg_type":"featured_image","custom_hero_background":{"attachment_id":null},"page_title_image_size":"full","parallax":{"desktop":false,"tablet":false,"mobile":false},"034bc954f3c533bc75ffdf62670c8395":"","hero_height":"250px","pageTitleFont":{"family":"Default","variation":"Default","size":"30px","line-height":"CT_CSS_SKIP_RULE","letter-spacing":"CT_CSS_SKIP_RULE","text-transform":"CT_CSS_SKIP_RULE","text-decoration":"CT_CSS_SKIP_RULE"},"pageTitleFontColor":{"default":{"color":"CT_CSS_SKIP_RULEDEFAULT"}},"pageMetaFont":{"family":"Default","variation":"n6","size":"12px","line-height":"1.3","letter-spacing":"CT_CSS_SKIP_RULE","text-transform":"uppercase","text-decoration":"CT_CSS_SKIP_RULE"},"pageMetaFontColor":{"default":{"color":"CT_CSS_SKIP_RULEDEFAULT"},"hover":{"color":"CT_CSS_SKIP_RULEDEFAULT"}},"page_meta_button_type_font_colors":{"default":{"color":"CT_CSS_SKIP_RULEDEFAULT"},"hover":{"color":"CT_CSS_SKIP_RULEDEFAULT"}},"page_meta_button_type_background_colors":{"default":{"color":"CT_CSS_SKIP_RULEDEFAULT"},"hover":{"color":"CT_CSS_SKIP_RULEDEFAULT"}},"pageExcerptFont":{"family":"Default","variation":"Default","size":"CT_CSS_SKIP_RULE","line-height":"CT_CSS_SKIP_RULE","letter-spacing":"CT_CSS_SKIP_RULE","text-transform":"CT_CSS_SKIP_RULE","text-decoration":"CT_CSS_SKIP_RULE"},"pageExcerptColor":{"default":{"color":"CT_CSS_SKIP_RULEDEFAULT"}},"breadcrumbsFont":{"family":"Default","variation":"Default","size":"CT_CSS_SKIP_RULE","line-height":"CT_CSS_SKIP_RULE","letter-spacing":"CT_CSS_SKIP_RULE","text-transform":"CT_CSS_SKIP_RULE","text-decoration":"CT_CSS_SKIP_RULE"},"breadcrumbsFontColor":{"default":{"color":"CT_CSS_SKIP_RULEDEFAULT"},"initial":{"color":"CT_CSS_SKIP_RULEDEFAULT"},"hover":{"color":"CT_CSS_SKIP_RULEDEFAULT"}},"pageTitleOverlay":{"background_type":"color","background_pattern":"type-1","background_image":{"attachment_id":null,"x":0,"y":0},"gradient":"linear-gradient(135deg,rgba(6,147,227,1) 0%,rgb(155,81,224) 100%)","background_repeat":"repeat","background_size":"auto","background_attachment":"scroll","patternColor":{"default":{"color":"#e5e7ea"}},"overlayColor":{"default":{"color":"CT_CSS_SKIP_RULE"}},"backgroundColor":{"default":{"color":"CT_CSS_SKIP_RULE"}}},"pageTitleBackground":{"background_type":"color","background_pattern":"type-1","background_image":{"attachment_id":null,"x":0,"y":0},"gradient":"linear-gradient(135deg,rgba(6,147,227,1) 0%,rgb(155,81,224) 100%)","background_repeat":"repeat","background_size":"auto","background_attachment":"scroll","patternColor":{"default":{"color":"#e5e7ea"}},"overlayColor":{"default":{"color":"CT_CSS_SKIP_RULE"}},"backgroundColor":{"default":{"color":"var(--theme-palette-color-6)"}}},"pageTitlePadding":{"top":"50px","bottom":"50px","left":"auto","right":"auto","linked":true},"12e455f30de1d15aed0effbbb6f951bf":"","page_structure_type":"default","f474d2f3ad69b4e64f52dac0a3aa2bb2":"","content_style_source":"inherit","content_style":"wide","vertical_spacing_source":"custom","content_area_spacing":"none","background":{"background_type":"color","background_pattern":"type-1","background_image":{"attachment_id":null,"x":0,"y":0},"gradient":"linear-gradient(135deg,rgba(6,147,227,1) 0%,rgb(155,81,224) 100%)","background_repeat":"repeat","background_size":"auto","background_attachment":"scroll","patternColor":{"default":{"color":"#e5e7ea"}},"overlayColor":{"default":{"color":"CT_CSS_SKIP_RULE"}},"backgroundColor":{"default":{"color":"CT_CSS_SKIP_RULE"}}},"content_background":{"background_type":"color","background_pattern":"type-1","background_image":{"attachment_id":null,"x":0,"y":0},"gradient":"linear-gradient(135deg,rgba(6,147,227,1) 0%,rgb(155,81,224) 100%)","background_repeat":"repeat","background_size":"auto","background_attachment":"scroll","patternColor":{"default":{"color":"#e5e7ea"}},"overlayColor":{"default":{"color":"CT_CSS_SKIP_RULE"}},"backgroundColor":{"default":{"color":"var(--theme-palette-color-8)"}}},"content_boxed_shadow":{"inherit":false,"blur":18,"spread":-6,"v_offset":12,"h_offset":0,"inset":false,"enable":true,"color":{"color":"rgba(34, 56, 101, 0.04)"}},"content_boxed_border":{"width":1,"style":"none","color":{"color":"rgba(44,62,80,0.2)"}},"content_boxed_radius":{"top":"3px","bottom":"3px","left":"3px","right":"3px","linked":true},"boxed_content_spacing":{"desktop":{"top":"40px","bottom":"40px","left":"40px","right":"40px","linked":true},"tablet":{"top":"35px","bottom":"35px","left":"35px","right":"35px","linked":true},"mobile":{"top":"20px","bottom":"20px","left":"20px","right":"20px","linked":true}},"fca9f1d1c7aa58a4b21dd78357f6373e":"","disable_featured_image":"no","disable_share_box":"no","disable_header":"no","disable_footer":"no","styles_descriptor":{"styles":{"desktop":"","tablet":"","mobile":""},"google_fonts":[],"version":6}},"_links":{"self":[{"href":"http:\/\/posgraduacao.uea.edu.br\/ensinodeciencia\/index.php\/wp-json\/wp\/v2\/pages\/1945","targetHints":{"allow":["GET"]}}],"collection":[{"href":"http:\/\/posgraduacao.uea.edu.br\/ensinodeciencia\/index.php\/wp-json\/wp\/v2\/pages"}],"about":[{"href":"http:\/\/posgraduacao.uea.edu.br\/ensinodeciencia\/index.php\/wp-json\/wp\/v2\/types\/page"}],"author":[{"embeddable":true,"href":"http:\/\/posgraduacao.uea.edu.br\/ensinodeciencia\/index.php\/wp-json\/wp\/v2\/users\/4"}],"replies":[{"embeddable":true,"href":"http:\/\/posgraduacao.uea.edu.br\/ensinodeciencia\/index.php\/wp-json\/wp\/v2\/comments?post=1945"}],"version-history":[{"count":6,"href":"http:\/\/posgraduacao.uea.edu.br\/ensinodeciencia\/index.php\/wp-json\/wp\/v2\/pages\/1945\/revisions"}],"predecessor-version":[{"id":1956,"href":"http:\/\/posgraduacao.uea.edu.br\/ensinodeciencia\/index.php\/wp-json\/wp\/v2\/pages\/1945\/revisions\/1956"}],"wp:featuredmedia":[{"embeddable":true,"href":"http:\/\/posgraduacao.uea.edu.br\/ensinodeciencia\/index.php\/wp-json\/wp\/v2\/media\/1946"}],"wp:attachment":[{"href":"http:\/\/posgraduacao.uea.edu.br\/ensinodeciencia\/index.php\/wp-json\/wp\/v2\/media?parent=1945"}],"curies":[{"name":"wp","href":"https:\/\/api.w.org\/{rel}","templated":true}]}}