{"id":561,"date":"2022-06-15T07:38:19","date_gmt":"2022-06-15T07:38:19","guid":{"rendered":"https:\/\/startersites.io\/stagingfour\/?page_id=561"},"modified":"2026-04-10T15:13:10","modified_gmt":"2026-04-10T18:13:10","slug":"contato","status":"publish","type":"page","link":"http:\/\/posgraduacao.uea.edu.br\/ensinodeciencia\/index.php\/contato\/","title":{"rendered":"Contato"},"content":{"rendered":"\n<div class=\"wp-block-stackable-spacer stk-block-spacer stk--no-padding stk-block stk-b2c1613\" data-block-id=\"b2c1613\"><style>.stk-b2c1613 {height:50px !important;}@media screen and (max-width:999px){.stk-b2c1613 {height:70px !important;}}<\/style><\/div>\n\n\n\n<div class=\"wp-block-stackable-columns stk-block-columns stk-block stk-e08b614\" data-block-id=\"e08b614\"><style>.stk-e08b614 {margin-bottom:0px !important;}.stk-e08b614-column{--stk-column-gap:30px !important;row-gap:30px !important;}<\/style><div class=\"stk-row stk-inner-blocks stk-block-content stk-content-align stk-e08b614-column\">\n<div class=\"wp-block-stackable-column stk-block-column stk-column stk-block stk-15770bf\" data-v=\"4\" data-block-id=\"15770bf\"><style>.stk-15770bf-container{margin-top:0px !important;margin-right:0px !important;margin-bottom:0px !important;margin-left:0px !important;background-color:var(--theme-palette-color-8, #ffffff) !important;border-radius:5px !important;overflow:hidden !important;box-shadow:0px 20px 80px 0px #c0c6d340 !important;padding-top:45px !important;padding-right:35px !important;padding-bottom:35px !important;padding-left:35px !important;}.stk-15770bf-container:hover{background-color:var(--theme-palette-color-1, #7456f1) !important;}.stk-15770bf-container:before{background-color:var(--theme-palette-color-8, #ffffff) !important;}.stk-15770bf-container:hover:before{background-color:var(--theme-palette-color-1, #7456f1) !important;}<\/style><div class=\"stk-column-wrapper stk-block-column__content stk-container stk-15770bf-container stk-hover-parent\"><div class=\"has-text-align-center stk-block-content stk-inner-blocks stk-15770bf-inner-blocks\">\n<div class=\"wp-block-stackable-icon stk-block-icon stk-block stk-d2256ab\" data-block-id=\"d2256ab\"><style>.stk-d2256ab {margin-bottom:25px !important;}.stk-d2256ab .stk--svg-wrapper .stk--inner-svg svg:last-child{height:30px !important;width:30px !important;}.stk-d2256ab .stk--svg-wrapper .stk--inner-svg svg:last-child, .stk-d2256ab .stk--svg-wrapper .stk--inner-svg svg:last-child :is(g, path, rect, polygon, ellipse){fill:var(--theme-palette-color-1, #7456f1) !important;}:where(.stk-hover-parent:hover,  .stk-hover-parent.stk--is-hovered) .stk-d2256ab .stk--svg-wrapper .stk--inner-svg svg:last-child,  :where(.stk-hover-parent:hover,  .stk-hover-parent.stk--is-hovered) .stk-d2256ab .stk--svg-wrapper .stk--inner-svg svg:last-child :is(g, path, rect, polygon, ellipse){fill:var(--theme-palette-color-6, #F3F5F7) !important;}<\/style><span class=\"stk--svg-wrapper\"><div class=\"stk--inner-svg\"><svg style=\"height:0;width:0\"><defs><linearGradient id=\"linear-gradient-d2256ab\" x1=\"0\" x2=\"100%\" y1=\"0\" y2=\"0\"><stop offset=\"0%\" style=\"stop-opacity:1;stop-color:var(--linear-gradient-d-2256-ab-color-1)\"><\/stop><stop offset=\"100%\" style=\"stop-opacity:1;stop-color:var(--linear-gradient-d-2256-ab-color-2)\"><\/stop><\/linearGradient><\/defs><\/svg><svg aria-hidden=\"true\" focusable=\"false\" data-prefix=\"fas\" data-icon=\"clock\" class=\"svg-inline--fa fa-clock fa-w-16\" xmlns=\"http:\/\/www.w3.org\/2000\/svg\" viewBox=\"0 0 512 512\" width=\"32\" height=\"32\"><path fill=\"currentColor\" d=\"M256,8C119,8,8,119,8,256S119,504,256,504,504,393,504,256,393,8,256,8Zm92.49,313h0l-20,25a16,16,0,0,1-22.49,2.5h0l-67-49.72a40,40,0,0,1-15-31.23V112a16,16,0,0,1,16-16h32a16,16,0,0,1,16,16V256l58,42.5A16,16,0,0,1,348.49,321Z\"><\/path><\/svg><\/div><\/span><\/div>\n\n\n\n<div class=\"wp-block-stackable-heading stk-block-heading stk-block-heading--v2 stk-block stk-2d8accf\" id=\"horario-de-atendimento\" data-block-id=\"2d8accf\"><style>.stk-2d8accf {margin-bottom:5px !important;}.stk-2d8accf .stk-block-heading__text{font-size:20px !important;}:where(.stk-hover-parent:hover,  .stk-hover-parent.stk--is-hovered) .stk-2d8accf .stk-block-heading__text{color:var(--theme-palette-color-6, #F3F5F7) !important;}@media screen and (max-width:999px){.stk-2d8accf .stk-block-heading__text{font-size:20px !important;}}<\/style><h3 class=\"stk-block-heading__text\">Hor\u00e1rio de Atendimento<\/h3><\/div>\n\n\n\n<div class=\"wp-block-stackable-text stk-block-text stk-block stk-15cf17d\" data-block-id=\"15cf17d\"><style>.stk-15cf17d .stk-block-text__text{color:#e07a26 !important;}:where(.stk-hover-parent:hover,  .stk-hover-parent.stk--is-hovered) .stk-15cf17d .stk-block-text__text{color:var(--theme-palette-color-6, #F3F5F7) !important;}<\/style><p class=\"stk-block-text__text has-text-color\">Segunda \u00e0 Sexta: <br>08h \u00e0s 12h <br>13h \u00e0s 18h<\/p><\/div>\n<\/div><\/div><\/div>\n<\/div><\/div>\n\n\n\n<div class=\"wp-block-stackable-columns alignfull stk-block-columns stk-block stk-31a5e75 stk-block-background stk--has-background-overlay\" data-block-id=\"31a5e75\"><style>.stk-31a5e75 {background-image:url(https:\/\/storage.googleapis.com\/stackable-plugin-assets\/library-v3\/section-flow-contact-1\/2a2e0d58e3fd.png) !important;padding-top:80px !important;padding-bottom:80px !important;margin-bottom:0px !important;}.stk-31a5e75-column{--stk-column-gap:48px !important;row-gap:32px !important;}<\/style><div class=\"stk-row stk-inner-blocks stk-block-content stk-content-align stk-31a5e75-column alignwide\">\n<div class=\"wp-block-stackable-column stk-block-column stk-column stk-block stk-d66e8f4\" data-v=\"4\" data-block-id=\"d66e8f4\"><style>.stk-d66e8f4-container{margin-top:0px !important;margin-right:0px !important;margin-bottom:0px !important;margin-left:0px !important;display:flex !important;}.stk-d66e8f4-inner-blocks{justify-content:center !important;}<\/style><div class=\"stk-column-wrapper stk-block-column__content stk-container stk-d66e8f4-container stk--no-background stk--no-padding\"><div class=\"stk-block-content stk-inner-blocks stk-d66e8f4-inner-blocks\">\n<div class=\"wp-block-stackable-heading stk-block-heading stk-block-heading--v2 stk-block stk-49de5da\" id=\"no-need-to-take-our-word-for-it\" data-block-id=\"49de5da\"><style>.stk-49de5da .stk-block-heading__text{font-family:\"Space Grotesk\", Sans-serif !important;}<\/style><h2 class=\"stk-block-heading__text\">Nosso contato<\/h2><\/div>\n\n\n\n<div class=\"wp-block-stackable-divider stk-block-divider stk-block stk-9775d76\" data-block-id=\"9775d76\"><style>.stk-9775d76 hr.stk-block-divider__hr{width:100% !important;}<\/style><hr class=\"stk-block-divider__hr\"\/><\/div>\n\n\n\n<div class=\"wp-block-stackable-columns stk-block-columns stk-block stk-0d5fbc5\" data-block-id=\"0d5fbc5\"><style>.stk-0d5fbc5 {margin-bottom:32px !important;}.stk-0d5fbc5-column{--stk-column-gap:24px !important;row-gap:24px !important;}<\/style><div class=\"stk-row stk-inner-blocks stk-block-content stk-content-align stk-0d5fbc5-column\">\n<div class=\"wp-block-stackable-column stk-block-column stk-column stk-block stk-93087eb\" data-v=\"4\" data-block-id=\"93087eb\"><style>.stk-93087eb-container{margin-top:0px !important;margin-right:0px !important;margin-bottom:0px !important;margin-left:0px !important;}@media screen and (min-width:690px){.stk-93087eb {flex:var(--stk-flex-grow, 1) 1 calc(15.1% - var(--stk-column-gap, 0px) * 1 \/ 2 ) !important;}}<\/style><div class=\"stk-column-wrapper stk-block-column__content stk-container stk-93087eb-container stk--no-background stk--no-padding\"><div class=\"stk-block-content stk-inner-blocks stk-93087eb-inner-blocks\">\n<div class=\"wp-block-stackable-image stk-block-image has-text-align-left stk-block stk-6673609\" data-block-id=\"6673609\"><style>.stk-6673609 .stk-img-wrapper{width:48px !important;height:48px !important;filter:drop-shadow(0px 5px 10px #9999995a) !important;}<\/style><figure><span class=\"stk-img-wrapper stk-image--shape-stretch stk--shadow-0px 5px 10px #9999995a\"><img loading=\"lazy\" decoding=\"async\" class=\"stk-img wp-image-2449\" src=\"https:\/\/storage.googleapis.com\/stackable-plugin-assets\/library-v3\/section-flow-contact-1\/b475ef34d0b5.png\" width=\"184\" height=\"184\"\/><\/span><\/figure><\/div>\n<\/div><\/div><\/div>\n\n\n\n<div class=\"wp-block-stackable-column stk-block-column stk-column stk-block stk-d3b50ff\" data-v=\"4\" data-block-id=\"d3b50ff\"><style>.stk-d3b50ff-container{margin-top:0px !important;margin-right:0px !important;margin-bottom:0px !important;margin-left:0px !important;}@media screen and (min-width:690px){.stk-d3b50ff {flex:var(--stk-flex-grow, 1) 1 calc(84.9% - var(--stk-column-gap, 0px) * 1 \/ 2 ) !important;}}<\/style><div class=\"stk-column-wrapper stk-block-column__content stk-container stk-d3b50ff-container stk--no-background stk--no-padding\"><div class=\"stk-block-content stk-inner-blocks stk-d3b50ff-inner-blocks\">\n<div class=\"wp-block-stackable-subtitle stk-block-subtitle stk-block stk-fad3454\" data-block-id=\"fad3454\"><style>.stk-fad3454 {margin-bottom:4px !important;}.stk-fad3454 .stk-block-subtitle__text{font-weight:bold !important;font-family:\"Space Grotesk\", Sans-serif !important;}<\/style><p class=\"stk-block-subtitle__text stk-subtitle\">Endere\u00e7o<\/p><\/div>\n\n\n\n<div class=\"wp-block-stackable-text stk-block-text stk-block stk-ab9411a\" data-block-id=\"ab9411a\"><p class=\"stk-block-text__text\"><a href=\"https:\/\/www.google.com.br\/maps\/place\/UEA+-+Escola+Normal+Superior\/@-3.0926997,-60.0261583,17z\/data=!3m1!4b1!4m6!3m5!1s0x926c1aa7ae4c4e6b:0x3861f347c0465da8!8m2!3d-3.0926997!4d-60.0235834!16s%2Fg%2F1ptxdxfnb?entry=ttu&amp;g_ep=EgoyMDI1MDMxMi4wIKXMDSoASAFQAw%3D%3D\" data-type=\"link\" data-id=\"https:\/\/www.google.com.br\/maps\/place\/UEA+-+Escola+Normal+Superior\/@-3.0926997,-60.0261583,17z\/data=!3m1!4b1!4m6!3m5!1s0x926c1aa7ae4c4e6b:0x3861f347c0465da8!8m2!3d-3.0926997!4d-60.0235834!16s%2Fg%2F1ptxdxfnb?entry=ttu&amp;g_ep=EgoyMDI1MDMxMi4wIKXMDSoASAFQAw%3D%3D\" target=\"_blank\" rel=\"noreferrer noopener\">Av. Djalma Batista, 2470 &#8211; Chapada, Manaus &#8211; AM, 69050-010<\/a><br>1\u00ba andar<\/p><\/div>\n<\/div><\/div><\/div>\n<\/div><\/div>\n\n\n\n<div class=\"wp-block-stackable-columns stk-block-columns stk-block stk-7659747\" data-block-id=\"7659747\"><style>.stk-7659747 {margin-bottom:32px !important;}.stk-7659747-column{--stk-column-gap:24px !important;row-gap:24px !important;}<\/style><div class=\"stk-row stk-inner-blocks stk-block-content stk-content-align stk-7659747-column\">\n<div class=\"wp-block-stackable-column stk-block-column stk-column stk-block stk-f7dea90\" data-v=\"4\" data-block-id=\"f7dea90\"><style>.stk-f7dea90-container{margin-top:0px !important;margin-right:0px !important;margin-bottom:0px !important;margin-left:0px !important;}@media screen and (min-width:690px){.stk-f7dea90 {flex:var(--stk-flex-grow, 1) 1 calc(15.1% - var(--stk-column-gap, 0px) * 1 \/ 2 ) !important;}}<\/style><div class=\"stk-column-wrapper stk-block-column__content stk-container stk-f7dea90-container stk--no-background stk--no-padding\"><div class=\"stk-block-content stk-inner-blocks stk-f7dea90-inner-blocks\">\n<div class=\"wp-block-stackable-image stk-block-image has-text-align-left stk-block stk-c02c64c\" data-block-id=\"c02c64c\"><style>.stk-c02c64c .stk-img-wrapper{width:48px !important;height:48px !important;filter:drop-shadow(0px 5px 10px #9999995a) !important;}<\/style><figure><span class=\"stk-img-wrapper stk-image--shape-stretch stk--shadow-0px 5px 10px #9999995a\"><img loading=\"lazy\" decoding=\"async\" class=\"stk-img wp-image-2450\" src=\"https:\/\/storage.googleapis.com\/stackable-plugin-assets\/library-v3\/section-flow-contact-1\/308f55c0cacc.png\" width=\"184\" height=\"184\"\/><\/span><\/figure><\/div>\n<\/div><\/div><\/div>\n\n\n\n<div class=\"wp-block-stackable-column stk-block-column stk-column stk-block stk-ae437cf\" data-v=\"4\" data-block-id=\"ae437cf\"><style>.stk-ae437cf-container{margin-top:0px !important;margin-right:0px !important;margin-bottom:0px !important;margin-left:0px !important;}@media screen and (min-width:690px){.stk-ae437cf {flex:var(--stk-flex-grow, 1) 1 calc(84.9% - var(--stk-column-gap, 0px) * 1 \/ 2 ) !important;}}<\/style><div class=\"stk-column-wrapper stk-block-column__content stk-container stk-ae437cf-container stk--no-background stk--no-padding\"><div class=\"stk-block-content stk-inner-blocks stk-ae437cf-inner-blocks\">\n<div class=\"wp-block-stackable-subtitle stk-block-subtitle stk-block stk-1a1b414\" data-block-id=\"1a1b414\"><style>.stk-1a1b414 {margin-bottom:4px !important;}.stk-1a1b414 .stk-block-subtitle__text{font-weight:bold !important;font-family:\"Space Grotesk\", Sans-serif !important;}<\/style><p class=\"stk-block-subtitle__text stk-subtitle\">Email<\/p><\/div>\n\n\n\n<div class=\"wp-block-stackable-text stk-block-text stk-block stk-ee06eee\" data-block-id=\"ee06eee\"><p class=\"stk-block-text__text\">ppgeec@uea.edu.br<\/p><\/div>\n<\/div><\/div><\/div>\n<\/div><\/div>\n\n\n\n<div class=\"wp-block-stackable-columns stk-block-columns stk-block stk-391aebe\" data-block-id=\"391aebe\"><style>.stk-391aebe {margin-bottom:32px !important;}.stk-391aebe-column{--stk-column-gap:24px !important;row-gap:24px !important;}<\/style><div class=\"stk-row stk-inner-blocks stk-block-content stk-content-align stk-391aebe-column\">\n<div class=\"wp-block-stackable-column stk-block-column stk-column stk-block stk-04d4ed4\" data-v=\"4\" data-block-id=\"04d4ed4\"><style>.stk-04d4ed4-container{margin-top:0px !important;margin-right:0px !important;margin-bottom:0px !important;margin-left:0px !important;}@media screen and (min-width:690px){.stk-04d4ed4 {flex:var(--stk-flex-grow, 1) 1 calc(15.1% - var(--stk-column-gap, 0px) * 1 \/ 2 ) !important;}}<\/style><div class=\"stk-column-wrapper stk-block-column__content stk-container stk-04d4ed4-container stk--no-background stk--no-padding\"><div class=\"stk-block-content stk-inner-blocks stk-04d4ed4-inner-blocks\">\n<div class=\"wp-block-stackable-image stk-block-image has-text-align-left stk-block stk-37cbf3f\" data-block-id=\"37cbf3f\"><style>.stk-37cbf3f .stk-img-wrapper{width:48px !important;height:48px !important;filter:drop-shadow(0px 5px 10px #9999995a) !important;}<\/style><\/div>\n<\/div><\/div><\/div>\n\n\n\n<div class=\"wp-block-stackable-column stk-block-column stk-column stk-block stk-55755f7\" data-v=\"4\" data-block-id=\"55755f7\"><style>.stk-55755f7-container{margin-top:0px !important;margin-right:0px !important;margin-bottom:0px !important;margin-left:0px !important;}@media screen and (min-width:690px){.stk-55755f7 {flex:var(--stk-flex-grow, 1) 1 calc(84.9% - var(--stk-column-gap, 0px) * 1 \/ 2 ) !important;}}<\/style><div class=\"stk-column-wrapper stk-block-column__content stk-container stk-55755f7-container stk--no-background stk--no-padding\"><div class=\"stk-block-content stk-inner-blocks stk-55755f7-inner-blocks\">\n<div class=\"wp-block-stackable-subtitle stk-block-subtitle stk-block stk-089b9dd\" data-block-id=\"089b9dd\"><style>.stk-089b9dd {margin-bottom:4px !important;}.stk-089b9dd .stk-block-subtitle__text{font-weight:bold !important;font-family:\"Space Grotesk\", Sans-serif !important;}<\/style><p class=\"stk-block-subtitle__text stk-subtitle\">Contato<\/p><\/div>\n\n\n\n<div class=\"wp-block-stackable-text stk-block-text stk-block stk-0eef4bc\" data-block-id=\"0eef4bc\"><p class=\"stk-block-text__text\"><a href=\"https:\/\/wa.me\/92985877609\" target=\"_blank\" rel=\"noreferrer noopener\">(92) 98587-7609<\/a><\/p><\/div>\n\n\n\n<p><strong>Instagram<\/strong><\/p>\n\n\n\n<p>@PPGEEC.UEA<\/p>\n<\/div><\/div><\/div>\n<\/div><\/div>\n<\/div><\/div><\/div>\n<\/div><\/div>\n\n\n\n<p><\/p>\n\n\n\n\n\n<div class=\"wp-block-stackable-map stk-block-map stk-block stk-a9da9b5\" data-block-id=\"a9da9b5\"><style>.stk-a9da9b5 .stk-block-map__canvas, .stk-a9da9b5 iframe{height:500px !important;}.stk-a9da9b5 {left:1px !important;opacity:1 !important;z-index:10 !important;}<\/style><iframe\n\t\t\t\t\t\ttitle=\"Embedded content from Google Maps Platform.\"\n\t\t\t\t\t\tsrc=\"https:\/\/maps.google.com\/maps?q=Av. Djalma Batista, 2470 - Chapada, Manaus - AM, 69050-010&#038;t=&#038;z=16&#038;ie=UTF8&#038;output=embed\"\n\t\t\t\t\t\tstyle=\"border:0;width:100%;max-width:none;max-height:none;height:100%;\"\n\t\t\t\t\t\taria-hidden=\"false\"\n\t\t\t\t\t\ttabIndex=\"0\"\n\t\t\t\t\t\tallowfullscreen\n\t\t\t\t\t\tloading=\"lazy\"\n\t\t\t\t\t\tframeBorder=\"0\"\n\t\t\t\t\t><\/iframe><\/div>\n","protected":false},"excerpt":{"rendered":"<p>Hor\u00e1rio de Atendimento Segunda \u00e0 Sexta: 08h \u00e0s 12h 13h \u00e0s 18h Nosso contato Endere\u00e7o Av. Djalma Batista, 2470 &#8211; Chapada, Manaus &#8211; AM, 69050-0101\u00ba andar Email ppgeec@uea.edu.br Contato (92) 98587-7609 Instagram @PPGEEC.UEA<\/p>\n","protected":false},"author":1,"featured_media":1294,"parent":0,"menu_order":0,"comment_status":"closed","ping_status":"closed","template":"","meta":{"footnotes":""},"class_list":["post-561","page","type-page","status-publish","has-post-thumbnail","hentry"],"blocksy_meta":{"page_title_panel":"","has_hero_section":"enabled","25b2b4defa9e5958955601886b88cd66":"","hero_section":"type-2","hero_elements":[{"id":"custom_title","enabled":true,"heading_tag":"h1","title":"Home","__id":"byjsGJYAAOGmv3k12AEQf"},{"id":"custom_description","enabled":false,"description_visibility":{"desktop":true,"tablet":true,"mobile":false},"__id":"w_ysweWf4hDa5QE8THKTR"},{"id":"custom_meta","enabled":false,"meta_elements":[{"id":"author","enabled":true,"label":"By","has_author_avatar":"yes","avatar_size":25},{"id":"post_date","enabled":true,"label":"On","date_format_source":"default","date_format":"M j, Y"},{"id":"updated_date","enabled":false,"label":"On","date_format_source":"default","date_format":"M j, Y"},{"id":"categories","enabled":false,"label":"In","style":"simple"},{"id":"comments","enabled":true}],"page_meta_elements":{"joined":true,"articles_count":true,"comments":true},"__id":"Yl2_fkgLL63P01PbfXfcf"},{"id":"breadcrumbs","enabled":false,"__id":"m4ZJgBpuv5opPY73L9czc"},{"id":"content-block","enabled":false,"__id":"N4t4grOmox4rD0GW0bzdW"}],"7fc694c1e77368852a20b6cfa8cb6e51":"","hero_alignment1":"center","hero_margin":40,"hero_alignment2":"center","hero_vertical_alignment":"center","14bc9a7319c82c3f8bbebfcfe8fa8745":"","hero_structure":"narrow","22eed9c0e701144b856bb0ac4cb11f8f":"","page_title_bg_type":"custom_image","custom_hero_background":{"attachment_id":1294,"url":"http:\/\/posgraduacao.uea.edu.br\/ensinodeciencia\/wp-content\/uploads\/2025\/03\/7-1024x576.png"},"page_title_image_size":"full","parallax":{"desktop":false,"tablet":false,"mobile":false},"7b65d9088366ac3d796b84bf1ccb69a8":"","hero_height":"250px","pageTitleFont":{"family":"Default","variation":"Default","size":"30px","line-height":"CT_CSS_SKIP_RULE","letter-spacing":"CT_CSS_SKIP_RULE","text-transform":"CT_CSS_SKIP_RULE","text-decoration":"CT_CSS_SKIP_RULE"},"pageTitleFontColor":{"default":{"color":"var(--theme-palette-color-8)"}},"pageMetaFont":{"family":"Default","variation":"n6","size":"12px","line-height":"1.3","letter-spacing":"CT_CSS_SKIP_RULE","text-transform":"uppercase","text-decoration":"CT_CSS_SKIP_RULE"},"pageMetaFontColor":{"default":{"color":"CT_CSS_SKIP_RULEDEFAULT"},"hover":{"color":"CT_CSS_SKIP_RULEDEFAULT"}},"page_meta_button_type_font_colors":{"default":{"color":"CT_CSS_SKIP_RULEDEFAULT"},"hover":{"color":"CT_CSS_SKIP_RULEDEFAULT"}},"page_meta_button_type_background_colors":{"default":{"color":"CT_CSS_SKIP_RULEDEFAULT"},"hover":{"color":"CT_CSS_SKIP_RULEDEFAULT"}},"pageExcerptFont":{"family":"Default","variation":"Default","size":"CT_CSS_SKIP_RULE","line-height":"CT_CSS_SKIP_RULE","letter-spacing":"CT_CSS_SKIP_RULE","text-transform":"CT_CSS_SKIP_RULE","text-decoration":"CT_CSS_SKIP_RULE"},"pageExcerptColor":{"default":{"color":"CT_CSS_SKIP_RULEDEFAULT"}},"breadcrumbsFont":{"family":"Default","variation":"Default","size":"CT_CSS_SKIP_RULE","line-height":"CT_CSS_SKIP_RULE","letter-spacing":"CT_CSS_SKIP_RULE","text-transform":"CT_CSS_SKIP_RULE","text-decoration":"CT_CSS_SKIP_RULE"},"breadcrumbsFontColor":{"default":{"color":"CT_CSS_SKIP_RULEDEFAULT"},"initial":{"color":"CT_CSS_SKIP_RULEDEFAULT"},"hover":{"color":"CT_CSS_SKIP_RULEDEFAULT"}},"pageTitleOverlay":{"background_type":"color","background_pattern":"type-1","background_image":{"attachment_id":null,"x":0,"y":0},"gradient":"linear-gradient(135deg,rgba(6,147,227,1) 0%,rgb(155,81,224) 100%)","background_repeat":"repeat","background_size":"auto","background_attachment":"scroll","patternColor":{"default":{"color":"#e5e7ea"}},"overlayColor":{"default":{"color":"CT_CSS_SKIP_RULE"}},"backgroundColor":{"default":{"color":"rgba(25, 43, 38, 0.6)"}}},"pageTitleBackground":{"background_type":"color","background_pattern":"type-1","background_image":{"attachment_id":null,"x":0,"y":0},"gradient":"linear-gradient(135deg,rgba(6,147,227,1) 0%,rgb(155,81,224) 100%)","background_repeat":"repeat","background_size":"auto","background_attachment":"scroll","patternColor":{"default":{"color":"#e5e7ea"}},"overlayColor":{"default":{"color":"CT_CSS_SKIP_RULE"}},"backgroundColor":{"default":{"color":"var(--theme-palette-color-6)"}}},"pageTitlePadding":{"top":"50px","bottom":"50px","left":"auto","right":"auto","linked":true},"e91887772d6e3cce3ac54ea12eaad70d":"","page_structure_type":"type-4","92ac8d6ea476c9002a2bdc3ebe15676b":"","content_style_source":"custom","content_style":"wide","vertical_spacing_source":"custom","content_area_spacing":"none","background":{"background_type":"color","background_pattern":"type-1","background_image":{"attachment_id":null,"x":0,"y":0},"gradient":"linear-gradient(135deg,rgba(6,147,227,1) 0%,rgb(155,81,224) 100%)","background_repeat":"repeat","background_size":"auto","background_attachment":"scroll","patternColor":{"default":{"color":"#e5e7ea"}},"overlayColor":{"default":{"color":"CT_CSS_SKIP_RULE"}},"backgroundColor":{"default":{"color":"CT_CSS_SKIP_RULE"}}},"content_background":{"background_type":"color","background_pattern":"type-1","background_image":{"attachment_id":null,"x":0,"y":0},"gradient":"linear-gradient(135deg,rgba(6,147,227,1) 0%,rgb(155,81,224) 100%)","background_repeat":"repeat","background_size":"auto","background_attachment":"scroll","patternColor":{"default":{"color":"#e5e7ea"}},"overlayColor":{"default":{"color":"CT_CSS_SKIP_RULE"}},"backgroundColor":{"default":{"color":"var(--theme-palette-color-8)"}}},"content_boxed_shadow":{"inherit":false,"blur":18,"spread":-6,"v_offset":12,"h_offset":0,"inset":false,"enable":true,"color":{"color":"rgba(34, 56, 101, 0.04)"}},"content_boxed_border":{"width":1,"style":"none","color":{"color":"rgba(44,62,80,0.2)"}},"content_boxed_radius":{"top":"3px","bottom":"3px","left":"3px","right":"3px","linked":true},"boxed_content_spacing":{"desktop":{"top":"40px","bottom":"40px","left":"40px","right":"40px","linked":true},"tablet":{"top":"35px","bottom":"35px","left":"35px","right":"35px","linked":true},"mobile":{"top":"20px","bottom":"20px","left":"20px","right":"20px","linked":true}},"ecddc87e3a3c2a763c315647db2963c3":"","disable_featured_image":"no","disable_share_box":"no","disable_header":"no","disable_footer":"yes","styles_descriptor":{"styles":{"desktop":"[data-prefix=\"single_page\"] .entry-header .page-title {--theme-font-size:30px;--theme-heading-color:var(--theme-palette-color-8);} [data-prefix=\"single_page\"] .entry-header .entry-meta {--theme-font-weight:600;--theme-text-transform:uppercase;--theme-font-size:12px;--theme-line-height:1.3;} [data-prefix=\"single_page\"] .hero-section[data-type=\"type-2\"] > figure .ct-media-container:after {background-color:rgba(25, 43, 38, 0.6);} [data-prefix=\"single_page\"] .hero-section[data-type=\"type-2\"] {background-color:var(--theme-palette-color-6);background-image:none;--container-padding:50px 0;} [data-prefix=\"single_page\"] [class*=\"ct-container\"] > article[class*=\"post\"] {--has-boxed:var(--false);--has-wide:var(--true);}","tablet":"","mobile":""},"google_fonts":[],"version":6}},"_links":{"self":[{"href":"http:\/\/posgraduacao.uea.edu.br\/ensinodeciencia\/index.php\/wp-json\/wp\/v2\/pages\/561","targetHints":{"allow":["GET"]}}],"collection":[{"href":"http:\/\/posgraduacao.uea.edu.br\/ensinodeciencia\/index.php\/wp-json\/wp\/v2\/pages"}],"about":[{"href":"http:\/\/posgraduacao.uea.edu.br\/ensinodeciencia\/index.php\/wp-json\/wp\/v2\/types\/page"}],"author":[{"embeddable":true,"href":"http:\/\/posgraduacao.uea.edu.br\/ensinodeciencia\/index.php\/wp-json\/wp\/v2\/users\/1"}],"replies":[{"embeddable":true,"href":"http:\/\/posgraduacao.uea.edu.br\/ensinodeciencia\/index.php\/wp-json\/wp\/v2\/comments?post=561"}],"version-history":[{"count":38,"href":"http:\/\/posgraduacao.uea.edu.br\/ensinodeciencia\/index.php\/wp-json\/wp\/v2\/pages\/561\/revisions"}],"predecessor-version":[{"id":3354,"href":"http:\/\/posgraduacao.uea.edu.br\/ensinodeciencia\/index.php\/wp-json\/wp\/v2\/pages\/561\/revisions\/3354"}],"wp:featuredmedia":[{"embeddable":true,"href":"http:\/\/posgraduacao.uea.edu.br\/ensinodeciencia\/index.php\/wp-json\/wp\/v2\/media\/1294"}],"wp:attachment":[{"href":"http:\/\/posgraduacao.uea.edu.br\/ensinodeciencia\/index.php\/wp-json\/wp\/v2\/media?parent=561"}],"curies":[{"name":"wp","href":"https:\/\/api.w.org\/{rel}","templated":true}]}}