{"id":727,"date":"2025-01-15T08:36:12","date_gmt":"2025-01-15T11:36:12","guid":{"rendered":"https:\/\/posgraduacao.uea.edu.br\/ensinodeciencia\/?page_id=727"},"modified":"2025-11-18T15:50:16","modified_gmt":"2025-11-18T18:50:16","slug":"linhas-de-pesquisa","status":"publish","type":"page","link":"http:\/\/posgraduacao.uea.edu.br\/ensinodeciencia\/index.php\/linhas-de-pesquisa\/","title":{"rendered":"Linhas de Pesquisa"},"content":{"rendered":"\n<div class=\"wp-block-stackable-spacer stk-block-spacer stk--no-padding stk-block stk-bf33017\" data-block-id=\"bf33017\"><style>.stk-bf33017 {height:129px !important;}@media screen and (max-width:999px){.stk-bf33017 {height:70px !important;}}<\/style><\/div>\n\n\n\n<div class=\"wp-block-stackable-columns stk-block-columns stk-block stk-eb090ea\" data-block-id=\"eb090ea\"><div class=\"stk-row stk-inner-blocks stk-block-content stk-content-align stk-eb090ea-column\">\n<div class=\"wp-block-stackable-column stk-block-column stk-column stk-block stk-17f2e65\" data-v=\"4\" data-block-id=\"17f2e65\"><div class=\"stk-column-wrapper stk-block-column__content stk-container stk-17f2e65-container stk--no-background stk--no-padding\"><div class=\"stk-block-content stk-inner-blocks stk-17f2e65-inner-blocks\">\n<div class=\"wp-block-stackable-heading stk-block-heading stk-block-heading--v2 stk-block stk-491776d\" id=\"linha-1-e\" data-block-id=\"491776d\"><style>@media screen and (max-width:689px){.stk-491776d .stk-block-heading__text{font-size:13px !important;}}<\/style><h2 class=\"stk-block-heading__text\"><span style=\"color: #cb5c0d;\" class=\"stk-highlight\">Linha 1: Curr\u00edculo, Cogni\u00e7\u00e3o e Forma\u00e7\u00e3o de Professores<\/span><\/h2><\/div>\n\n\n\n<div class=\"wp-block-stackable-image stk-block-image stk-block stk-3cef41c\" data-block-id=\"3cef41c\"><figure><span class=\"stk-img-wrapper stk-image--shape-stretch\"><img loading=\"lazy\" decoding=\"async\" class=\"stk-img wp-image-1511\" src=\"http:\/\/posgraduacao.uea.edu.br\/ensinodeciencia\/wp-content\/uploads\/2025\/03\/7-1.png\" width=\"1920\" height=\"1080\" srcset=\"http:\/\/posgraduacao.uea.edu.br\/ensinodeciencia\/wp-content\/uploads\/2025\/03\/7-1.png 1920w, http:\/\/posgraduacao.uea.edu.br\/ensinodeciencia\/wp-content\/uploads\/2025\/03\/7-1-300x169.png 300w, http:\/\/posgraduacao.uea.edu.br\/ensinodeciencia\/wp-content\/uploads\/2025\/03\/7-1-1024x576.png 1024w, http:\/\/posgraduacao.uea.edu.br\/ensinodeciencia\/wp-content\/uploads\/2025\/03\/7-1-768x432.png 768w, http:\/\/posgraduacao.uea.edu.br\/ensinodeciencia\/wp-content\/uploads\/2025\/03\/7-1-1536x864.png 1536w\" sizes=\"auto, (max-width: 1920px) 100vw, 1920px\" \/><\/span><\/figure><\/div>\n<\/div><\/div><\/div>\n<\/div><\/div>\n\n\n\n<div class=\"wp-block-stackable-heading stk-block-heading stk-block-heading--v2 stk-block stk-a8c6a33\" id=\"span-style-color-cb-5-c-0-d-class-stk-highlight-linha-ensino-de-ciencias-curriculo-cognicao-e-formacao-de-professores-span\" data-block-id=\"a8c6a33\"><style>@media screen and (max-width:689px){.stk-a8c6a33 .stk-block-heading__text{font-size:13px !important;}}<\/style><h2 class=\"stk-block-heading__text\"><span style=\"color: #cb5c0d;\" class=\"stk-highlight\">Linha 2: Epistemologias, Divulga\u00e7\u00e3o Cient\u00edfica e Espa\u00e7os N\u00e3o Formais<\/span><\/h2><\/div>\n\n\n\n<div class=\"wp-block-stackable-image stk-block-image stk-block stk-8e1142b\" data-block-id=\"8e1142b\"><figure><span class=\"stk-img-wrapper stk-image--shape-stretch\"><img loading=\"lazy\" decoding=\"async\" class=\"stk-img wp-image-1512\" src=\"http:\/\/posgraduacao.uea.edu.br\/ensinodeciencia\/wp-content\/uploads\/2025\/03\/8-1.png\" width=\"1920\" height=\"1080\" srcset=\"http:\/\/posgraduacao.uea.edu.br\/ensinodeciencia\/wp-content\/uploads\/2025\/03\/8-1.png 1920w, http:\/\/posgraduacao.uea.edu.br\/ensinodeciencia\/wp-content\/uploads\/2025\/03\/8-1-300x169.png 300w, http:\/\/posgraduacao.uea.edu.br\/ensinodeciencia\/wp-content\/uploads\/2025\/03\/8-1-1024x576.png 1024w, http:\/\/posgraduacao.uea.edu.br\/ensinodeciencia\/wp-content\/uploads\/2025\/03\/8-1-768x432.png 768w, http:\/\/posgraduacao.uea.edu.br\/ensinodeciencia\/wp-content\/uploads\/2025\/03\/8-1-1536x864.png 1536w\" sizes=\"auto, (max-width: 1920px) 100vw, 1920px\" \/><\/span><\/figure><\/div>\n\n\n\n<div class=\"wp-block-stackable-columns alignfull stk-block-columns stk-block stk-80ce3af stk-block-background stk--has-background-overlay\" data-block-id=\"80ce3af\"><style>.stk-80ce3af {background-color:linear-gradient(180deg, #ffffff 50%, var(--theme-palette-color-4, #102136) 50%) !important;margin-bottom:0px !important;}.stk-80ce3af:before{background-image:linear-gradient(180deg, #ffffff 50%, var(--theme-palette-color-4, #102136) 50%) !important;}<\/style><div class=\"stk-row stk-inner-blocks stk-block-content stk-content-align stk-80ce3af-column\">\n<div class=\"wp-block-stackable-column stk-block-column stk-column stk-block stk-6ddbaf2 stk-block-background stk--has-background-overlay\" data-v=\"4\" data-block-id=\"6ddbaf2\"><style>.stk-6ddbaf2-container{margin-top:0px !important;margin-right:0px !important;margin-bottom:0px !important;margin-left:0px !important;}.stk-6ddbaf2 {background-image:url(http:\/\/posgraduacao.uea.edu.br\/ensinodeciencia\/wp-content\/uploads\/2020\/08\/campaign-creators-qCi_MzVODoU-unsplash.jpg) !important;border-radius:10px !important;overflow:hidden !important;padding-top:100px !important;padding-right:80px !important;padding-bottom:100px !important;padding-left:80px !important;}@media screen and (max-width:999px){.stk-6ddbaf2 {padding-top:80px !important;padding-right:150px !important;padding-bottom:80px !important;padding-left:150px !important;}}@media screen and (max-width:689px){.stk-6ddbaf2 {padding-top:60px !important;padding-right:50px !important;padding-bottom:60px !important;padding-left:50px !important;}}<\/style><div class=\"stk-column-wrapper stk-block-column__content stk-container stk-6ddbaf2-container stk--no-background stk--no-padding\"><div class=\"has-text-align-center stk-block-content stk-inner-blocks stk-6ddbaf2-inner-blocks\">\n<div class=\"wp-block-stackable-heading stk-block-heading stk-block-heading--v2 stk-block stk-8054442\" id=\"programa-de-pos-raduacao-em-educacao-em-ciencias-na-amazonia\" data-block-id=\"8054442\"><style>.stk-8054442 {margin-bottom:10px !important;}.stk-8054442 .stk-block-heading__text{color:var(--theme-palette-color-8, #ffffff) !important;font-weight:200 !important;font-family:\"Montserrat\", Sans-serif !important;}@media screen and (max-width:689px){.stk-8054442 .stk-block-heading__text{font-size:12px !important;}}<\/style><h2 class=\"stk-block-heading__text has-text-color stk-block-heading--use-theme-margins\">Programa de P\u00f3s-Gradua\u00e7\u00e3o em Educa\u00e7\u00e3o em Ci\u00eancias na Amaz\u00f4nia<\/h2><\/div>\n\n\n\n<div class=\"wp-block-stackable-button-group stk-block-button-group stk-block stk-cc4a772\" data-block-id=\"cc4a772\"><style>@media screen and (max-width:689px){.stk-cc4a772 .stk-inner-blocks{column-gap:3px !important;row-gap:7px !important;}}<\/style><div class=\"stk-row stk-inner-blocks stk-block-content stk-button-group\">\n<div class=\"wp-block-stackable-button stk-block-button stk-block stk-f63b751\" data-block-id=\"f63b751\"><style>.stk-f63b751 .stk-button{padding-top:12px !important;padding-right:30px !important;padding-bottom:12px !important;padding-left:30px !important;}<\/style><a class=\"stk-link stk-button stk--hover-effect-darken\" href=\"https:\/\/posgraduacao.uea.edu.br\/ensinodeciencia\/index.php\/contato\/\"><span class=\"stk-button__inner-text\">Fale Conosco<\/span><\/a><\/div>\n<\/div><\/div>\n<\/div><\/div><\/div>\n<\/div><\/div>\n\n\n\n<p><\/p>\n","protected":false},"excerpt":{"rendered":"<p>Linha 1: Curr\u00edculo, Cogni\u00e7\u00e3o e Forma\u00e7\u00e3o de Professores Linha 2: Epistemologias, Divulga\u00e7\u00e3o Cient\u00edfica e Espa\u00e7os N\u00e3o Formais Programa de P\u00f3s-Gradua\u00e7\u00e3o em Educa\u00e7\u00e3o em Ci\u00eancias na Amaz\u00f4nia Fale Conosco<\/p>\n","protected":false},"author":1,"featured_media":1389,"parent":0,"menu_order":0,"comment_status":"closed","ping_status":"closed","template":"","meta":{"footnotes":""},"class_list":["post-727","page","type-page","status-publish","has-post-thumbnail","hentry"],"blocksy_meta":{"page_title_panel":"","has_hero_section":"enabled","fe1c64ab89945cda534f4bb2d579ae1a":"","hero_section":"type-2","hero_elements":[{"id":"custom_title","enabled":true,"heading_tag":"h1","title":"Home","__id":"Es5VPu-VcLPIHhhGz_tgd"},{"id":"custom_description","enabled":false,"description_visibility":{"desktop":true,"tablet":true,"mobile":false},"__id":"BK7GOHmMpx7Q_SFzDqSBw"},{"id":"custom_meta","enabled":false,"meta_elements":[{"id":"author","enabled":true,"label":"By","has_author_avatar":"yes","avatar_size":25},{"id":"post_date","enabled":true,"label":"On","date_format_source":"default","date_format":"M j, Y"},{"id":"updated_date","enabled":false,"label":"On","date_format_source":"default","date_format":"M j, Y"},{"id":"categories","enabled":false,"label":"In","style":"simple"},{"id":"comments","enabled":true}],"page_meta_elements":{"joined":true,"articles_count":true,"comments":true},"__id":"1lSwSVNPpLxwYGupm_a_j"},{"id":"breadcrumbs","enabled":false,"__id":"wYbIN1XvbNkw22sQoRtjo"},{"id":"content-block","enabled":false,"__id":"GGQCg78TOLx6nfsokn7eN"}],"433b02732bec8d55ec282f00a9a700eb":"","hero_alignment1":"CT_CSS_SKIP_RULE","hero_margin":40,"hero_alignment2":"center","hero_vertical_alignment":"center","fdbb34d69d6afe2394c07d96c9ea0b60":"","hero_structure":"normal","cb306aece5e91b9a44875e4a81075440":"","page_title_bg_type":"custom_image","custom_hero_background":{"attachment_id":1389,"url":"http:\/\/posgraduacao.uea.edu.br\/ensinodeciencia\/wp-content\/uploads\/2025\/03\/ilustracoes-site-Post-para-Twitter-1-1024x576.png"},"page_title_image_size":"full","parallax":{"desktop":false,"tablet":false,"mobile":false},"034bc954f3c533bc75ffdf62670c8395":"","hero_height":"250px","pageTitleFont":{"family":"Default","variation":"Default","size":"30px","line-height":"CT_CSS_SKIP_RULE","letter-spacing":"CT_CSS_SKIP_RULE","text-transform":"CT_CSS_SKIP_RULE","text-decoration":"CT_CSS_SKIP_RULE"},"pageTitleFontColor":{"default":{"color":"var(--theme-palette-color-8)"}},"pageMetaFont":{"family":"Default","variation":"n6","size":"12px","line-height":"1.3","letter-spacing":"CT_CSS_SKIP_RULE","text-transform":"uppercase","text-decoration":"CT_CSS_SKIP_RULE"},"pageMetaFontColor":{"default":{"color":"CT_CSS_SKIP_RULEDEFAULT"},"hover":{"color":"CT_CSS_SKIP_RULEDEFAULT"}},"page_meta_button_type_font_colors":{"default":{"color":"CT_CSS_SKIP_RULEDEFAULT"},"hover":{"color":"CT_CSS_SKIP_RULEDEFAULT"}},"page_meta_button_type_background_colors":{"default":{"color":"CT_CSS_SKIP_RULEDEFAULT"},"hover":{"color":"CT_CSS_SKIP_RULEDEFAULT"}},"pageExcerptFont":{"family":"Default","variation":"Default","size":"CT_CSS_SKIP_RULE","line-height":"CT_CSS_SKIP_RULE","letter-spacing":"CT_CSS_SKIP_RULE","text-transform":"CT_CSS_SKIP_RULE","text-decoration":"CT_CSS_SKIP_RULE"},"pageExcerptColor":{"default":{"color":"CT_CSS_SKIP_RULEDEFAULT"}},"breadcrumbsFont":{"family":"Default","variation":"Default","size":"CT_CSS_SKIP_RULE","line-height":"CT_CSS_SKIP_RULE","letter-spacing":"CT_CSS_SKIP_RULE","text-transform":"CT_CSS_SKIP_RULE","text-decoration":"CT_CSS_SKIP_RULE"},"breadcrumbsFontColor":{"default":{"color":"CT_CSS_SKIP_RULEDEFAULT"},"initial":{"color":"CT_CSS_SKIP_RULEDEFAULT"},"hover":{"color":"CT_CSS_SKIP_RULEDEFAULT"}},"pageTitleOverlay":{"background_type":"color","background_pattern":"type-1","background_image":{"attachment_id":null,"x":0,"y":0},"gradient":"linear-gradient(135deg,rgba(6,147,227,1) 0%,rgb(155,81,224) 100%)","background_repeat":"repeat","background_size":"auto","background_attachment":"scroll","patternColor":{"default":{"color":"#e5e7ea"}},"overlayColor":{"default":{"color":"CT_CSS_SKIP_RULE"}},"backgroundColor":{"default":{"color":"rgba(18, 21, 25, 0.5)"}}},"pageTitleBackground":{"background_type":"color","background_pattern":"type-1","background_image":{"attachment_id":null,"x":0,"y":0},"gradient":"linear-gradient(135deg,rgba(6,147,227,1) 0%,rgb(155,81,224) 100%)","background_repeat":"repeat","background_size":"auto","background_attachment":"scroll","patternColor":{"default":{"color":"#e5e7ea"}},"overlayColor":{"default":{"color":"CT_CSS_SKIP_RULE"}},"backgroundColor":{"default":{"color":"var(--theme-palette-color-6)"}}},"pageTitlePadding":{"top":"50px","bottom":"50px","left":"auto","right":"auto","linked":true},"12e455f30de1d15aed0effbbb6f951bf":"","page_structure_type":"type-4","f474d2f3ad69b4e64f52dac0a3aa2bb2":"","content_style_source":"custom","content_style":"wide","vertical_spacing_source":"custom","content_area_spacing":"none","background":{"background_type":"color","background_pattern":"type-1","background_image":{"attachment_id":null,"x":0,"y":0},"gradient":"linear-gradient(135deg,rgba(6,147,227,1) 0%,rgb(155,81,224) 100%)","background_repeat":"repeat","background_size":"auto","background_attachment":"scroll","patternColor":{"default":{"color":"#e5e7ea"}},"overlayColor":{"default":{"color":"CT_CSS_SKIP_RULE"}},"backgroundColor":{"default":{"color":"CT_CSS_SKIP_RULE"}}},"content_background":{"background_type":"color","background_pattern":"type-1","background_image":{"attachment_id":null,"x":0,"y":0},"gradient":"linear-gradient(135deg,rgba(6,147,227,1) 0%,rgb(155,81,224) 100%)","background_repeat":"repeat","background_size":"auto","background_attachment":"scroll","patternColor":{"default":{"color":"#e5e7ea"}},"overlayColor":{"default":{"color":"CT_CSS_SKIP_RULE"}},"backgroundColor":{"default":{"color":"var(--theme-palette-color-8)"}}},"content_boxed_shadow":{"inherit":false,"blur":18,"spread":-6,"v_offset":12,"h_offset":0,"inset":false,"enable":true,"color":{"color":"rgba(34, 56, 101, 0.04)"}},"content_boxed_border":{"width":1,"style":"none","color":{"color":"rgba(44,62,80,0.2)"}},"content_boxed_radius":{"top":"3px","bottom":"3px","left":"3px","right":"3px","linked":true},"boxed_content_spacing":{"desktop":{"top":"40px","bottom":"40px","left":"40px","right":"40px","linked":true},"tablet":{"top":"35px","bottom":"35px","left":"35px","right":"35px","linked":true},"mobile":{"top":"20px","bottom":"20px","left":"20px","right":"20px","linked":true}},"fca9f1d1c7aa58a4b21dd78357f6373e":"","disable_featured_image":"no","disable_share_box":"no","disable_header":"no","disable_footer":"no","styles_descriptor":{"styles":{"desktop":"[data-prefix=\"single_page\"] .entry-header .page-title {--theme-font-size:30px;--theme-heading-color:var(--theme-palette-color-8);} [data-prefix=\"single_page\"] .entry-header .entry-meta {--theme-font-weight:600;--theme-text-transform:uppercase;--theme-font-size:12px;--theme-line-height:1.3;} [data-prefix=\"single_page\"] .hero-section[data-type=\"type-2\"] > figure .ct-media-container:after {background-color:rgba(18, 21, 25, 0.5);} [data-prefix=\"single_page\"] .hero-section[data-type=\"type-2\"] {background-color:var(--theme-palette-color-6);background-image:none;--container-padding:50px 0;} [data-prefix=\"single_page\"] [class*=\"ct-container\"] > article[class*=\"post\"] {--has-boxed:var(--false);--has-wide:var(--true);}","tablet":"","mobile":""},"google_fonts":[],"version":6}},"_links":{"self":[{"href":"http:\/\/posgraduacao.uea.edu.br\/ensinodeciencia\/index.php\/wp-json\/wp\/v2\/pages\/727","targetHints":{"allow":["GET"]}}],"collection":[{"href":"http:\/\/posgraduacao.uea.edu.br\/ensinodeciencia\/index.php\/wp-json\/wp\/v2\/pages"}],"about":[{"href":"http:\/\/posgraduacao.uea.edu.br\/ensinodeciencia\/index.php\/wp-json\/wp\/v2\/types\/page"}],"author":[{"embeddable":true,"href":"http:\/\/posgraduacao.uea.edu.br\/ensinodeciencia\/index.php\/wp-json\/wp\/v2\/users\/1"}],"replies":[{"embeddable":true,"href":"http:\/\/posgraduacao.uea.edu.br\/ensinodeciencia\/index.php\/wp-json\/wp\/v2\/comments?post=727"}],"version-history":[{"count":19,"href":"http:\/\/posgraduacao.uea.edu.br\/ensinodeciencia\/index.php\/wp-json\/wp\/v2\/pages\/727\/revisions"}],"predecessor-version":[{"id":2959,"href":"http:\/\/posgraduacao.uea.edu.br\/ensinodeciencia\/index.php\/wp-json\/wp\/v2\/pages\/727\/revisions\/2959"}],"wp:featuredmedia":[{"embeddable":true,"href":"http:\/\/posgraduacao.uea.edu.br\/ensinodeciencia\/index.php\/wp-json\/wp\/v2\/media\/1389"}],"wp:attachment":[{"href":"http:\/\/posgraduacao.uea.edu.br\/ensinodeciencia\/index.php\/wp-json\/wp\/v2\/media?parent=727"}],"curies":[{"name":"wp","href":"https:\/\/api.w.org\/{rel}","templated":true}]}}