{"id":739,"date":"2025-01-15T08:36:16","date_gmt":"2025-01-15T11:36:16","guid":{"rendered":"https:\/\/posgraduacao.uea.edu.br\/ensinodeciencia\/?page_id=739"},"modified":"2025-04-07T12:31:50","modified_gmt":"2025-04-07T15:31:50","slug":"revista-eletronica","status":"publish","type":"page","link":"http:\/\/posgraduacao.uea.edu.br\/ensinodeciencia\/index.php\/revista-eletronica\/","title":{"rendered":"Revista Eletr\u00f4nica"},"content":{"rendered":"\n<div class=\"wp-block-stackable-columns alignfull stk-block-columns stk-block stk-fbd0346 stk-block-background stk--has-background-overlay\" data-block-id=\"fbd0346\"><style>.stk-fbd0346 {background-image:url(http:\/\/posgraduacao.uea.edu.br\/ensinodeciencia\/wp-content\/uploads\/2025\/03\/13.png) !important;min-height:600px !important;align-items:center !important;margin-bottom:22px !important;display:flex !important;}@media screen and (max-width:689px){.stk-fbd0346 {margin-bottom:0px !important;}}<\/style><div class=\"stk-row stk-inner-blocks has-text-align-center stk-block-content stk-content-align stk-fbd0346-column alignfull\">\n<div class=\"wp-block-stackable-column stk-block-column stk-column stk-block stk-825516a\" data-v=\"4\" data-block-id=\"825516a\"><div class=\"stk-column-wrapper stk-block-column__content stk-container stk-825516a-container stk--no-background stk--no-padding\"><div class=\"stk-block-content stk-inner-blocks stk-825516a-inner-blocks\"><\/div><\/div><\/div>\n<\/div><\/div>\n\n\n\n<div class=\"wp-block-stackable-spacer stk-block-spacer stk--no-padding stk-block stk-bf33017\" data-block-id=\"bf33017\"><style>.stk-bf33017 {height:62px !important;}@media screen and (max-width:999px){.stk-bf33017 {height:70px !important;}}<\/style><\/div>\n\n\n\n<div class=\"wp-block-stackable-columns stk-block-columns stk-block stk-eb090ea\" data-block-id=\"eb090ea\"><div class=\"stk-row stk-inner-blocks stk-block-content stk-content-align stk-eb090ea-column\">\n<div class=\"wp-block-stackable-column stk-block-column stk-column stk-block stk-17f2e65\" data-v=\"4\" data-block-id=\"17f2e65\"><div class=\"stk-column-wrapper stk-block-column__content stk-container stk-17f2e65-container stk--no-background stk--no-padding\"><div class=\"stk-block-content stk-inner-blocks stk-17f2e65-inner-blocks\">\n<div class=\"wp-block-stackable-heading stk-block-heading stk-block-heading--v2 stk-block stk-491776d\" id=\"sobre-nossa-revista\" data-block-id=\"491776d\"><h2 class=\"stk-block-heading__text\">Sobre nossa revista<\/h2><\/div>\n\n\n\n<div class=\"wp-block-stackable-text stk-block-text stk-block stk-8a1b865\" data-block-id=\"8a1b865\"><p class=\"stk-block-text__text\">A&nbsp;<strong><a href=\"https:\/\/formularios.uea.edu.br\/index.php\/arete\" data-type=\"link\" data-id=\"https:\/\/formularios.uea.edu.br\/index.php\/arete\" target=\"_blank\" rel=\"noreferrer noopener\">Revista Eletr\u00f4nica ARET\u00c9 (Manaus) &#8211; Revista Amaz\u00f4nica de Ensino de Ci\u00eancias<\/a>&nbsp;<\/strong>&nbsp;&#8211; \u00e9 um&nbsp;peri\u00f3dico vinculado ao&nbsp;Programa de P\u00f3s-Gradua\u00e7\u00e3o em Educa\u00e7\u00e3o em Ci\u00eancias na Amaz\u00f4nia da Universidade do Estado do Amazonas (UEA). Iniciou o seu caminhar em 2008 e desde agosto de 2009, foi indexada no Cat\u00e1logo&nbsp;<a href=\"http:\/\/www.latindex.unam.mx\/\">Latindex<\/a>. A partir de julho de 2015, obteve indexa\u00e7\u00e3o no \u00cdndice Europeu de Refer\u00eancia&nbsp;para as Humanidades e Ci\u00eancias Sociais (<a href=\"https:\/\/dbh.nsd.uib.no\/publiseringskanaler\/erihplus\/periodical\/info?id=486353\">ERIH PLUS<\/a>).<\/p><\/div>\n\n\n\n<div class=\"wp-block-stackable-text stk-block-text stk-block stk-4f3591a\" data-block-id=\"4f3591a\"><p class=\"stk-block-text__text has-text-align-justify\"><strong>A&nbsp;Aret\u00e9&nbsp;tem como objetivo publicar&nbsp;Artigos Cient\u00edficos in\u00e9ditos&nbsp;sobre pesquisas de car\u00e1ter acad\u00eamico-cient\u00edficos,&nbsp;Nota Cient\u00edfica, Ensaios&nbsp;e&nbsp;Resenhas Cr\u00edticas, escritos em&nbsp;portugu\u00eas,&nbsp;ingl\u00eas,&nbsp;espanhol,&nbsp;relacionadas \u00e0s diversas tem\u00e1ticas inerentes \u00e0&nbsp;\u00e1rea de Ensino de Ci\u00eancias e Matem\u00e1tica&nbsp;(\u00c1rea 46) da Coordena\u00e7\u00e3o de Aperfei\u00e7oamento de Pessoal de N\u00edvel Superior (CAPES).&nbsp;<\/strong>\u00c9 considerada pela CAPES como Revista&nbsp;<strong>QUALIS A1 (Ensino)&nbsp;<\/strong>no quadri\u00eanio 2017-2020.<\/p><\/div>\n\n\n\n<div class=\"wp-block-stackable-text stk-block-text stk-block stk-a6d4b38\" data-block-id=\"a6d4b38\"><p class=\"stk-block-text__text has-text-align-justify\"><strong>A&nbsp;Aret\u00e9&nbsp;possui uma ampla cobertura tem\u00e1tica, abrangendo \u00e1reas&nbsp;multidisciplinares e interdisciplinares&nbsp;no campo da&nbsp;Educa\u00e7\u00e3o e Ensino Matem\u00e1tica, de Ci\u00eancias e Saberes Tradicionais.&nbsp;Dedica-se \u00e0 investiga\u00e7\u00e3o de fen\u00f4menos relacionados aos processos de forma\u00e7\u00e3o de professores e de ensino e aprendizagens. Ela engloba todos os n\u00edveis de ensino e inclui espa\u00e7os formais, n\u00e3o-formais e informais que promova uma educa\u00e7\u00e3o\/ensino de Matem\u00e1tica&nbsp;e de Ci\u00eancias em diferentes contextos socioculturais.<\/strong><\/p><\/div>\n\n\n\n<p><strong>Qualis 2017-2020:&nbsp;A1 Ensino<\/strong><\/p>\n\n\n\n<p><strong>Qualis 2013-2016:&nbsp;A2 Ensino<\/strong><\/p>\n\n\n\n<p><strong>ISSN:&nbsp;1984-7505<\/strong><\/p>\n<\/div><\/div><\/div>\n<\/div><\/div>\n\n\n\n<div class=\"wp-block-stackable-columns alignfull stk-block-columns stk-block stk-80ce3af stk-block-background stk--has-background-overlay\" data-block-id=\"80ce3af\"><style>.stk-80ce3af {background-color:linear-gradient(180deg, #ffffff 50%, var(--theme-palette-color-4, #102136) 50%) !important;margin-bottom:0px !important;}.stk-80ce3af:before{background-image:linear-gradient(180deg, #ffffff 50%, var(--theme-palette-color-4, #102136) 50%) !important;}<\/style><div class=\"stk-row stk-inner-blocks stk-block-content stk-content-align stk-80ce3af-column\">\n<div class=\"wp-block-stackable-column stk-block-column stk-column stk-block stk-6ddbaf2 stk-block-background stk--has-background-overlay\" data-v=\"4\" data-block-id=\"6ddbaf2\"><style>.stk-6ddbaf2-container{margin-top:0px !important;margin-right:0px !important;margin-bottom:0px !important;margin-left:0px !important;}.stk-6ddbaf2 {background-image:url(http:\/\/posgraduacao.uea.edu.br\/ensinodeciencia\/wp-content\/uploads\/2020\/08\/campaign-creators-qCi_MzVODoU-unsplash.jpg) !important;border-radius:10px !important;overflow:hidden !important;padding-top:100px !important;padding-right:80px !important;padding-bottom:100px !important;padding-left:80px !important;}@media screen and (max-width:999px){.stk-6ddbaf2 {padding-top:80px !important;padding-right:150px !important;padding-bottom:80px !important;padding-left:150px !important;}}@media screen and (max-width:689px){.stk-6ddbaf2 {padding-top:60px !important;padding-right:50px !important;padding-bottom:60px !important;padding-left:50px !important;}}<\/style><div class=\"stk-column-wrapper stk-block-column__content stk-container stk-6ddbaf2-container stk--no-background stk--no-padding\"><div class=\"has-text-align-center stk-block-content stk-inner-blocks stk-6ddbaf2-inner-blocks\">\n<div class=\"wp-block-stackable-heading stk-block-heading stk-block-heading--v2 stk-block stk-8054442\" id=\"programa-de-pos-graduacao-em-educacao-em-ciencias-na-amazonia\" data-block-id=\"8054442\"><style>.stk-8054442 {margin-bottom:10px !important;}.stk-8054442 .stk-block-heading__text{color:var(--theme-palette-color-8, #ffffff) !important;font-weight:800 !important;}@media screen and (max-width:689px){.stk-8054442 .stk-block-heading__text{font-size:25px !important;}}<\/style><h2 class=\"stk-block-heading__text has-text-color stk-block-heading--use-theme-margins\">Programa de P\u00f3s-Gradua\u00e7\u00e3o em Educa\u00e7\u00e3o em Ci\u00eancias na Amaz\u00f4nia<\/h2><\/div>\n\n\n\n<div class=\"wp-block-stackable-button-group stk-block-button-group stk-block stk-cc4a772\" data-block-id=\"cc4a772\"><div class=\"stk-row stk-inner-blocks stk-block-content stk-button-group\">\n<div class=\"wp-block-stackable-button stk-block-button stk-block stk-f63b751\" data-block-id=\"f63b751\"><style>.stk-f63b751 .stk-button{padding-top:12px !important;padding-right:30px !important;padding-bottom:12px !important;padding-left:30px !important;}<\/style><a class=\"stk-link stk-button stk--hover-effect-darken\" href=\"https:\/\/posgraduacao.uea.edu.br\/ensinodeciencia\/index.php\/contato\/\"><span class=\"stk-button__inner-text\">Fale Conosco<\/span><\/a><\/div>\n<\/div><\/div>\n<\/div><\/div><\/div>\n<\/div><\/div>\n\n\n\n<div class=\"wp-block-group is-layout-constrained wp-block-group-is-layout-constrained\">\n<p><\/p>\n<\/div>\n","protected":false},"excerpt":{"rendered":"<p>Sobre nossa revista A&nbsp;Revista Eletr\u00f4nica ARET\u00c9 (Manaus) &#8211; Revista Amaz\u00f4nica de Ensino de Ci\u00eancias&nbsp;&nbsp;&#8211; \u00e9 um&nbsp;peri\u00f3dico vinculado ao&nbsp;Programa de P\u00f3s-Gradua\u00e7\u00e3o em Educa\u00e7\u00e3o em Ci\u00eancias na Amaz\u00f4nia da Universidade do Estado do Amazonas (UEA). Iniciou o seu caminhar em 2008 e desde agosto de 2009, foi indexada no Cat\u00e1logo&nbsp;Latindex. A partir de julho de 2015, obteve [&hellip;]<\/p>\n","protected":false},"author":1,"featured_media":0,"parent":0,"menu_order":0,"comment_status":"closed","ping_status":"closed","template":"","meta":{"footnotes":""},"class_list":["post-739","page","type-page","status-publish","hentry"],"blocksy_meta":{"page_title_panel":"","has_hero_section":"disabled","fe1c64ab89945cda534f4bb2d579ae1a":"","hero_section":"type-1","hero_elements":[{"id":"custom_title","enabled":true,"heading_tag":"h1","title":"Home"},{"id":"custom_description","enabled":true,"description_visibility":{"desktop":true,"tablet":true,"mobile":false}},{"id":"custom_meta","enabled":false,"meta_elements":[{"id":"author","enabled":true,"label":"By","has_author_avatar":"yes","avatar_size":25},{"id":"post_date","enabled":true,"label":"On","date_format_source":"default","date_format":"M j, Y"},{"id":"updated_date","enabled":false,"label":"On","date_format_source":"default","date_format":"M j, Y"},{"id":"categories","enabled":false,"label":"In","style":"simple"},{"id":"comments","enabled":true}],"page_meta_elements":{"joined":true,"articles_count":true,"comments":true}},{"id":"breadcrumbs","enabled":false}],"433b02732bec8d55ec282f00a9a700eb":"","hero_alignment1":"CT_CSS_SKIP_RULE","hero_margin":40,"hero_alignment2":"center","hero_vertical_alignment":"center","fdbb34d69d6afe2394c07d96c9ea0b60":"","hero_structure":"narrow","cb306aece5e91b9a44875e4a81075440":"","page_title_bg_type":"featured_image","custom_hero_background":{"attachment_id":null},"page_title_image_size":"full","parallax":{"desktop":false,"tablet":false,"mobile":false},"034bc954f3c533bc75ffdf62670c8395":"","hero_height":"250px","pageTitleFont":{"family":"Default","variation":"Default","size":"30px","line-height":"CT_CSS_SKIP_RULE","letter-spacing":"CT_CSS_SKIP_RULE","text-transform":"CT_CSS_SKIP_RULE","text-decoration":"CT_CSS_SKIP_RULE"},"pageTitleFontColor":{"default":{"color":"CT_CSS_SKIP_RULEDEFAULT"}},"pageMetaFont":{"family":"Default","variation":"n6","size":"12px","line-height":"1.3","letter-spacing":"CT_CSS_SKIP_RULE","text-transform":"uppercase","text-decoration":"CT_CSS_SKIP_RULE"},"pageMetaFontColor":{"default":{"color":"CT_CSS_SKIP_RULEDEFAULT"},"hover":{"color":"CT_CSS_SKIP_RULEDEFAULT"}},"page_meta_button_type_font_colors":{"default":{"color":"CT_CSS_SKIP_RULEDEFAULT"},"hover":{"color":"CT_CSS_SKIP_RULEDEFAULT"}},"page_meta_button_type_background_colors":{"default":{"color":"CT_CSS_SKIP_RULEDEFAULT"},"hover":{"color":"CT_CSS_SKIP_RULEDEFAULT"}},"pageExcerptFont":{"family":"Default","variation":"Default","size":"CT_CSS_SKIP_RULE","line-height":"CT_CSS_SKIP_RULE","letter-spacing":"CT_CSS_SKIP_RULE","text-transform":"CT_CSS_SKIP_RULE","text-decoration":"CT_CSS_SKIP_RULE"},"pageExcerptColor":{"default":{"color":"CT_CSS_SKIP_RULEDEFAULT"}},"breadcrumbsFont":{"family":"Default","variation":"Default","size":"CT_CSS_SKIP_RULE","line-height":"CT_CSS_SKIP_RULE","letter-spacing":"CT_CSS_SKIP_RULE","text-transform":"CT_CSS_SKIP_RULE","text-decoration":"CT_CSS_SKIP_RULE"},"breadcrumbsFontColor":{"default":{"color":"CT_CSS_SKIP_RULEDEFAULT"},"initial":{"color":"CT_CSS_SKIP_RULEDEFAULT"},"hover":{"color":"CT_CSS_SKIP_RULEDEFAULT"}},"pageTitleOverlay":{"background_type":"color","background_pattern":"type-1","background_image":{"attachment_id":null,"x":0,"y":0},"gradient":"linear-gradient(135deg,rgba(6,147,227,1) 0%,rgb(155,81,224) 100%)","background_repeat":"repeat","background_size":"auto","background_attachment":"scroll","patternColor":{"default":{"color":"#e5e7ea"}},"overlayColor":{"default":{"color":"CT_CSS_SKIP_RULE"}},"backgroundColor":{"default":{"color":"CT_CSS_SKIP_RULE"}}},"pageTitleBackground":{"background_type":"color","background_pattern":"type-1","background_image":{"attachment_id":null,"x":0,"y":0},"gradient":"linear-gradient(135deg,rgba(6,147,227,1) 0%,rgb(155,81,224) 100%)","background_repeat":"repeat","background_size":"auto","background_attachment":"scroll","patternColor":{"default":{"color":"#e5e7ea"}},"overlayColor":{"default":{"color":"CT_CSS_SKIP_RULE"}},"backgroundColor":{"default":{"color":"var(--theme-palette-color-6)"}}},"pageTitlePadding":{"top":"50px","bottom":"50px","left":"auto","right":"auto","linked":true},"12e455f30de1d15aed0effbbb6f951bf":"","page_structure_type":"type-1","f474d2f3ad69b4e64f52dac0a3aa2bb2":"","content_style_source":"custom","content_style":"wide","vertical_spacing_source":"custom","content_area_spacing":"none","background":{"desktop":{"background_type":"color","background_pattern":"type-1","background_image":{"attachment_id":null,"x":0,"y":0},"gradient":"linear-gradient(135deg,rgba(6,147,227,1) 0%,rgb(155,81,224) 100%)","background_repeat":"repeat","background_size":"auto","background_attachment":"scroll","patternColor":{"default":{"color":"#e5e7ea"}},"overlayColor":{"default":{"color":"CT_CSS_SKIP_RULE"}},"backgroundColor":{"default":{"color":"CT_CSS_SKIP_RULE"}}},"tablet":{"background_type":"color","background_pattern":"type-1","background_image":{"attachment_id":null,"x":0,"y":0},"gradient":"linear-gradient(135deg,rgba(6,147,227,1) 0%,rgb(155,81,224) 100%)","background_repeat":"repeat","background_size":"auto","background_attachment":"scroll","patternColor":{"default":{"color":"#e5e7ea"}},"overlayColor":{"default":{"color":"CT_CSS_SKIP_RULE"}},"backgroundColor":{"default":{"color":"CT_CSS_SKIP_RULE"}}},"mobile":{"background_type":"color","background_pattern":"type-1","background_image":{"attachment_id":null,"x":0,"y":0},"gradient":"linear-gradient(135deg,rgba(6,147,227,1) 0%,rgb(155,81,224) 100%)","background_repeat":"repeat","background_size":"auto","background_attachment":"scroll","patternColor":{"default":{"color":"#e5e7ea"}},"overlayColor":{"default":{"color":"CT_CSS_SKIP_RULE"}},"backgroundColor":{"default":{"color":"#ffffff"}}},"__changed":["mobile"]},"content_background":{"background_type":"color","background_pattern":"type-1","background_image":{"attachment_id":null,"x":0,"y":0},"gradient":"linear-gradient(135deg,rgba(6,147,227,1) 0%,rgb(155,81,224) 100%)","background_repeat":"repeat","background_size":"auto","background_attachment":"scroll","patternColor":{"default":{"color":"#e5e7ea"}},"overlayColor":{"default":{"color":"CT_CSS_SKIP_RULE"}},"backgroundColor":{"default":{"color":"var(--theme-palette-color-8)"}}},"content_boxed_shadow":{"inherit":false,"blur":18,"spread":-6,"v_offset":12,"h_offset":0,"inset":false,"enable":true,"color":{"color":"rgba(34, 56, 101, 0.04)"}},"content_boxed_border":{"width":1,"style":"none","color":{"color":"rgba(44,62,80,0.2)"}},"content_boxed_radius":{"top":"3px","bottom":"3px","left":"3px","right":"3px","linked":true},"boxed_content_spacing":{"desktop":{"top":"40px","bottom":"40px","left":"40px","right":"40px","linked":true},"tablet":{"top":"35px","bottom":"35px","left":"35px","right":"35px","linked":true},"mobile":{"top":"20px","bottom":"20px","left":"20px","right":"20px","linked":true}},"fca9f1d1c7aa58a4b21dd78357f6373e":"","disable_featured_image":"no","disable_share_box":"no","disable_header":"no","disable_footer":"no","styles_descriptor":{"styles":{"desktop":"[data-prefix=\"single_page\"] [class*=\"ct-container\"] > article[class*=\"post\"] {--has-boxed:var(--false);--has-wide:var(--true);}","tablet":"","mobile":"[data-prefix=\"single_page\"] {background-color:#ffffff;background-image:none;}"},"google_fonts":[],"version":6}},"_links":{"self":[{"href":"http:\/\/posgraduacao.uea.edu.br\/ensinodeciencia\/index.php\/wp-json\/wp\/v2\/pages\/739","targetHints":{"allow":["GET"]}}],"collection":[{"href":"http:\/\/posgraduacao.uea.edu.br\/ensinodeciencia\/index.php\/wp-json\/wp\/v2\/pages"}],"about":[{"href":"http:\/\/posgraduacao.uea.edu.br\/ensinodeciencia\/index.php\/wp-json\/wp\/v2\/types\/page"}],"author":[{"embeddable":true,"href":"http:\/\/posgraduacao.uea.edu.br\/ensinodeciencia\/index.php\/wp-json\/wp\/v2\/users\/1"}],"replies":[{"embeddable":true,"href":"http:\/\/posgraduacao.uea.edu.br\/ensinodeciencia\/index.php\/wp-json\/wp\/v2\/comments?post=739"}],"version-history":[{"count":15,"href":"http:\/\/posgraduacao.uea.edu.br\/ensinodeciencia\/index.php\/wp-json\/wp\/v2\/pages\/739\/revisions"}],"predecessor-version":[{"id":2160,"href":"http:\/\/posgraduacao.uea.edu.br\/ensinodeciencia\/index.php\/wp-json\/wp\/v2\/pages\/739\/revisions\/2160"}],"wp:attachment":[{"href":"http:\/\/posgraduacao.uea.edu.br\/ensinodeciencia\/index.php\/wp-json\/wp\/v2\/media?parent=739"}],"curies":[{"name":"wp","href":"https:\/\/api.w.org\/{rel}","templated":true}]}}