{"id":786,"date":"2025-01-15T08:39:05","date_gmt":"2025-01-15T11:39:05","guid":{"rendered":"https:\/\/posgraduacao.uea.edu.br\/ensinodeciencia\/?page_id=786"},"modified":"2026-04-13T16:52:39","modified_gmt":"2026-04-13T19:52:39","slug":"secretaria-do-programa","status":"publish","type":"page","link":"http:\/\/posgraduacao.uea.edu.br\/ensinodeciencia\/index.php\/secretaria-do-programa\/","title":{"rendered":"Secretaria do Programa"},"content":{"rendered":"\n<div class=\"wp-block-stackable-columns alignfull stk-block-columns stk-block stk-1249d00 stk-block-background stk--has-background-overlay\" data-block-id=\"1249d00\"><style>.stk-1249d00 {background-image:url(http:\/\/posgraduacao.uea.edu.br\/ensinodeciencia\/wp-content\/uploads\/2025\/03\/Plano-de-fundo-site.jpg) !important;min-height:800px !important;align-items:center !important;margin-bottom:30px !important;display:flex !important;}.stk-1249d00-column{max-width:1302px !important;min-width:auto !important;}<\/style><div class=\"stk-row stk-inner-blocks has-text-align-right stk-block-content stk-content-align stk-1249d00-column alignfull\">\n<div class=\"wp-block-stackable-column stk-block-column stk-column stk-block stk-b62f197\" data-v=\"4\" data-block-id=\"b62f197\"><div class=\"stk-column-wrapper stk-block-column__content stk-container stk-b62f197-container stk--no-background stk--no-padding\"><div class=\"stk-block-content stk-inner-blocks stk-b62f197-inner-blocks\">\n<div class=\"wp-block-stackable-heading stk-block-heading stk-block-heading--v2 stk-block stk-b5ddc8c\" id=\"secretaria-br\" data-block-id=\"b5ddc8c\"><style>.stk-b5ddc8c .stk-block-heading__text{font-size:45px !important;font-family:\"Agbalumo\", Sans-serif !important;}@media screen and (max-width:999px){.stk-b5ddc8c .stk-block-heading__text{font-size:45px !important;}}<\/style><h2 class=\"stk-block-heading__text has-text-align-center\">Secretaria <br><\/h2><\/div>\n<\/div><\/div><\/div>\n<\/div><\/div>\n\n\n\n<div class=\"wp-block-stackable-heading stk-block-heading stk-block-heading--v2 stk-block stk-92714f1\" id=\"2025-atual\" data-block-id=\"92714f1\"><style>@media screen and (max-width:689px){.stk-92714f1 .stk-block-heading__text{font-size:15px !important;}}<\/style><h2 class=\"stk-block-heading__text\">2025-atual<\/h2><\/div>\n\n\n\n<div class=\"wp-block-stackable-columns stk-block-columns stk-block stk-d863ae8\" data-block-id=\"d863ae8\"><div class=\"stk-row stk-inner-blocks stk-block-content stk-content-align stk-d863ae8-column\">\n<div class=\"wp-block-stackable-column stk-block-column stk-column stk-block stk-8e6f597\" data-v=\"4\" data-block-id=\"8e6f597\"><style>@media screen and (min-width:690px){.stk-8e6f597 {flex:var(--stk-flex-grow, 1) 1 calc(25% - var(--stk-column-gap, 0px) * 3 \/ 4 ) !important;}}<\/style><div class=\"stk-column-wrapper stk-block-column__content stk-container stk-8e6f597-container stk--no-background stk--no-padding\"><div class=\"stk-block-content stk-inner-blocks stk-8e6f597-inner-blocks\">\n<div class=\"wp-block-stackable-image stk-block-image stk-block stk-ed1e3a6\" data-block-id=\"ed1e3a6\"><style>.stk-ed1e3a6 .stk-img-wrapper{width:100% !important;height:397px !important;}.stk-ed1e3a6 .stk-img-wrapper img{transform:scale(0.77) !important;}@media screen and (max-width:689px){.stk-ed1e3a6 .stk-img-wrapper{width:60% !important;height:230px !important;}}<\/style><figure><span class=\"stk-img-wrapper stk-image--shape-stretch\"><img loading=\"lazy\" decoding=\"async\" class=\"stk-img wp-image-1964\" src=\"http:\/\/posgraduacao.uea.edu.br\/ensinodeciencia\/wp-content\/uploads\/2025\/03\/WhatsApp-Image-2025-03-31-at-14.29.10.jpeg\" width=\"1200\" height=\"1599\" srcset=\"http:\/\/posgraduacao.uea.edu.br\/ensinodeciencia\/wp-content\/uploads\/2025\/03\/WhatsApp-Image-2025-03-31-at-14.29.10.jpeg 1200w, http:\/\/posgraduacao.uea.edu.br\/ensinodeciencia\/wp-content\/uploads\/2025\/03\/WhatsApp-Image-2025-03-31-at-14.29.10-225x300.jpeg 225w, http:\/\/posgraduacao.uea.edu.br\/ensinodeciencia\/wp-content\/uploads\/2025\/03\/WhatsApp-Image-2025-03-31-at-14.29.10-768x1023.jpeg 768w, http:\/\/posgraduacao.uea.edu.br\/ensinodeciencia\/wp-content\/uploads\/2025\/03\/WhatsApp-Image-2025-03-31-at-14.29.10-1153x1536.jpeg 1153w\" sizes=\"auto, (max-width: 1200px) 100vw, 1200px\" \/><\/span><\/figure><\/div>\n\n\n\n<div class=\"wp-block-stackable-text stk-block-text stk-block stk-727f316\" data-block-id=\"727f316\"><p class=\"stk-block-text__text has-text-align-center\"><strong>Emanuele Ribeiro<br><\/strong>Secret\u00e1ria<\/p><\/div>\n<\/div><\/div><\/div>\n\n\n\n<div class=\"wp-block-stackable-column stk-block-column stk-column stk-block stk-a5bffed\" data-v=\"4\" data-block-id=\"a5bffed\"><style>@media screen and (min-width:690px){.stk-a5bffed {flex:var(--stk-flex-grow, 1) 1 calc(25% - var(--stk-column-gap, 0px) * 3 \/ 4 ) !important;}}<\/style><div class=\"stk-column-wrapper stk-block-column__content stk-container stk-a5bffed-container stk--no-background stk--no-padding\"><div class=\"stk-block-content stk-inner-blocks stk-a5bffed-inner-blocks\">\n<div class=\"wp-block-stackable-image stk-block-image stk-block stk-69cefc6\" data-block-id=\"69cefc6\"><style>.stk-69cefc6 .stk-img-wrapper{width:75% !important;height:397px !important;}.stk-69cefc6 .stk-img-wrapper img{transform:scale(0.82) !important;}@media screen and (max-width:689px){.stk-69cefc6 .stk-img-wrapper{width:60% !important;height:230px !important;}}<\/style><figure><span class=\"stk-img-wrapper stk-image--shape-stretch\"><img loading=\"lazy\" decoding=\"async\" class=\"stk-img wp-image-3387\" src=\"http:\/\/posgraduacao.uea.edu.br\/ensinodeciencia\/wp-content\/uploads\/2026\/04\/BF827EC7-ACD6-4C88-9AE0-51FBB1F02C32.jpg\" width=\"1284\" height=\"2282\" srcset=\"http:\/\/posgraduacao.uea.edu.br\/ensinodeciencia\/wp-content\/uploads\/2026\/04\/BF827EC7-ACD6-4C88-9AE0-51FBB1F02C32.jpg 1284w, http:\/\/posgraduacao.uea.edu.br\/ensinodeciencia\/wp-content\/uploads\/2026\/04\/BF827EC7-ACD6-4C88-9AE0-51FBB1F02C32-169x300.jpg 169w, http:\/\/posgraduacao.uea.edu.br\/ensinodeciencia\/wp-content\/uploads\/2026\/04\/BF827EC7-ACD6-4C88-9AE0-51FBB1F02C32-576x1024.jpg 576w, http:\/\/posgraduacao.uea.edu.br\/ensinodeciencia\/wp-content\/uploads\/2026\/04\/BF827EC7-ACD6-4C88-9AE0-51FBB1F02C32-768x1365.jpg 768w, http:\/\/posgraduacao.uea.edu.br\/ensinodeciencia\/wp-content\/uploads\/2026\/04\/BF827EC7-ACD6-4C88-9AE0-51FBB1F02C32-864x1536.jpg 864w, http:\/\/posgraduacao.uea.edu.br\/ensinodeciencia\/wp-content\/uploads\/2026\/04\/BF827EC7-ACD6-4C88-9AE0-51FBB1F02C32-1152x2048.jpg 1152w\" sizes=\"auto, (max-width: 1284px) 100vw, 1284px\" \/><\/span><\/figure><\/div>\n\n\n\n<div class=\"wp-block-stackable-text stk-block-text stk-block stk-baf4ebe\" data-block-id=\"baf4ebe\"><p class=\"stk-block-text__text has-text-align-center\"><strong>H\u00edvina Dorzane<br><\/strong>Apoio T\u00e9cnico<\/p><\/div>\n<\/div><\/div><\/div>\n\n\n\n<div class=\"wp-block-stackable-column stk-block-column stk-column stk-block stk-22b8c8f\" data-v=\"4\" data-block-id=\"22b8c8f\"><style>@media screen and (min-width:690px){.stk-22b8c8f {flex:var(--stk-flex-grow, 1) 1 calc(19.8% - var(--stk-column-gap, 0px) * 3 \/ 4 ) !important;}}<\/style><div class=\"stk-column-wrapper stk-block-column__content stk-container stk-22b8c8f-container stk--no-background stk--no-padding\"><div class=\"stk-block-content stk-inner-blocks stk-22b8c8f-inner-blocks\">\n<div class=\"wp-block-stackable-image stk-block-image stk-block stk-cd0acdc\" data-block-id=\"cd0acdc\"><style>.stk-cd0acdc {margin-bottom:10px !important;}.stk-cd0acdc .stk-img-wrapper{height:397px !important;}.stk-cd0acdc .stk-img-wrapper img{transform:scale(0.82) !important;}@media screen and (max-width:689px){.stk-cd0acdc .stk-img-wrapper{width:60% !important;height:230px !important;}}<\/style><figure><span class=\"stk-img-wrapper stk-image--shape-stretch\"><img loading=\"lazy\" decoding=\"async\" class=\"stk-img wp-image-3295\" src=\"http:\/\/posgraduacao.uea.edu.br\/ensinodeciencia\/wp-content\/uploads\/2026\/04\/Lidia.jpeg\" width=\"1040\" height=\"1600\" srcset=\"http:\/\/posgraduacao.uea.edu.br\/ensinodeciencia\/wp-content\/uploads\/2026\/04\/Lidia.jpeg 1040w, http:\/\/posgraduacao.uea.edu.br\/ensinodeciencia\/wp-content\/uploads\/2026\/04\/Lidia-195x300.jpeg 195w, http:\/\/posgraduacao.uea.edu.br\/ensinodeciencia\/wp-content\/uploads\/2026\/04\/Lidia-666x1024.jpeg 666w, http:\/\/posgraduacao.uea.edu.br\/ensinodeciencia\/wp-content\/uploads\/2026\/04\/Lidia-768x1182.jpeg 768w, http:\/\/posgraduacao.uea.edu.br\/ensinodeciencia\/wp-content\/uploads\/2026\/04\/Lidia-998x1536.jpeg 998w\" sizes=\"auto, (max-width: 1040px) 100vw, 1040px\" \/><\/span><\/figure><\/div>\n\n\n\n<div class=\"wp-block-stackable-text stk-block-text stk-block stk-7ee843b\" data-block-id=\"7ee843b\"><p class=\"stk-block-text__text has-text-align-center\"><strong>L\u00eddia Cruz<br><\/strong>Estagi\u00e1ria<\/p><\/div>\n<\/div><\/div><\/div>\n\n\n\n<div class=\"wp-block-stackable-column stk-block-column stk-column stk-block stk-6d7230b\" data-v=\"4\" data-block-id=\"6d7230b\"><style>@media screen and (min-width:690px){.stk-6d7230b {flex:var(--stk-flex-grow, 1) 1 calc(30.200000000000003% - var(--stk-column-gap, 0px) * 3 \/ 4 ) !important;}}<\/style><div class=\"stk-column-wrapper stk-block-column__content stk-container stk-6d7230b-container stk--no-background stk--no-padding\"><div class=\"stk-block-content stk-inner-blocks stk-6d7230b-inner-blocks\">\n<div class=\"wp-block-stackable-image stk-block-image stk-block stk-ccd58ce\" data-block-id=\"ccd58ce\"><style>.stk-ccd58ce {margin-bottom:0px !important;}.stk-ccd58ce .stk-img-wrapper{width:64% !important;height:405px !important;}.stk-ccd58ce .stk-img-wrapper img{transform:scale(0.82) !important;}@media screen and (max-width:689px){.stk-ccd58ce .stk-img-wrapper{width:60% !important;height:230px !important;}}<\/style><figure><span class=\"stk-img-wrapper stk-image--shape-stretch\"><img loading=\"lazy\" decoding=\"async\" class=\"stk-img wp-image-3075\" src=\"http:\/\/posgraduacao.uea.edu.br\/ensinodeciencia\/wp-content\/uploads\/2026\/02\/eedfdcb1-e848-439f-9161-4f20933c5edb.jpeg\" width=\"1134\" height=\"1134\" srcset=\"http:\/\/posgraduacao.uea.edu.br\/ensinodeciencia\/wp-content\/uploads\/2026\/02\/eedfdcb1-e848-439f-9161-4f20933c5edb.jpeg 1134w, http:\/\/posgraduacao.uea.edu.br\/ensinodeciencia\/wp-content\/uploads\/2026\/02\/eedfdcb1-e848-439f-9161-4f20933c5edb-300x300.jpeg 300w, http:\/\/posgraduacao.uea.edu.br\/ensinodeciencia\/wp-content\/uploads\/2026\/02\/eedfdcb1-e848-439f-9161-4f20933c5edb-1024x1024.jpeg 1024w, http:\/\/posgraduacao.uea.edu.br\/ensinodeciencia\/wp-content\/uploads\/2026\/02\/eedfdcb1-e848-439f-9161-4f20933c5edb-150x150.jpeg 150w, http:\/\/posgraduacao.uea.edu.br\/ensinodeciencia\/wp-content\/uploads\/2026\/02\/eedfdcb1-e848-439f-9161-4f20933c5edb-768x768.jpeg 768w\" sizes=\"auto, (max-width: 1134px) 100vw, 1134px\" \/><\/span><\/figure><\/div>\n\n\n\n<div class=\"wp-block-stackable-text stk-block-text stk-block stk-33c271b\" data-block-id=\"33c271b\"><p class=\"stk-block-text__text has-text-align-center\"><strong>Jo\u00e3o Vargas<br><\/strong>Estagi\u00e1rio<\/p><\/div>\n<\/div><\/div><\/div>\n<\/div><\/div>\n\n\n\n<div class=\"wp-block-stackable-columns stk-block-columns stk-block stk-1d53fee\" data-block-id=\"1d53fee\"><div class=\"stk-row stk-inner-blocks stk-block-content stk-content-align stk-1d53fee-column\">\n<div class=\"wp-block-stackable-column stk-block-column stk-column stk-block stk-bb7e1da\" data-v=\"4\" data-block-id=\"bb7e1da\"><div class=\"stk-column-wrapper stk-block-column__content stk-container stk-bb7e1da-container stk--no-background stk--no-padding\"><div class=\"stk-block-content stk-inner-blocks stk-bb7e1da-inner-blocks\">\n<div class=\"wp-block-stackable-image stk-block-image stk-block stk-0772560\" data-block-id=\"0772560\"><style>.stk-0772560 .stk-img-wrapper{aspect-ratio:16\/9 !important;width:44% !important;height:152px !important;}<\/style><figure><span class=\"stk-img-wrapper stk-image--shape-stretch\"><img loading=\"lazy\" decoding=\"async\" class=\"stk-img wp-image-3072\" src=\"http:\/\/posgraduacao.uea.edu.br\/ensinodeciencia\/wp-content\/uploads\/2026\/02\/logo-papagaio.png\" width=\"1414\" height=\"2000\" srcset=\"http:\/\/posgraduacao.uea.edu.br\/ensinodeciencia\/wp-content\/uploads\/2026\/02\/logo-papagaio.png 1414w, http:\/\/posgraduacao.uea.edu.br\/ensinodeciencia\/wp-content\/uploads\/2026\/02\/logo-papagaio-212x300.png 212w, http:\/\/posgraduacao.uea.edu.br\/ensinodeciencia\/wp-content\/uploads\/2026\/02\/logo-papagaio-724x1024.png 724w, http:\/\/posgraduacao.uea.edu.br\/ensinodeciencia\/wp-content\/uploads\/2026\/02\/logo-papagaio-768x1086.png 768w, http:\/\/posgraduacao.uea.edu.br\/ensinodeciencia\/wp-content\/uploads\/2026\/02\/logo-papagaio-1086x1536.png 1086w\" sizes=\"auto, (max-width: 1414px) 100vw, 1414px\" \/><\/span><\/figure><\/div>\n<\/div><\/div><\/div>\n\n\n\n<div class=\"wp-block-stackable-column stk-block-column stk-column stk-block stk-74d3bb5\" data-v=\"4\" data-block-id=\"74d3bb5\"><div class=\"stk-column-wrapper stk-block-column__content stk-container stk-74d3bb5-container stk--no-background stk--no-padding\"><div class=\"stk-block-content stk-inner-blocks stk-74d3bb5-inner-blocks\">\n<div class=\"wp-block-stackable-heading stk-block-heading stk-block-heading--v2 stk-block stk-415f69e\" id=\"duvidas\" data-block-id=\"415f69e\"><h2 class=\"stk-block-heading__text\">D\u00favidas?<\/h2><\/div>\n\n\n\n<p class=\"has-text-align-center\">E-mail:&nbsp;<a href=\"mailto:ppgeec@uea.edu.br\" target=\"_blank\" rel=\"noreferrer noopener\">ppgeec@uea.edu.br<\/a><br>Contato: (92) 98587-7609<\/p>\n<\/div><\/div><\/div>\n<\/div><\/div>\n\n\n\n<div class=\"wp-block-stackable-columns alignwide stk-block-columns stk-block stk-80ce3af stk-block-background alignfull stk--has-background-overlay\" data-block-id=\"80ce3af\"><style>.stk-80ce3af {background-color:linear-gradient(180deg, #ffffff 50%, var(--theme-palette-color-4, #102136) 50%) !important;margin-bottom:0px !important;}.stk-80ce3af:before{background-image:linear-gradient(180deg, #ffffff 50%, var(--theme-palette-color-4, #102136) 50%) !important;}<\/style><div class=\"stk-row stk-inner-blocks stk-block-content stk-content-align stk-80ce3af-column alignwide\">\n<div class=\"wp-block-stackable-column stk-block-column stk-column stk-block stk-6ddbaf2 stk-block-background stk--has-background-overlay\" data-v=\"4\" data-block-id=\"6ddbaf2\"><style>.stk-6ddbaf2-container{margin-top:0px !important;margin-right:0px !important;margin-bottom:0px !important;margin-left:0px !important;}.stk-6ddbaf2 {background-image:url(http:\/\/posgraduacao.uea.edu.br\/ensinodeciencia\/wp-content\/uploads\/2020\/08\/campaign-creators-qCi_MzVODoU-unsplash.jpg) !important;border-radius:10px !important;overflow:hidden !important;padding-top:100px !important;padding-right:80px !important;padding-bottom:100px !important;padding-left:80px !important;}@media screen and (max-width:999px){.stk-6ddbaf2 {padding-top:80px !important;padding-right:150px !important;padding-bottom:80px !important;padding-left:150px !important;}}@media screen and (max-width:689px){.stk-6ddbaf2 {padding-top:60px !important;padding-right:50px !important;padding-bottom:60px !important;padding-left:50px !important;}}<\/style><div class=\"stk-column-wrapper stk-block-column__content stk-container stk-6ddbaf2-container stk--no-background stk--no-padding\"><div class=\"has-text-align-center stk-block-content stk-inner-blocks stk-6ddbaf2-inner-blocks\">\n<div class=\"wp-block-stackable-heading stk-block-heading stk-block-heading--v2 stk-block stk-8054442\" id=\"programa-de-pos-graduacao-em-educacao-em-ciencias-na-amazonia\" data-block-id=\"8054442\"><style>.stk-8054442 {margin-bottom:10px !important;}.stk-8054442 .stk-block-heading__text{color:var(--theme-palette-color-8, #ffffff) !important;font-weight:100 !important;font-family:\"Montserrat\", Sans-serif !important;}@media screen and (max-width:689px){.stk-8054442 .stk-block-heading__text{font-size:12px !important;}}<\/style><h1 class=\"stk-block-heading__text has-text-color stk-block-heading--use-theme-margins\">Programa de P\u00f3s-gradua\u00e7\u00e3o em Educa\u00e7\u00e3o em Ci\u00eancias na Amaz\u00f4nia<\/h1><\/div>\n\n\n\n<div class=\"wp-block-stackable-button-group stk-block-button-group stk-block stk-cc4a772\" data-block-id=\"cc4a772\"><div class=\"stk-row stk-inner-blocks stk-block-content stk-button-group\">\n<div class=\"wp-block-stackable-button stk-block-button stk-block stk-f63b751\" data-block-id=\"f63b751\"><style>.stk-f63b751 .stk-button{padding-top:12px !important;padding-right:30px !important;padding-bottom:12px !important;padding-left:30px !important;}<\/style><a class=\"stk-link stk-button stk--hover-effect-darken\" href=\"https:\/\/posgraduacao.uea.edu.br\/ensinodeciencia\/index.php\/contato\/\"><span class=\"stk-button__inner-text\">Fale Conosco<\/span><\/a><\/div>\n<\/div><\/div>\n<\/div><\/div><\/div>\n<\/div><\/div>\n\n\n\n<p><\/p>\n\n\n\n<p><\/p>\n","protected":false},"excerpt":{"rendered":"<p>Secretaria 2025-atual Emanuele RibeiroSecret\u00e1ria H\u00edvina DorzaneApoio T\u00e9cnico L\u00eddia CruzEstagi\u00e1ria Jo\u00e3o VargasEstagi\u00e1rio D\u00favidas? E-mail:&nbsp;ppgeec@uea.edu.brContato: (92) 98587-7609 Programa de P\u00f3s-gradua\u00e7\u00e3o em Educa\u00e7\u00e3o em Ci\u00eancias na Amaz\u00f4nia Fale Conosco<\/p>\n","protected":false},"author":1,"featured_media":1405,"parent":0,"menu_order":0,"comment_status":"closed","ping_status":"closed","template":"","meta":{"footnotes":""},"class_list":["post-786","page","type-page","status-publish","has-post-thumbnail","hentry"],"blocksy_meta":{"page_title_panel":"","has_hero_section":"disabled","fe1c64ab89945cda534f4bb2d579ae1a":"","hero_section":"type-1","hero_elements":[{"id":"custom_title","enabled":true,"heading_tag":"h1","title":"Home"},{"id":"custom_description","enabled":true,"description_visibility":{"desktop":true,"tablet":true,"mobile":false}},{"id":"custom_meta","enabled":false,"meta_elements":[{"id":"author","enabled":true,"label":"By","has_author_avatar":"yes","avatar_size":25},{"id":"post_date","enabled":true,"label":"On","date_format_source":"default","date_format":"M j, Y"},{"id":"updated_date","enabled":false,"label":"On","date_format_source":"default","date_format":"M j, Y"},{"id":"categories","enabled":false,"label":"In","style":"simple"},{"id":"comments","enabled":true}],"page_meta_elements":{"joined":true,"articles_count":true,"comments":true}},{"id":"breadcrumbs","enabled":false}],"433b02732bec8d55ec282f00a9a700eb":"","hero_alignment1":"CT_CSS_SKIP_RULE","hero_margin":40,"hero_alignment2":"center","hero_vertical_alignment":"center","fdbb34d69d6afe2394c07d96c9ea0b60":"","hero_structure":"narrow","cb306aece5e91b9a44875e4a81075440":"","page_title_bg_type":"featured_image","custom_hero_background":{"attachment_id":null},"page_title_image_size":"full","parallax":{"desktop":false,"tablet":false,"mobile":false},"034bc954f3c533bc75ffdf62670c8395":"","hero_height":"250px","pageTitleFont":{"family":"Default","variation":"Default","size":"30px","line-height":"CT_CSS_SKIP_RULE","letter-spacing":"CT_CSS_SKIP_RULE","text-transform":"CT_CSS_SKIP_RULE","text-decoration":"CT_CSS_SKIP_RULE"},"pageTitleFontColor":{"default":{"color":"CT_CSS_SKIP_RULEDEFAULT"}},"pageMetaFont":{"family":"Default","variation":"n6","size":"12px","line-height":"1.3","letter-spacing":"CT_CSS_SKIP_RULE","text-transform":"uppercase","text-decoration":"CT_CSS_SKIP_RULE"},"pageMetaFontColor":{"default":{"color":"CT_CSS_SKIP_RULEDEFAULT"},"hover":{"color":"CT_CSS_SKIP_RULEDEFAULT"}},"page_meta_button_type_font_colors":{"default":{"color":"CT_CSS_SKIP_RULEDEFAULT"},"hover":{"color":"CT_CSS_SKIP_RULEDEFAULT"}},"page_meta_button_type_background_colors":{"default":{"color":"CT_CSS_SKIP_RULEDEFAULT"},"hover":{"color":"CT_CSS_SKIP_RULEDEFAULT"}},"pageExcerptFont":{"family":"Default","variation":"Default","size":"CT_CSS_SKIP_RULE","line-height":"CT_CSS_SKIP_RULE","letter-spacing":"CT_CSS_SKIP_RULE","text-transform":"CT_CSS_SKIP_RULE","text-decoration":"CT_CSS_SKIP_RULE"},"pageExcerptColor":{"default":{"color":"CT_CSS_SKIP_RULEDEFAULT"}},"breadcrumbsFont":{"family":"Default","variation":"Default","size":"CT_CSS_SKIP_RULE","line-height":"CT_CSS_SKIP_RULE","letter-spacing":"CT_CSS_SKIP_RULE","text-transform":"CT_CSS_SKIP_RULE","text-decoration":"CT_CSS_SKIP_RULE"},"breadcrumbsFontColor":{"default":{"color":"CT_CSS_SKIP_RULEDEFAULT"},"initial":{"color":"CT_CSS_SKIP_RULEDEFAULT"},"hover":{"color":"CT_CSS_SKIP_RULEDEFAULT"}},"pageTitleOverlay":{"background_type":"color","background_pattern":"type-1","background_image":{"attachment_id":null,"x":0,"y":0},"gradient":"linear-gradient(135deg,rgba(6,147,227,1) 0%,rgb(155,81,224) 100%)","background_repeat":"repeat","background_size":"auto","background_attachment":"scroll","patternColor":{"default":{"color":"#e5e7ea"}},"overlayColor":{"default":{"color":"CT_CSS_SKIP_RULE"}},"backgroundColor":{"default":{"color":"CT_CSS_SKIP_RULE"}}},"pageTitleBackground":{"background_type":"color","background_pattern":"type-1","background_image":{"attachment_id":null,"x":0,"y":0},"gradient":"linear-gradient(135deg,rgba(6,147,227,1) 0%,rgb(155,81,224) 100%)","background_repeat":"repeat","background_size":"auto","background_attachment":"scroll","patternColor":{"default":{"color":"#e5e7ea"}},"overlayColor":{"default":{"color":"CT_CSS_SKIP_RULE"}},"backgroundColor":{"default":{"color":"var(--theme-palette-color-6)"}}},"pageTitlePadding":{"top":"50px","bottom":"50px","left":"auto","right":"auto","linked":true},"12e455f30de1d15aed0effbbb6f951bf":"","page_structure_type":"default","f474d2f3ad69b4e64f52dac0a3aa2bb2":"","content_style_source":"custom","content_style":"wide","vertical_spacing_source":"custom","content_area_spacing":"none","background":{"background_type":"color","background_pattern":"type-1","background_image":{"attachment_id":null,"x":0,"y":0},"gradient":"linear-gradient(135deg,rgba(6,147,227,1) 0%,rgb(155,81,224) 100%)","background_repeat":"repeat","background_size":"auto","background_attachment":"scroll","patternColor":{"default":{"color":"#e5e7ea"}},"overlayColor":{"default":{"color":"CT_CSS_SKIP_RULE"}},"backgroundColor":{"default":{"color":"CT_CSS_SKIP_RULE"}}},"content_background":{"background_type":"color","background_pattern":"type-1","background_image":{"attachment_id":null,"x":0,"y":0},"gradient":"linear-gradient(135deg,rgba(6,147,227,1) 0%,rgb(155,81,224) 100%)","background_repeat":"repeat","background_size":"auto","background_attachment":"scroll","patternColor":{"default":{"color":"#e5e7ea"}},"overlayColor":{"default":{"color":"CT_CSS_SKIP_RULE"}},"backgroundColor":{"default":{"color":"var(--theme-palette-color-8)"}}},"content_boxed_shadow":{"inherit":false,"blur":18,"spread":-6,"v_offset":12,"h_offset":0,"inset":false,"enable":true,"color":{"color":"rgba(34, 56, 101, 0.04)"}},"content_boxed_border":{"width":1,"style":"none","color":{"color":"rgba(44,62,80,0.2)"}},"content_boxed_radius":{"top":"3px","bottom":"3px","left":"3px","right":"3px","linked":true},"boxed_content_spacing":{"desktop":{"top":"40px","bottom":"40px","left":"40px","right":"40px","linked":true},"tablet":{"top":"35px","bottom":"35px","left":"35px","right":"35px","linked":true},"mobile":{"top":"20px","bottom":"20px","left":"20px","right":"20px","linked":true}},"fca9f1d1c7aa58a4b21dd78357f6373e":"","disable_featured_image":"no","disable_share_box":"no","disable_header":"no","disable_footer":"no","styles_descriptor":{"styles":{"desktop":"[data-prefix=\"single_page\"] [class*=\"ct-container\"] > article[class*=\"post\"] {--has-boxed:var(--false);--has-wide:var(--true);}","tablet":"","mobile":""},"google_fonts":[],"version":6}},"_links":{"self":[{"href":"http:\/\/posgraduacao.uea.edu.br\/ensinodeciencia\/index.php\/wp-json\/wp\/v2\/pages\/786","targetHints":{"allow":["GET"]}}],"collection":[{"href":"http:\/\/posgraduacao.uea.edu.br\/ensinodeciencia\/index.php\/wp-json\/wp\/v2\/pages"}],"about":[{"href":"http:\/\/posgraduacao.uea.edu.br\/ensinodeciencia\/index.php\/wp-json\/wp\/v2\/types\/page"}],"author":[{"embeddable":true,"href":"http:\/\/posgraduacao.uea.edu.br\/ensinodeciencia\/index.php\/wp-json\/wp\/v2\/users\/1"}],"replies":[{"embeddable":true,"href":"http:\/\/posgraduacao.uea.edu.br\/ensinodeciencia\/index.php\/wp-json\/wp\/v2\/comments?post=786"}],"version-history":[{"count":37,"href":"http:\/\/posgraduacao.uea.edu.br\/ensinodeciencia\/index.php\/wp-json\/wp\/v2\/pages\/786\/revisions"}],"predecessor-version":[{"id":3390,"href":"http:\/\/posgraduacao.uea.edu.br\/ensinodeciencia\/index.php\/wp-json\/wp\/v2\/pages\/786\/revisions\/3390"}],"wp:featuredmedia":[{"embeddable":true,"href":"http:\/\/posgraduacao.uea.edu.br\/ensinodeciencia\/index.php\/wp-json\/wp\/v2\/media\/1405"}],"wp:attachment":[{"href":"http:\/\/posgraduacao.uea.edu.br\/ensinodeciencia\/index.php\/wp-json\/wp\/v2\/media?parent=786"}],"curies":[{"name":"wp","href":"https:\/\/api.w.org\/{rel}","templated":true}]}}