{"id":2028,"date":"2025-07-15T11:18:26","date_gmt":"2025-07-15T15:18:26","guid":{"rendered":"http:\/\/posgraduacao.uea.edu.br\/hematologia\/?page_id=2028"},"modified":"2025-11-24T16:22:32","modified_gmt":"2025-11-24T20:22:32","slug":"processo-seletivo","status":"publish","type":"page","link":"http:\/\/posgraduacao.uea.edu.br\/hematologia\/index.php\/processo-seletivo\/","title":{"rendered":"Processo Seletivo"},"content":{"rendered":"\n<p><strong>PROCESSO SELETIVO PPGH-UEA\/HEMOAM 2026<\/strong><\/p>\n\n\n\n<p><a href=\"https:\/\/drive.google.com\/file\/d\/1AFD18vFaPahYRk9q28Ev-0glJzpxMiIw\/view?usp=drive_link\" data-type=\"link\" data-id=\"https:\/\/drive.google.com\/file\/d\/1AFD18vFaPahYRk9q28Ev-0glJzpxMiIw\/view?usp=drive_link\">EDITAL N\u00ba 105\/2025 \u2013 GR\/UEA &#8211; Processo Seletivo Mestrado 2026<\/a><\/p>\n\n\n\n<p id=\"https:\/\/drive.google.com\/file\/d\/1AFD18vFaPahYRk9q28Ev-0glJzpxMiIw\/view?usp=drive_link\"><a href=\"https:\/\/drive.google.com\/file\/d\/1aadhyHJWU17LfCHze9R4-vAgzTrhRQn_\/view?usp=drive_link\" data-type=\"link\" data-id=\"https:\/\/drive.google.com\/file\/d\/1aadhyHJWU17LfCHze9R4-vAgzTrhRQn_\/view?usp=drive_link\">Homologa\u00e7\u00e3o do EDITAL N\u00ba 105\/2025 &#8211; GR\/UEA- Processo Seletivo Mestrado 2026<\/a><\/p>\n\n\n\n<p><a href=\"https:\/\/docs.google.com\/document\/d\/1J9GGO5w_swhi4fBNRkRtfZcmc9LocNBI\/edit?usp=sharing&amp;ouid=115057123580809934571&amp;rtpof=true&amp;sd=true\" data-type=\"link\" data-id=\"https:\/\/docs.google.com\/document\/d\/1J9GGO5w_swhi4fBNRkRtfZcmc9LocNBI\/edit?usp=sharing&amp;ouid=115057123580809934571&amp;rtpof=true&amp;sd=true\">Formul\u00e1rio de Inscri\u00e7\u00e3o &#8211; Edital N\u00ba 105\/2025 &#8211; GR\/UEA- Processo Seletivo 2026<\/a><\/p>\n\n\n\n<p><a href=\"https:\/\/drive.google.com\/file\/d\/1S18ZTDjFphUi3OIYICkcpAvw7LV46Drp\/view?usp=sharing\" data-type=\"page\" data-id=\"2102\">PORTARIA N\u00ba 01\/2025 &#8211; PPGH\/UEA &#8211; Comiss\u00e3o de Sele\u00e7\u00e3o &#8211; EDITAL N\u00ba105\/2025 &#8211; Processo Seletivo Mestrado 2026<\/a><\/p>\n\n\n\n<p><a href=\"https:\/\/drive.google.com\/file\/d\/1xPigrtj6oC5rENJoy3cWdxLFSf1G-5xu\/view?usp=sharing\">ATA de homologa\u00e7\u00e3o das Inscri\u00e7\u00f5es do processo seletivo do Edital N\u00b0 105\/2025-GR\/UEA<\/a><\/p>\n\n\n\n<p><a href=\"https:\/\/drive.google.com\/file\/d\/1lKz1VHaypDgdemNkLm_6RyjeX8A14rup\/view?usp=sharing\" data-type=\"link\" data-id=\"https:\/\/drive.google.com\/file\/d\/1lKz1VHaypDgdemNkLm_6RyjeX8A14rup\/view?usp=sharing\">Resultado Parcial da Homologa\u00e7\u00e3o das inscri\u00e7\u00f5es, 1\u00aa Fase do Processo Seletivo do Edital N\u00ba 105\/2025-GR\/UEA<\/a><\/p>\n\n\n\n<p><a href=\"https:\/\/selecao2.uea.edu.br\/xfiles\/data\/xselecao\/31870.pdf\"><\/a><a href=\"https:\/\/drive.google.com\/file\/d\/1a12dYHHZmHIv9zSZG3kUV6Q_uiVIcwOz\/view?usp=sharing\">Resultado Final da Homologa\u00e7\u00e3o das inscri\u00e7\u00f5es, 1\u00aa Fase do Processo Seletivo do Edital N\u00ba 105\/2025-GR\/UEA<\/a><\/p>\n\n\n\n<p><a href=\"https:\/\/selecao2.uea.edu.br\/xfiles\/data\/xselecao\/31870.pdf\"><\/a><a href=\"https:\/\/pos.uea.edu.br\/data\/area\/pseletivo\/download\/189-9.pdf\">ERRATA &#8211; EDITAL N\u00ba105\/2025 &#8211; GR\/UEA de 27\/08\/2025<\/a><\/p>\n\n\n\n<p><a href=\"https:\/\/docs.google.com\/document\/d\/1llpRiTi5zsyDOa4T5jpLOK9XBQIyD91T\/edit?usp=sharing&amp;ouid=115057123580809934571&amp;rtpof=true&amp;sd=true\">Formul\u00e1rio para interposi\u00e7\u00e3o de recurso<\/a><\/p>\n\n\n\n<p><a href=\"https:\/\/drive.google.com\/file\/d\/1QYKzDeArhSrB5YW8N8vywMlq6EBCouAT\/view?usp=sharing\">Resultado Parcial da Avalia\u00e7\u00e3o do Pr\u00e9-Projeto, 2\u00aa Fase do processo seletivo do Edital N\u00ba 105\/2025-GR\/UEA<\/a><\/p>\n\n\n\n<p><a href=\"https:\/\/drive.google.com\/file\/d\/12Y8NNWzRBgviSM9wOYeWY2QDddz19Si3\/view?usp=sharing\">Ata da reuni\u00e3o de discuss\u00e3o e delibera\u00e7\u00e3o sobre a an\u00e1lise dos projetos submetidos ao processo seletivo do Edital N\u00b0 105\/2025-GR\/UEA<\/a><\/p>\n\n\n\n<p><a href=\"https:\/\/pos.uea.edu.br\/data\/area\/pseletivo\/download\/189-12.pdf\">Resultado Final da Avalia\u00e7\u00e3o do Pr\u00e9-Projeto, 2\u00aa Fase do processo seletivo do Edital N\u00ba 105\/2025-GR\/UEA<\/a><\/p>\n\n\n\n<p><a href=\"https:\/\/pos.uea.edu.br\/data\/area\/pseletivo\/download\/189-13.pdf\">Ata da reuni\u00e3o de an\u00e1lise de recursos e delibera\u00e7\u00e3o do Resultado Final da 2\u00aa Fase do Processo Seletivo do Edital N\u00ba 105\/2025-GR\/UEA<\/a><\/p>\n\n\n\n<p><a href=\"https:\/\/drive.google.com\/file\/d\/1CesBKAykfYcCMTDrHnY-XT0Ek9luKuxe\/view?usp=sharing\">Cronograma das Entrevistas, 3\u00aa Fase do processo seletivo do Edital N\u00ba 105\/2025-GR\/UEA<\/a><\/p>\n\n\n\n<p><a href=\"https:\/\/drive.google.com\/file\/d\/129OUNFqgeYTaNx5CUL0WV6qJYACCTnoO\/view?usp=sharing\">Ata da reuni\u00e3o para delibera\u00e7\u00e3o do resultado parcial da 3\u00aa Fase \u2013 Entrevista do Pr\u00e9-Projeto &#8211; do processo seletivo do Edital n\u00ba 105\/2025-GR\/UEA<\/a><\/p>\n\n\n\n<p><a href=\"https:\/\/drive.google.com\/file\/d\/1DoyRpSbOlFJx5LoMdxlqd86K6yTXhmut\/view?usp=sharing\">Resultado Parcial da Entrevista do Pr\u00e9-Projeto, 3\u00aa Fase do processo seletivo do Edital N\u00ba 105\/2025-GR\/UEA<\/a><\/p>\n\n\n\n<p><a href=\"https:\/\/pos.uea.edu.br\/data\/area\/pseletivo\/download\/189-17.pdf\" target=\"_blank\" rel=\"noreferrer noopener\">Ata da reuni\u00e3o de an\u00e1lise de recursos e delibera\u00e7\u00e3o do Resultado Final da 3\u00aa Fase do Processo Seletivo do Edital N\u00ba 105\/2025-GR\/UEA<\/a><\/p>\n\n\n\n<p><a href=\"https:\/\/pos.uea.edu.br\/data\/area\/pseletivo\/download\/189-18.pdf\" target=\"_blank\" rel=\"noreferrer noopener\">Resultado Final da Entrevista do Pr\u00e9-Projeto, 3\u00aa Fase do Processo Seletivo do Edital N\u00ba 105\/2025-GR\/UEA<\/a><\/p>\n\n\n\n<p><a href=\"https:\/\/pos.uea.edu.br\/data\/area\/pseletivo\/download\/189-19.pdf\" target=\"_blank\" rel=\"noreferrer noopener\">Resultado Parcial &#8211; Pontua\u00e7\u00e3o do Curr\u00edculo Lattes, 4\u00aa Fase do Processo Seletivo do Edital N\u00ba 105\/2025-GR\/UEA<\/a><\/p>\n\n\n\n<p><a href=\"https:\/\/pos.uea.edu.br\/data\/area\/pseletivo\/download\/189-20.pdf\" target=\"_blank\" rel=\"noreferrer noopener\">Ata da reuni\u00e3o para delibera\u00e7\u00e3o do resultado parcial da 4\u00aa Fase do Processo Seletivo do Edital N\u00ba 105\/2025-GR\/UEA<\/a><\/p>\n\n\n\n<p><a href=\"https:\/\/drive.google.com\/file\/d\/1G4SYP3WbUvwozSpjLJ6NW_Zrj4rcCUIE\/view?usp=sharing\">Ata da reuni\u00e3o de an\u00e1lise e decis\u00e3o sobre recursos recebidos referente ao resultado parcial da fase 04 e delibera\u00e7\u00e3o do resultado final da fase 04 referentes ao processo seletivo do Edital N\u00b0 105\/2025-GR\/UEA<\/a><\/p>\n\n\n\n<p><a href=\"https:\/\/drive.google.com\/file\/d\/11S9fasBW9wj0448r4qY7P-INbM2KaciM\/view?usp=sharing\">Resultado Final da Pontua\u00e7\u00e3o do Curr\u00edculo Lattes, 4\u00aa Fase do processo seletivo do Edital N\u00ba 105\/2025-GR\/UEA<\/a><\/p>\n\n\n\n<p><a href=\"https:\/\/drive.google.com\/file\/d\/1Hy_9FTgzfDGZcz13WO0UuuyXc-Kuham3\/view?usp=sharing\">Ata da reuni\u00e3o para delibera\u00e7\u00e3o do Resultado Geral Parcial do Processo Seletivo do Edital n\u00ba 105\/2025-GR\/UEA<\/a><\/p>\n\n\n\n<p><a href=\"https:\/\/drive.google.com\/file\/d\/1bcGzJ0SWzP5qst--STWfewqG_WT2S8ey\/view?usp=sharing\">Resultado Parcial do Processo Seletivo do Edital N\u00ba 105\/2025-GR\/UEA<\/a><\/p>\n\n\n\n<p><a href=\"https:\/\/drive.google.com\/file\/d\/1t7YOeau1PaRi27SHjRmpXKIkes4pee3K\/view?usp=sharing\">ERRATA DO EDITAL 105\/2025 \u2013 GR\/UEA &#8211; 28\/07\/2025<\/a><\/p>\n\n\n\n<p><a href=\"https:\/\/pos.uea.edu.br\/data\/area\/pseletivo\/download\/189-27.pdf\">Resultado Final do Processo Seletivo do Edital N\u00ba 105\/2025-GR\/UEA<\/a><\/p>\n\n\n\n<div style=\"height:100px\" aria-hidden=\"true\" class=\"wp-block-spacer\"><\/div>\n\n\n\n<p><strong>PROCESSO SELETIVO P\u00d3S-DOC UEA 2025<\/strong><\/p>\n\n\n\n<p><a href=\"https:\/\/drive.google.com\/file\/d\/1W1W3Xz1wceKic3qY38Xcr9LfT2oY0jcF\/view?usp=sharing\" data-type=\"link\" data-id=\"https:\/\/drive.google.com\/file\/d\/1W1W3Xz1wceKic3qY38Xcr9LfT2oY0jcF\/view?usp=sharing\">Edital N\u00ba 001\/2025 &#8211; Processo Seletivo P\u00f3s-doc UEA2025<\/a><\/p>\n\n\n\n<p><\/p>\n\n\n\n<p><\/p>\n\n\n\n<p><\/p>\n\n\n\n<p><strong>CHAMADA P\u00daBLICA 002\/2025 \u2013 PPGH\/UEA<br>PESQUISADOR VISITANTE<\/strong><\/p>\n\n\n\n<p><a href=\"https:\/\/drive.google.com\/file\/d\/1cNVg6q9y8iRhb6jdjgHY2pKZR5ikYQcY\/view?usp=sharing\">EDITAL CHAMADA P\u00daBLICA n\u00ba002\/2025 \u2013 PPGH\/UEA PESQUISADOR VISITANTE<\/a><\/p>\n\n\n\n<p><a href=\"https:\/\/docs.google.com\/document\/d\/1MKi-w4y5wId7FAymMiId2g4ik2r3XV8k\/edit?usp=sharing&amp;ouid=115057123580809934571&amp;rtpof=true&amp;sd=true\">FORMUL\u00c1RIO PARA APRESENTA\u00c7\u00c3O DE PROPOSTA<\/a><\/p>\n\n\n\n<p><a href=\"https:\/\/pos.uea.edu.br\/data\/area\/pseletivo\/download\/192-3.pdf\">PORTARIA N\u00ba 02\/2025 &#8211; PPGH\/UEA &#8211; Comiss\u00e3o de Sele\u00e7\u00e3o &#8211; Chamada P\u00fablica 002\/2025 &#8211; PPGH\/UEA Pesquisador Visitante<\/a><\/p>\n\n\n\n<p><a href=\"https:\/\/drive.google.com\/file\/d\/1cOmXZMeqyK07If0Are9iHw9dnP2i86Xv\/view?usp=sharing\">Resultado Preliminar da Homologa\u00e7\u00e3o das Inscri\u00e7\u00f5es &#8211; Edital N\u00ba 002\/2025-<br>PPGH\/UEA PESQUISADOR VISITANTE<\/a><\/p>\n\n\n\n<p><a href=\"https:\/\/drive.google.com\/file\/d\/1MOB1eN-MKRpkwSPDsGpzpARbKM9mWavy\/view?usp=sharing\">Resultado Final da Homologa\u00e7\u00e3o das Inscri\u00e7\u00f5es &#8211; Edital N\u00ba 002\/2025-PPGH\/UEA PESQUISADOR VISITANTE<\/a><\/p>\n\n\n\n<p><a href=\"https:\/\/pos.uea.edu.br\/data\/area\/pseletivo\/download\/192-6.pdf\">Resultado Preliminar da avalia\u00e7\u00e3o dos candidatos pela banca examinadora &#8211; Edital N\u00ba 002\/2025- PPGH\/UEA PESQUISADOR VISITANTE<\/a><\/p>\n\n\n\n<p><a href=\"https:\/\/drive.google.com\/file\/d\/16QZ8_DFokuf2xnqPdW-JA2nNNeTa6j0u\/view?usp=sharing\">Resultado Final da Homologa\u00e7\u00e3o das Inscri\u00e7\u00f5es &#8211; Edital N\u00ba 002\/2025-PPGH\/UEA PESQUISADOR VISITANTE<\/a><\/p>\n\n\n\n<p><\/p>\n","protected":false},"excerpt":{"rendered":"<p>PROCESSO SELETIVO PPGH-UEA\/HEMOAM 2026 EDITAL N\u00ba 105\/2025 \u2013 GR\/UEA &#8211; Processo Seletivo Mestrado 2026 Homologa\u00e7\u00e3o do EDITAL N\u00ba 105\/2025 &#8211; GR\/UEA- Processo Seletivo Mestrado 2026 Formul\u00e1rio de Inscri\u00e7\u00e3o &#8211; Edital N\u00ba 105\/2025 &#8211; GR\/UEA- Processo Seletivo 2026 PORTARIA N\u00ba 01\/2025 &#8211; PPGH\/UEA &#8211; Comiss\u00e3o de Sele\u00e7\u00e3o &#8211; EDITAL N\u00ba105\/2025 &#8211; Processo Seletivo Mestrado 2026 ATA [&hellip;]<\/p>\n","protected":false},"author":6,"featured_media":0,"parent":0,"menu_order":0,"comment_status":"closed","ping_status":"closed","template":"","meta":{"footnotes":""},"class_list":["post-2028","page","type-page","status-publish","hentry"],"blocksy_meta":[],"_links":{"self":[{"href":"http:\/\/posgraduacao.uea.edu.br\/hematologia\/index.php\/wp-json\/wp\/v2\/pages\/2028","targetHints":{"allow":["GET"]}}],"collection":[{"href":"http:\/\/posgraduacao.uea.edu.br\/hematologia\/index.php\/wp-json\/wp\/v2\/pages"}],"about":[{"href":"http:\/\/posgraduacao.uea.edu.br\/hematologia\/index.php\/wp-json\/wp\/v2\/types\/page"}],"author":[{"embeddable":true,"href":"http:\/\/posgraduacao.uea.edu.br\/hematologia\/index.php\/wp-json\/wp\/v2\/users\/6"}],"replies":[{"embeddable":true,"href":"http:\/\/posgraduacao.uea.edu.br\/hematologia\/index.php\/wp-json\/wp\/v2\/comments?post=2028"}],"version-history":[{"count":42,"href":"http:\/\/posgraduacao.uea.edu.br\/hematologia\/index.php\/wp-json\/wp\/v2\/pages\/2028\/revisions"}],"predecessor-version":[{"id":2206,"href":"http:\/\/posgraduacao.uea.edu.br\/hematologia\/index.php\/wp-json\/wp\/v2\/pages\/2028\/revisions\/2206"}],"wp:attachment":[{"href":"http:\/\/posgraduacao.uea.edu.br\/hematologia\/index.php\/wp-json\/wp\/v2\/media?parent=2028"}],"curies":[{"name":"wp","href":"https:\/\/api.w.org\/{rel}","templated":true}]}}