{"id":607,"date":"2022-06-15T10:18:17","date_gmt":"2022-06-15T10:18:17","guid":{"rendered":"https:\/\/startersites.io\/stagingfour\/?page_id=607"},"modified":"2024-12-17T15:52:32","modified_gmt":"2024-12-17T19:52:32","slug":"sobre","status":"publish","type":"page","link":"http:\/\/posgraduacao.uea.edu.br\/hematologia\/index.php\/sobre\/","title":{"rendered":"Sobre"},"content":{"rendered":"\n<div class=\"wp-block-stackable-columns alignfull stk-block-columns stk-block stk-51b2b12 stk-block-background stk--has-background-overlay\" data-block-id=\"51b2b12\"><style>.stk-51b2b12 .stk--block-align-51b2b12{align-items:center !important;}.stk-51b2b12 {background-image:url(https:\/\/posgraduacao.uea.edu.br\/hematologia\/wp-content\/uploads\/2020\/08\/ryota-nagasaka-w_5TUm7Xa00-unsplash2.jpg) !important;background-position:bottom center !important;background-repeat:no-repeat !important;background-size:cover !important;padding-top:300px !important;padding-bottom:200px !important;margin-bottom:0px !important;}.stk-51b2b12-column{--stk-column-gap:35px !important;row-gap:35px !important;}@media screen and (max-width:999px){.stk-51b2b12 {padding-top:250px !important;padding-bottom:150px !important;}}@media screen and (max-width:689px){.stk-51b2b12 {padding-top:150px !important;padding-bottom:100px !important;}}<\/style><div class=\"stk-row stk-inner-blocks stk--block-align-51b2b12 stk-block-content stk-content-align stk-51b2b12-column\">\n<div class=\"wp-block-stackable-column stk-block-column stk-column stk-block stk-3a43e6b\" data-v=\"4\" data-block-id=\"3a43e6b\"><style>.stk-3a43e6b-container{margin-top:0px !important;margin-right:0px !important;margin-bottom:0px !important;margin-left:0px !important;}<\/style><div class=\"stk-column-wrapper stk-block-column__content stk-container stk-3a43e6b-container stk--no-background stk--no-padding\"><div class=\"has-text-align-center-mobile stk-block-content stk-inner-blocks stk-3a43e6b-inner-blocks\">\n<div class=\"wp-block-stackable-heading stk-block-heading stk-block-heading--v2 stk-block stk-7225c59\" id=\"sobre-o-programa\" data-block-id=\"7225c59\"><style>.stk-7225c59 {margin-bottom:10px !important;}.stk-7225c59 .stk-block-heading__text{font-size:45px !important;color:var(--theme-palette-color-8, #ffffff) !important;line-height:1.3em !important;font-weight:800 !important;}@media screen and (max-width:999px){.stk-7225c59 .stk-block-heading__text{font-size:40px !important;}}@media screen and (max-width:689px){.stk-7225c59 .stk-block-heading__text{font-size:30px !important;}}<\/style><h2 class=\"stk-block-heading__text has-text-color has-text-align-center\">Sobre o Programa<\/h2><\/div>\n<\/div><\/div><\/div>\n<\/div><\/div>\n\n\n\n<div class=\"wp-block-stackable-spacer stk-block-spacer stk--no-padding stk-block stk-b2c1613\" data-block-id=\"b2c1613\"><style>.stk-b2c1613 {height:130px !important;}@media screen and (max-width:999px){.stk-b2c1613 {height:70px !important;}}<\/style><\/div>\n\n\n\n<div class=\"wp-block-stackable-columns stk-block-columns stk-block stk-7cd0806\" data-block-id=\"7cd0806\"><div class=\"stk-row stk-inner-blocks stk-block-content stk-content-align stk-7cd0806-column\">\n<div class=\"wp-block-stackable-column stk-block-column stk-column stk-block stk-39cf7d2\" data-v=\"4\" data-block-id=\"39cf7d2\"><div class=\"stk-column-wrapper stk-block-column__content stk-container stk-39cf7d2-container stk--no-background stk--no-padding\"><div class=\"stk-block-content stk-inner-blocks stk-39cf7d2-inner-blocks\">\n<div class=\"wp-block-stackable-heading stk-block-heading stk-block-heading--v2 stk-block stk-37be4eb\" id=\"sobre-o-curso\" data-block-id=\"37be4eb\"><h2 class=\"stk-block-heading__text has-text-align-center\">SOBRE O CURSO<\/h2><\/div>\n\n\n\n<p>O Programa de P\u00f3s-Gradua\u00e7\u00e3o em Ci\u00eancias Aplicadas \u00e0 Hematologia da Universidade do Estado do Amazonas (UEA) funciona em conv\u00eanio com a Funda\u00e7\u00e3o Hospitalar de Hematologia e Hemoterapia do Amazonas (FHEMOAM). Tem car\u00e1ter interdisciplinar e multiprofissional, constituindo-se em espa\u00e7o acad\u00eamico para forma\u00e7\u00e3o de mestres. \u00c9 o terceiro programa de P\u00f3s-gradua\u00e7\u00e3o em Hematologia no Brasil e o primeiro da Regi\u00e3o Norte do Brasil, permitindo o desenvolvimento t\u00e9cnico e cient\u00edfico nesta \u00e1rea do conhecimento. Al\u00e9m disso, amplia as oportunidades de qualifica\u00e7\u00e3o frente \u00e0 grande demanda de profissionais de n\u00edvel superior, oferecendo alternativa a escassez de recursos humanos qualificados nesta \u00e1rea.<\/p>\n\n\n\n<p class=\"has-text-align-center\"><strong>OBJETIVO DO CURSO<\/strong><\/p>\n\n\n\n<p>O objetivo do curso \u00e9 de fornecer base institucional para o desenvolvimento de pesquisa como estrat\u00e9gia de atua\u00e7\u00e3o voltada \u00e0s solu\u00e7\u00f5es de problemas de sa\u00fade pr\u00f3prios da Amaz\u00f4nia, al\u00e9m de formar pessoal qualificado para o desenvolvimento de pesquisa e para a doc\u00eancia, na \u00e1rea de Hematologia. O curso amplia as a\u00e7\u00f5es de ensino e pesquisa do FHEMOAM, voltadas para as solu\u00e7\u00f5es dos problemas especificamente relacionados \u00e0 Hematologia e Hemoterapia, ampliando a quantidade de investiga\u00e7\u00f5es cientificas nas institui\u00e7\u00f5es envolvidas.<\/p>\n\n\n\n<p class=\"has-text-align-center\"><strong>N\u00daCLEO TEM\u00c1TICO<\/strong><\/p>\n\n\n\n<p>O N\u00facleo Tem\u00e1tico se constitui pela aglutina\u00e7\u00e3o das Linhas de Pesquisa, garantindo assim o princ\u00edpio da organicidade de a\u00e7\u00f5es e resultados e a continuidade na produ\u00e7\u00e3o do conhecimento, articulando a produ\u00e7\u00e3o acad\u00eamica e o permanente movimento de constru\u00e7\u00e3o do saber na \u00e1rea.<\/p>\n\n\n\n<p class=\"has-text-align-center\"><strong>\u00c1REA DE AVALIA\u00c7\u00c3O<\/strong><\/p>\n\n\n\n<p>Medicina II<\/p>\n\n\n\n<p class=\"has-text-align-center\"><strong>LINHAS DE PESQUISA<\/strong><\/p>\n\n\n\n<p>As Linhas de Pesquisa representam temas aglutinadores de estudos cient\u00edficos, que se fundamentam em tradi\u00e7\u00e3o investigativa, que originam projetos cujos resultados guardam afinidade entre si. As Linhas de Pesquisa configuradoras do Programa de P\u00f3s-Gradua\u00e7\u00e3o em Hematologia e Hemoterapia.<\/p>\n\n\n\n<p class=\"has-text-align-center\"><strong>\u00c1REA DE CONCENTRA\u00c7\u00c3O<\/strong><\/p>\n\n\n\n<p>\u00c9 a defini\u00e7\u00e3o natural de \u00e1rea de concentra\u00e7\u00e3o, plenamente identificada com a atividade de pesquisa e assist\u00eancia hematol\u00f3gica e hemoter\u00e1pica desenvolvida no HEMOAM; envolve o estudo das doen\u00e7as do sangue em seus diversos aspectos, em especial, suas bases fisiopatol\u00f3gicas e m\u00e9todos de diagn\u00f3stico, bem como procedimentos de controle de qualidade e seguran\u00e7a transfusional.<\/p>\n\n\n\n<p><strong>Linha 1 &#8211; Seguran\u00e7a Transfusional:<\/strong><\/p>\n\n\n\n<p>Descri\u00e7\u00e3o: Tem como objetivos estudos que permitam a compreens\u00e3o dos riscos relacionados \u00e0 transfus\u00e3o sangu\u00ednea, abrangendo a triagem dos doadores de sangue, a qualidade dos processos e procedimentos de conserva\u00e7\u00e3o do sangue, os m\u00e9todos de controle de qualidade e seguran\u00e7a, as consequ\u00eancias imediatas e tardias das transfus\u00c3\u00b5es de sangue e componentes e os perfis epidemiol\u00f3gicos, moleculares e gen\u00e9ticos das doen\u00e7as transmitidas pelo sangue.<\/p>\n\n\n\n<p><strong>Linha 2 &#8211; Anemias e Onco-Hematologia:<\/strong><\/p>\n\n\n\n<p>Descri\u00e7\u00e3o: Tem como objetivos, estudar os perfis epidemiol\u00f3gicos, as altera\u00e7\u00f5es cl\u00ednicas, celulares e moleculares, fenot\u00edpicas e gen\u00e9ticas, das doen\u00e7as de s\u00e9rie branca e vermelha, assim como os aspectos relacionados com sua fisiopatogenia, tratamentos e originam projetos cujos resultados guardam afinidade entre si. As Linhas de Pesquisa configuradoras do Programa de P\u00f3s-Gradua\u00e7\u00e3o em Hematologia e Hemoterapia.<\/p>\n<\/div><\/div><\/div>\n<\/div><\/div>\n\n\n\n<div class=\"wp-block-stackable-spacer stk-block-spacer stk--no-padding stk-block stk-bf33017\" data-block-id=\"bf33017\"><style>.stk-bf33017 {height:130px !important;}@media screen and (max-width:999px){.stk-bf33017 {height:70px !important;}}<\/style><\/div>\n\n\n\n<div class=\"wp-block-stackable-columns alignfull stk-block-columns stk-block stk-80ce3af stk-block-background stk--has-background-overlay\" data-block-id=\"80ce3af\"><style>.stk-80ce3af {background-color:linear-gradient(180deg, #ffffff 50%, var(--theme-palette-color-4, #102136) 50%) !important;margin-bottom:0px !important;}.stk-80ce3af:before{background-image:linear-gradient(180deg, #ffffff 50%, var(--theme-palette-color-4, #102136) 50%) !important;}<\/style><div class=\"stk-row stk-inner-blocks stk-block-content stk-content-align stk-80ce3af-column\">\n<div class=\"wp-block-stackable-column stk-block-column stk-column stk-block stk-6ddbaf2 stk-block-background stk--has-background-overlay\" data-v=\"4\" data-block-id=\"6ddbaf2\"><style>.stk-6ddbaf2-container{margin-top:0px !important;margin-right:0px !important;margin-bottom:0px !important;margin-left:0px !important;}.stk-6ddbaf2 {background-image:url(https:\/\/posgraduacao.uea.edu.br\/hematologia\/wp-content\/uploads\/2020\/08\/campaign-creators-qCi_MzVODoU-unsplash.jpg) !important;border-radius:10px !important;overflow:hidden !important;padding-top:100px !important;padding-right:50px !important;padding-bottom:100px !important;padding-left:50px !important;}@media screen and (max-width:999px){.stk-6ddbaf2 {padding-top:80px !important;padding-right:150px !important;padding-bottom:80px !important;padding-left:150px !important;}}@media screen and (max-width:689px){.stk-6ddbaf2 {padding-top:60px !important;padding-right:50px !important;padding-bottom:60px !important;padding-left:50px !important;}}<\/style><div class=\"stk-column-wrapper stk-block-column__content stk-container stk-6ddbaf2-container stk--no-background stk--no-padding\"><div class=\"has-text-align-center stk-block-content stk-inner-blocks stk-6ddbaf2-inner-blocks\">\n<div class=\"wp-block-stackable-heading stk-block-heading stk-block-heading--v2 stk-block stk-8054442\" id=\"programa-de-pos-graduacao-em-ciencias-aplicadas-a-hematologia\" data-block-id=\"8054442\"><style>.stk-8054442 {margin-bottom:10px !important;}.stk-8054442 .stk-block-heading__text{color:var(--theme-palette-color-8, #ffffff) !important;font-weight:800 !important;}@media screen and (max-width:689px){.stk-8054442 .stk-block-heading__text{font-size:25px !important;}}<\/style><h2 class=\"stk-block-heading__text has-text-color stk-block-heading--use-theme-margins\">Programa de P\u00f3s-Gradua\u00e7\u00e3o em Ci\u00eancias Aplicadas \u00e0 Hematologia<\/h2><\/div>\n\n\n\n<div class=\"wp-block-stackable-button-group stk-block-button-group stk-block stk-cc4a772\" data-block-id=\"cc4a772\"><style>.stk-cc4a772 .stk-button-group{flex-direction:row !important;}@media screen and (max-width:999px){.stk-cc4a772 .stk-button-group{flex-direction:row !important;}}@media screen and (max-width:689px){.stk-cc4a772 .stk-button-group{flex-direction:row !important;}}<\/style><div class=\"stk-row stk-inner-blocks stk-block-content stk-button-group\">\n<div class=\"wp-block-stackable-button stk-block-button stk-block stk-f63b751\" data-block-id=\"f63b751\"><style>.stk-f63b751 .stk-button{padding-top:12px !important;padding-right:30px !important;padding-bottom:12px !important;padding-left:30px !important;}<\/style><a class=\"stk-link stk-button stk--hover-effect-darken\" href=\"https:\/\/posgraduacao.uea.edu.br\/hematologia\/index.php\/contato\/\"><span class=\"stk-button__inner-text\">Fale Conosco<\/span><\/a><\/div>\n<\/div><\/div>\n<\/div><\/div><\/div>\n<\/div><\/div>\n","protected":false},"excerpt":{"rendered":"<p>Sobre o Programa SOBRE O CURSO O Programa de P\u00f3s-Gradua\u00e7\u00e3o em Ci\u00eancias Aplicadas \u00e0 Hematologia da Universidade do Estado do Amazonas (UEA) funciona em conv\u00eanio com a Funda\u00e7\u00e3o Hospitalar de Hematologia e Hemoterapia do Amazonas (FHEMOAM). Tem car\u00e1ter interdisciplinar e multiprofissional, constituindo-se em espa\u00e7o acad\u00eamico para forma\u00e7\u00e3o de mestres. \u00c9 o terceiro programa de P\u00f3s-gradua\u00e7\u00e3o [&hellip;]<\/p>\n","protected":false},"author":1,"featured_media":0,"parent":0,"menu_order":0,"comment_status":"closed","ping_status":"closed","template":"","meta":{"footnotes":""},"class_list":["post-607","page","type-page","status-publish","hentry"],"blocksy_meta":{"page_title_panel":"","has_hero_section":"disabled","fe1c64ab89945cda534f4bb2d579ae1a":"","hero_section":"type-1","hero_elements":[{"id":"custom_title","enabled":true,"heading_tag":"h1","title":"Home"},{"id":"custom_description","enabled":true,"description_visibility":{"desktop":true,"tablet":true,"mobile":false}},{"id":"custom_meta","enabled":false,"meta_elements":[{"id":"author","enabled":true,"label":"By","has_author_avatar":"yes","avatar_size":25},{"id":"post_date","enabled":true,"label":"On","date_format_source":"default","date_format":"M j, Y"},{"id":"updated_date","enabled":false,"label":"On","date_format_source":"default","date_format":"M j, Y"},{"id":"categories","enabled":false,"label":"In","style":"simple"},{"id":"comments","enabled":true}],"page_meta_elements":{"joined":true,"articles_count":true,"comments":true}},{"id":"breadcrumbs","enabled":false}],"433b02732bec8d55ec282f00a9a700eb":"","hero_alignment1":"CT_CSS_SKIP_RULE","hero_margin":40,"hero_alignment2":"center","hero_vertical_alignment":"center","fdbb34d69d6afe2394c07d96c9ea0b60":"","hero_structure":"narrow","cb306aece5e91b9a44875e4a81075440":"","page_title_bg_type":"featured_image","custom_hero_background":{"attachment_id":null},"page_title_image_size":"full","parallax":{"desktop":false,"tablet":false,"mobile":false},"034bc954f3c533bc75ffdf62670c8395":"","hero_height":"250px","pageTitleFont":{"family":"Default","variation":"Default","size":"30px","line-height":"CT_CSS_SKIP_RULE","letter-spacing":"CT_CSS_SKIP_RULE","text-transform":"CT_CSS_SKIP_RULE","text-decoration":"CT_CSS_SKIP_RULE"},"pageTitleFontColor":{"default":{"color":"CT_CSS_SKIP_RULEDEFAULT"}},"pageMetaFont":{"family":"Default","variation":"n6","size":"12px","line-height":"1.3","letter-spacing":"CT_CSS_SKIP_RULE","text-transform":"uppercase","text-decoration":"CT_CSS_SKIP_RULE"},"pageMetaFontColor":{"default":{"color":"CT_CSS_SKIP_RULEDEFAULT"},"hover":{"color":"CT_CSS_SKIP_RULEDEFAULT"}},"page_meta_button_type_font_colors":{"default":{"color":"CT_CSS_SKIP_RULEDEFAULT"},"hover":{"color":"CT_CSS_SKIP_RULEDEFAULT"}},"page_meta_button_type_background_colors":{"default":{"color":"CT_CSS_SKIP_RULEDEFAULT"},"hover":{"color":"CT_CSS_SKIP_RULEDEFAULT"}},"pageExcerptFont":{"family":"Default","variation":"Default","size":"CT_CSS_SKIP_RULE","line-height":"CT_CSS_SKIP_RULE","letter-spacing":"CT_CSS_SKIP_RULE","text-transform":"CT_CSS_SKIP_RULE","text-decoration":"CT_CSS_SKIP_RULE"},"pageExcerptColor":{"default":{"color":"CT_CSS_SKIP_RULEDEFAULT"}},"breadcrumbsFont":{"family":"Default","variation":"Default","size":"CT_CSS_SKIP_RULE","line-height":"CT_CSS_SKIP_RULE","letter-spacing":"CT_CSS_SKIP_RULE","text-transform":"CT_CSS_SKIP_RULE","text-decoration":"CT_CSS_SKIP_RULE"},"breadcrumbsFontColor":{"default":{"color":"CT_CSS_SKIP_RULEDEFAULT"},"initial":{"color":"CT_CSS_SKIP_RULEDEFAULT"},"hover":{"color":"CT_CSS_SKIP_RULEDEFAULT"}},"pageTitleOverlay":{"background_type":"color","background_pattern":"type-1","background_image":{"attachment_id":null,"x":0,"y":0},"gradient":"linear-gradient(135deg,rgba(6,147,227,1) 0%,rgb(155,81,224) 100%)","background_repeat":"repeat","background_size":"auto","background_attachment":"scroll","patternColor":{"default":{"color":"#e5e7ea"}},"overlayColor":{"default":{"color":"CT_CSS_SKIP_RULE"}},"backgroundColor":{"default":{"color":"CT_CSS_SKIP_RULE"}}},"pageTitleBackground":{"background_type":"color","background_pattern":"type-1","background_image":{"attachment_id":null,"x":0,"y":0},"gradient":"linear-gradient(135deg,rgba(6,147,227,1) 0%,rgb(155,81,224) 100%)","background_repeat":"repeat","background_size":"auto","background_attachment":"scroll","patternColor":{"default":{"color":"#e5e7ea"}},"overlayColor":{"default":{"color":"CT_CSS_SKIP_RULE"}},"backgroundColor":{"default":{"color":"var(--theme-palette-color-6)"}}},"pageTitlePadding":{"top":"50px","bottom":"50px","left":"auto","right":"auto","linked":true},"12e455f30de1d15aed0effbbb6f951bf":"","page_structure_type":"default","f474d2f3ad69b4e64f52dac0a3aa2bb2":"","content_style_source":"inherit","content_style":"wide","vertical_spacing_source":"custom","content_area_spacing":"none","background":{"background_type":"color","background_pattern":"type-1","background_image":{"attachment_id":null,"x":0,"y":0},"gradient":"linear-gradient(135deg,rgba(6,147,227,1) 0%,rgb(155,81,224) 100%)","background_repeat":"repeat","background_size":"auto","background_attachment":"scroll","patternColor":{"default":{"color":"#e5e7ea"}},"overlayColor":{"default":{"color":"CT_CSS_SKIP_RULE"}},"backgroundColor":{"default":{"color":"CT_CSS_SKIP_RULE"}}},"content_background":{"background_type":"color","background_pattern":"type-1","background_image":{"attachment_id":null,"x":0,"y":0},"gradient":"linear-gradient(135deg,rgba(6,147,227,1) 0%,rgb(155,81,224) 100%)","background_repeat":"repeat","background_size":"auto","background_attachment":"scroll","patternColor":{"default":{"color":"#e5e7ea"}},"overlayColor":{"default":{"color":"CT_CSS_SKIP_RULE"}},"backgroundColor":{"default":{"color":"var(--theme-palette-color-8)"}}},"content_boxed_shadow":{"inherit":false,"blur":18,"spread":-6,"v_offset":12,"h_offset":0,"inset":false,"enable":true,"color":{"color":"rgba(34, 56, 101, 0.04)"}},"content_boxed_border":{"width":1,"style":"none","color":{"color":"rgba(44,62,80,0.2)"}},"content_boxed_radius":{"top":"3px","bottom":"3px","left":"3px","right":"3px","linked":true},"boxed_content_spacing":{"desktop":{"top":"40px","bottom":"40px","left":"40px","right":"40px","linked":true},"tablet":{"top":"35px","bottom":"35px","left":"35px","right":"35px","linked":true},"mobile":{"top":"20px","bottom":"20px","left":"20px","right":"20px","linked":true}},"fca9f1d1c7aa58a4b21dd78357f6373e":"","disable_featured_image":"no","disable_share_box":"no","disable_header":"no","disable_footer":"no","styles_descriptor":{"styles":{"desktop":"","tablet":"","mobile":""},"google_fonts":[],"version":6}},"_links":{"self":[{"href":"http:\/\/posgraduacao.uea.edu.br\/hematologia\/index.php\/wp-json\/wp\/v2\/pages\/607","targetHints":{"allow":["GET"]}}],"collection":[{"href":"http:\/\/posgraduacao.uea.edu.br\/hematologia\/index.php\/wp-json\/wp\/v2\/pages"}],"about":[{"href":"http:\/\/posgraduacao.uea.edu.br\/hematologia\/index.php\/wp-json\/wp\/v2\/types\/page"}],"author":[{"embeddable":true,"href":"http:\/\/posgraduacao.uea.edu.br\/hematologia\/index.php\/wp-json\/wp\/v2\/users\/1"}],"replies":[{"embeddable":true,"href":"http:\/\/posgraduacao.uea.edu.br\/hematologia\/index.php\/wp-json\/wp\/v2\/comments?post=607"}],"version-history":[{"count":10,"href":"http:\/\/posgraduacao.uea.edu.br\/hematologia\/index.php\/wp-json\/wp\/v2\/pages\/607\/revisions"}],"predecessor-version":[{"id":2040,"href":"http:\/\/posgraduacao.uea.edu.br\/hematologia\/index.php\/wp-json\/wp\/v2\/pages\/607\/revisions\/2040"}],"wp:attachment":[{"href":"http:\/\/posgraduacao.uea.edu.br\/hematologia\/index.php\/wp-json\/wp\/v2\/media?parent=607"}],"curies":[{"name":"wp","href":"https:\/\/api.w.org\/{rel}","templated":true}]}}