{"id":758,"date":"2024-11-22T10:58:48","date_gmt":"2024-11-22T14:58:48","guid":{"rendered":"https:\/\/posgraduacao.uea.edu.br\/hematologia\/?page_id=758"},"modified":"2025-07-14T14:17:23","modified_gmt":"2025-07-14T18:17:23","slug":"grade-horaria","status":"publish","type":"page","link":"http:\/\/posgraduacao.uea.edu.br\/hematologia\/index.php\/grade-horaria\/","title":{"rendered":"Grade Hor\u00e1ria"},"content":{"rendered":"\n<div class=\"wp-block-stackable-columns alignfull stk-block-columns stk-block stk-51b2b12 stk-block-background stk--has-background-overlay\" data-block-id=\"51b2b12\"><style>.stk-51b2b12 .stk--block-align-51b2b12{align-items:center !important;}.stk-51b2b12 {background-image:url(https:\/\/posgraduacao.uea.edu.br\/segurancapublica\/wp-content\/uploads\/2020\/08\/ryota-nagasaka-w_5TUm7Xa00-unsplash2.jpg) !important;background-position:bottom center !important;background-repeat:no-repeat !important;background-size:cover !important;padding-top:300px !important;padding-bottom:200px !important;margin-bottom:0px !important;}.stk-51b2b12-column{--stk-column-gap:35px !important;row-gap:35px !important;}@media screen and (max-width:999px){.stk-51b2b12 {padding-top:250px !important;padding-bottom:150px !important;}}@media screen and (max-width:689px){.stk-51b2b12 {padding-top:150px !important;padding-bottom:100px !important;}}<\/style><div class=\"stk-row stk-inner-blocks stk--block-align-51b2b12 stk-block-content stk-content-align stk-51b2b12-column\">\n<div class=\"wp-block-stackable-column stk-block-column stk-column stk-block stk-3a43e6b\" data-v=\"4\" data-block-id=\"3a43e6b\"><style>.stk-3a43e6b-container{margin-top:0px !important;margin-right:0px !important;margin-bottom:0px !important;margin-left:0px !important;}<\/style><div class=\"stk-column-wrapper stk-block-column__content stk-container stk-3a43e6b-container stk--no-background stk--no-padding\"><div class=\"has-text-align-center-mobile stk-block-content stk-inner-blocks stk-3a43e6b-inner-blocks\">\n<div class=\"wp-block-stackable-heading stk-block-heading stk-block-heading--v2 stk-block stk-7225c59\" id=\"grade-horaria\" data-block-id=\"7225c59\"><style>.stk-7225c59 {margin-bottom:10px !important;}.stk-7225c59 .stk-block-heading__text{font-size:45px !important;color:var(--theme-palette-color-8, #ffffff) !important;line-height:1.3em !important;font-weight:800 !important;}@media screen and (max-width:999px){.stk-7225c59 .stk-block-heading__text{font-size:40px !important;}}@media screen and (max-width:689px){.stk-7225c59 .stk-block-heading__text{font-size:30px !important;}}<\/style><h2 class=\"stk-block-heading__text has-text-color has-text-align-center\">Grade Hor\u00e1ria<\/h2><\/div>\n<\/div><\/div><\/div>\n<\/div><\/div>\n\n\n\n<h4 class=\"wp-block-heading has-text-align-center\">Ementas de Disciplinas<\/h4>\n\n\n\n<p class=\"has-text-align-center\"><a href=\"https:\/\/pos.uea.edu.br\/data\/area\/ghoraria\/download\/179-1.pdf\" target=\"_blank\" rel=\"noreferrer noopener\"><strong>Bioestat\u00edstica Aplicada<\/strong><\/a><\/p>\n\n\n\n<p class=\"has-text-align-center\"><a href=\"https:\/\/pos.uea.edu.br\/data\/area\/ghoraria\/download\/179-2.pdf\" target=\"_blank\" rel=\"noreferrer noopener\"><strong>Biologia Celular e Molecular Aplicadas ao C\u00e2ncer<\/strong><\/a><\/p>\n\n\n\n<p class=\"has-text-align-center\"><a href=\"https:\/\/pos.uea.edu.br\/data\/area\/ghoraria\/download\/179-3.pdf\" target=\"_blank\" rel=\"noreferrer noopener\"><strong>Citometria de Fluxo<\/strong><\/a><\/p>\n\n\n\n<p class=\"has-text-align-center\"><a href=\"https:\/\/pos.uea.edu.br\/data\/area\/ghoraria\/download\/179-4.pdf\" target=\"_blank\" rel=\"noreferrer noopener\"><strong>Diagn\u00f3stico Laboratorial de Doen\u00e7as Parasit\u00e1rias Humanas<\/strong><\/a><\/p>\n\n\n\n<p class=\"has-text-align-center\"><a href=\"https:\/\/pos.uea.edu.br\/data\/area\/ghoraria\/download\/179-5.pdf\" target=\"_blank\" rel=\"noreferrer noopener\"><strong>Disserta\u00e7\u00e3o I<\/strong><\/a><\/p>\n\n\n\n<p class=\"has-text-align-center\"><a href=\"https:\/\/pos.uea.edu.br\/data\/area\/ghoraria\/download\/179-6.pdf\" target=\"_blank\" rel=\"noreferrer noopener\"><strong>Disserta\u00e7\u00e3o II<\/strong><\/a><\/p>\n\n\n\n<p class=\"has-text-align-center\"><a href=\"https:\/\/pos.uea.edu.br\/data\/area\/ghoraria\/download\/179-7.pdf\" target=\"_blank\" rel=\"noreferrer noopener\"><strong>Disserta\u00e7\u00e3o III<\/strong><\/a><\/p>\n\n\n\n<p class=\"has-text-align-center\"><a href=\"https:\/\/pos.uea.edu.br\/data\/area\/ghoraria\/download\/179-8.pdf\" target=\"_blank\" rel=\"noreferrer noopener\"><strong>Disserta\u00e7\u00e3o IV<\/strong><\/a><\/p>\n\n\n\n<p class=\"has-text-align-center\"><a href=\"https:\/\/pos.uea.edu.br\/data\/area\/ghoraria\/download\/179-9.pdf\" target=\"_blank\" rel=\"noreferrer noopener\"><strong>Epidemiologia Cl\u00ednica<\/strong><\/a><\/p>\n\n\n\n<p class=\"has-text-align-center\"><a href=\"https:\/\/pos.uea.edu.br\/data\/area\/ghoraria\/download\/179-10.pdf\" target=\"_blank\" rel=\"noreferrer noopener\"><strong>Est\u00e1gio Doc\u00eancia<\/strong><\/a><\/p>\n\n\n\n<p class=\"has-text-align-center\"><a href=\"https:\/\/pos.uea.edu.br\/data\/area\/ghoraria\/download\/179-11.pdf\" target=\"_blank\" rel=\"noreferrer noopener\"><strong>Fisiopatogenia Aplicada a Hematologia<\/strong><\/a><\/p>\n\n\n\n<p class=\"has-text-align-center\"><a href=\"https:\/\/pos.uea.edu.br\/data\/area\/ghoraria\/download\/179-12.pdf\" target=\"_blank\" rel=\"noreferrer noopener\"><strong>Fundamentos da Bioinform\u00e1tica<\/strong><\/a><\/p>\n\n\n\n<p class=\"has-text-align-center\"><a href=\"https:\/\/pos.uea.edu.br\/data\/area\/ghoraria\/download\/179-13.pdf\" target=\"_blank\" rel=\"noreferrer noopener\"><strong>Gen\u00e9tica Aplicada \u00e0 Hematologia<\/strong><\/a><\/p>\n\n\n\n<p class=\"has-text-align-center\"><a href=\"https:\/\/pos.uea.edu.br\/data\/area\/ghoraria\/download\/179-14.pdf\" target=\"_blank\" rel=\"noreferrer noopener\"><strong>Imunohematologia<\/strong><\/a><\/p>\n\n\n\n<p class=\"has-text-align-center\"><a href=\"https:\/\/pos.uea.edu.br\/data\/area\/ghoraria\/download\/179-15.pdf\" target=\"_blank\" rel=\"noreferrer noopener\"><strong>Infec\u00e7\u00f5es Bacterianas e F\u00fangicas<\/strong><\/a><\/p>\n\n\n\n<p class=\"has-text-align-center\"><a href=\"https:\/\/pos.uea.edu.br\/data\/area\/ghoraria\/download\/179-16.pdf\" target=\"_blank\" rel=\"noreferrer noopener\"><strong>Metodologia da Pesquisa<\/strong><\/a><\/p>\n\n\n\n<p class=\"has-text-align-center\"><a href=\"https:\/\/pos.uea.edu.br\/data\/area\/ghoraria\/download\/179-17.pdf\" target=\"_blank\" rel=\"noreferrer noopener\"><strong>Metodologia do Ensino Superior<\/strong><\/a><\/p>\n\n\n\n<p class=\"has-text-align-center\"><a href=\"https:\/\/pos.uea.edu.br\/data\/area\/ghoraria\/download\/179-18.pdf\" target=\"_blank\" rel=\"noreferrer noopener\"><strong>M\u00e9todos Aplicados ao Diagn\u00f3stico das Doen\u00e7as Hematol\u00f3gicas<\/strong><\/a><\/p>\n\n\n\n<p class=\"has-text-align-center\"><a href=\"https:\/\/pos.uea.edu.br\/data\/area\/ghoraria\/download\/179-19.pdf\" target=\"_blank\" rel=\"noreferrer noopener\"><strong>Terapia Celular e suas aplica\u00e7\u00f5es<\/strong><\/a><\/p>\n\n\n\n<p class=\"has-text-align-center\"><a href=\"https:\/\/pos.uea.edu.br\/data\/area\/ghoraria\/download\/179-20.pdf\" target=\"_blank\" rel=\"noreferrer noopener\"><strong>T\u00f3picos Avan\u00e7ados em Hematologia<\/strong><\/a><\/p>\n\n\n\n<p class=\"has-text-align-center\"><a href=\"https:\/\/pos.uea.edu.br\/data\/area\/ghoraria\/download\/179-21.pdf\" target=\"_blank\" rel=\"noreferrer noopener\"><strong>T\u00f3picos Avan\u00e7ados em Hemoterapia<\/strong><\/a><\/p>\n\n\n\n<p class=\"has-text-align-center\"><a href=\"https:\/\/pos.uea.edu.br\/data\/area\/ghoraria\/download\/179-22.pdf\" target=\"_blank\" rel=\"noreferrer noopener\"><strong>T\u00f3picos especiais I<\/strong><\/a><\/p>\n\n\n\n<p class=\"has-text-align-center\"><a href=\"https:\/\/pos.uea.edu.br\/data\/area\/ghoraria\/download\/179-23.pdf\" target=\"_blank\" rel=\"noreferrer noopener\"><strong>T\u00f3picos especiais II<\/strong><\/a><\/p>\n\n\n\n<p class=\"has-text-align-center\"><a href=\"https:\/\/pos.uea.edu.br\/data\/area\/ghoraria\/download\/179-24.pdf\" target=\"_blank\" rel=\"noreferrer noopener\"><strong>T\u00f3picos especiais III<\/strong><\/a><\/p>\n\n\n\n<p class=\"has-text-align-center\"><a href=\"https:\/\/pos.uea.edu.br\/data\/area\/ghoraria\/download\/179-25.pdf\" target=\"_blank\" rel=\"noreferrer noopener\"><strong>T\u00f3picos especiais IV<\/strong><\/a><\/p>\n\n\n\n<div style=\"height:14px\" aria-hidden=\"true\" class=\"wp-block-spacer\"><\/div>\n\n\n\n<div class=\"wp-block-stackable-divider stk-block-divider stk-block stk-35d3c6e\" data-block-id=\"35d3c6e\"><style>.stk-35d3c6e {margin-bottom:0px !important;}<\/style><hr class=\"stk-block-divider__hr\"\/><\/div>\n\n\n\n<h4 class=\"wp-block-heading has-text-align-center\">Calend\u00e1rio de Disciplinas<\/h4>\n\n\n\n<p class=\"has-text-align-center\"><strong>\u2193<\/strong>  <a href=\"https:\/\/pos.uea.edu.br\/data\/area\/ghoraria\/download\/178-1.pdf\" target=\"_blank\" rel=\"noreferrer noopener\"><strong>Calend\u00e1rio de Disciplinas &#8211; 1\u00ba e 2\u00ba Semestre de 2024 &#8211; Atualizado<\/strong><\/a><\/p>\n\n\n\n<p class=\"has-text-align-center\"><strong>\u2193<\/strong> <a href=\"https:\/\/drive.google.com\/file\/d\/1EXuhfB0e-W5B8_kBmj21c6WyRjBBGPce\/view?usp=sharing\" target=\"_blank\" rel=\"noreferrer noopener\"><strong>Calend\u00e1rio de Disciplinas &#8211; 1\u00ba e 2\u00ba Semestre de 2025 &#8211;<\/strong><\/a><strong> Provis\u00f3rio<\/strong><\/p>\n\n\n\n<div class=\"wp-block-stackable-spacer stk-block-spacer stk--no-padding stk-block stk-f751ac1\" data-block-id=\"f751ac1\"><style>.stk-f751ac1 {height:130px !important;}@media screen and (max-width:999px){.stk-f751ac1 {height:70px !important;}}<\/style><\/div>\n\n\n\n<div class=\"wp-block-stackable-columns alignfull stk-block-columns stk-block stk-80ce3af stk-block-background stk--has-background-overlay\" data-block-id=\"80ce3af\"><style>.stk-80ce3af {background-color:linear-gradient(180deg, #ffffff 50%, var(--theme-palette-color-4, #102136) 50%) !important;margin-bottom:0px !important;}.stk-80ce3af:before{background-image:linear-gradient(180deg, #ffffff 50%, var(--theme-palette-color-4, #102136) 50%) !important;}<\/style><div class=\"stk-row stk-inner-blocks stk-block-content stk-content-align stk-80ce3af-column\">\n<div class=\"wp-block-stackable-column stk-block-column stk-column stk-block stk-6ddbaf2 stk-block-background stk--has-background-overlay\" data-v=\"4\" data-block-id=\"6ddbaf2\"><style>.stk-6ddbaf2-container{margin-top:0px !important;margin-right:0px !important;margin-bottom:0px !important;margin-left:0px !important;}.stk-6ddbaf2 {background-image:url(https:\/\/posgraduacao.uea.edu.br\/segurancapublica\/wp-content\/uploads\/2020\/08\/campaign-creators-qCi_MzVODoU-unsplash.jpg) !important;border-radius:10px !important;overflow:hidden !important;padding-top:100px !important;padding-right:300px !important;padding-bottom:100px !important;padding-left:300px !important;}@media screen and (max-width:999px){.stk-6ddbaf2 {padding-top:80px !important;padding-right:150px !important;padding-bottom:80px !important;padding-left:150px !important;}}@media screen and (max-width:689px){.stk-6ddbaf2 {padding-top:60px !important;padding-right:50px !important;padding-bottom:60px !important;padding-left:50px !important;}}<\/style><div class=\"stk-column-wrapper stk-block-column__content stk-container stk-6ddbaf2-container stk--no-background stk--no-padding\"><div class=\"has-text-align-center stk-block-content stk-inner-blocks stk-6ddbaf2-inner-blocks\">\n<div class=\"wp-block-stackable-heading stk-block-heading stk-block-heading--v2 stk-block stk-8054442\" id=\"lets-build-something-together\" data-block-id=\"8054442\"><style>.stk-8054442 {margin-bottom:10px !important;}.stk-8054442 .stk-block-heading__text{color:var(--theme-palette-color-8, #ffffff) !important;font-weight:800 !important;}@media screen and (max-width:689px){.stk-8054442 .stk-block-heading__text{font-size:25px !important;}}<\/style><h2 class=\"stk-block-heading__text has-text-color stk-block-heading--use-theme-margins\">Let\u2019s Build Something Together<\/h2><\/div>\n\n\n\n<div class=\"wp-block-stackable-text stk-block-text stk-block stk-7e574b6\" data-block-id=\"7e574b6\"><style>.stk-7e574b6 {margin-bottom:40px !important;}.stk-7e574b6 .stk-block-text__text{color:var(--theme-palette-color-8, #ffffff) !important;}<\/style><p class=\"stk-block-text__text has-text-color\">Lorem ipsum dolor sit amet, consectetur adipiscing elit, sed do eiusmod tempor incididunt ut labore et dolore magna aliqua.<\/p><\/div>\n\n\n\n<div class=\"wp-block-stackable-button-group stk-block-button-group stk-block stk-cc4a772\" data-block-id=\"cc4a772\"><div class=\"stk-row stk-inner-blocks stk-block-content stk-button-group\">\n<div class=\"wp-block-stackable-button stk-block-button stk-block stk-f63b751\" data-block-id=\"f63b751\"><style>.stk-f63b751 .stk-button{padding-top:12px !important;padding-right:30px !important;padding-bottom:12px !important;padding-left:30px !important;}<\/style><a class=\"stk-link stk-button stk--hover-effect-darken\" href=\"#\"><span class=\"stk-button__inner-text\">Reach out now<\/span><\/a><\/div>\n<\/div><\/div>\n<\/div><\/div><\/div>\n<\/div><\/div>\n\n\n\n<p><\/p>\n","protected":false},"excerpt":{"rendered":"<p>Grade Hor\u00e1ria Ementas de Disciplinas Bioestat\u00edstica Aplicada Biologia Celular e Molecular Aplicadas ao C\u00e2ncer Citometria de Fluxo Diagn\u00f3stico Laboratorial de Doen\u00e7as Parasit\u00e1rias Humanas Disserta\u00e7\u00e3o I Disserta\u00e7\u00e3o II Disserta\u00e7\u00e3o III Disserta\u00e7\u00e3o IV Epidemiologia Cl\u00ednica Est\u00e1gio Doc\u00eancia Fisiopatogenia Aplicada a Hematologia Fundamentos da Bioinform\u00e1tica Gen\u00e9tica Aplicada \u00e0 Hematologia Imunohematologia Infec\u00e7\u00f5es Bacterianas e F\u00fangicas Metodologia da Pesquisa Metodologia [&hellip;]<\/p>\n","protected":false},"author":2,"featured_media":0,"parent":0,"menu_order":0,"comment_status":"closed","ping_status":"closed","template":"","meta":{"footnotes":""},"class_list":["post-758","page","type-page","status-publish","hentry"],"blocksy_meta":{"page_title_panel":"","has_hero_section":"disabled","fe1c64ab89945cda534f4bb2d579ae1a":"","hero_section":"type-1","hero_elements":[{"id":"custom_title","enabled":true,"heading_tag":"h1","title":"Home"},{"id":"custom_description","enabled":true,"description_visibility":{"desktop":true,"tablet":true,"mobile":false}},{"id":"custom_meta","enabled":false,"meta_elements":[{"id":"author","enabled":true,"label":"By","has_author_avatar":"yes","avatar_size":25},{"id":"post_date","enabled":true,"label":"On","date_format_source":"default","date_format":"M j, Y"},{"id":"updated_date","enabled":false,"label":"On","date_format_source":"default","date_format":"M j, Y"},{"id":"categories","enabled":false,"label":"In","style":"simple"},{"id":"comments","enabled":true}],"page_meta_elements":{"joined":true,"articles_count":true,"comments":true}},{"id":"breadcrumbs","enabled":false}],"433b02732bec8d55ec282f00a9a700eb":"","hero_alignment1":"CT_CSS_SKIP_RULE","hero_margin":40,"hero_alignment2":"center","hero_vertical_alignment":"center","fdbb34d69d6afe2394c07d96c9ea0b60":"","hero_structure":"narrow","cb306aece5e91b9a44875e4a81075440":"","page_title_bg_type":"featured_image","custom_hero_background":{"attachment_id":null},"page_title_image_size":"full","parallax":{"desktop":false,"tablet":false,"mobile":false},"034bc954f3c533bc75ffdf62670c8395":"","hero_height":"250px","pageTitleFont":{"family":"Default","variation":"Default","size":"30px","line-height":"CT_CSS_SKIP_RULE","letter-spacing":"CT_CSS_SKIP_RULE","text-transform":"CT_CSS_SKIP_RULE","text-decoration":"CT_CSS_SKIP_RULE"},"pageTitleFontColor":{"default":{"color":"CT_CSS_SKIP_RULEDEFAULT"}},"pageMetaFont":{"family":"Default","variation":"n6","size":"12px","line-height":"1.3","letter-spacing":"CT_CSS_SKIP_RULE","text-transform":"uppercase","text-decoration":"CT_CSS_SKIP_RULE"},"pageMetaFontColor":{"default":{"color":"CT_CSS_SKIP_RULEDEFAULT"},"hover":{"color":"CT_CSS_SKIP_RULEDEFAULT"}},"page_meta_button_type_font_colors":{"default":{"color":"CT_CSS_SKIP_RULEDEFAULT"},"hover":{"color":"CT_CSS_SKIP_RULEDEFAULT"}},"page_meta_button_type_background_colors":{"default":{"color":"CT_CSS_SKIP_RULEDEFAULT"},"hover":{"color":"CT_CSS_SKIP_RULEDEFAULT"}},"pageExcerptFont":{"family":"Default","variation":"Default","size":"CT_CSS_SKIP_RULE","line-height":"CT_CSS_SKIP_RULE","letter-spacing":"CT_CSS_SKIP_RULE","text-transform":"CT_CSS_SKIP_RULE","text-decoration":"CT_CSS_SKIP_RULE"},"pageExcerptColor":{"default":{"color":"CT_CSS_SKIP_RULEDEFAULT"}},"breadcrumbsFont":{"family":"Default","variation":"Default","size":"CT_CSS_SKIP_RULE","line-height":"CT_CSS_SKIP_RULE","letter-spacing":"CT_CSS_SKIP_RULE","text-transform":"CT_CSS_SKIP_RULE","text-decoration":"CT_CSS_SKIP_RULE"},"breadcrumbsFontColor":{"default":{"color":"CT_CSS_SKIP_RULEDEFAULT"},"initial":{"color":"CT_CSS_SKIP_RULEDEFAULT"},"hover":{"color":"CT_CSS_SKIP_RULEDEFAULT"}},"pageTitleOverlay":{"background_type":"color","background_pattern":"type-1","background_image":{"attachment_id":null,"x":0,"y":0},"gradient":"linear-gradient(135deg,rgba(6,147,227,1) 0%,rgb(155,81,224) 100%)","background_repeat":"repeat","background_size":"auto","background_attachment":"scroll","patternColor":{"default":{"color":"#e5e7ea"}},"overlayColor":{"default":{"color":"CT_CSS_SKIP_RULE"}},"backgroundColor":{"default":{"color":"CT_CSS_SKIP_RULE"}}},"pageTitleBackground":{"background_type":"color","background_pattern":"type-1","background_image":{"attachment_id":null,"x":0,"y":0},"gradient":"linear-gradient(135deg,rgba(6,147,227,1) 0%,rgb(155,81,224) 100%)","background_repeat":"repeat","background_size":"auto","background_attachment":"scroll","patternColor":{"default":{"color":"#e5e7ea"}},"overlayColor":{"default":{"color":"CT_CSS_SKIP_RULE"}},"backgroundColor":{"default":{"color":"var(--theme-palette-color-6)"}}},"pageTitlePadding":{"top":"50px","bottom":"50px","left":"auto","right":"auto","linked":true},"12e455f30de1d15aed0effbbb6f951bf":"","page_structure_type":"default","f474d2f3ad69b4e64f52dac0a3aa2bb2":"","content_style_source":"inherit","content_style":"wide","vertical_spacing_source":"custom","content_area_spacing":"none","background":{"background_type":"color","background_pattern":"type-1","background_image":{"attachment_id":null,"x":0,"y":0},"gradient":"linear-gradient(135deg,rgba(6,147,227,1) 0%,rgb(155,81,224) 100%)","background_repeat":"repeat","background_size":"auto","background_attachment":"scroll","patternColor":{"default":{"color":"#e5e7ea"}},"overlayColor":{"default":{"color":"CT_CSS_SKIP_RULE"}},"backgroundColor":{"default":{"color":"CT_CSS_SKIP_RULE"}}},"content_background":{"background_type":"color","background_pattern":"type-1","background_image":{"attachment_id":null,"x":0,"y":0},"gradient":"linear-gradient(135deg,rgba(6,147,227,1) 0%,rgb(155,81,224) 100%)","background_repeat":"repeat","background_size":"auto","background_attachment":"scroll","patternColor":{"default":{"color":"#e5e7ea"}},"overlayColor":{"default":{"color":"CT_CSS_SKIP_RULE"}},"backgroundColor":{"default":{"color":"var(--theme-palette-color-8)"}}},"content_boxed_shadow":{"inherit":false,"blur":18,"spread":-6,"v_offset":12,"h_offset":0,"inset":false,"enable":true,"color":{"color":"rgba(34, 56, 101, 0.04)"}},"content_boxed_border":{"width":1,"style":"none","color":{"color":"rgba(44,62,80,0.2)"}},"content_boxed_radius":{"top":"3px","bottom":"3px","left":"3px","right":"3px","linked":true},"boxed_content_spacing":{"desktop":{"top":"40px","bottom":"40px","left":"40px","right":"40px","linked":true},"tablet":{"top":"35px","bottom":"35px","left":"35px","right":"35px","linked":true},"mobile":{"top":"20px","bottom":"20px","left":"20px","right":"20px","linked":true}},"fca9f1d1c7aa58a4b21dd78357f6373e":"","disable_featured_image":"no","disable_share_box":"no","disable_header":"no","disable_footer":"no","styles_descriptor":{"styles":{"desktop":"","tablet":"","mobile":""},"google_fonts":[],"version":6}},"_links":{"self":[{"href":"http:\/\/posgraduacao.uea.edu.br\/hematologia\/index.php\/wp-json\/wp\/v2\/pages\/758","targetHints":{"allow":["GET"]}}],"collection":[{"href":"http:\/\/posgraduacao.uea.edu.br\/hematologia\/index.php\/wp-json\/wp\/v2\/pages"}],"about":[{"href":"http:\/\/posgraduacao.uea.edu.br\/hematologia\/index.php\/wp-json\/wp\/v2\/types\/page"}],"author":[{"embeddable":true,"href":"http:\/\/posgraduacao.uea.edu.br\/hematologia\/index.php\/wp-json\/wp\/v2\/users\/2"}],"replies":[{"embeddable":true,"href":"http:\/\/posgraduacao.uea.edu.br\/hematologia\/index.php\/wp-json\/wp\/v2\/comments?post=758"}],"version-history":[{"count":14,"href":"http:\/\/posgraduacao.uea.edu.br\/hematologia\/index.php\/wp-json\/wp\/v2\/pages\/758\/revisions"}],"predecessor-version":[{"id":2027,"href":"http:\/\/posgraduacao.uea.edu.br\/hematologia\/index.php\/wp-json\/wp\/v2\/pages\/758\/revisions\/2027"}],"wp:attachment":[{"href":"http:\/\/posgraduacao.uea.edu.br\/hematologia\/index.php\/wp-json\/wp\/v2\/media?parent=758"}],"curies":[{"name":"wp","href":"https:\/\/api.w.org\/{rel}","templated":true}]}}