{"id":761,"date":"2024-11-22T10:58:48","date_gmt":"2024-11-22T14:58:48","guid":{"rendered":"https:\/\/posgraduacao.uea.edu.br\/hematologia\/?page_id=761"},"modified":"2026-03-24T14:35:12","modified_gmt":"2026-03-24T18:35:12","slug":"documentos","status":"publish","type":"page","link":"http:\/\/posgraduacao.uea.edu.br\/hematologia\/index.php\/documentos\/","title":{"rendered":"Documentos"},"content":{"rendered":"\n<div class=\"wp-block-stackable-columns alignfull stk-block-columns stk-block stk-51b2b12 stk-block-background stk--has-background-overlay\" data-block-id=\"51b2b12\"><style>.stk-51b2b12 .stk--block-align-51b2b12{align-items:center !important;}.stk-51b2b12 {background-image:url(https:\/\/posgraduacao.uea.edu.br\/segurancapublica\/wp-content\/uploads\/2020\/08\/ryota-nagasaka-w_5TUm7Xa00-unsplash2.jpg) !important;background-position:bottom center !important;background-repeat:no-repeat !important;background-size:cover !important;padding-top:300px !important;padding-bottom:200px !important;margin-bottom:0px !important;}.stk-51b2b12-column{--stk-column-gap:35px !important;row-gap:35px !important;}@media screen and (max-width:999px){.stk-51b2b12 {padding-top:250px !important;padding-bottom:150px !important;}}@media screen and (max-width:689px){.stk-51b2b12 {padding-top:150px !important;padding-bottom:100px !important;}}<\/style><div class=\"stk-row stk-inner-blocks stk--block-align-51b2b12 stk-block-content stk-content-align stk-51b2b12-column\">\n<div class=\"wp-block-stackable-column stk-block-column stk-column stk-block stk-3a43e6b\" data-v=\"4\" data-block-id=\"3a43e6b\"><style>.stk-3a43e6b-container{margin-top:0px !important;margin-right:0px !important;margin-bottom:0px !important;margin-left:0px !important;}<\/style><div class=\"stk-column-wrapper stk-block-column__content stk-container stk-3a43e6b-container stk--no-background stk--no-padding\"><div class=\"has-text-align-center-mobile stk-block-content stk-inner-blocks stk-3a43e6b-inner-blocks\">\n<div class=\"wp-block-stackable-heading stk-block-heading stk-block-heading--v2 stk-block stk-7225c59\" id=\"documentos\" data-block-id=\"7225c59\"><style>.stk-7225c59 {margin-bottom:10px !important;}.stk-7225c59 .stk-block-heading__text{font-size:45px !important;color:var(--theme-palette-color-8, #ffffff) !important;line-height:1.3em !important;font-weight:800 !important;}@media screen and (max-width:999px){.stk-7225c59 .stk-block-heading__text{font-size:40px !important;}}@media screen and (max-width:689px){.stk-7225c59 .stk-block-heading__text{font-size:30px !important;}}<\/style><h2 class=\"stk-block-heading__text has-text-color has-text-align-center\">Documentos<\/h2><\/div>\n<\/div><\/div><\/div>\n<\/div><\/div>\n\n\n\n<h4 class=\"wp-block-heading\">\ud83d\udcc2- Docente<\/h4>\n\n\n\n<h5 class=\"wp-block-heading\" id=\"block-4d28f740-b682-44c5-9b24-f567df2fbf99\"><a href=\"https:\/\/docs.google.com\/document\/d\/1yNuRWjwaq9LeV-1FyL-Deo4-GAYuea0e\/edit?usp=sharing&amp;ouid=115057123580809934571&amp;rtpof=true&amp;sd=true\" data-type=\"link\" data-id=\"https:\/\/docs.google.com\/document\/d\/1Kj6NTNCuY99OH8MFCqtAtHWvNTZxBspo\/edit?usp=drive_link&amp;ouid=115057123580809934571&amp;rtpof=true&amp;sd=true\">Plano de ensino<\/a><\/h5>\n\n\n\n<h5 class=\"wp-block-heading\"><a href=\"https:\/\/docs.google.com\/document\/d\/1j3W--B-rea-x-_cd0cIKpyDZCDC9yIXC\/edit?usp=drive_link&amp;ouid=115057123580809934571&amp;rtpof=true&amp;sd=true\" target=\"_blank\" rel=\"noreferrer noopener\">Solicita\u00e7\u00e3o de Credenciamento Docente<\/a><\/h5>\n\n\n\n<h5 class=\"wp-block-heading\"><a href=\"https:\/\/docs.google.com\/spreadsheets\/d\/1SVETpwkALz5Vqp8FNj8OJeTtNwepskqT\/edit?usp=drive_link&amp;ouid=115057123580809934571&amp;rtpof=true&amp;sd=true\" target=\"_blank\" rel=\"noreferrer noopener\">Solicita\u00e7\u00e3o de Materiais de Consumo<\/a><\/h5>\n\n\n\n<div class=\"wp-block-stackable-divider stk-block-divider has-text-align-left stk-block stk-cfc5f98\" data-block-id=\"cfc5f98\"><style>.stk-cfc5f98 {margin-bottom:0px !important;}<\/style><hr class=\"stk-block-divider__hr\"\/><\/div>\n\n\n\n<h4 class=\"wp-block-heading\">\ud83d\udcc2- Est\u00e1gio Doc\u00eancia<\/h4>\n\n\n\n<h5 class=\"wp-block-heading\"><a href=\"https:\/\/docs.google.com\/document\/d\/1yEQzhRB1hI_WKi5xM0x1ejOEA28OzW8R\/edit?usp=drive_link&amp;ouid=115057123580809934571&amp;rtpof=true&amp;sd=true\" target=\"_blank\" rel=\"noreferrer noopener\">Avalia\u00e7\u00e3o<\/a><\/h5>\n\n\n\n<h5 class=\"wp-block-heading\"><a href=\"https:\/\/docs.google.com\/document\/d\/1FNHZSNEAsCIxXXaHQ5iZQ1KOO3RW6W-s\/edit?usp=drive_link&amp;ouid=115057123580809934571&amp;rtpof=true&amp;sd=true\" target=\"_blank\" rel=\"noreferrer noopener\">Solicita\u00e7\u00e3o<\/a><\/h5>\n\n\n\n<h5 class=\"wp-block-heading\"><a href=\"https:\/\/docs.google.com\/document\/d\/1cq48rvHgVWraTp6p9mYk87uG28CpCXiK\/edit?usp=drive_link&amp;ouid=115057123580809934571&amp;rtpof=true&amp;sd=true\" target=\"_blank\" rel=\"noreferrer noopener\">Relat\u00f3rio<\/a><\/h5>\n\n\n\n<h5 class=\"wp-block-heading\"><a href=\"https:\/\/docs.google.com\/document\/d\/1ZNDQj2z0sOdPwKGPG_AMxTsb6VwrIXUV\/edit?usp=drive_link&amp;ouid=115057123580809934571&amp;rtpof=true&amp;sd=true\" data-type=\"link\" data-id=\"https:\/\/docs.google.com\/document\/d\/18fMfWE1gkP4Jip9xlFLfAx7fQmFyKWg2\/edit?usp=drive_link&amp;ouid=115057123580809934571&amp;rtpof=true&amp;sd=true\" target=\"_blank\" rel=\"noreferrer noopener\">Plano de Atividades<\/a><\/h5>\n\n\n\n<div class=\"wp-block-stackable-divider stk-block-divider has-text-align-left stk-block stk-fc0f039\" data-block-id=\"fc0f039\"><style>.stk-fc0f039 {margin-bottom:0px !important;}<\/style><hr class=\"stk-block-divider__hr\"\/><\/div>\n\n\n\n<h4 class=\"wp-block-heading\">\ud83d\udcc2 &#8211; Normas de Formata\u00e7\u00e3o<\/h4>\n\n\n\n<h5 class=\"wp-block-heading\"><a href=\"https:\/\/drive.google.com\/file\/d\/1A9_lkLjSDA4FzVIAeq2QZvpR3NAo1ZV2\/view?usp=drive_link\" data-type=\"link\" data-id=\"https:\/\/drive.google.com\/file\/d\/1A9_lkLjSDA4FzVIAeq2QZvpR3NAo1ZV2\/view?usp=drive_link\">Manual de Padroniza\u00e7\u00e3o<\/a><\/h5>\n\n\n\n<h5 class=\"wp-block-heading\"><a href=\"https:\/\/docs.google.com\/document\/d\/1dgB5ErKJWU3i1gdt-z9wflSzfnRIKT8S\/edit?usp=drive_link&amp;ouid=115057123580809934571&amp;rtpof=true&amp;sd=true\" target=\"_blank\" rel=\"noreferrer noopener\">Modelo Estrutural : Projeto QUALIFICA\u00c7\u00c3O<\/a><\/h5>\n\n\n\n<h5 class=\"wp-block-heading\"><a href=\"https:\/\/docs.google.com\/document\/d\/1sfDNc7996LtCHiz2zD52gj2uwfndRlZg\/edit?usp=drive_link&amp;ouid=115057123580809934571&amp;rtpof=true&amp;sd=true\" target=\"_blank\" rel=\"noreferrer noopener\">Modelo Estrutural : DEFESA DE DISSERTA\u00c7\u00c3O<\/a><\/h5>\n\n\n\n<h5 class=\"wp-block-heading\"><a href=\"https:\/\/drive.google.com\/file\/d\/17hO-0Bypsh7w2RWxzKXLP6jA_wWUwhoi\/view?usp=drive_link\" target=\"_blank\" rel=\"noreferrer noopener\">Modelo padr\u00e3o de slide para apresenta\u00e7\u00e3o: qualifica\u00e7\u00e3o e defesa<\/a><\/h5>\n\n\n\n<div class=\"wp-block-stackable-divider stk-block-divider has-text-align-left stk-block stk-31b5bcd\" data-block-id=\"31b5bcd\"><style>.stk-31b5bcd {margin-bottom:0px !important;}<\/style><hr class=\"stk-block-divider__hr\"\/><\/div>\n\n\n\n<h4 class=\"wp-block-heading\">\ud83d\udcc2 &#8211; Processo Seletivo<\/h4>\n\n\n\n<h5 class=\"wp-block-heading\"><a href=\"https:\/\/docs.google.com\/document\/d\/18tzObjvrAt_vD048q9zXNUswjoh8OWpl\/edit?usp=drive_link&amp;ouid=115057123580809934571&amp;rtpof=true&amp;sd=true\" target=\"_blank\" rel=\"noreferrer noopener\">Carta de Orienta\u00e7\u00e3o\/Coorienta\u00e7\u00e3o<\/a><\/h5>\n\n\n\n<h5 class=\"wp-block-heading\"><a href=\"https:\/\/docs.google.com\/document\/d\/1uApY6kv0SWjmA3A9pwMIluCn3UY3EAPb\/edit?usp=drive_link&amp;ouid=115057123580809934571&amp;rtpof=true&amp;sd=true\" target=\"_blank\" rel=\"noreferrer noopener\">Ficha de Inscri\u00e7\u00e3o<\/a><\/h5>\n\n\n\n<h5 class=\"wp-block-heading\"><a href=\"https:\/\/drive.google.com\/file\/d\/1Ex9aO0LxiwHCZDc7ri0AYgBnIQx63-NK\/view?usp=drive_link\" target=\"_blank\" rel=\"noreferrer noopener\">Normas de Formata\u00e7\u00e3o<\/a><\/h5>\n\n\n\n<div class=\"wp-block-stackable-divider stk-block-divider has-text-align-left stk-block stk-2e00f06\" data-block-id=\"2e00f06\"><style>.stk-2e00f06 {margin-bottom:0px !important;}<\/style><hr class=\"stk-block-divider__hr\"\/><\/div>\n\n\n\n<h4 class=\"wp-block-heading\">\ud83d\udcc2 &#8211; Qualifica\u00e7\u00e3o\/Defesa<\/h4>\n\n\n\n<h5 class=\"wp-block-heading\"><a href=\"https:\/\/docs.google.com\/document\/d\/1gUJZQmjnyOeCFrBFb3QQDtE5yz1R-REv\/edit?usp=drive_link&amp;ouid=115057123580809934571&amp;rtpof=true&amp;sd=true\" target=\"_blank\" rel=\"noreferrer noopener\">Solicita\u00e7\u00e3o de Qualifica\u00e7\u00e3o<\/a><\/h5>\n\n\n\n<h5 class=\"wp-block-heading\"><a href=\"https:\/\/docs.google.com\/document\/d\/1Mqz8B0EPKbbXZq9qEbknc2KGatRB00J8\/edit?usp=drive_link&amp;ouid=115057123580809934571&amp;rtpof=true&amp;sd=true\" target=\"_blank\" rel=\"noreferrer noopener\">Solicita\u00e7\u00e3o de Defesa<\/a><\/h5>\n\n\n\n<h5 class=\"wp-block-heading\"><a href=\"https:\/\/docs.google.com\/document\/d\/18tf0fmor8mhS82cQhSPFTP-KPhTJtxod\/edit?usp=drive_link&amp;ouid=115057123580809934571&amp;rtpof=true&amp;sd=true\" target=\"_blank\" rel=\"noreferrer noopener\">Solicita\u00e7\u00e3o de Prorroga\u00e7\u00e3o<\/a><\/h5>\n\n\n\n<h5 class=\"wp-block-heading\"><a href=\"https:\/\/docs.google.com\/document\/d\/1JBQ_z0EG-OpseQabjYG03TeZSyxIH-u-\/edit?usp=drive_link&amp;ouid=115057123580809934571&amp;rtpof=true&amp;sd=true\" target=\"_blank\" rel=\"noreferrer noopener\">Folha timbrada para justificativa de prorroga\u00e7\u00e3o<\/a><\/h5>\n\n\n\n<p><strong>Nota: N\u00e3o h\u00e1 um padr\u00e3o de escrita para justificativa da prorroga\u00e7\u00e3o, solicitamos que o discente redija juntamente com o seu orientador e ambos assinem neste modelo timbrado do PPG.<\/strong><\/p>\n\n\n\n<div class=\"wp-block-stackable-divider stk-block-divider has-text-align-left stk-block stk-037e74d\" data-block-id=\"037e74d\"><style>.stk-037e74d {margin-bottom:0px !important;}<\/style><hr class=\"stk-block-divider__hr\"\/><\/div>\n\n\n\n<h4 class=\"wp-block-heading\">\ud83d\udcc2 &#8211; Relat\u00f3rios<\/h4>\n\n\n\n<h5 class=\"wp-block-heading\"><a href=\"https:\/\/docs.google.com\/document\/d\/1LM_WDAoOnuVB5Cxf6Cy7EXFuc-dEWS1h\/edit?usp=drive_link&amp;ouid=115057123580809934571&amp;rtpof=true&amp;sd=true\" target=\"_blank\" rel=\"noreferrer noopener\">Frequ\u00eancia FAPEAM<\/a><\/h5>\n\n\n\n<h5 class=\"wp-block-heading\"><a href=\"https:\/\/docs.google.com\/document\/d\/10ryssOJv1BfxBoVKLW8-HQWJQG_pjeuc\/edit?usp=drive_link&amp;ouid=115057123580809934571&amp;rtpof=true&amp;sd=true\" target=\"_blank\" rel=\"noreferrer noopener\">Relat\u00f3rio Mensal<\/a><\/h5>\n\n\n\n<div class=\"wp-block-stackable-divider stk-block-divider has-text-align-left stk-block stk-a7114d5\" data-block-id=\"a7114d5\"><style>.stk-a7114d5 {margin-bottom:0px !important;}<\/style><hr class=\"stk-block-divider__hr\"\/><\/div>\n\n\n\n<h4 class=\"wp-block-heading\">\ud83d\udcc2 &#8211;  Solicita\u00e7\u00e3o<\/h4>\n\n\n\n<h5 class=\"wp-block-heading\"><a href=\"https:\/\/docs.google.com\/document\/d\/1t6nz9u5JIdrqOEd0Q7JTYawmgVvJeTcH\/edit?usp=drive_link&amp;ouid=115057123580809934571&amp;rtpof=true&amp;sd=true\" target=\"_blank\" rel=\"noreferrer noopener\">Requerimento<\/a><\/h5>\n\n\n\n<p><strong>&gt; O prazo para entrega de documentos solicitados via requerimento \u00e9 de at\u00e9 10 (dez) dias \u00fateis.<\/strong><\/p>\n\n\n\n<h5 class=\"wp-block-heading\"><a href=\"https:\/\/docs.google.com\/document\/d\/1p74yDYxUmssT__tl3qXmsV17oQGQUK7J\/edit?usp=drive_link&amp;ouid=115057123580809934571&amp;rtpof=true&amp;sd=true\" target=\"_blank\" rel=\"noreferrer noopener\">Matr\u00edcula em Disciplinas &#8211; Aluno Regular<\/a><\/h5>\n\n\n\n<h5 class=\"wp-block-heading\"><a href=\"https:\/\/youtu.be\/pQJZXsPplNw\" target=\"_blank\" rel=\"noreferrer noopener\">Protocolo Virtual &#8211; Passo a passo<\/a><\/h5>\n\n\n\n<p><strong>Convalida\u00e7\u00e3o de disciplina; solicita\u00e7\u00e3o de diploma; trancamento de disciplina, matr\u00edcula, semestre.<\/strong><\/p>\n\n\n\n<h5 class=\"wp-block-heading\"><a href=\"https:\/\/drive.google.com\/file\/d\/1lJRm9PcUjvh11ot8VKgGWrhYeIuTLVDJ\/view?usp=drive_link\" target=\"_blank\" rel=\"noreferrer noopener\">Termo de autoriza\u00e7\u00e3o para publica\u00e7\u00e3o de Artigo\/Monografia\/Disserta\u00e7\u00e3o\/Tese (TDE) na Biblioteca Digital<\/a><\/h5>\n\n\n\n<p><strong>&gt; Este documento \u00e9 o SIB<\/strong>.<\/p>\n\n\n\n<h5 class=\"wp-block-heading\"><a href=\"https:\/\/docs.google.com\/document\/d\/1KEeHtuUxCN6mbvzNI5KMqwl2L740ELP-\/edit?usp=drive_link&amp;ouid=115057123580809934571&amp;rtpof=true&amp;sd=true\" target=\"_blank\" rel=\"noreferrer noopener\">Altera\u00e7\u00e3o de t\u00edtulo de disserta\u00e7\u00e3o- Justificativa<\/a><\/h5>\n\n\n\n<h5 class=\"wp-block-heading\"><a href=\"https:\/\/docs.google.com\/document\/d\/1PXpsS0HfMQIXDwXAZNPnkB5lUx8EpGQS\/edit?usp=drive_link&amp;ouid=115057123580809934571&amp;rtpof=true&amp;sd=true\" target=\"_blank\" rel=\"noreferrer noopener\">Matr\u00edcula Institucional<\/a><\/h5>\n\n\n\n<p><strong>&gt; Formul\u00e1rio de ingresso no PPGH<\/strong>.<\/p>\n\n\n\n<h5 class=\"wp-block-heading\"><a href=\"https:\/\/docs.google.com\/document\/d\/1DJ4QBfDYEhcQ8c3D2F8UBQfAPsrcQbOm\/edit?usp=drive_link&amp;ouid=115057123580809934571&amp;rtpof=true&amp;sd=true\" data-type=\"link\" data-id=\"https:\/\/docs.google.com\/document\/d\/1leC_glC0AcIU9_hkUMUrCAC6UJa99vrv\/edit?usp=drive_link&amp;ouid=115057123580809934571&amp;rtpof=true&amp;sd=true\" target=\"_blank\" rel=\"noreferrer noopener\">Matr\u00edcula em Disciplinas &#8211; Aluno Especial<\/a><\/h5>\n\n\n\n<h5 class=\"wp-block-heading\"><a href=\"https:\/\/docs.google.com\/document\/d\/1Fp01qM0vpnC2buI86weJRquehA4VV8rK\/edit?usp=drive_link&amp;ouid=115057123580809934571&amp;rtpof=true&amp;sd=true\" target=\"_blank\" rel=\"noreferrer noopener\">Anexo\/Solicita\u00e7\u00e3o de Atendimento Estat\u00edstico<\/a><\/h5>\n\n\n\n<div class=\"wp-block-stackable-spacer stk-block-spacer stk--no-padding stk-block stk-bf33017\" data-block-id=\"bf33017\"><style>.stk-bf33017 {height:130px !important;}@media screen and (max-width:999px){.stk-bf33017 {height:70px !important;}}<\/style><\/div>\n\n\n\n<div data-wp-interactive=\"core\/file\" class=\"wp-block-file\"><object data-wp-bind--hidden=\"!state.hasPdfPreview\" hidden class=\"wp-block-file__embed\" data=\"http:\/\/posgraduacao.uea.edu.br\/hematologia\/wp-content\/uploads\/2026\/03\/UEA-Termo-de-Autorizacao-para-Biblioteca-Digital-SIB.pdf\" type=\"application\/pdf\" style=\"width:100%;height:600px\" aria-label=\"Incorporado de &lt;strong&gt;UEA - Termo de Autoriza\u00e7\u00e3o para Biblioteca Digital-SIB&lt;\/strong&gt;.\"><\/object><a id=\"wp-block-file--media-56c6faf8-2c9a-4208-b370-a2e1e42a2d1c\" href=\"http:\/\/posgraduacao.uea.edu.br\/hematologia\/wp-content\/uploads\/2026\/03\/UEA-Termo-de-Autorizacao-para-Biblioteca-Digital-SIB.pdf\"><strong>UEA &#8211; Termo de Autoriza\u00e7\u00e3o para Biblioteca Digital-SIB<\/strong><\/a><a href=\"http:\/\/posgraduacao.uea.edu.br\/hematologia\/wp-content\/uploads\/2026\/03\/UEA-Termo-de-Autorizacao-para-Biblioteca-Digital-SIB.pdf\" class=\"wp-block-file__button wp-element-button\" download aria-describedby=\"wp-block-file--media-56c6faf8-2c9a-4208-b370-a2e1e42a2d1c\">Baixar<\/a><\/div>\n\n\n\n<div class=\"wp-block-stackable-columns alignfull stk-block-columns stk-block stk-80ce3af stk-block-background stk--has-background-overlay\" data-block-id=\"80ce3af\"><style>.stk-80ce3af {background-color:linear-gradient(180deg, #ffffff 50%, var(--theme-palette-color-4, #102136) 50%) !important;margin-bottom:0px !important;}.stk-80ce3af:before{background-image:linear-gradient(180deg, #ffffff 50%, var(--theme-palette-color-4, #102136) 50%) !important;}<\/style><div class=\"stk-row stk-inner-blocks stk-block-content stk-content-align stk-80ce3af-column\">\n<div class=\"wp-block-stackable-column stk-block-column stk-column stk-block stk-6ddbaf2 stk-block-background stk--has-background-overlay\" data-v=\"4\" data-block-id=\"6ddbaf2\"><style>.stk-6ddbaf2-container{margin-top:0px !important;margin-right:0px !important;margin-bottom:0px !important;margin-left:0px !important;}.stk-6ddbaf2 {background-image:url(https:\/\/posgraduacao.uea.edu.br\/hematologia\/wp-content\/uploads\/2020\/08\/campaign-creators-qCi_MzVODoU-unsplash.jpg) !important;border-radius:10px !important;overflow:hidden !important;padding-top:100px !important;padding-right:50px !important;padding-bottom:100px !important;padding-left:50px !important;}@media screen and (max-width:999px){.stk-6ddbaf2 {padding-top:80px !important;padding-right:150px !important;padding-bottom:80px !important;padding-left:150px !important;}}@media screen and (max-width:689px){.stk-6ddbaf2 {padding-top:60px !important;padding-right:50px !important;padding-bottom:60px !important;padding-left:50px !important;}}<\/style><div class=\"stk-column-wrapper stk-block-column__content stk-container stk-6ddbaf2-container stk--no-background stk--no-padding\"><div class=\"has-text-align-center stk-block-content stk-inner-blocks stk-6ddbaf2-inner-blocks\">\n<div class=\"wp-block-stackable-heading stk-block-heading stk-block-heading--v2 stk-block stk-8054442\" id=\"programa-de-pos-graduacao-em-ciencias-aplicadas-a-hematologia\" data-block-id=\"8054442\"><style>.stk-8054442 {margin-bottom:10px !important;}.stk-8054442 .stk-block-heading__text{color:var(--theme-palette-color-8, #ffffff) !important;font-weight:800 !important;}@media screen and (max-width:689px){.stk-8054442 .stk-block-heading__text{font-size:25px !important;}}<\/style><h2 class=\"stk-block-heading__text has-text-color stk-block-heading--use-theme-margins\">Programa de P\u00f3s-Gradua\u00e7\u00e3o em Ci\u00eancias Aplicadas \u00e0 Hematologia<\/h2><\/div>\n\n\n\n<div class=\"wp-block-stackable-button-group stk-block-button-group stk-block stk-cc4a772\" data-block-id=\"cc4a772\"><div class=\"stk-row stk-inner-blocks stk-block-content stk-button-group\">\n<div class=\"wp-block-stackable-button stk-block-button stk-block stk-f63b751\" data-block-id=\"f63b751\"><style>.stk-f63b751 .stk-button{padding-top:12px !important;padding-right:30px !important;padding-bottom:12px !important;padding-left:30px !important;}<\/style><a class=\"stk-link stk-button stk--hover-effect-darken\" href=\"https:\/\/posgraduacao.uea.edu.br\/hematologia\/index.php\/contato\/\"><span class=\"stk-button__inner-text\">Fale Conosco<\/span><\/a><\/div>\n<\/div><\/div>\n<\/div><\/div><\/div>\n<\/div><\/div>\n\n\n\n<hr class=\"wp-block-separator has-alpha-channel-opacity\"\/>\n","protected":false},"excerpt":{"rendered":"<p>Documentos \ud83d\udcc2- Docente Plano de ensino Solicita\u00e7\u00e3o de Credenciamento Docente Solicita\u00e7\u00e3o de Materiais de Consumo \ud83d\udcc2- Est\u00e1gio Doc\u00eancia Avalia\u00e7\u00e3o Solicita\u00e7\u00e3o Relat\u00f3rio Plano de Atividades \ud83d\udcc2 &#8211; Normas de Formata\u00e7\u00e3o Manual de Padroniza\u00e7\u00e3o Modelo Estrutural : Projeto QUALIFICA\u00c7\u00c3O Modelo Estrutural : DEFESA DE DISSERTA\u00c7\u00c3O Modelo padr\u00e3o de slide para apresenta\u00e7\u00e3o: qualifica\u00e7\u00e3o e defesa \ud83d\udcc2 &#8211; Processo [&hellip;]<\/p>\n","protected":false},"author":2,"featured_media":0,"parent":0,"menu_order":0,"comment_status":"closed","ping_status":"closed","template":"","meta":{"footnotes":""},"class_list":["post-761","page","type-page","status-publish","hentry"],"blocksy_meta":{"page_title_panel":"","has_hero_section":"disabled","fe1c64ab89945cda534f4bb2d579ae1a":"","hero_section":"type-1","hero_elements":[{"id":"custom_title","enabled":true,"heading_tag":"h1","title":"Home"},{"id":"custom_description","enabled":true,"description_visibility":{"desktop":true,"tablet":true,"mobile":false}},{"id":"custom_meta","enabled":false,"meta_elements":[{"id":"author","enabled":true,"label":"By","has_author_avatar":"yes","avatar_size":25},{"id":"post_date","enabled":true,"label":"On","date_format_source":"default","date_format":"M j, Y"},{"id":"updated_date","enabled":false,"label":"On","date_format_source":"default","date_format":"M j, Y"},{"id":"categories","enabled":false,"label":"In","style":"simple"},{"id":"comments","enabled":true}],"page_meta_elements":{"joined":true,"articles_count":true,"comments":true}},{"id":"breadcrumbs","enabled":false}],"433b02732bec8d55ec282f00a9a700eb":"","hero_alignment1":"CT_CSS_SKIP_RULE","hero_margin":40,"hero_alignment2":"center","hero_vertical_alignment":"center","fdbb34d69d6afe2394c07d96c9ea0b60":"","hero_structure":"narrow","cb306aece5e91b9a44875e4a81075440":"","page_title_bg_type":"featured_image","custom_hero_background":{"attachment_id":null},"page_title_image_size":"full","parallax":{"desktop":false,"tablet":false,"mobile":false},"034bc954f3c533bc75ffdf62670c8395":"","hero_height":"250px","pageTitleFont":{"family":"Default","variation":"Default","size":"30px","line-height":"CT_CSS_SKIP_RULE","letter-spacing":"CT_CSS_SKIP_RULE","text-transform":"CT_CSS_SKIP_RULE","text-decoration":"CT_CSS_SKIP_RULE"},"pageTitleFontColor":{"default":{"color":"CT_CSS_SKIP_RULEDEFAULT"}},"pageMetaFont":{"family":"Default","variation":"n6","size":"12px","line-height":"1.3","letter-spacing":"CT_CSS_SKIP_RULE","text-transform":"uppercase","text-decoration":"CT_CSS_SKIP_RULE"},"pageMetaFontColor":{"default":{"color":"CT_CSS_SKIP_RULEDEFAULT"},"hover":{"color":"CT_CSS_SKIP_RULEDEFAULT"}},"page_meta_button_type_font_colors":{"default":{"color":"CT_CSS_SKIP_RULEDEFAULT"},"hover":{"color":"CT_CSS_SKIP_RULEDEFAULT"}},"page_meta_button_type_background_colors":{"default":{"color":"CT_CSS_SKIP_RULEDEFAULT"},"hover":{"color":"CT_CSS_SKIP_RULEDEFAULT"}},"pageExcerptFont":{"family":"Default","variation":"Default","size":"CT_CSS_SKIP_RULE","line-height":"CT_CSS_SKIP_RULE","letter-spacing":"CT_CSS_SKIP_RULE","text-transform":"CT_CSS_SKIP_RULE","text-decoration":"CT_CSS_SKIP_RULE"},"pageExcerptColor":{"default":{"color":"CT_CSS_SKIP_RULEDEFAULT"}},"breadcrumbsFont":{"family":"Default","variation":"Default","size":"CT_CSS_SKIP_RULE","line-height":"CT_CSS_SKIP_RULE","letter-spacing":"CT_CSS_SKIP_RULE","text-transform":"CT_CSS_SKIP_RULE","text-decoration":"CT_CSS_SKIP_RULE"},"breadcrumbsFontColor":{"default":{"color":"CT_CSS_SKIP_RULEDEFAULT"},"initial":{"color":"CT_CSS_SKIP_RULEDEFAULT"},"hover":{"color":"CT_CSS_SKIP_RULEDEFAULT"}},"pageTitleOverlay":{"background_type":"color","background_pattern":"type-1","background_image":{"attachment_id":null,"x":0,"y":0},"gradient":"linear-gradient(135deg,rgba(6,147,227,1) 0%,rgb(155,81,224) 100%)","background_repeat":"repeat","background_size":"auto","background_attachment":"scroll","patternColor":{"default":{"color":"#e5e7ea"}},"overlayColor":{"default":{"color":"CT_CSS_SKIP_RULE"}},"backgroundColor":{"default":{"color":"CT_CSS_SKIP_RULE"}}},"pageTitleBackground":{"background_type":"color","background_pattern":"type-1","background_image":{"attachment_id":null,"x":0,"y":0},"gradient":"linear-gradient(135deg,rgba(6,147,227,1) 0%,rgb(155,81,224) 100%)","background_repeat":"repeat","background_size":"auto","background_attachment":"scroll","patternColor":{"default":{"color":"#e5e7ea"}},"overlayColor":{"default":{"color":"CT_CSS_SKIP_RULE"}},"backgroundColor":{"default":{"color":"var(--theme-palette-color-6)"}}},"pageTitlePadding":{"top":"50px","bottom":"50px","left":"auto","right":"auto","linked":true},"12e455f30de1d15aed0effbbb6f951bf":"","page_structure_type":"default","f474d2f3ad69b4e64f52dac0a3aa2bb2":"","content_style_source":"inherit","content_style":"wide","vertical_spacing_source":"custom","content_area_spacing":"none","background":{"background_type":"color","background_pattern":"type-1","background_image":{"attachment_id":null,"x":0,"y":0},"gradient":"linear-gradient(135deg,rgba(6,147,227,1) 0%,rgb(155,81,224) 100%)","background_repeat":"repeat","background_size":"auto","background_attachment":"scroll","patternColor":{"default":{"color":"#e5e7ea"}},"overlayColor":{"default":{"color":"CT_CSS_SKIP_RULE"}},"backgroundColor":{"default":{"color":"CT_CSS_SKIP_RULE"}}},"content_background":{"background_type":"color","background_pattern":"type-1","background_image":{"attachment_id":null,"x":0,"y":0},"gradient":"linear-gradient(135deg,rgba(6,147,227,1) 0%,rgb(155,81,224) 100%)","background_repeat":"repeat","background_size":"auto","background_attachment":"scroll","patternColor":{"default":{"color":"#e5e7ea"}},"overlayColor":{"default":{"color":"CT_CSS_SKIP_RULE"}},"backgroundColor":{"default":{"color":"var(--theme-palette-color-8)"}}},"content_boxed_shadow":{"inherit":false,"blur":18,"spread":-6,"v_offset":12,"h_offset":0,"inset":false,"enable":true,"color":{"color":"rgba(34, 56, 101, 0.04)"}},"content_boxed_border":{"width":1,"style":"none","color":{"color":"rgba(44,62,80,0.2)"}},"content_boxed_radius":{"top":"3px","bottom":"3px","left":"3px","right":"3px","linked":true},"boxed_content_spacing":{"desktop":{"top":"40px","bottom":"40px","left":"40px","right":"40px","linked":true},"tablet":{"top":"35px","bottom":"35px","left":"35px","right":"35px","linked":true},"mobile":{"top":"20px","bottom":"20px","left":"20px","right":"20px","linked":true}},"fca9f1d1c7aa58a4b21dd78357f6373e":"","disable_featured_image":"no","disable_share_box":"no","disable_header":"no","disable_footer":"no","styles_descriptor":{"styles":{"desktop":"","tablet":"","mobile":""},"google_fonts":[],"version":6}},"_links":{"self":[{"href":"http:\/\/posgraduacao.uea.edu.br\/hematologia\/index.php\/wp-json\/wp\/v2\/pages\/761","targetHints":{"allow":["GET"]}}],"collection":[{"href":"http:\/\/posgraduacao.uea.edu.br\/hematologia\/index.php\/wp-json\/wp\/v2\/pages"}],"about":[{"href":"http:\/\/posgraduacao.uea.edu.br\/hematologia\/index.php\/wp-json\/wp\/v2\/types\/page"}],"author":[{"embeddable":true,"href":"http:\/\/posgraduacao.uea.edu.br\/hematologia\/index.php\/wp-json\/wp\/v2\/users\/2"}],"replies":[{"embeddable":true,"href":"http:\/\/posgraduacao.uea.edu.br\/hematologia\/index.php\/wp-json\/wp\/v2\/comments?post=761"}],"version-history":[{"count":42,"href":"http:\/\/posgraduacao.uea.edu.br\/hematologia\/index.php\/wp-json\/wp\/v2\/pages\/761\/revisions"}],"predecessor-version":[{"id":2347,"href":"http:\/\/posgraduacao.uea.edu.br\/hematologia\/index.php\/wp-json\/wp\/v2\/pages\/761\/revisions\/2347"}],"wp:attachment":[{"href":"http:\/\/posgraduacao.uea.edu.br\/hematologia\/index.php\/wp-json\/wp\/v2\/media?parent=761"}],"curies":[{"name":"wp","href":"https:\/\/api.w.org\/{rel}","templated":true}]}}