{"id":697,"date":"2025-01-15T04:31:21","date_gmt":"2025-01-15T07:31:21","guid":{"rendered":"https:\/\/posgraduacao.uea.edu.br\/ppgsc\/?page_id=697"},"modified":"2025-03-28T18:07:04","modified_gmt":"2025-03-28T21:07:04","slug":"apresentacao","status":"publish","type":"page","link":"http:\/\/posgraduacao.uea.edu.br\/ppgsc\/index.php\/apresentacao\/","title":{"rendered":"Apresenta\u00e7\u00e3o"},"content":{"rendered":"\n<div class=\"wp-block-stackable-columns alignfull stk-block-columns stk-block stk-51b2b12 stk-block-background stk--has-background-overlay\" data-block-id=\"51b2b12\"><style>.stk-51b2b12 .stk--block-align-51b2b12{align-items:center !important;}.stk-51b2b12 {background-color:linear-gradient(-225deg, #E3FDF5 0%, #FFE6FA 100%) !important;background-image:url(http:\/\/posgraduacao.uea.edu.br\/ppgsc\/wp-content\/uploads\/2025\/03\/Design-sem-nome-3.png) !important;background-position:bottom center !important;background-repeat:no-repeat !important;background-size:cover !important;padding-top:300px !important;padding-bottom:200px !important;margin-bottom:0px !important;}.stk-51b2b12:before{opacity:0.8 !important;mix-blend-mode:multiply !important;background-image:linear-gradient(-225deg, #E3FDF5 0%, #FFE6FA 100%) !important;}.stk-51b2b12-column{--stk-column-gap:35px !important;row-gap:35px !important;}@media screen and (max-width:999px){.stk-51b2b12 {padding-top:250px !important;padding-bottom:150px !important;}}@media screen and (max-width:689px){.stk-51b2b12 {padding-top:150px !important;padding-bottom:100px !important;}}<\/style><div class=\"stk-row stk-inner-blocks stk--block-align-51b2b12 stk-block-content stk-content-align stk-51b2b12-column\">\n<div class=\"wp-block-stackable-column stk-block-column stk-column stk-block stk-3a43e6b\" data-v=\"4\" data-block-id=\"3a43e6b\"><style>.stk-3a43e6b-container{margin-top:0px !important;margin-right:0px !important;margin-bottom:0px !important;margin-left:0px !important;}<\/style><div class=\"stk-column-wrapper stk-block-column__content stk-container stk-3a43e6b-container stk--no-background stk--no-padding\"><div class=\"has-text-align-center-mobile stk-block-content stk-inner-blocks stk-3a43e6b-inner-blocks\">\n<div class=\"wp-block-stackable-heading stk-block-heading stk-block-heading--v2 stk-block stk-7225c59\" id=\"apresentacao\" data-block-id=\"7225c59\"><style>.stk-7225c59 {margin-bottom:10px !important;}.stk-7225c59 .stk-block-heading__text{font-size:45px !important;color:var(--theme-palette-color-6, #f4f4f5) !important;line-height:1.3em !important;font-weight:800 !important;}@media screen and (max-width:999px){.stk-7225c59 .stk-block-heading__text{font-size:40px !important;}}@media screen and (max-width:689px){.stk-7225c59 .stk-block-heading__text{font-size:30px !important;}}<\/style><h2 class=\"stk-block-heading__text has-text-color has-text-align-center\">Apresenta\u00e7\u00e3o<\/h2><\/div>\n<\/div><\/div><\/div>\n<\/div><\/div>\n\n\n\n<div class=\"wp-block-stackable-spacer stk-block-spacer stk--no-padding stk-block stk-b2c1613\" data-block-id=\"b2c1613\"><style>.stk-b2c1613 {height:39px !important;}@media screen and (max-width:999px){.stk-b2c1613 {height:70px !important;}}<\/style><\/div>\n\n\n\n<div class=\"wp-block-stackable-columns stk-block-columns stk-block stk-cde3109\" data-block-id=\"cde3109\"><div class=\"stk-row stk-inner-blocks stk-block-content stk-content-align stk-cde3109-column\">\n<div class=\"wp-block-stackable-column stk-block-column stk-column stk-block stk-fad34a6\" data-v=\"4\" data-block-id=\"fad34a6\"><div class=\"stk-column-wrapper stk-block-column__content stk-container stk-fad34a6-container stk--no-background stk--no-padding\"><div class=\"stk-block-content stk-inner-blocks stk-fad34a6-inner-blocks\">\n<div class=\"wp-block-stackable-heading stk-block-heading stk-block-heading--v2 stk-block stk-20d61f4\" data-block-id=\"20d61f4\"><style>.stk-20d61f4 {margin-bottom:66px !important;}<\/style><h2 class=\"stk-block-heading__text\"><\/h2><\/div>\n\n\n\n<figure class=\"wp-block-image aligncenter size-full\"><img loading=\"lazy\" decoding=\"async\" width=\"700\" height=\"450\" src=\"http:\/\/posgraduacao.uea.edu.br\/ppgsc\/wp-content\/uploads\/2025\/03\/Design-sem-nome-17.png\" alt=\"\" class=\"wp-image-1040\" srcset=\"http:\/\/posgraduacao.uea.edu.br\/ppgsc\/wp-content\/uploads\/2025\/03\/Design-sem-nome-17.png 700w, http:\/\/posgraduacao.uea.edu.br\/ppgsc\/wp-content\/uploads\/2025\/03\/Design-sem-nome-17-300x193.png 300w\" sizes=\"auto, (max-width: 700px) 100vw, 700px\" \/><\/figure>\n\n\n\n<div class=\"wp-block-stackable-text stk-block-text stk-block stk-a56a5f9\" data-block-id=\"a56a5f9\"><p class=\"stk-block-text__text has-text-align-justify\">Reconhecendo o papel estrat\u00e9gico da Sa\u00fade Coletiva para o desenvolvimento regional foi definida de uma agenda de prioridades de pesquisa, no intuito de criar e fortalecer os grupos de pesquisa em Sa\u00fade Coletiva na UEA em integra\u00e7\u00e3o com os grupos de pesquisa do Instituto de Medicina Social da Universidade do Estado do Rio de Janeiro (IMS-UERJ). O processo de coopera\u00e7\u00e3o entre as duas institui\u00e7\u00f5es incluiu a qualifica\u00e7\u00e3o de docentes em n\u00edvel de doutorado capazes de atuar na articula\u00e7\u00e3o entre pesquisa e coopera\u00e7\u00e3o t\u00e9cnico-cient\u00edfica no campo da Sa\u00fade Coletiva, a partir de uma perspectiva cr\u00edtica e reflexiva, em conson\u00e2ncia com as prioridades de pesquisa do Brasil e das demandas e necessidades das pol\u00edticas p\u00fablicas, com destaque para o SUS. Dentro do planejamento estrat\u00e9gico, fruto da qualifica\u00e7\u00e3o dos docentes, do interc\u00e2mbio de experi\u00eancias e de projetos e do fortalecimento dos grupos de pesquisa da universidade, inseriu-se a proposta de cria\u00e7\u00e3o de um curso de p\u00f3s-gradua\u00e7\u00e3o stricto sensu. A iniciativa foi tamb\u00e9m fruto do amadurecimento das discuss\u00f5es institucionais em rela\u00e7\u00e3o \u00e0 necessidade de qualifica\u00e7\u00e3o de recursos humanos na \u00e1rea de sa\u00fade coletiva, com olhar voltado aos problemas priorit\u00e1rios de sa\u00fade p\u00fablica na regi\u00e3o amaz\u00f4nica.<\/p><\/div>\n\n\n\n<p>O curso de mestrado acad\u00eamico em Sa\u00fade Coletiva da Universidade do Estado do Amazonas foi reconhecido pela Portaria do Ministro de Estado da Educa\u00e7\u00e3o no 540 de 15 de junho de 2020, cuja proposta de curso foi recomendada na 190\u00aa Reuni\u00e3o do Conselho T\u00e9cnico-Cient\u00edfico da Educa\u00e7\u00e3o Superior \u2013 CTC-ES da Coordena\u00e7\u00e3o de Aperfei\u00e7oamento de Pessoal de N\u00edvel Superior \u2013 Capes.<\/p>\n\n\n\n<p><strong>Nossa Miss\u00e3o<\/strong><\/p>\n\n\n\n<p>Qualificar docentes e profissionais capazes de atuar a articula\u00e7\u00e3o entre pesquisa e coopera\u00e7\u00e3o t\u00e9cnico-cient\u00edfica no campo da sa\u00fade coletiva por meio de uma perspectiva cr\u00edtica, reflexiva e interdisciplinar em conson\u00e2ncia com as demandas das pol\u00edticas p\u00fablicas e as prioridades de pesquisas da regi\u00e3o amaz\u00f4nica.<\/p>\n\n\n\n<p><strong>Nossa Vis\u00e3o<\/strong><\/p>\n\n\n\n<p>Ser um programa de refer\u00eancia local regional e nacional a forma\u00e7\u00e3o interdisciplinar de docentes e profissionais capazes de contribuir com a constru\u00e7\u00e3o de conhecimento no campo da sa\u00fade coletiva na redu\u00e7\u00e3o das iniquidades da regi\u00e3o amaz\u00f4nica.<\/p>\n\n\n\n<p><strong>Valores<\/strong><\/p>\n\n\n\n<p>Equidade, Interdisciplinaridade, Compromisso \u00e9tico, pol\u00edtico e social, Sustentabilidade, Inova\u00e7\u00e3o, Valoriza\u00e7\u00e3o da ci\u00eancia, Acolhimento, Equidade  e Interculturalidade<\/p>\n<\/div><\/div><\/div>\n<\/div><\/div>\n\n\n\n<div class=\"wp-block-stackable-spacer stk-block-spacer stk--no-padding stk-block stk-bf33017\" data-block-id=\"bf33017\"><style>.stk-bf33017 {height:130px !important;}@media screen and (max-width:999px){.stk-bf33017 {height:70px !important;}}<\/style><\/div>\n\n\n\n<div class=\"wp-block-stackable-columns alignfull stk-block-columns stk-block stk-80ce3af stk-block-background stk--has-background-overlay\" data-block-id=\"80ce3af\"><style>.stk-80ce3af {background-color:linear-gradient(180deg, #ffffff 50%, var(--theme-palette-color-4, #102136) 50%) !important;margin-bottom:0px !important;}.stk-80ce3af:before{background-image:linear-gradient(180deg, #ffffff 50%, var(--theme-palette-color-4, #102136) 50%) !important;}<\/style><div class=\"stk-row stk-inner-blocks stk-block-content stk-content-align stk-80ce3af-column\"><\/div><\/div>\n\n\n\n<p><\/p>\n","protected":false},"excerpt":{"rendered":"<p>Apresenta\u00e7\u00e3o Reconhecendo o papel estrat\u00e9gico da Sa\u00fade Coletiva para o desenvolvimento regional foi definida de uma agenda de prioridades de pesquisa, no intuito de criar e fortalecer os grupos de pesquisa em Sa\u00fade Coletiva na UEA em integra\u00e7\u00e3o com os grupos de pesquisa do Instituto de Medicina Social da Universidade do Estado do Rio de [&hellip;]<\/p>\n","protected":false},"author":1,"featured_media":0,"parent":0,"menu_order":0,"comment_status":"closed","ping_status":"closed","template":"","meta":{"footnotes":""},"class_list":["post-697","page","type-page","status-publish","hentry"],"blocksy_meta":{"page_title_panel":"","has_hero_section":"disabled","fe1c64ab89945cda534f4bb2d579ae1a":"","hero_section":"type-1","hero_elements":[{"id":"custom_title","enabled":true,"heading_tag":"h1","title":"Home"},{"id":"custom_description","enabled":true,"description_visibility":{"desktop":true,"tablet":true,"mobile":false}},{"id":"custom_meta","enabled":false,"meta_elements":[{"id":"author","enabled":true,"label":"By","has_author_avatar":"yes","avatar_size":25},{"id":"post_date","enabled":true,"label":"On","date_format_source":"default","date_format":"M j, Y"},{"id":"updated_date","enabled":false,"label":"On","date_format_source":"default","date_format":"M j, Y"},{"id":"categories","enabled":false,"label":"In","style":"simple"},{"id":"comments","enabled":true}],"page_meta_elements":{"joined":true,"articles_count":true,"comments":true}},{"id":"breadcrumbs","enabled":false}],"433b02732bec8d55ec282f00a9a700eb":"","hero_alignment1":"CT_CSS_SKIP_RULE","hero_margin":40,"hero_alignment2":"center","hero_vertical_alignment":"center","fdbb34d69d6afe2394c07d96c9ea0b60":"","hero_structure":"narrow","cb306aece5e91b9a44875e4a81075440":"","page_title_bg_type":"featured_image","custom_hero_background":{"attachment_id":null},"page_title_image_size":"full","parallax":{"desktop":false,"tablet":false,"mobile":false},"034bc954f3c533bc75ffdf62670c8395":"","hero_height":"250px","pageTitleFont":{"family":"Default","variation":"Default","size":"30px","line-height":"CT_CSS_SKIP_RULE","letter-spacing":"CT_CSS_SKIP_RULE","text-transform":"CT_CSS_SKIP_RULE","text-decoration":"CT_CSS_SKIP_RULE"},"pageTitleFontColor":{"default":{"color":"CT_CSS_SKIP_RULEDEFAULT"}},"pageMetaFont":{"family":"Default","variation":"n6","size":"12px","line-height":"1.3","letter-spacing":"CT_CSS_SKIP_RULE","text-transform":"uppercase","text-decoration":"CT_CSS_SKIP_RULE"},"pageMetaFontColor":{"default":{"color":"CT_CSS_SKIP_RULEDEFAULT"},"hover":{"color":"CT_CSS_SKIP_RULEDEFAULT"}},"page_meta_button_type_font_colors":{"default":{"color":"CT_CSS_SKIP_RULEDEFAULT"},"hover":{"color":"CT_CSS_SKIP_RULEDEFAULT"}},"page_meta_button_type_background_colors":{"default":{"color":"CT_CSS_SKIP_RULEDEFAULT"},"hover":{"color":"CT_CSS_SKIP_RULEDEFAULT"}},"pageExcerptFont":{"family":"Default","variation":"Default","size":"CT_CSS_SKIP_RULE","line-height":"CT_CSS_SKIP_RULE","letter-spacing":"CT_CSS_SKIP_RULE","text-transform":"CT_CSS_SKIP_RULE","text-decoration":"CT_CSS_SKIP_RULE"},"pageExcerptColor":{"default":{"color":"CT_CSS_SKIP_RULEDEFAULT"}},"breadcrumbsFont":{"family":"Default","variation":"Default","size":"CT_CSS_SKIP_RULE","line-height":"CT_CSS_SKIP_RULE","letter-spacing":"CT_CSS_SKIP_RULE","text-transform":"CT_CSS_SKIP_RULE","text-decoration":"CT_CSS_SKIP_RULE"},"breadcrumbsFontColor":{"default":{"color":"CT_CSS_SKIP_RULEDEFAULT"},"initial":{"color":"CT_CSS_SKIP_RULEDEFAULT"},"hover":{"color":"CT_CSS_SKIP_RULEDEFAULT"}},"pageTitleOverlay":{"background_type":"color","background_pattern":"type-1","background_image":{"attachment_id":null,"x":0,"y":0},"gradient":"linear-gradient(135deg,rgba(6,147,227,1) 0%,rgb(155,81,224) 100%)","background_repeat":"repeat","background_size":"auto","background_attachment":"scroll","patternColor":{"default":{"color":"#e5e7ea"}},"overlayColor":{"default":{"color":"CT_CSS_SKIP_RULE"}},"backgroundColor":{"default":{"color":"CT_CSS_SKIP_RULE"}}},"pageTitleBackground":{"background_type":"color","background_pattern":"type-1","background_image":{"attachment_id":null,"x":0,"y":0},"gradient":"linear-gradient(135deg,rgba(6,147,227,1) 0%,rgb(155,81,224) 100%)","background_repeat":"repeat","background_size":"auto","background_attachment":"scroll","patternColor":{"default":{"color":"#e5e7ea"}},"overlayColor":{"default":{"color":"CT_CSS_SKIP_RULE"}},"backgroundColor":{"default":{"color":"var(--theme-palette-color-6)"}}},"pageTitlePadding":{"top":"50px","bottom":"50px","left":"auto","right":"auto","linked":true},"12e455f30de1d15aed0effbbb6f951bf":"","page_structure_type":"default","f474d2f3ad69b4e64f52dac0a3aa2bb2":"","content_style_source":"inherit","content_style":"wide","vertical_spacing_source":"custom","content_area_spacing":"none","background":{"background_type":"color","background_pattern":"type-1","background_image":{"attachment_id":null,"x":0,"y":0},"gradient":"linear-gradient(135deg,rgba(6,147,227,1) 0%,rgb(155,81,224) 100%)","background_repeat":"repeat","background_size":"auto","background_attachment":"scroll","patternColor":{"default":{"color":"#e5e7ea"}},"overlayColor":{"default":{"color":"CT_CSS_SKIP_RULE"}},"backgroundColor":{"default":{"color":"CT_CSS_SKIP_RULE"}}},"content_background":{"background_type":"color","background_pattern":"type-1","background_image":{"attachment_id":null,"x":0,"y":0},"gradient":"linear-gradient(135deg,rgba(6,147,227,1) 0%,rgb(155,81,224) 100%)","background_repeat":"repeat","background_size":"auto","background_attachment":"scroll","patternColor":{"default":{"color":"#e5e7ea"}},"overlayColor":{"default":{"color":"CT_CSS_SKIP_RULE"}},"backgroundColor":{"default":{"color":"var(--theme-palette-color-8)"}}},"content_boxed_shadow":{"inherit":false,"blur":18,"spread":-6,"v_offset":12,"h_offset":0,"inset":false,"enable":true,"color":{"color":"rgba(34, 56, 101, 0.04)"}},"content_boxed_border":{"width":1,"style":"none","color":{"color":"rgba(44,62,80,0.2)"}},"content_boxed_radius":{"top":"3px","bottom":"3px","left":"3px","right":"3px","linked":true},"boxed_content_spacing":{"desktop":{"top":"40px","bottom":"40px","left":"40px","right":"40px","linked":true},"tablet":{"top":"35px","bottom":"35px","left":"35px","right":"35px","linked":true},"mobile":{"top":"20px","bottom":"20px","left":"20px","right":"20px","linked":true}},"fca9f1d1c7aa58a4b21dd78357f6373e":"","disable_featured_image":"no","disable_share_box":"no","disable_header":"no","disable_footer":"no","styles_descriptor":{"styles":{"desktop":"","tablet":"","mobile":""},"google_fonts":[],"version":6}},"_links":{"self":[{"href":"http:\/\/posgraduacao.uea.edu.br\/ppgsc\/index.php\/wp-json\/wp\/v2\/pages\/697","targetHints":{"allow":["GET"]}}],"collection":[{"href":"http:\/\/posgraduacao.uea.edu.br\/ppgsc\/index.php\/wp-json\/wp\/v2\/pages"}],"about":[{"href":"http:\/\/posgraduacao.uea.edu.br\/ppgsc\/index.php\/wp-json\/wp\/v2\/types\/page"}],"author":[{"embeddable":true,"href":"http:\/\/posgraduacao.uea.edu.br\/ppgsc\/index.php\/wp-json\/wp\/v2\/users\/1"}],"replies":[{"embeddable":true,"href":"http:\/\/posgraduacao.uea.edu.br\/ppgsc\/index.php\/wp-json\/wp\/v2\/comments?post=697"}],"version-history":[{"count":13,"href":"http:\/\/posgraduacao.uea.edu.br\/ppgsc\/index.php\/wp-json\/wp\/v2\/pages\/697\/revisions"}],"predecessor-version":[{"id":1052,"href":"http:\/\/posgraduacao.uea.edu.br\/ppgsc\/index.php\/wp-json\/wp\/v2\/pages\/697\/revisions\/1052"}],"wp:attachment":[{"href":"http:\/\/posgraduacao.uea.edu.br\/ppgsc\/index.php\/wp-json\/wp\/v2\/media?parent=697"}],"curies":[{"name":"wp","href":"https:\/\/api.w.org\/{rel}","templated":true}]}}