{"id":723,"date":"2025-01-15T05:18:26","date_gmt":"2025-01-15T08:18:26","guid":{"rendered":"https:\/\/posgraduacao.uea.edu.br\/ppgsc\/?page_id=723"},"modified":"2025-03-21T16:36:52","modified_gmt":"2025-03-21T19:36:52","slug":"corpo-docente","status":"publish","type":"page","link":"http:\/\/posgraduacao.uea.edu.br\/ppgsc\/index.php\/corpo-docente\/","title":{"rendered":"Corpo Docente"},"content":{"rendered":"\n<div class=\"wp-block-stackable-columns alignfull stk-block-columns stk-block stk-51b2b12 stk-block-background stk--has-background-overlay\" data-block-id=\"51b2b12\"><style>.stk-51b2b12 .stk--block-align-51b2b12{align-items:center !important;}.stk-51b2b12 {background-color:linear-gradient(-225deg, #E3FDF5 0%, #FFE6FA 100%) !important;background-image:url(http:\/\/posgraduacao.uea.edu.br\/ppgsc\/wp-content\/uploads\/2025\/03\/Design-sem-nome-3.png) !important;background-position:bottom center !important;background-repeat:no-repeat !important;background-size:cover !important;padding-top:300px !important;padding-bottom:200px !important;margin-bottom:0px !important;}.stk-51b2b12:before{opacity:0.8 !important;mix-blend-mode:multiply !important;background-image:linear-gradient(-225deg, #E3FDF5 0%, #FFE6FA 100%) !important;}.stk-51b2b12-column{--stk-column-gap:35px !important;row-gap:35px !important;}@media screen and (max-width:999px){.stk-51b2b12 {padding-top:250px !important;padding-bottom:150px !important;}}@media screen and (max-width:689px){.stk-51b2b12 {padding-top:150px !important;padding-bottom:100px !important;}}<\/style><div class=\"stk-row stk-inner-blocks stk--block-align-51b2b12 stk-block-content stk-content-align stk-51b2b12-column\">\n<div class=\"wp-block-stackable-column stk-block-column stk-column stk-block stk-3a43e6b\" data-v=\"4\" data-block-id=\"3a43e6b\"><style>.stk-3a43e6b-container{margin-top:0px !important;margin-right:0px !important;margin-bottom:0px !important;margin-left:0px !important;}<\/style><div class=\"stk-column-wrapper stk-block-column__content stk-container stk-3a43e6b-container stk--no-background stk--no-padding\"><div class=\"has-text-align-center-mobile stk-block-content stk-inner-blocks stk-3a43e6b-inner-blocks\">\n<div class=\"wp-block-stackable-heading stk-block-heading stk-block-heading--v2 stk-block stk-7225c59\" id=\"corpo-docente\" data-block-id=\"7225c59\"><style>.stk-7225c59 {margin-bottom:10px !important;}.stk-7225c59 .stk-block-heading__text{font-size:45px !important;color:var(--theme-palette-color-8, #ffffff) !important;line-height:1.3em !important;font-weight:800 !important;}@media screen and (max-width:999px){.stk-7225c59 .stk-block-heading__text{font-size:40px !important;}}@media screen and (max-width:689px){.stk-7225c59 .stk-block-heading__text{font-size:30px !important;}}<\/style><h2 class=\"stk-block-heading__text has-text-color has-text-align-center\">Corpo Docente<\/h2><\/div>\n<\/div><\/div><\/div>\n<\/div><\/div>\n\n\n\n<div class=\"wp-block-stackable-spacer stk-block-spacer stk--no-padding stk-block stk-b2c1613\" data-block-id=\"b2c1613\"><style>.stk-b2c1613 {height:130px !important;}@media screen and (max-width:999px){.stk-b2c1613 {height:70px !important;}}<\/style><\/div>\n\n\n\n<div class=\"wp-block-stackable-columns stk-block-columns stk-block stk-cde3109\" data-block-id=\"cde3109\"><div class=\"stk-row stk-inner-blocks stk-block-content stk-content-align stk-cde3109-column\">\n<div class=\"wp-block-stackable-column stk-block-column stk-column stk-block stk-fad34a6\" data-v=\"4\" data-block-id=\"fad34a6\"><div class=\"stk-column-wrapper stk-block-column__content stk-container stk-fad34a6-container stk--no-background stk--no-padding\"><div class=\"stk-block-content stk-inner-blocks stk-fad34a6-inner-blocks\">\n<div class=\"wp-block-stackable-heading stk-block-heading stk-block-heading--v2 stk-block stk-20d61f4\" id=\"strong-linha-de-pesquisa-1-distribuicao-e-determinacao-dos-agravos-em-saude-na-regiao-amazonica-strong\" data-block-id=\"20d61f4\"><h3 class=\"stk-block-heading__text\"><strong>Linha de pesquisa 1: Distribui\u00e7\u00e3o e determina\u00e7\u00e3o dos agravos em sa\u00fade na regi\u00e3o amaz\u00f4nica<\/strong><\/h3><\/div>\n\n\n\n<figure class=\"wp-block-image is-resized\"><img decoding=\"async\" src=\"https:\/\/ppgsc.uea.edu.br\/wp-content\/uploads\/2022\/01\/Profa.-Dra.-Alessandra-Valle-Salino.png\" alt=\"Profa. Dra. Alessandra Valle Salino \" class=\"wp-image-275030\" style=\"width:238px;height:auto\"\/><\/figure>\n\n\n\n<h4 class=\"wp-block-heading\">Profa. Dra. Alessandra Valle Salino<\/h4>\n\n\n\n<p><a href=\"http:\/\/lattes.cnpq.br\/1138717856859261\" target=\"_blank\" rel=\"noreferrer noopener\">Curr\u00edculo Lattes<\/a><\/p>\n\n\n\n<figure class=\"wp-block-image is-resized\"><img decoding=\"async\" src=\"https:\/\/ppgsc.uea.edu.br\/wp-content\/uploads\/2021\/12\/PPGSC_6.png\" alt=\"Profa. Dra. Camila Helena Aguiar B\u00f4tto de Menezes\" class=\"wp-image-274945\" style=\"width:235px;height:auto\"\/><\/figure>\n\n\n\n<h4 class=\"wp-block-heading\">Profa. Dra. Camila Helena Aguiar B\u00f4tto de Menezes<\/h4>\n\n\n\n<p><a href=\"http:\/\/lattes.cnpq.br\/2650427081350436\" target=\"_blank\" rel=\"noreferrer noopener\">Curr\u00edculo Lattes<\/a><\/p>\n\n\n\n<figure class=\"wp-block-image is-resized\"><img decoding=\"async\" src=\"https:\/\/ppgsc.uea.edu.br\/wp-content\/uploads\/2024\/07\/Design-sem-nome-39.png\" alt=\"Prof. Dr. Cleber Lopes Campelo\" class=\"wp-image-278230\" style=\"width:245px;height:auto\"\/><\/figure>\n\n\n\n<h4 class=\"wp-block-heading\">Prof. Dr. Cleber Lopes Campelo<\/h4>\n\n\n\n<p><a href=\"http:\/\/lattes.cnpq.br\/5500320901320107\">Curr\u00edculo Lattes<\/a><\/p>\n\n\n\n<figure class=\"wp-block-image is-resized\"><img decoding=\"async\" src=\"https:\/\/ppgsc.uea.edu.br\/wp-content\/uploads\/2022\/01\/Prof.-Dr.-Guilherme-Loureiro-Werneck.png\" alt=\"Prof. Dr. Guilherme Loureiro Werneck \" class=\"wp-image-275032\" style=\"width:253px;height:auto\"\/><\/figure>\n\n\n\n<h4 class=\"wp-block-heading\">Prof. Dr. Guilherme Loureiro Werneck<\/h4>\n\n\n\n<p><a href=\"http:\/\/lattes.cnpq.br\/7331062615542814\" target=\"_blank\" rel=\"noreferrer noopener\">Curr\u00edculo Lattes<\/a><\/p>\n\n\n\n<figure class=\"wp-block-image is-resized\"><img decoding=\"async\" src=\"https:\/\/ppgsc.uea.edu.br\/wp-content\/uploads\/2022\/01\/Prof.-Dr.-Fernando-Jose-Herkrath.png\" alt=\"Prof. Dr. Fernando Jos\u00e9 Herkrath  \" class=\"wp-image-275026\" style=\"width:258px;height:auto\"\/><\/figure>\n\n\n\n<h4 class=\"wp-block-heading\">Prof. Dr. Fernando Jos\u00e9 Herkrath<\/h4>\n\n\n\n<p><a href=\"http:\/\/lattes.cnpq.br\/6520056577460946\" target=\"_blank\" rel=\"noreferrer noopener\">Curr\u00edculo Lattes<\/a><\/p>\n\n\n\n<figure class=\"wp-block-image is-resized\"><img decoding=\"async\" src=\"https:\/\/ppgsc.uea.edu.br\/wp-content\/uploads\/2022\/04\/WhatsApp-Image-2022-04-26-at-18.44.30.jpeg\" alt=\"Prof. Dr. Jansen Atier Estr\u00e1zulas\" class=\"wp-image-275170\" style=\"width:257px;height:auto\"\/><\/figure>\n\n\n\n<h4 class=\"wp-block-heading\">Prof. Dr. Jansen Atier Estr\u00e1zulas<\/h4>\n\n\n\n<p><a href=\"http:\/\/lattes.cnpq.br\/2071810181340886\" target=\"_blank\" rel=\"noreferrer noopener\">Curr\u00edculo Lattes<\/a><\/p>\n\n\n\n<figure class=\"wp-block-image is-resized\"><img decoding=\"async\" src=\"https:\/\/ppgsc.uea.edu.br\/wp-content\/uploads\/2022\/01\/Prof.-Dr.-Leonardo-Naves-dos-Reis.png\" alt=\"Prof. Dr. Leonardo Naves dos Reis \" class=\"wp-image-275033\" style=\"width:245px;height:auto\"\/><\/figure>\n\n\n\n<h4 class=\"wp-block-heading\">Prof. Dr. Leonardo Naves dos Reis<\/h4>\n\n\n\n<p><a href=\"http:\/\/lattes.cnpq.br\/3465295062173197\" target=\"_blank\" rel=\"noreferrer noopener\">Curr\u00edculo Lattes<\/a><\/p>\n\n\n\n<figure class=\"wp-block-image is-resized\"><img decoding=\"async\" src=\"https:\/\/ppgsc.uea.edu.br\/wp-content\/uploads\/2022\/01\/Profa.-Dra.-Nathalia-Franca-de-Oliveira.png\" alt=\"Profa. Dra. Nath\u00e1lia Fran\u00e7a de Oliveira  \" class=\"wp-image-275034\" style=\"width:250px;height:auto\"\/><\/figure>\n\n\n\n<h4 class=\"wp-block-heading\">Profa. Dra. Nath\u00e1lia Fran\u00e7a de Oliveira<\/h4>\n\n\n\n<p><a href=\"http:\/\/lattes.cnpq.br\/6236124413448190\" target=\"_blank\" rel=\"noreferrer noopener\">Curr\u00edculo Lattes<\/a><\/p>\n\n\n\n<p class=\"has-large-font-size\"><strong>Linha de Pesquisa 2: Pol\u00edtica, Planejamento e Gest\u00e3o em Sa\u00fade<\/strong><\/p>\n\n\n\n<figure class=\"wp-block-image is-resized\"><img decoding=\"async\" src=\"https:\/\/ppgsc.uea.edu.br\/wp-content\/uploads\/2022\/01\/Profa.-Dra.-Angela-Xavier-Monteiro.png\" alt=\"Profa. Dra. Angela Xavier Monteiro \" class=\"wp-image-275027\" style=\"width:236px;height:auto\"\/><\/figure>\n\n\n\n<h4 class=\"wp-block-heading\">Profa. Dra. Angela Xavier Monteiro<\/h4>\n\n\n\n<p><a href=\"http:\/\/lattes.cnpq.br\/7262930995092391\" target=\"_blank\" rel=\"noreferrer noopener\">Curr\u00edculo Lattes<\/a><\/p>\n\n\n\n<figure class=\"wp-block-image is-resized\"><img decoding=\"async\" src=\"https:\/\/ppgsc.uea.edu.br\/wp-content\/uploads\/2021\/12\/PPGSC_10.png\" alt=\"Profa. Dra. Giane Zupellari dos Santos Melo \" class=\"wp-image-274953\" style=\"width:234px;height:auto\"\/><\/figure>\n\n\n\n<h4 class=\"wp-block-heading\">Profa. Dra. Giane Zupellari dos Santos Melo<\/h4>\n\n\n\n<p><a href=\"http:\/\/lattes.cnpq.br\/7048020974666865\" target=\"_blank\" rel=\"noreferrer noopener\">Curr\u00edculo Lattes<\/a><\/p>\n\n\n\n<figure class=\"wp-block-image is-resized\"><img decoding=\"async\" src=\"https:\/\/ppgsc.uea.edu.br\/wp-content\/uploads\/2021\/12\/PPGSC_12.png\" alt=\"Profa. Dra. Glaucia Maria de Araujo Ribeiro \" class=\"wp-image-274952\" style=\"width:234px;height:auto\"\/><\/figure>\n\n\n\n<h4 class=\"wp-block-heading\">Profa. Dra. Glaucia Maria de Araujo Ribeiro<\/h4>\n\n\n\n<p><a href=\"http:\/\/lattes.cnpq.br\/5032043882854761\" target=\"_blank\" rel=\"noreferrer noopener\">Curr\u00edculo Lattes<\/a><\/p>\n\n\n\n<figure class=\"wp-block-image is-resized\"><img decoding=\"async\" src=\"https:\/\/ppgsc.uea.edu.br\/wp-content\/uploads\/2022\/01\/Profa.-Dra.-Isabela-Cristina-de-Miranda-Goncalves.png\" alt=\"Profa. Dra. Isabela Cristina de Miranda Gon\u00e7alves \" class=\"wp-image-275035\" style=\"width:230px;height:auto\"\/><\/figure>\n\n\n\n<h4 class=\"wp-block-heading\">Profa. Dra. Isabela Cristina de Miranda Gon\u00e7alves<\/h4>\n\n\n\n<p><a href=\"http:\/\/lattes.cnpq.br\/3121722625288047\" target=\"_blank\" rel=\"noreferrer noopener\">Curr\u00edculo Lattes<\/a><\/p>\n\n\n\n<figure class=\"wp-block-image is-resized\"><img decoding=\"async\" src=\"https:\/\/ppgsc.uea.edu.br\/wp-content\/uploads\/2021\/12\/PPGSC_8.png\" alt=\"Profa. Dra. Roseni Pinheiro \" class=\"wp-image-274955\" style=\"width:237px;height:auto\"\/><\/figure>\n\n\n\n<h4 class=\"wp-block-heading\">Profa. Dra. Roseni Pinheiro<\/h4>\n\n\n\n<p><a href=\"http:\/\/lattes.cnpq.br\/5840346413537531\" target=\"_blank\" rel=\"noreferrer noopener\">Curr\u00edculo Lattes<\/a><\/p>\n\n\n\n<figure class=\"wp-block-image is-resized\"><img decoding=\"async\" src=\"https:\/\/ppgsc.uea.edu.br\/wp-content\/uploads\/2022\/01\/Profa.-Dra.-Shirley-Maria-de-Araujo-Passos.png\" alt=\"Profa. Dra. Shirley Maria de Araujo Passos \" class=\"wp-image-275036\" style=\"width:238px;height:auto\"\/><\/figure>\n\n\n\n<h4 class=\"wp-block-heading\">Profa. Dra. Shirley Maria de Araujo Passos<\/h4>\n\n\n\n<p><a href=\"http:\/\/lattes.cnpq.br\/3071736971449041\" target=\"_blank\" rel=\"noreferrer noopener\">Curr\u00edculo Lattes<\/a><\/p>\n\n\n\n<p class=\"has-large-font-size\"><strong>Linha de pesquisa 3: Dimens\u00f5es das pr\u00e1ticas de sa\u00fade: atores, contextos institucionais e rela\u00e7\u00f5es com os saberes.<\/strong><\/p>\n\n\n\n<figure class=\"wp-block-image is-resized\"><img decoding=\"async\" src=\"https:\/\/ppgsc.uea.edu.br\/wp-content\/uploads\/2024\/07\/Design-sem-nome-38.png\" alt=\"Prof. Dr. Andr\u00e9 Luiz Machado das Neves \" class=\"wp-image-278227\" style=\"width:225px;height:auto\"\/><\/figure>\n\n\n\n<h4 class=\"wp-block-heading\">Prof. Dr. Andr\u00e9 Luiz Machado das Neves<\/h4>\n\n\n\n<p><a href=\"http:\/\/lattes.cnpq.br\/7409149733046445\" target=\"_blank\" rel=\"noreferrer noopener\">Curr\u00edculo Lattes<\/a><\/p>\n\n\n\n<figure class=\"wp-block-image is-resized\"><img decoding=\"async\" src=\"https:\/\/ppgsc.uea.edu.br\/wp-content\/uploads\/2022\/05\/60abd0c9-a3a8-4d5b-b7da-99a465c4aa11-e1652988828238.jpg\" alt=\"Prof. Dr. Breno Ferreira de Oliveira\" class=\"wp-image-275280\" style=\"width:219px;height:auto\"\/><\/figure>\n\n\n\n<h4 class=\"wp-block-heading\">Prof. Dr. Breno Ferreira de Oliveira<\/h4>\n\n\n\n<p><a href=\"http:\/\/buscatextual.cnpq.br\/buscatextual\/visualizacv.do?id=K4471850Y0&amp;tokenCaptchar=03AGdBq25EgZaFhIQn3Cwm9qO2GasXOmrec29-g4lYmiEKlu61XC8rv69xquNb5h1S_B6ZYwTWtWDARl3B7lrfc1qGqR05mcZZyOcsJE3T6r70SMfmBEBRFYgyO-N-CFWjwb1UaEX63XWHWcDhdDbYjNFodQdFhZAAqVWhmumc5wdTYcVOeZeWvyTK-xJFB2HmpEThmS4-uj8krmjKPHxIpy8WSD9SxrgQoONS4ojjaFDfExJT7NoukS6rd1wYU185jalcPiVkVhISHpy-k-n5zHtypuCw_cXfAccC0qjZtJqQHuHOJmbe0N_ElTzqU6fWANr60fDvxDlWrEJ-Uxj8V3bIM-z7ExurnQohorLPxTmjPG3caHBnVygCrGo6ueO5fmPLszW8STr1Ki7t7hTpG8Fi9nlfMFWzu7XHllBSh5dM3PMuCoqEIye3yYHywlV8Asjg0xgdh3HnTklmidsYqSZPbpDO3rIroA\" target=\"_blank\" rel=\"noreferrer noopener\">Curr\u00edculo Lattes<\/a><\/p>\n\n\n\n<figure class=\"wp-block-image is-resized\"><img decoding=\"async\" src=\"https:\/\/ppgsc.uea.edu.br\/wp-content\/uploads\/2022\/01\/Prof.-Dr.-Horacio-Federico-Sivori.png\" alt=\"Prof. Dr. Horacio Federico S\u00edvori \" class=\"wp-image-275038\" style=\"width:213px;height:auto\"\/><\/figure>\n\n\n\n<h4 class=\"wp-block-heading\">Prof. Dr. Horacio Federico S\u00edvori<\/h4>\n\n\n\n<p><a href=\"http:\/\/lattes.cnpq.br\/4874754171896904\" target=\"_blank\" rel=\"noreferrer noopener\">Curr\u00edculo Lattes<\/a><\/p>\n\n\n\n<figure class=\"wp-block-image is-resized\"><img decoding=\"async\" src=\"https:\/\/ppgsc.uea.edu.br\/wp-content\/uploads\/2022\/04\/WhatsApp-Image-2022-04-26-at-18.42.14.jpeg\" alt=\"Prof. Dra. Munique Therense\" class=\"wp-image-275161\" style=\"width:208px;height:auto\"\/><\/figure>\n\n\n\n<h4 class=\"wp-block-heading\">Prof. Dra. Munique Therense<\/h4>\n\n\n\n<p><a href=\"http:\/\/lattes.cnpq.br\/8420017702244546\" target=\"_blank\" rel=\"noreferrer noopener\">Curr\u00edculo Lattes<\/a><\/p>\n\n\n\n<figure class=\"wp-block-image is-resized\"><img decoding=\"async\" src=\"https:\/\/ppgsc.uea.edu.br\/wp-content\/uploads\/2022\/01\/Profa.-Dra.-Samia-Feitosa-Miguez.png\" alt=\"Profa. Dra. S\u00e2mia Feitosa Miguez \" class=\"wp-image-275041\" style=\"width:210px;height:auto\"\/><\/figure>\n\n\n\n<h4 class=\"wp-block-heading\">Profa. Dra. S\u00e2mia Feitosa Miguez<\/h4>\n\n\n\n<p><a href=\"http:\/\/lattes.cnpq.br\/9726230226963948\" target=\"_blank\" rel=\"noreferrer noopener\">Curr\u00edculo Lattes<\/a><\/p>\n\n\n\n<figure class=\"wp-block-image is-resized\"><img decoding=\"async\" src=\"https:\/\/ppgsc.uea.edu.br\/wp-content\/uploads\/2022\/04\/Untitled-1.jpg\" alt=\"Profa. Dra. Socorro de F\u00e1tima Moraes Nina\" class=\"wp-image-275192\" style=\"width:215px;height:auto\"\/><\/figure>\n\n\n\n<h4 class=\"wp-block-heading\">Profa. Dra. Socorro de F\u00e1tima Moraes Nina<\/h4>\n\n\n\n<p><a href=\"http:\/\/lattes.cnpq.br\/3860447010896288\" target=\"_blank\" rel=\"noreferrer noopener\">Curr\u00edculo Lattes<\/a><\/p>\n\n\n\n<figure class=\"wp-block-image is-resized\"><img decoding=\"async\" src=\"https:\/\/ppgsc.uea.edu.br\/wp-content\/uploads\/2024\/07\/Design-sem-nome-40.png\" alt=\"Profa. Dra. Priscila Freire Rodrigues\" class=\"wp-image-278235\" style=\"width:217px;height:auto\"\/><\/figure>\n\n\n\n<h4 class=\"wp-block-heading\">Profa. Dra. Priscila Freire Rodrigues<\/h4>\n\n\n\n<p><a href=\"http:\/\/lattes.cnpq.br\/1220838182266315\">Curr\u00edculo Lattes<\/a><\/p>\n\n\n\n<figure class=\"wp-block-image is-resized\"><img decoding=\"async\" src=\"https:\/\/ppgsc.uea.edu.br\/wp-content\/uploads\/2022\/01\/Profa.-Dra.-Sonia-Maria-Lemos.png\" alt=\"Profa. Dra. S\u00f4nia Maria Lemos \" class=\"wp-image-275042\" style=\"width:209px;height:auto\"\/><\/figure>\n\n\n\n<h4 class=\"wp-block-heading\">Profa. Dra. S\u00f4nia Maria Lemos<\/h4>\n\n\n\n<p><a href=\"http:\/\/lattes.cnpq.br\/1061333513067009\" target=\"_blank\" rel=\"noreferrer noopener\">Curr\u00edculo Lattes<\/a><\/p>\n<\/div><\/div><\/div>\n<\/div><\/div>\n\n\n\n<div class=\"wp-block-stackable-spacer stk-block-spacer stk--no-padding stk-block stk-bf33017\" data-block-id=\"bf33017\"><style>.stk-bf33017 {height:130px !important;}@media screen and (max-width:999px){.stk-bf33017 {height:70px !important;}}<\/style><\/div>\n\n\n\n<div class=\"wp-block-stackable-columns alignfull stk-block-columns stk-block stk-80ce3af stk-block-background stk--has-background-overlay\" data-block-id=\"80ce3af\"><style>.stk-80ce3af {background-color:linear-gradient(180deg, #ffffff 50%, var(--theme-palette-color-4, #102136) 50%) !important;margin-bottom:0px !important;}.stk-80ce3af:before{background-image:linear-gradient(180deg, #ffffff 50%, var(--theme-palette-color-4, #102136) 50%) !important;}<\/style><div class=\"stk-row stk-inner-blocks stk-block-content stk-content-align stk-80ce3af-column\"><\/div><\/div>\n\n\n\n<p><\/p>\n","protected":false},"excerpt":{"rendered":"<p>Corpo Docente Linha de pesquisa 1: Distribui\u00e7\u00e3o e determina\u00e7\u00e3o dos agravos em sa\u00fade na regi\u00e3o amaz\u00f4nica Profa. Dra. Alessandra Valle Salino Curr\u00edculo Lattes Profa. Dra. Camila Helena Aguiar B\u00f4tto de Menezes Curr\u00edculo Lattes Prof. Dr. Cleber Lopes Campelo Curr\u00edculo Lattes Prof. Dr. Guilherme Loureiro Werneck Curr\u00edculo Lattes Prof. Dr. Fernando Jos\u00e9 Herkrath Curr\u00edculo Lattes Prof. [&hellip;]<\/p>\n","protected":false},"author":1,"featured_media":0,"parent":0,"menu_order":0,"comment_status":"closed","ping_status":"closed","template":"","meta":{"footnotes":""},"class_list":["post-723","page","type-page","status-publish","hentry"],"blocksy_meta":{"page_title_panel":"","has_hero_section":"disabled","fe1c64ab89945cda534f4bb2d579ae1a":"","hero_section":"type-1","hero_elements":[{"id":"custom_title","enabled":true,"heading_tag":"h1","title":"Home"},{"id":"custom_description","enabled":true,"description_visibility":{"desktop":true,"tablet":true,"mobile":false}},{"id":"custom_meta","enabled":false,"meta_elements":[{"id":"author","enabled":true,"label":"By","has_author_avatar":"yes","avatar_size":25},{"id":"post_date","enabled":true,"label":"On","date_format_source":"default","date_format":"M j, Y"},{"id":"updated_date","enabled":false,"label":"On","date_format_source":"default","date_format":"M j, Y"},{"id":"categories","enabled":false,"label":"In","style":"simple"},{"id":"comments","enabled":true}],"page_meta_elements":{"joined":true,"articles_count":true,"comments":true}},{"id":"breadcrumbs","enabled":false}],"433b02732bec8d55ec282f00a9a700eb":"","hero_alignment1":"CT_CSS_SKIP_RULE","hero_margin":40,"hero_alignment2":"center","hero_vertical_alignment":"center","fdbb34d69d6afe2394c07d96c9ea0b60":"","hero_structure":"narrow","cb306aece5e91b9a44875e4a81075440":"","page_title_bg_type":"featured_image","custom_hero_background":{"attachment_id":null},"page_title_image_size":"full","parallax":{"desktop":false,"tablet":false,"mobile":false},"034bc954f3c533bc75ffdf62670c8395":"","hero_height":"250px","pageTitleFont":{"family":"Default","variation":"Default","size":"30px","line-height":"CT_CSS_SKIP_RULE","letter-spacing":"CT_CSS_SKIP_RULE","text-transform":"CT_CSS_SKIP_RULE","text-decoration":"CT_CSS_SKIP_RULE"},"pageTitleFontColor":{"default":{"color":"CT_CSS_SKIP_RULEDEFAULT"}},"pageMetaFont":{"family":"Default","variation":"n6","size":"12px","line-height":"1.3","letter-spacing":"CT_CSS_SKIP_RULE","text-transform":"uppercase","text-decoration":"CT_CSS_SKIP_RULE"},"pageMetaFontColor":{"default":{"color":"CT_CSS_SKIP_RULEDEFAULT"},"hover":{"color":"CT_CSS_SKIP_RULEDEFAULT"}},"page_meta_button_type_font_colors":{"default":{"color":"CT_CSS_SKIP_RULEDEFAULT"},"hover":{"color":"CT_CSS_SKIP_RULEDEFAULT"}},"page_meta_button_type_background_colors":{"default":{"color":"CT_CSS_SKIP_RULEDEFAULT"},"hover":{"color":"CT_CSS_SKIP_RULEDEFAULT"}},"pageExcerptFont":{"family":"Default","variation":"Default","size":"CT_CSS_SKIP_RULE","line-height":"CT_CSS_SKIP_RULE","letter-spacing":"CT_CSS_SKIP_RULE","text-transform":"CT_CSS_SKIP_RULE","text-decoration":"CT_CSS_SKIP_RULE"},"pageExcerptColor":{"default":{"color":"CT_CSS_SKIP_RULEDEFAULT"}},"breadcrumbsFont":{"family":"Default","variation":"Default","size":"CT_CSS_SKIP_RULE","line-height":"CT_CSS_SKIP_RULE","letter-spacing":"CT_CSS_SKIP_RULE","text-transform":"CT_CSS_SKIP_RULE","text-decoration":"CT_CSS_SKIP_RULE"},"breadcrumbsFontColor":{"default":{"color":"CT_CSS_SKIP_RULEDEFAULT"},"initial":{"color":"CT_CSS_SKIP_RULEDEFAULT"},"hover":{"color":"CT_CSS_SKIP_RULEDEFAULT"}},"pageTitleOverlay":{"background_type":"color","background_pattern":"type-1","background_image":{"attachment_id":null,"x":0,"y":0},"gradient":"linear-gradient(135deg,rgba(6,147,227,1) 0%,rgb(155,81,224) 100%)","background_repeat":"repeat","background_size":"auto","background_attachment":"scroll","patternColor":{"default":{"color":"#e5e7ea"}},"overlayColor":{"default":{"color":"CT_CSS_SKIP_RULE"}},"backgroundColor":{"default":{"color":"CT_CSS_SKIP_RULE"}}},"pageTitleBackground":{"background_type":"color","background_pattern":"type-1","background_image":{"attachment_id":null,"x":0,"y":0},"gradient":"linear-gradient(135deg,rgba(6,147,227,1) 0%,rgb(155,81,224) 100%)","background_repeat":"repeat","background_size":"auto","background_attachment":"scroll","patternColor":{"default":{"color":"#e5e7ea"}},"overlayColor":{"default":{"color":"CT_CSS_SKIP_RULE"}},"backgroundColor":{"default":{"color":"var(--theme-palette-color-6)"}}},"pageTitlePadding":{"top":"50px","bottom":"50px","left":"auto","right":"auto","linked":true},"12e455f30de1d15aed0effbbb6f951bf":"","page_structure_type":"default","f474d2f3ad69b4e64f52dac0a3aa2bb2":"","content_style_source":"inherit","content_style":"wide","vertical_spacing_source":"custom","content_area_spacing":"none","background":{"background_type":"color","background_pattern":"type-1","background_image":{"attachment_id":null,"x":0,"y":0},"gradient":"linear-gradient(135deg,rgba(6,147,227,1) 0%,rgb(155,81,224) 100%)","background_repeat":"repeat","background_size":"auto","background_attachment":"scroll","patternColor":{"default":{"color":"#e5e7ea"}},"overlayColor":{"default":{"color":"CT_CSS_SKIP_RULE"}},"backgroundColor":{"default":{"color":"CT_CSS_SKIP_RULE"}}},"content_background":{"background_type":"color","background_pattern":"type-1","background_image":{"attachment_id":null,"x":0,"y":0},"gradient":"linear-gradient(135deg,rgba(6,147,227,1) 0%,rgb(155,81,224) 100%)","background_repeat":"repeat","background_size":"auto","background_attachment":"scroll","patternColor":{"default":{"color":"#e5e7ea"}},"overlayColor":{"default":{"color":"CT_CSS_SKIP_RULE"}},"backgroundColor":{"default":{"color":"var(--theme-palette-color-8)"}}},"content_boxed_shadow":{"inherit":false,"blur":18,"spread":-6,"v_offset":12,"h_offset":0,"inset":false,"enable":true,"color":{"color":"rgba(34, 56, 101, 0.04)"}},"content_boxed_border":{"width":1,"style":"none","color":{"color":"rgba(44,62,80,0.2)"}},"content_boxed_radius":{"top":"3px","bottom":"3px","left":"3px","right":"3px","linked":true},"boxed_content_spacing":{"desktop":{"top":"40px","bottom":"40px","left":"40px","right":"40px","linked":true},"tablet":{"top":"35px","bottom":"35px","left":"35px","right":"35px","linked":true},"mobile":{"top":"20px","bottom":"20px","left":"20px","right":"20px","linked":true}},"fca9f1d1c7aa58a4b21dd78357f6373e":"","disable_featured_image":"no","disable_share_box":"no","disable_header":"no","disable_footer":"no","styles_descriptor":{"styles":{"desktop":"","tablet":"","mobile":""},"google_fonts":[],"version":6}},"_links":{"self":[{"href":"http:\/\/posgraduacao.uea.edu.br\/ppgsc\/index.php\/wp-json\/wp\/v2\/pages\/723","targetHints":{"allow":["GET"]}}],"collection":[{"href":"http:\/\/posgraduacao.uea.edu.br\/ppgsc\/index.php\/wp-json\/wp\/v2\/pages"}],"about":[{"href":"http:\/\/posgraduacao.uea.edu.br\/ppgsc\/index.php\/wp-json\/wp\/v2\/types\/page"}],"author":[{"embeddable":true,"href":"http:\/\/posgraduacao.uea.edu.br\/ppgsc\/index.php\/wp-json\/wp\/v2\/users\/1"}],"replies":[{"embeddable":true,"href":"http:\/\/posgraduacao.uea.edu.br\/ppgsc\/index.php\/wp-json\/wp\/v2\/comments?post=723"}],"version-history":[{"count":3,"href":"http:\/\/posgraduacao.uea.edu.br\/ppgsc\/index.php\/wp-json\/wp\/v2\/pages\/723\/revisions"}],"predecessor-version":[{"id":967,"href":"http:\/\/posgraduacao.uea.edu.br\/ppgsc\/index.php\/wp-json\/wp\/v2\/pages\/723\/revisions\/967"}],"wp:attachment":[{"href":"http:\/\/posgraduacao.uea.edu.br\/ppgsc\/index.php\/wp-json\/wp\/v2\/media?parent=723"}],"curies":[{"name":"wp","href":"https:\/\/api.w.org\/{rel}","templated":true}]}}