{"id":727,"date":"2025-01-15T05:17:04","date_gmt":"2025-01-15T08:17:04","guid":{"rendered":"https:\/\/posgraduacao.uea.edu.br\/ppgsc\/?page_id=727"},"modified":"2025-08-21T15:10:21","modified_gmt":"2025-08-21T18:10:21","slug":"autoavaliacao","status":"publish","type":"page","link":"http:\/\/posgraduacao.uea.edu.br\/ppgsc\/index.php\/autoavaliacao\/","title":{"rendered":"Autoavalia\u00e7\u00e3o"},"content":{"rendered":"\n<div class=\"wp-block-stackable-columns alignfull stk-block-columns stk-block stk-51b2b12 stk-block-background stk--has-background-overlay\" data-block-id=\"51b2b12\"><style>.stk-51b2b12 .stk--block-align-51b2b12{align-items:center !important;}.stk-51b2b12 {background-color:linear-gradient(-225deg, #E3FDF5 0%, #FFE6FA 100%) !important;background-image:url(http:\/\/posgraduacao.uea.edu.br\/ppgsc\/wp-content\/uploads\/2025\/03\/Design-sem-nome-3.png) !important;background-position:bottom center !important;background-repeat:no-repeat !important;background-size:cover !important;padding-top:300px !important;padding-bottom:200px !important;margin-bottom:0px !important;}.stk-51b2b12:before{opacity:0.8 !important;mix-blend-mode:multiply !important;background-image:linear-gradient(-225deg, #E3FDF5 0%, #FFE6FA 100%) !important;}.stk-51b2b12-column{--stk-column-gap:35px !important;row-gap:35px !important;}@media screen and (max-width:999px){.stk-51b2b12 {padding-top:250px !important;padding-bottom:150px !important;}}@media screen and (max-width:689px){.stk-51b2b12 {padding-top:150px !important;padding-bottom:100px !important;}}<\/style><div class=\"stk-row stk-inner-blocks stk--block-align-51b2b12 stk-block-content stk-content-align stk-51b2b12-column\">\n<div class=\"wp-block-stackable-column stk-block-column stk-column stk-block stk-3a43e6b\" data-v=\"4\" data-block-id=\"3a43e6b\"><style>.stk-3a43e6b-container{margin-top:0px !important;margin-right:0px !important;margin-bottom:0px !important;margin-left:0px !important;}<\/style><div class=\"stk-column-wrapper stk-block-column__content stk-container stk-3a43e6b-container stk--no-background stk--no-padding\"><div class=\"has-text-align-center-mobile stk-block-content stk-inner-blocks stk-3a43e6b-inner-blocks\">\n<div class=\"wp-block-stackable-heading stk-block-heading stk-block-heading--v2 stk-block stk-7225c59\" id=\"autoavaliacao\" data-block-id=\"7225c59\"><style>.stk-7225c59 {margin-bottom:10px !important;}.stk-7225c59 .stk-block-heading__text{font-size:45px !important;color:var(--theme-palette-color-8, #ffffff) !important;line-height:1.3em !important;font-weight:800 !important;}@media screen and (max-width:999px){.stk-7225c59 .stk-block-heading__text{font-size:40px !important;}}@media screen and (max-width:689px){.stk-7225c59 .stk-block-heading__text{font-size:30px !important;}}<\/style><h2 class=\"stk-block-heading__text has-text-color has-text-align-center\">Autoavalia\u00e7\u00e3o<\/h2><\/div>\n<\/div><\/div><\/div>\n<\/div><\/div>\n\n\n\n<div class=\"wp-block-stackable-spacer stk-block-spacer stk--no-padding stk-block stk-b2c1613\" data-block-id=\"b2c1613\"><style>.stk-b2c1613 {height:130px !important;}@media screen and (max-width:999px){.stk-b2c1613 {height:70px !important;}}<\/style><\/div>\n\n\n\n<div class=\"wp-block-stackable-columns stk-block-columns stk-block stk-cde3109\" data-block-id=\"cde3109\"><div class=\"stk-row stk-inner-blocks stk-block-content stk-content-align stk-cde3109-column\">\n<div class=\"wp-block-stackable-column stk-block-column stk-column stk-block stk-fad34a6\" data-v=\"4\" data-block-id=\"fad34a6\"><div class=\"stk-column-wrapper stk-block-column__content stk-container stk-fad34a6-container stk--no-background stk--no-padding\"><div class=\"stk-block-content stk-inner-blocks stk-fad34a6-inner-blocks\">\n<div class=\"wp-block-stackable-heading stk-block-heading stk-block-heading--v2 stk-block stk-20d61f4\" data-block-id=\"20d61f4\"><h2 class=\"stk-block-heading__text\"><\/h2><\/div>\n\n\n\n<div class=\"wp-block-stackable-text stk-block-text stk-block stk-a56a5f9\" data-block-id=\"a56a5f9\"><p class=\"stk-block-text__text\"><\/p><\/div>\n\n\n\n<figure class=\"wp-block-image aligncenter size-full\"><img loading=\"lazy\" decoding=\"async\" width=\"700\" height=\"450\" src=\"http:\/\/posgraduacao.uea.edu.br\/ppgsc\/wp-content\/uploads\/2025\/03\/Design-sem-nome-22.png\" alt=\"\" class=\"wp-image-1059\" srcset=\"http:\/\/posgraduacao.uea.edu.br\/ppgsc\/wp-content\/uploads\/2025\/03\/Design-sem-nome-22.png 700w, http:\/\/posgraduacao.uea.edu.br\/ppgsc\/wp-content\/uploads\/2025\/03\/Design-sem-nome-22-300x193.png 300w\" sizes=\"auto, (max-width: 700px) 100vw, 700px\" \/><\/figure>\n\n\n\n<h2 class=\"wp-block-heading\">AutoAvalia\u00e7\u00e3o e Planejamento Estrat\u00e9gico<\/h2>\n\n\n\n<p>A avalia\u00e7\u00e3o institucional interna (autoavalia\u00e7\u00e3o) est\u00e1 inserida no contexto do Sistema Nacional de Avalia\u00e7\u00e3o da Educa\u00e7\u00e3o Superior (Sinaes) que, institu\u00eddo pela Lei n\u00ba 10.861 de 14 de abril de 2004, tem entre suas finalidades a melhoria da qualidade da educa\u00e7\u00e3o superior e a expans\u00e3o da sua oferta.<\/p>\n\n\n\n<p>A autoavalia\u00e7\u00e3o, em conson\u00e2ncia com o Plano de Desenvolvimento Institucional (PDI) da IES, deve ser vista como um processo de autoconhecimento conduzido pela Comiss\u00e3o Pr\u00f3pria de Avalia\u00e7\u00e3o (CPA), mas que envolve todos os atores que atuam na institui\u00e7\u00e3o, a fim de analisar as atividades acad\u00eamicas desenvolvidas. Justamente neste contexto, servi\u00e7os como o&nbsp;<a href=\"https:\/\/hausarbeit-ghostwriter.com\/\">ghostwriter hausarbeit<\/a>&nbsp;podem ser de grande aux\u00edlio para estudantes na elabora\u00e7\u00e3o de trabalhos acad\u00eamicos, como o Hausarbeit, integrando as demandas acad\u00eamicas com rigor e qualidade. \u00c9 um processo de indu\u00e7\u00e3o de qualidade da institui\u00e7\u00e3o, que deve aproveitar os resultados das avalia\u00e7\u00f5es externas e as informa\u00e7\u00f5es coletadas e organizadas a partir do PDI, transformando-os em conhecimento e possibilitando sua apropria\u00e7\u00e3o pelos atores envolvidos. Afinal, as a\u00e7\u00f5es de melhoria a serem implementadas pela institui\u00e7\u00e3o dependem de sua pr\u00f3pria compreens\u00e3o, de seu autoconhecimento.<\/p>\n\n\n\n<p>O processo de auto avalia\u00e7\u00e3o da IES dever\u00e1 ser consolidado no Relat\u00f3rio de Auto avalia\u00e7\u00e3o Institucional, que tem por finalidades fomentar a cultura de avalia\u00e7\u00e3o institucional e subsidiar os processos de avalia\u00e7\u00e3o externa. Para colaborar com as IES nesse processo, a Diretoria de Avalia\u00e7\u00e3o da Educa\u00e7\u00e3o Superior (DAES), do Instituto Nacional de Estudos e Pesquisas Educacionais An\u00edsio Teixeira (INEP), autarquia do Minist\u00e9rio da Educa\u00e7\u00e3o (MEC), com a orienta\u00e7\u00e3o da Comiss\u00e3o Nacional de Avalia\u00e7\u00e3o da Educa\u00e7\u00e3o Superior (CONAES) sugere, a seguir, o roteiro para a elabora\u00e7\u00e3o do Relat\u00f3rio de Auto avalia\u00e7\u00e3o Institucional seguindo a Nota T\u00e9cnica n\u00ba 065 INEP\/DAES\/CONAES de 09 de outubro de 2014.<\/p>\n\n\n\n<h4 class=\"wp-block-heading\">Quadri\u00eanio &#8211; 21\/24<\/h4>\n\n\n\n<h4 class=\"wp-block-heading\">2021<\/h4>\n\n\n\n<p><a href=\"https:\/\/selecao1.uea.edu.br\/?dest=info&amp;selecao=7023\" target=\"_blank\" rel=\"noreferrer noopener\"><span style=\"color: var(--theme-palette-color-8, #ffffff);background-color: var(--theme-palette-color-3, #405A3D)\" class=\"stk-highlight\"><strong>Projeto<\/strong><\/span><\/a><\/p>\n\n\n\n<p><a href=\"https:\/\/selecao1.uea.edu.br\/?dest=info&amp;selecao=7023\" target=\"_blank\" rel=\"noreferrer noopener\"><strong><span style=\"color: var(--theme-palette-color-8, #ffffff);background-color: var(--theme-palette-color-3, #405A3D)\" class=\"stk-highlight\">Relat\u00f3rio<\/span><\/strong><\/a><\/p>\n\n\n\n<h4 class=\"wp-block-heading\">2022<\/h4>\n\n\n\n<p><a href=\"https:\/\/selecao1.uea.edu.br\/?dest=info&amp;selecao=7023\" target=\"_blank\" rel=\"noreferrer noopener\"><span style=\"color: var(--theme-palette-color-8, #ffffff);background-color: var(--theme-palette-color-3, #405A3D)\" class=\"stk-highlight\"><strong>Projeto<\/strong><\/span><\/a><\/p>\n\n\n\n<p><a href=\"https:\/\/selecao1.uea.edu.br\/?dest=info&amp;selecao=7023\" target=\"_blank\" rel=\"noreferrer noopener\"><strong><span style=\"color: var(--theme-palette-color-8, #ffffff);background-color: var(--theme-palette-color-3, #405A3D)\" class=\"stk-highlight\">Relat\u00f3rio<\/span><\/strong><\/a><\/p>\n\n\n\n<h4 class=\"wp-block-heading\">2023<\/h4>\n\n\n\n<p><a href=\"https:\/\/selecao1.uea.edu.br\/?dest=info&amp;selecao=7023\" target=\"_blank\" rel=\"noreferrer noopener\"><strong><span style=\"color: var(--theme-palette-color-8, #ffffff);background-color: var(--theme-palette-color-3, #405A3D)\" class=\"stk-highlight\">Projeto<\/span><\/strong><\/a><\/p>\n\n\n\n<p><a href=\"https:\/\/selecao1.uea.edu.br\/?dest=info&amp;selecao=7023\" target=\"_blank\" rel=\"noreferrer noopener\"><strong><span style=\"color: var(--theme-palette-color-8, #ffffff);background-color: var(--theme-palette-color-3, #405A3D)\" class=\"stk-highlight\">Relat\u00f3rio<\/span><\/strong><\/a><\/p>\n\n\n\n<h4 class=\"wp-block-heading\">2024<\/h4>\n\n\n\n<p><a href=\"https:\/\/selecao1.uea.edu.br\/?dest=info&amp;selecao=7023\" target=\"_blank\" rel=\"noreferrer noopener\"><strong><span style=\"color: var(--theme-palette-color-8, #ffffff);background-color: var(--theme-palette-color-3, #405A3D)\" class=\"stk-highlight\">Projeto<\/span><\/strong><\/a><\/p>\n\n\n\n<p><a href=\"https:\/\/selecao1.uea.edu.br\/?dest=info&amp;selecao=7023\" target=\"_blank\" rel=\"noreferrer noopener\"><strong><span style=\"color: var(--theme-palette-color-8, #ffffff);background-color: var(--theme-palette-color-3, #405A3D)\" class=\"stk-highlight\">Relat\u00f3rio<\/span><\/strong><\/a><\/p>\n<\/div><\/div><\/div>\n<\/div><\/div>\n\n\n\n<div class=\"wp-block-stackable-columns alignfull stk-block-columns stk-block stk-80ce3af stk-block-background stk--has-background-overlay\" data-block-id=\"80ce3af\"><style>.stk-80ce3af {background-color:linear-gradient(180deg, #ffffff 50%, var(--theme-palette-color-4, #102136) 50%) !important;margin-bottom:0px !important;}.stk-80ce3af:before{background-image:linear-gradient(180deg, #ffffff 50%, var(--theme-palette-color-4, #102136) 50%) !important;}<\/style><div class=\"stk-row stk-inner-blocks stk-block-content stk-content-align stk-80ce3af-column\"><\/div><\/div>\n\n\n\n<p><\/p>\n","protected":false},"excerpt":{"rendered":"<p>Autoavalia\u00e7\u00e3o AutoAvalia\u00e7\u00e3o e Planejamento Estrat\u00e9gico A avalia\u00e7\u00e3o institucional interna (autoavalia\u00e7\u00e3o) est\u00e1 inserida no contexto do Sistema Nacional de Avalia\u00e7\u00e3o da Educa\u00e7\u00e3o Superior (Sinaes) que, institu\u00eddo pela Lei n\u00ba 10.861 de 14 de abril de 2004, tem entre suas finalidades a melhoria da qualidade da educa\u00e7\u00e3o superior e a expans\u00e3o da sua oferta. A autoavalia\u00e7\u00e3o, em [&hellip;]<\/p>\n","protected":false},"author":1,"featured_media":0,"parent":0,"menu_order":0,"comment_status":"closed","ping_status":"closed","template":"","meta":{"footnotes":""},"class_list":["post-727","page","type-page","status-publish","hentry"],"blocksy_meta":{"page_title_panel":"","has_hero_section":"disabled","fe1c64ab89945cda534f4bb2d579ae1a":"","hero_section":"type-1","hero_elements":[{"id":"custom_title","enabled":true,"heading_tag":"h1","title":"Home"},{"id":"custom_description","enabled":true,"description_visibility":{"desktop":true,"tablet":true,"mobile":false}},{"id":"custom_meta","enabled":false,"meta_elements":[{"id":"author","enabled":true,"label":"By","has_author_avatar":"yes","avatar_size":25},{"id":"post_date","enabled":true,"label":"On","date_format_source":"default","date_format":"M j, Y"},{"id":"updated_date","enabled":false,"label":"On","date_format_source":"default","date_format":"M j, Y"},{"id":"categories","enabled":false,"label":"In","style":"simple"},{"id":"comments","enabled":true}],"page_meta_elements":{"joined":true,"articles_count":true,"comments":true}},{"id":"breadcrumbs","enabled":false}],"433b02732bec8d55ec282f00a9a700eb":"","hero_alignment1":"CT_CSS_SKIP_RULE","hero_margin":40,"hero_alignment2":"center","hero_vertical_alignment":"center","fdbb34d69d6afe2394c07d96c9ea0b60":"","hero_structure":"narrow","cb306aece5e91b9a44875e4a81075440":"","page_title_bg_type":"featured_image","custom_hero_background":{"attachment_id":null},"page_title_image_size":"full","parallax":{"desktop":false,"tablet":false,"mobile":false},"034bc954f3c533bc75ffdf62670c8395":"","hero_height":"250px","pageTitleFont":{"family":"Default","variation":"Default","size":"30px","line-height":"CT_CSS_SKIP_RULE","letter-spacing":"CT_CSS_SKIP_RULE","text-transform":"CT_CSS_SKIP_RULE","text-decoration":"CT_CSS_SKIP_RULE"},"pageTitleFontColor":{"default":{"color":"CT_CSS_SKIP_RULEDEFAULT"}},"pageMetaFont":{"family":"Default","variation":"n6","size":"12px","line-height":"1.3","letter-spacing":"CT_CSS_SKIP_RULE","text-transform":"uppercase","text-decoration":"CT_CSS_SKIP_RULE"},"pageMetaFontColor":{"default":{"color":"CT_CSS_SKIP_RULEDEFAULT"},"hover":{"color":"CT_CSS_SKIP_RULEDEFAULT"}},"page_meta_button_type_font_colors":{"default":{"color":"CT_CSS_SKIP_RULEDEFAULT"},"hover":{"color":"CT_CSS_SKIP_RULEDEFAULT"}},"page_meta_button_type_background_colors":{"default":{"color":"CT_CSS_SKIP_RULEDEFAULT"},"hover":{"color":"CT_CSS_SKIP_RULEDEFAULT"}},"pageExcerptFont":{"family":"Default","variation":"Default","size":"CT_CSS_SKIP_RULE","line-height":"CT_CSS_SKIP_RULE","letter-spacing":"CT_CSS_SKIP_RULE","text-transform":"CT_CSS_SKIP_RULE","text-decoration":"CT_CSS_SKIP_RULE"},"pageExcerptColor":{"default":{"color":"CT_CSS_SKIP_RULEDEFAULT"}},"breadcrumbsFont":{"family":"Default","variation":"Default","size":"CT_CSS_SKIP_RULE","line-height":"CT_CSS_SKIP_RULE","letter-spacing":"CT_CSS_SKIP_RULE","text-transform":"CT_CSS_SKIP_RULE","text-decoration":"CT_CSS_SKIP_RULE"},"breadcrumbsFontColor":{"default":{"color":"CT_CSS_SKIP_RULEDEFAULT"},"initial":{"color":"CT_CSS_SKIP_RULEDEFAULT"},"hover":{"color":"CT_CSS_SKIP_RULEDEFAULT"}},"pageTitleOverlay":{"background_type":"color","background_pattern":"type-1","background_image":{"attachment_id":null,"x":0,"y":0},"gradient":"linear-gradient(135deg,rgba(6,147,227,1) 0%,rgb(155,81,224) 100%)","background_repeat":"repeat","background_size":"auto","background_attachment":"scroll","patternColor":{"default":{"color":"#e5e7ea"}},"overlayColor":{"default":{"color":"CT_CSS_SKIP_RULE"}},"backgroundColor":{"default":{"color":"CT_CSS_SKIP_RULE"}}},"pageTitleBackground":{"background_type":"color","background_pattern":"type-1","background_image":{"attachment_id":null,"x":0,"y":0},"gradient":"linear-gradient(135deg,rgba(6,147,227,1) 0%,rgb(155,81,224) 100%)","background_repeat":"repeat","background_size":"auto","background_attachment":"scroll","patternColor":{"default":{"color":"#e5e7ea"}},"overlayColor":{"default":{"color":"CT_CSS_SKIP_RULE"}},"backgroundColor":{"default":{"color":"var(--theme-palette-color-6)"}}},"pageTitlePadding":{"top":"50px","bottom":"50px","left":"auto","right":"auto","linked":true},"12e455f30de1d15aed0effbbb6f951bf":"","page_structure_type":"default","f474d2f3ad69b4e64f52dac0a3aa2bb2":"","content_style_source":"inherit","content_style":"wide","vertical_spacing_source":"custom","content_area_spacing":"none","background":{"background_type":"color","background_pattern":"type-1","background_image":{"attachment_id":null,"x":0,"y":0},"gradient":"linear-gradient(135deg,rgba(6,147,227,1) 0%,rgb(155,81,224) 100%)","background_repeat":"repeat","background_size":"auto","background_attachment":"scroll","patternColor":{"default":{"color":"#e5e7ea"}},"overlayColor":{"default":{"color":"CT_CSS_SKIP_RULE"}},"backgroundColor":{"default":{"color":"CT_CSS_SKIP_RULE"}}},"content_background":{"background_type":"color","background_pattern":"type-1","background_image":{"attachment_id":null,"x":0,"y":0},"gradient":"linear-gradient(135deg,rgba(6,147,227,1) 0%,rgb(155,81,224) 100%)","background_repeat":"repeat","background_size":"auto","background_attachment":"scroll","patternColor":{"default":{"color":"#e5e7ea"}},"overlayColor":{"default":{"color":"CT_CSS_SKIP_RULE"}},"backgroundColor":{"default":{"color":"var(--theme-palette-color-8)"}}},"content_boxed_shadow":{"inherit":false,"blur":18,"spread":-6,"v_offset":12,"h_offset":0,"inset":false,"enable":true,"color":{"color":"rgba(34, 56, 101, 0.04)"}},"content_boxed_border":{"width":1,"style":"none","color":{"color":"rgba(44,62,80,0.2)"}},"content_boxed_radius":{"top":"3px","bottom":"3px","left":"3px","right":"3px","linked":true},"boxed_content_spacing":{"desktop":{"top":"40px","bottom":"40px","left":"40px","right":"40px","linked":true},"tablet":{"top":"35px","bottom":"35px","left":"35px","right":"35px","linked":true},"mobile":{"top":"20px","bottom":"20px","left":"20px","right":"20px","linked":true}},"fca9f1d1c7aa58a4b21dd78357f6373e":"","disable_featured_image":"no","disable_share_box":"no","disable_header":"no","disable_footer":"no","styles_descriptor":{"styles":{"desktop":"","tablet":"","mobile":""},"google_fonts":[],"version":6}},"_links":{"self":[{"href":"http:\/\/posgraduacao.uea.edu.br\/ppgsc\/index.php\/wp-json\/wp\/v2\/pages\/727","targetHints":{"allow":["GET"]}}],"collection":[{"href":"http:\/\/posgraduacao.uea.edu.br\/ppgsc\/index.php\/wp-json\/wp\/v2\/pages"}],"about":[{"href":"http:\/\/posgraduacao.uea.edu.br\/ppgsc\/index.php\/wp-json\/wp\/v2\/types\/page"}],"author":[{"embeddable":true,"href":"http:\/\/posgraduacao.uea.edu.br\/ppgsc\/index.php\/wp-json\/wp\/v2\/users\/1"}],"replies":[{"embeddable":true,"href":"http:\/\/posgraduacao.uea.edu.br\/ppgsc\/index.php\/wp-json\/wp\/v2\/comments?post=727"}],"version-history":[{"count":7,"href":"http:\/\/posgraduacao.uea.edu.br\/ppgsc\/index.php\/wp-json\/wp\/v2\/pages\/727\/revisions"}],"predecessor-version":[{"id":1199,"href":"http:\/\/posgraduacao.uea.edu.br\/ppgsc\/index.php\/wp-json\/wp\/v2\/pages\/727\/revisions\/1199"}],"wp:attachment":[{"href":"http:\/\/posgraduacao.uea.edu.br\/ppgsc\/index.php\/wp-json\/wp\/v2\/media?parent=727"}],"curies":[{"name":"wp","href":"https:\/\/api.w.org\/{rel}","templated":true}]}}