{"id":729,"date":"2025-01-15T05:19:27","date_gmt":"2025-01-15T08:19:27","guid":{"rendered":"https:\/\/posgraduacao.uea.edu.br\/ppgsc\/?page_id=729"},"modified":"2025-03-28T14:16:48","modified_gmt":"2025-03-28T17:16:48","slug":"grupos-de-pesquisa","status":"publish","type":"page","link":"http:\/\/posgraduacao.uea.edu.br\/ppgsc\/index.php\/grupos-de-pesquisa\/","title":{"rendered":"Grupos de Pesquisa"},"content":{"rendered":"\n<div class=\"wp-block-stackable-columns alignfull stk-block-columns stk-block stk-51b2b12 stk-block-background stk--has-background-overlay\" data-block-id=\"51b2b12\"><style>.stk-51b2b12 .stk--block-align-51b2b12{align-items:center !important;}.stk-51b2b12 {background-color:linear-gradient(-225deg, #E3FDF5 0%, #FFE6FA 100%) !important;background-image:url(http:\/\/posgraduacao.uea.edu.br\/ppgsc\/wp-content\/uploads\/2025\/03\/Design-sem-nome-3.png) !important;background-position:bottom center !important;background-repeat:no-repeat !important;background-size:cover !important;padding-top:300px !important;padding-bottom:200px !important;margin-bottom:0px !important;}.stk-51b2b12:before{opacity:0.8 !important;mix-blend-mode:multiply !important;background-image:linear-gradient(-225deg, #E3FDF5 0%, #FFE6FA 100%) !important;}.stk-51b2b12-column{--stk-column-gap:35px !important;row-gap:35px !important;}@media screen and (max-width:999px){.stk-51b2b12 {padding-top:250px !important;padding-bottom:150px !important;}}@media screen and (max-width:689px){.stk-51b2b12 {padding-top:150px !important;padding-bottom:100px !important;}}<\/style><div class=\"stk-row stk-inner-blocks stk--block-align-51b2b12 stk-block-content stk-content-align stk-51b2b12-column\">\n<div class=\"wp-block-stackable-column stk-block-column stk-column stk-block stk-3a43e6b\" data-v=\"4\" data-block-id=\"3a43e6b\"><style>.stk-3a43e6b-container{margin-top:0px !important;margin-right:0px !important;margin-bottom:0px !important;margin-left:0px !important;}<\/style><div class=\"stk-column-wrapper stk-block-column__content stk-container stk-3a43e6b-container stk--no-background stk--no-padding\"><div class=\"has-text-align-center-mobile stk-block-content stk-inner-blocks stk-3a43e6b-inner-blocks\">\n<div class=\"wp-block-stackable-heading stk-block-heading stk-block-heading--v2 stk-block stk-7225c59\" id=\"grupos-de-pesquisa\" data-block-id=\"7225c59\"><style>.stk-7225c59 {margin-bottom:10px !important;}.stk-7225c59 .stk-block-heading__text{font-size:45px !important;color:var(--theme-palette-color-8, #ffffff) !important;line-height:1.3em !important;font-weight:800 !important;}@media screen and (max-width:999px){.stk-7225c59 .stk-block-heading__text{font-size:40px !important;}}@media screen and (max-width:689px){.stk-7225c59 .stk-block-heading__text{font-size:30px !important;}}<\/style><h2 class=\"stk-block-heading__text has-text-color has-text-align-center\">Grupos de Pesquisa<\/h2><\/div>\n<\/div><\/div><\/div>\n<\/div><\/div>\n\n\n\n<div class=\"wp-block-stackable-spacer stk-block-spacer stk--no-padding stk-block stk-b2c1613\" data-block-id=\"b2c1613\"><style>.stk-b2c1613 {height:130px !important;}@media screen and (max-width:999px){.stk-b2c1613 {height:70px !important;}}<\/style><\/div>\n\n\n\n<div class=\"wp-block-stackable-columns stk-block-columns stk-block stk-cde3109\" data-block-id=\"cde3109\"><div class=\"stk-row stk-inner-blocks stk-block-content stk-content-align stk-cde3109-column\">\n<div class=\"wp-block-stackable-column stk-block-column stk-column stk-block stk-fad34a6\" data-v=\"4\" data-block-id=\"fad34a6\"><div class=\"stk-column-wrapper stk-block-column__content stk-container stk-fad34a6-container stk--no-background stk--no-padding\"><div class=\"stk-block-content stk-inner-blocks stk-fad34a6-inner-blocks\">\n<div class=\"wp-block-stackable-heading stk-block-heading stk-block-heading--v2 stk-block stk-20d61f4\" data-block-id=\"20d61f4\"><h2 class=\"stk-block-heading__text\"><\/h2><\/div>\n\n\n\n<div class=\"wp-block-stackable-text stk-block-text stk-block stk-a56a5f9\" data-block-id=\"a56a5f9\"><p class=\"stk-block-text__text\">N\u00facleo de Estudos Psicossociais sobre Direitos Humanos e Sa\u00fade &#8211; NEPDS<\/p><\/div>\n\n\n\n<p><a href=\"epsicouea.com.br\">epsicouea.com.br<\/a><\/p>\n\n\n\n<p>O NEPDS encontra-se vinculado ao Programa de P\u00f3s-Gradua\u00e7\u00e3o em Sa\u00fade Coletiva, Programa de P\u00f3s-Gradua\u00e7\u00e3o em Seguran\u00e7a P\u00fablica Cidadania e Direitos Humanos e ao Espa\u00e7o de Atendimento Psicossocial (EPSICO). As a\u00e7\u00f5es de ensino, pesquisa e extens\u00e3o desenvolvidas pelo n\u00facleo est\u00e3o comprometidas com a produ\u00e7\u00e3o de conhecimentos e de metodologias de interven\u00e7\u00e3o profissional na perspectiva psicossocial. \u00c9 importante ressaltar que as pesquisas realizadas por este grupo se justificam, n\u00e3o s\u00f3 por suas contribui\u00e7\u00f5es epistemol\u00f3gicas, mas tamb\u00e9m pelas contribui\u00e7\u00f5es sociais nas desconstru\u00e7\u00f5es de enquadres aos sujeitos, que sustentam pr\u00e1ticas excludentes que inviabilizam a compreens\u00e3o cr\u00edtica e complexa da sa\u00fade, educa\u00e7\u00e3o e seus aspectos psicossociais.<\/p>\n\n\n\n<p>Docentes do Programa:<br><a href=\"http:\/\/lattes.cnpq.br\/7409149733046445\" target=\"_blank\" rel=\"noreferrer noopener\">\u2013 Andr\u00e9 Luiz Machado das Neves (L\u00edder)&nbsp;<\/a><\/p>\n\n\n\n<h4 class=\"wp-block-heading\">N\u00facleo Interdisciplinar de Sa\u00fade e Ambiente na Amaz\u00f4nia &#8211; NISA<\/h4>\n\n\n\n<p>dgp.cnpq.br\/dgp\/espelhogrupo\/2986976735175137<\/p>\n\n\n\n<p>O PIRACEMA\/NISA \u2013 N\u00facleo Interdisciplinar de Sa\u00fade e Ambiente \u00e9 formado por docentes da Escola Superior de Ci\u00eancias da Sa\u00fade da Universidade do Estado do Amazonas. Foi criado objetivando: produzir e disseminar conhecimentos articulados ao ensino, pesquisa e extens\u00e3o; fortalecer a singularidade dos saberes produzidos na Amaz\u00f4nia; fortalecer a interlocu\u00e7\u00e3o entre sa\u00fade e ambiente. S\u00e3o explorados di\u00e1logos e t\u00e9cnicas interdisciplinares, mediante triangula\u00e7\u00f5es metodol\u00f3gicas das abordagens qualitativa e quantitativa. Suas linhas de pesquisa s\u00e3o 1) Diversidade e Desigualdade Socioambiental na Sa\u00fade; 2) Sa\u00fade, Trabalho e Subjetividade no cotidiano amaz\u00f4nico; 3) Aspectos psicossociais e popula\u00e7\u00f5es tradicionais na Amaz\u00f4nia. Al\u00e9m dessas linhas, pretende-se estabelecer parcerias com outros grupos e institui\u00e7\u00f5es para o fortalecimento do campo de sa\u00fade e ambiente na Amaz\u00f4nia.<\/p>\n\n\n\n<p>Docentes do Programa:<br>\u2013&nbsp;<a href=\"http:\/\/lattes.cnpq.br\/9726230226963948\" target=\"_blank\" rel=\"noreferrer noopener\">S\u00e2mia Feitosa Miguez (L\u00edder)<\/a><br>\u2013&nbsp;<a href=\"http:\/\/lattes.cnpq.br\/5840346413537531\" target=\"_blank\" rel=\"noreferrer noopener\">Roseni Pinheiro&nbsp;<\/a><\/p>\n\n\n\n<h4 class=\"wp-block-heading\">Laborat\u00f3rio de Pesquisa em Promo\u00e7\u00e3o e Educa\u00e7\u00e3o em Sa\u00fade \u2013 LAPPES<\/h4>\n\n\n\n<p>dgp.cnpq.br\/dgp\/espelhogrupo\/3220268019159437<\/p>\n\n\n\n<p>O grupo de pesquisa em promo\u00e7\u00e3o e Educa\u00e7\u00e3o em Sa\u00fade, al\u00e9m de contar com a expertise de docentes e alunos da Escola Superior de Ci\u00eancias da Sa\u00fade da Universidade do Estado do Amazonas, oferece tamb\u00e9m uma ferramenta adicional para aqueles que buscam apoio acad\u00eamico especializado. Para os estudantes envolvidos em complexas pesquisas ou necessitados de aux\u00edlio na elabora\u00e7\u00e3o de suas hausarbeiten (trabalhos acad\u00eamicos), existe a possibilidade de solicitar servi\u00e7os especializados como \u201c<a href=\"https:\/\/hausarbeit-schreiben.com\/\">hausarbeit schreiben lassen<\/a>\u201c, que oferece suporte na escrita de trabalhos de curso, garantindo uma contribui\u00e7\u00e3o valiosa para a qualidade e a profundidade das investiga\u00e7\u00f5es acad\u00eamicas. Essa colabora\u00e7\u00e3o \u00e9 vital para a dissemina\u00e7\u00e3o de conhecimentos atrav\u00e9s das atividades de pesquisa e extens\u00e3o, fortalecendo assim o campo interdisciplinar da sa\u00fade p\u00fablica e educa\u00e7\u00e3o em sa\u00fade. As linhas de pesquisa do grupo abrangem desde a avalia\u00e7\u00e3o e an\u00e1lise de pol\u00edticas p\u00fablicas at\u00e9 a aten\u00e7\u00e3o \u00e0 sa\u00fade de grupos sociais em condi\u00e7\u00f5es de vulnerabilidade.<\/p>\n\n\n\n<p>Docentes do programa:<br>\u2013<a href=\"http:\/\/lattes.cnpq.br\/7048020974666865\" target=\"_blank\" rel=\"noreferrer noopener\">&nbsp;Giane Zupellari dos Santos Melo \u2013 L\u00edder&nbsp;<\/a><br>\u2013&nbsp;<a href=\"http:\/\/lattes.cnpq.br\/1061333513067009\" target=\"_blank\" rel=\"noreferrer noopener\">S\u00f4nia Maria Lemos&nbsp;<\/a><\/p>\n<\/div><\/div><\/div>\n<\/div><\/div>\n\n\n\n<div class=\"wp-block-stackable-spacer stk-block-spacer stk--no-padding stk-block stk-bf33017\" data-block-id=\"bf33017\"><style>.stk-bf33017 {height:130px !important;}@media screen and (max-width:999px){.stk-bf33017 {height:70px !important;}}<\/style><\/div>\n\n\n\n<div class=\"wp-block-stackable-columns alignfull stk-block-columns stk-block stk-80ce3af stk-block-background stk--has-background-overlay\" data-block-id=\"80ce3af\"><style>.stk-80ce3af {background-color:linear-gradient(180deg, #ffffff 50%, var(--theme-palette-color-4, #102136) 50%) !important;margin-bottom:0px !important;}.stk-80ce3af:before{background-image:linear-gradient(180deg, #ffffff 50%, var(--theme-palette-color-4, #102136) 50%) !important;}<\/style><div class=\"stk-row stk-inner-blocks stk-block-content stk-content-align stk-80ce3af-column\"><\/div><\/div>\n","protected":false},"excerpt":{"rendered":"<p>Grupos de Pesquisa N\u00facleo de Estudos Psicossociais sobre Direitos Humanos e Sa\u00fade &#8211; NEPDS epsicouea.com.br O NEPDS encontra-se vinculado ao Programa de P\u00f3s-Gradua\u00e7\u00e3o em Sa\u00fade Coletiva, Programa de P\u00f3s-Gradua\u00e7\u00e3o em Seguran\u00e7a P\u00fablica Cidadania e Direitos Humanos e ao Espa\u00e7o de Atendimento Psicossocial (EPSICO). As a\u00e7\u00f5es de ensino, pesquisa e extens\u00e3o desenvolvidas pelo n\u00facleo est\u00e3o comprometidas [&hellip;]<\/p>\n","protected":false},"author":1,"featured_media":0,"parent":0,"menu_order":0,"comment_status":"closed","ping_status":"closed","template":"","meta":{"footnotes":""},"class_list":["post-729","page","type-page","status-publish","hentry"],"blocksy_meta":{"page_title_panel":"","has_hero_section":"disabled","fe1c64ab89945cda534f4bb2d579ae1a":"","hero_section":"type-1","hero_elements":[{"id":"custom_title","enabled":true,"heading_tag":"h1","title":"Home"},{"id":"custom_description","enabled":true,"description_visibility":{"desktop":true,"tablet":true,"mobile":false}},{"id":"custom_meta","enabled":false,"meta_elements":[{"id":"author","enabled":true,"label":"By","has_author_avatar":"yes","avatar_size":25},{"id":"post_date","enabled":true,"label":"On","date_format_source":"default","date_format":"M j, Y"},{"id":"updated_date","enabled":false,"label":"On","date_format_source":"default","date_format":"M j, Y"},{"id":"categories","enabled":false,"label":"In","style":"simple"},{"id":"comments","enabled":true}],"page_meta_elements":{"joined":true,"articles_count":true,"comments":true}},{"id":"breadcrumbs","enabled":false}],"433b02732bec8d55ec282f00a9a700eb":"","hero_alignment1":"CT_CSS_SKIP_RULE","hero_margin":40,"hero_alignment2":"center","hero_vertical_alignment":"center","fdbb34d69d6afe2394c07d96c9ea0b60":"","hero_structure":"narrow","cb306aece5e91b9a44875e4a81075440":"","page_title_bg_type":"featured_image","custom_hero_background":{"attachment_id":null},"page_title_image_size":"full","parallax":{"desktop":false,"tablet":false,"mobile":false},"034bc954f3c533bc75ffdf62670c8395":"","hero_height":"250px","pageTitleFont":{"family":"Default","variation":"Default","size":"30px","line-height":"CT_CSS_SKIP_RULE","letter-spacing":"CT_CSS_SKIP_RULE","text-transform":"CT_CSS_SKIP_RULE","text-decoration":"CT_CSS_SKIP_RULE"},"pageTitleFontColor":{"default":{"color":"CT_CSS_SKIP_RULEDEFAULT"}},"pageMetaFont":{"family":"Default","variation":"n6","size":"12px","line-height":"1.3","letter-spacing":"CT_CSS_SKIP_RULE","text-transform":"uppercase","text-decoration":"CT_CSS_SKIP_RULE"},"pageMetaFontColor":{"default":{"color":"CT_CSS_SKIP_RULEDEFAULT"},"hover":{"color":"CT_CSS_SKIP_RULEDEFAULT"}},"page_meta_button_type_font_colors":{"default":{"color":"CT_CSS_SKIP_RULEDEFAULT"},"hover":{"color":"CT_CSS_SKIP_RULEDEFAULT"}},"page_meta_button_type_background_colors":{"default":{"color":"CT_CSS_SKIP_RULEDEFAULT"},"hover":{"color":"CT_CSS_SKIP_RULEDEFAULT"}},"pageExcerptFont":{"family":"Default","variation":"Default","size":"CT_CSS_SKIP_RULE","line-height":"CT_CSS_SKIP_RULE","letter-spacing":"CT_CSS_SKIP_RULE","text-transform":"CT_CSS_SKIP_RULE","text-decoration":"CT_CSS_SKIP_RULE"},"pageExcerptColor":{"default":{"color":"CT_CSS_SKIP_RULEDEFAULT"}},"breadcrumbsFont":{"family":"Default","variation":"Default","size":"CT_CSS_SKIP_RULE","line-height":"CT_CSS_SKIP_RULE","letter-spacing":"CT_CSS_SKIP_RULE","text-transform":"CT_CSS_SKIP_RULE","text-decoration":"CT_CSS_SKIP_RULE"},"breadcrumbsFontColor":{"default":{"color":"CT_CSS_SKIP_RULEDEFAULT"},"initial":{"color":"CT_CSS_SKIP_RULEDEFAULT"},"hover":{"color":"CT_CSS_SKIP_RULEDEFAULT"}},"pageTitleOverlay":{"background_type":"color","background_pattern":"type-1","background_image":{"attachment_id":null,"x":0,"y":0},"gradient":"linear-gradient(135deg,rgba(6,147,227,1) 0%,rgb(155,81,224) 100%)","background_repeat":"repeat","background_size":"auto","background_attachment":"scroll","patternColor":{"default":{"color":"#e5e7ea"}},"overlayColor":{"default":{"color":"CT_CSS_SKIP_RULE"}},"backgroundColor":{"default":{"color":"CT_CSS_SKIP_RULE"}}},"pageTitleBackground":{"background_type":"color","background_pattern":"type-1","background_image":{"attachment_id":null,"x":0,"y":0},"gradient":"linear-gradient(135deg,rgba(6,147,227,1) 0%,rgb(155,81,224) 100%)","background_repeat":"repeat","background_size":"auto","background_attachment":"scroll","patternColor":{"default":{"color":"#e5e7ea"}},"overlayColor":{"default":{"color":"CT_CSS_SKIP_RULE"}},"backgroundColor":{"default":{"color":"var(--theme-palette-color-6)"}}},"pageTitlePadding":{"top":"50px","bottom":"50px","left":"auto","right":"auto","linked":true},"12e455f30de1d15aed0effbbb6f951bf":"","page_structure_type":"default","f474d2f3ad69b4e64f52dac0a3aa2bb2":"","content_style_source":"inherit","content_style":"wide","vertical_spacing_source":"custom","content_area_spacing":"none","background":{"background_type":"color","background_pattern":"type-1","background_image":{"attachment_id":null,"x":0,"y":0},"gradient":"linear-gradient(135deg,rgba(6,147,227,1) 0%,rgb(155,81,224) 100%)","background_repeat":"repeat","background_size":"auto","background_attachment":"scroll","patternColor":{"default":{"color":"#e5e7ea"}},"overlayColor":{"default":{"color":"CT_CSS_SKIP_RULE"}},"backgroundColor":{"default":{"color":"CT_CSS_SKIP_RULE"}}},"content_background":{"background_type":"color","background_pattern":"type-1","background_image":{"attachment_id":null,"x":0,"y":0},"gradient":"linear-gradient(135deg,rgba(6,147,227,1) 0%,rgb(155,81,224) 100%)","background_repeat":"repeat","background_size":"auto","background_attachment":"scroll","patternColor":{"default":{"color":"#e5e7ea"}},"overlayColor":{"default":{"color":"CT_CSS_SKIP_RULE"}},"backgroundColor":{"default":{"color":"var(--theme-palette-color-8)"}}},"content_boxed_shadow":{"inherit":false,"blur":18,"spread":-6,"v_offset":12,"h_offset":0,"inset":false,"enable":true,"color":{"color":"rgba(34, 56, 101, 0.04)"}},"content_boxed_border":{"width":1,"style":"none","color":{"color":"rgba(44,62,80,0.2)"}},"content_boxed_radius":{"top":"3px","bottom":"3px","left":"3px","right":"3px","linked":true},"boxed_content_spacing":{"desktop":{"top":"40px","bottom":"40px","left":"40px","right":"40px","linked":true},"tablet":{"top":"35px","bottom":"35px","left":"35px","right":"35px","linked":true},"mobile":{"top":"20px","bottom":"20px","left":"20px","right":"20px","linked":true}},"fca9f1d1c7aa58a4b21dd78357f6373e":"","disable_featured_image":"no","disable_share_box":"no","disable_header":"no","disable_footer":"no","styles_descriptor":{"styles":{"desktop":"","tablet":"","mobile":""},"google_fonts":[],"version":6}},"_links":{"self":[{"href":"http:\/\/posgraduacao.uea.edu.br\/ppgsc\/index.php\/wp-json\/wp\/v2\/pages\/729","targetHints":{"allow":["GET"]}}],"collection":[{"href":"http:\/\/posgraduacao.uea.edu.br\/ppgsc\/index.php\/wp-json\/wp\/v2\/pages"}],"about":[{"href":"http:\/\/posgraduacao.uea.edu.br\/ppgsc\/index.php\/wp-json\/wp\/v2\/types\/page"}],"author":[{"embeddable":true,"href":"http:\/\/posgraduacao.uea.edu.br\/ppgsc\/index.php\/wp-json\/wp\/v2\/users\/1"}],"replies":[{"embeddable":true,"href":"http:\/\/posgraduacao.uea.edu.br\/ppgsc\/index.php\/wp-json\/wp\/v2\/comments?post=729"}],"version-history":[{"count":4,"href":"http:\/\/posgraduacao.uea.edu.br\/ppgsc\/index.php\/wp-json\/wp\/v2\/pages\/729\/revisions"}],"predecessor-version":[{"id":980,"href":"http:\/\/posgraduacao.uea.edu.br\/ppgsc\/index.php\/wp-json\/wp\/v2\/pages\/729\/revisions\/980"}],"wp:attachment":[{"href":"http:\/\/posgraduacao.uea.edu.br\/ppgsc\/index.php\/wp-json\/wp\/v2\/media?parent=729"}],"curies":[{"name":"wp","href":"https:\/\/api.w.org\/{rel}","templated":true}]}}