{"id":1475,"date":"2025-06-23T15:25:32","date_gmt":"2025-06-23T19:25:32","guid":{"rendered":"http:\/\/posgraduacao.uea.edu.br\/segurancapublica\/?page_id=1475"},"modified":"2025-08-15T14:56:07","modified_gmt":"2025-08-15T18:56:07","slug":"formularios","status":"publish","type":"page","link":"https:\/\/posgraduacao.uea.edu.br\/segurancapublica\/index.php\/formularios\/","title":{"rendered":"Formul\u00e1rios"},"content":{"rendered":"\n<div class=\"wp-block-stackable-columns alignfull stk-block-columns stk-block stk-51b2b12 stk-block-background stk--has-background-overlay\" data-block-id=\"51b2b12\"><style>.stk-51b2b12 .stk--block-align-51b2b12{align-items:center !important;}.stk-51b2b12 {background-color:linear-gradient(90deg,rgb(17,76,125) 7%,rgb(143,196,107) 100%) !important;background-image:url(http:\/\/posgraduacao.uea.edu.br\/segurancapublica\/wp-content\/uploads\/2025\/01\/Design-sem-nome_20250128_002318_0000.png) !important;background-position:bottom center !important;background-repeat:no-repeat !important;background-size:cover !important;min-height:0px !important;padding-top:150px !important;padding-right:150px !important;padding-bottom:150px !important;padding-left:150px !important;}.stk-51b2b12:before{opacity:0.5 !important;background-image:linear-gradient(90deg,rgb(17,76,125) 7%,rgb(143,196,107) 100%) !important;}.stk-51b2b12-column{--stk-column-gap:35px !important;row-gap:35px !important;}@media screen and (max-width:999px){.stk-51b2b12 {padding-top:250px !important;padding-bottom:150px !important;}}@media screen and (max-width:689px){.stk-51b2b12 {padding-top:150px !important;padding-bottom:100px !important;}}<\/style><div class=\"stk-row stk-inner-blocks stk--block-align-51b2b12 stk-block-content stk-content-align stk-51b2b12-column alignfull\">\n<div class=\"wp-block-stackable-column stk-block-column stk-column stk-block stk-3a43e6b\" data-v=\"4\" data-block-id=\"3a43e6b\"><style>.stk-3a43e6b-container{margin-top:0px !important;margin-right:0px !important;margin-bottom:0px !important;margin-left:0px !important;}<\/style><div class=\"stk-column-wrapper stk-block-column__content stk-container stk-3a43e6b-container stk--no-background stk--no-padding\"><div class=\"has-text-align-center-mobile stk-block-content stk-inner-blocks stk-3a43e6b-inner-blocks\">\n<div class=\"wp-block-stackable-heading stk-block-heading stk-block-heading--v2 stk-block stk-7225c59\" id=\"formularios\" data-block-id=\"7225c59\"><style>.stk-7225c59 {max-width:1500px !important;min-width:auto !important;}.stk-7225c59 .stk-block-heading__text{font-size:45px !important;color:var(--theme-palette-color-8, #ffffff) !important;line-height:1.3em !important;font-weight:800 !important;}@media screen and (max-width:999px){.stk-7225c59 .stk-block-heading__text{font-size:40px !important;}}@media screen and (max-width:689px){.stk-7225c59 .stk-block-heading__text{font-size:30px !important;}}<\/style><h2 class=\"stk-block-heading__text has-text-color has-text-align-center\">Formul\u00e1rios<\/h2><\/div>\n<\/div><\/div><\/div>\n<\/div><\/div>\n\n\n\n<div class=\"wp-block-stackable-spacer stk-block-spacer stk--no-padding stk-block stk-3c428b3\" data-block-id=\"3c428b3\"><style>.stk-3c428b3 {height:50px !important;}@media screen and (max-width:999px){.stk-3c428b3 {height:70px !important;}}<\/style><\/div>\n\n\n\n<div class=\"wp-block-stackable-columns stk-block-columns stk-block stk-2966e9a\" data-block-id=\"2966e9a\"><style>.stk-2966e9a {margin-bottom:10px !important;}@media screen and (max-width:999px){.stk-2966e9a {margin-bottom:8px !important;}}<\/style><div class=\"stk-row stk-inner-blocks stk-block-content stk-content-align stk-2966e9a-column\">\n<div class=\"wp-block-stackable-column stk-block-column stk-column stk-block stk-130a9dc\" data-v=\"4\" data-block-id=\"130a9dc\"><div class=\"stk-column-wrapper stk-block-column__content stk-container stk-130a9dc-container stk--no-background stk--no-padding\"><div class=\"stk-block-content stk-inner-blocks stk-130a9dc-inner-blocks\">\n<div class=\"wp-block-stackable-button-group stk-block-button-group stk-block stk-edac1b0\" data-block-id=\"edac1b0\"><style>.stk-edac1b0 .stk-button-group{flex-direction:row !important;align-items:center !important;}.stk-edac1b0 .stk-block{flex-basis:0 !important;}.stk-edac1b0 .stk-block-button, .stk-edac1b0 .stk-block-icon-button{flex:1 0 0% !important;}@media screen and (max-width:999px){.stk-edac1b0 .stk-button-group{flex-direction:column !important;align-items:stretch !important;}.stk-edac1b0 .stk-block{flex-basis:auto !important;}}<\/style><div class=\"stk-row stk-inner-blocks has-text-align-center-tablet stk-block-content stk-button-group\">\n<div class=\"wp-block-stackable-button stk-block-button stk-block stk-9bb6ada\" data-block-id=\"9bb6ada\"><a class=\"stk-link stk-button stk--hover-effect-darken\" href=\"https:\/\/forms.gle\/fqx9e2qRNmrAWfxA7\" target=\"_blank\" rel=\"noreferrer noopener\"><span class=\"stk-button__inner-text\">Requerimento &#8211; Secretaria do PPGSP<\/span><\/a><\/div>\n\n\n\n<div class=\"wp-block-stackable-button stk-block-button stk-block stk-287497e\" data-block-id=\"287497e\"><a class=\"stk-link stk-button stk--hover-effect-darken\" href=\"https:\/\/forms.gle\/BR9JCMhQtBB1nQJk7\" title=\"Agendamento - Exame de Qualifica\u00e7\u00e3o\" target=\"_blank\" rel=\"noreferrer noopener\"><span class=\"stk-button__inner-text\">Agendamento &#8211; Exame de Qualifica\u00e7\u00e3o<\/span><\/a><\/div>\n\n\n\n<div class=\"wp-block-stackable-button stk-block-button stk-block stk-5006a39\" data-block-id=\"5006a39\"><a class=\"stk-link stk-button stk--hover-effect-darken\" href=\"https:\/\/docs.google.com\/forms\/d\/e\/1FAIpQLSeXnwWc-OwwuXpvxzDfCV3I7RKZWdyveSerOeRnTmHoLGbe_g\/viewform\" title=\"Defesa de Disserta\u00e7\u00e3o\"><span class=\"stk-button__inner-text\">Agendamento &#8211; Defesa de Disserta\u00e7\u00e3o<\/span><\/a><\/div>\n<\/div><\/div>\n<\/div><\/div><\/div>\n<\/div><\/div>\n\n\n\n<div class=\"wp-block-stackable-columns stk-block-columns stk-block stk-7200495\" data-block-id=\"7200495\"><style>.stk-7200495 {margin-bottom:11px !important;}@media screen and (max-width:999px){.stk-7200495 {margin-bottom:8px !important;}}<\/style><div class=\"stk-row stk-inner-blocks stk-block-content stk-content-align stk-7200495-column\">\n<div class=\"wp-block-stackable-column stk-block-column stk-column stk-block stk-dc64b65\" data-v=\"4\" data-block-id=\"dc64b65\"><div class=\"stk-column-wrapper stk-block-column__content stk-container stk-dc64b65-container stk--no-background stk--no-padding\"><div class=\"stk-block-content stk-inner-blocks stk-dc64b65-inner-blocks\">\n<div class=\"wp-block-stackable-button-group stk-block-button-group stk-block stk-6572c16\" data-block-id=\"6572c16\"><style>.stk-6572c16 .stk-button-group{flex-direction:row !important;align-items:center !important;}.stk-6572c16 .stk-block{flex-basis:0 !important;}.stk-6572c16 .stk-block-button, .stk-6572c16 .stk-block-icon-button{flex:1 0 0% !important;}@media screen and (max-width:999px){.stk-6572c16 .stk-button-group{flex-direction:column !important;align-items:stretch !important;}.stk-6572c16 .stk-block{flex-basis:auto !important;}}<\/style><div class=\"stk-row stk-inner-blocks has-text-align-center-tablet stk-block-content stk-button-group\">\n<div class=\"wp-block-stackable-button stk-block-button stk-block stk-30e4fd4\" data-block-id=\"30e4fd4\"><a class=\"stk-link stk-button stk--hover-effect-darken\" href=\"https:\/\/docs.google.com\/forms\/d\/1AzSo3IS7VqgRg6V4oe12q6DjTwvhhpK6jwan2a2Rezk\/edit\" title=\"Prorroga\u00e7\u00e3o de Prazo para Defesa \" target=\"_blank\" rel=\"noreferrer noopener\"><span class=\"stk-button__inner-text\">Prorroga\u00e7\u00e3o de Prazo para Defesa da Disserta\u00e7\u00e3o<\/span><\/a><\/div>\n\n\n\n<div class=\"wp-block-stackable-button stk-block-button stk-block stk-feb19f6\" data-block-id=\"feb19f6\"><a class=\"stk-link stk-button stk--hover-effect-darken\" href=\"https:\/\/docs.google.com\/forms\/d\/e\/1FAIpQLSfMJNxZSaq2poERtLg1afcHaukF3QpGyVQoPgJrA2M7m5nUow\/viewform?usp=dialog\" title=\"Contagem de Cr\u00e9ditos - Envio de Documenta\u00e7\u00e3o\" target=\"_blank\" rel=\"noreferrer noopener\"><span class=\"stk-button__inner-text\">Contagem de Cr\u00e9ditos &#8211; Envio de Documenta\u00e7\u00e3o<\/span><\/a><\/div>\n\n\n\n<div class=\"wp-block-stackable-button stk-block-button stk-block stk-6330a21\" data-block-id=\"6330a21\"><a class=\"stk-link stk-button stk--hover-effect-darken\" href=\"https:\/\/docs.google.com\/forms\/d\/e\/1FAIpQLSdDfLt3USo6toCEuixVP3h_6X11sEGYtrSv6pRwMu6S4xHvYA\/viewform\" title=\"Comprova\u00e7\u00e3o de Profici\u00eancia\" target=\"_blank\" rel=\"noreferrer noopener\"><span class=\"stk-button__inner-text\">Solicita\u00e7\u00e3o de Contagem de Cr\u00e9ditos<\/span><\/a><\/div>\n<\/div><\/div>\n<\/div><\/div><\/div>\n<\/div><\/div>\n\n\n\n<div class=\"wp-block-stackable-columns stk-block-columns stk-block stk-c3e799c\" data-block-id=\"c3e799c\"><style>.stk-c3e799c {margin-bottom:35px !important;}@media screen and (max-width:999px){.stk-c3e799c {margin-bottom:8px !important;}}<\/style><div class=\"stk-row stk-inner-blocks stk-block-content stk-content-align stk-c3e799c-column\">\n<div class=\"wp-block-stackable-column stk-block-column stk-column stk-block stk-4d5f40d\" data-v=\"4\" data-block-id=\"4d5f40d\"><div class=\"stk-column-wrapper stk-block-column__content stk-container stk-4d5f40d-container stk--no-background stk--no-padding\"><div class=\"stk-block-content stk-inner-blocks stk-4d5f40d-inner-blocks\">\n<div class=\"wp-block-stackable-button-group stk-block-button-group stk-block stk-947e8cd\" data-block-id=\"947e8cd\"><style>.stk-947e8cd .stk-button-group{flex-direction:row !important;align-items:center !important;}.stk-947e8cd .stk-block{flex-basis:0 !important;}.stk-947e8cd .stk-block-button, .stk-947e8cd .stk-block-icon-button{flex:1 0 0% !important;}@media screen and (max-width:999px){.stk-947e8cd .stk-button-group{flex-direction:column !important;align-items:stretch !important;}.stk-947e8cd .stk-block{flex-basis:auto !important;}}<\/style><div class=\"stk-row stk-inner-blocks has-text-align-center-tablet stk-block-content stk-button-group\">\n<div class=\"wp-block-stackable-button stk-block-button stk-block stk-ecd7ed0\" data-block-id=\"ecd7ed0\"><a class=\"stk-link stk-button stk--hover-effect-darken\" href=\"https:\/\/docs.google.com\/forms\/d\/e\/1FAIpQLScskLU79q3lZ77EraQxR8fgpEqziAFvFRBGinL8gRMgkCzEtw\/viewform\" title=\"Contagem de Cr\u00e9ditos\" target=\"_blank\" rel=\"noreferrer noopener\"><span class=\"stk-button__inner-text\">Comprova\u00e7\u00e3o de Profici\u00eancia &#8211; Turma 2023<\/span><\/a><\/div>\n\n\n\n<div class=\"wp-block-stackable-button stk-block-button stk-block stk-f5ef233\" data-block-id=\"f5ef233\"><a class=\"stk-link stk-button stk--hover-effect-darken\" href=\"https:\/\/docs.google.com\/forms\/d\/e\/1FAIpQLSfy81czGNnPVJpJNzQkXc-S6io8z9OiJ7vgLaNmjW5Zcjhevg\/viewform\" title=\"Comprova\u00e7\u00e3o de Profici\u00eancia\" target=\"_blank\" rel=\"noreferrer noopener\"><span class=\"stk-button__inner-text\">Comprova\u00e7\u00e3o de Profici\u00eancia &#8211; Turma 2024<\/span><\/a><\/div>\n<\/div><\/div>\n<\/div><\/div><\/div>\n<\/div><\/div>\n\n\n\n<div class=\"wp-block-stackable-spacer stk-block-spacer stk--no-padding stk-block stk-bf33017\" data-block-id=\"bf33017\"><style>.stk-bf33017 {height:130px !important;}@media screen and (max-width:999px){.stk-bf33017 {height:70px !important;}}<\/style><\/div>\n\n\n\n<div class=\"wp-block-stackable-columns alignfull stk-block-columns stk-block stk-80ce3af stk-block-background stk--has-background-overlay\" data-block-id=\"80ce3af\"><style>.stk-80ce3af {background-color:linear-gradient(180deg, #ffffff 50%, var(--theme-palette-color-4, #102136) 50%) !important;margin-bottom:0px !important;}.stk-80ce3af:before{background-image:linear-gradient(180deg, #ffffff 50%, var(--theme-palette-color-4, #102136) 50%) !important;}<\/style><div class=\"stk-row stk-inner-blocks stk-block-content stk-content-align stk-80ce3af-column\">\n<div class=\"wp-block-stackable-column stk-block-column stk-column stk-block stk-6ddbaf2 stk-block-background stk--has-background-overlay\" data-v=\"4\" data-block-id=\"6ddbaf2\"><style>.stk-6ddbaf2-container{margin-top:0px !important;margin-right:0px !important;margin-bottom:0px !important;margin-left:0px !important;}.stk-6ddbaf2 {background-image:url(http:\/\/posgraduacao.uea.edu.br\/segurancapublica\/wp-content\/uploads\/2025\/05\/Imagem-do-WhatsApp-de-2025-05-16-as-14.43.09_64eb4b91-scaled.jpg) !important;border-top-left-radius:10px !important;border-top-right-radius:10px !important;border-bottom-right-radius:10px !important;border-bottom-left-radius:10px !important;overflow:hidden !important;padding-top:100px !important;padding-bottom:100px !important;}.stk-6ddbaf2:before{background-color:#000000 !important;opacity:0.4 !important;}@media screen and (max-width:999px){.stk-6ddbaf2 {padding-top:80px !important;padding-right:150px !important;padding-bottom:80px !important;padding-left:150px !important;}}@media screen and (max-width:689px){.stk-6ddbaf2 {padding-top:60px !important;padding-right:50px !important;padding-bottom:60px !important;padding-left:50px !important;}}<\/style><div class=\"stk-column-wrapper stk-block-column__content stk-container stk-6ddbaf2-container stk--no-background stk--no-padding\"><div class=\"has-text-align-center stk-block-content stk-inner-blocks stk-6ddbaf2-inner-blocks\">\n<div class=\"wp-block-stackable-heading stk-block-heading stk-block-heading--v2 stk-block stk-8054442\" id=\"programa-de-pos-graduacao-em-seguranca-publica-cidadania-e-direitos-humanos\" data-block-id=\"8054442\"><style>.stk-8054442 {margin-bottom:10px !important;}.stk-8054442 .stk-block-heading__text{color:var(--theme-palette-color-8, #ffffff) !important;font-weight:800 !important;}@media screen and (max-width:689px){.stk-8054442 .stk-block-heading__text{font-size:25px !important;}}<\/style><h2 class=\"stk-block-heading__text has-text-color stk-block-heading--use-theme-margins\">Programa de P\u00f3s-Gradua\u00e7\u00e3o em Seguran\u00e7a P\u00fablica, Cidadania e Direitos Humanos<\/h2><\/div>\n\n\n\n<div class=\"wp-block-stackable-text stk-block-text stk-block stk-0ef7198\" data-block-id=\"0ef7198\"><style>.stk-0ef7198 .stk-block-text__text{color:#ffffff !important;}<\/style><p class=\"stk-block-text__text has-text-color\">Vinculado \u00e0 Escola Superior de Cin\u00eacias Sociais \u2013 ESO<\/p><\/div>\n\n\n\n<div class=\"wp-block-stackable-button-group stk-block-button-group stk-block stk-cc4a772\" data-block-id=\"cc4a772\"><div class=\"stk-row stk-inner-blocks stk-block-content stk-button-group\">\n<div class=\"wp-block-stackable-button stk-block-button stk-block stk-f63b751\" data-block-id=\"f63b751\"><style>.stk-f63b751 .stk-button{padding-top:12px !important;padding-right:30px !important;padding-bottom:12px !important;padding-left:30px !important;}<\/style><a class=\"stk-link stk-button stk--hover-effect-darken\" href=\"https:\/\/posgraduacao.uea.edu.br\/segurancapublica\/index.php\/contato\/\"><span class=\"stk-button__inner-text\">Fale Conosco<\/span><\/a><\/div>\n<\/div><\/div>\n<\/div><\/div><\/div>\n<\/div><\/div>\n\n\n\n<p><\/p>\n","protected":false},"excerpt":{"rendered":"<p>Formul\u00e1rios Requerimento &#8211; Secretaria do PPGSP Agendamento &#8211; Exame de Qualifica\u00e7\u00e3o Agendamento &#8211; Defesa de Disserta\u00e7\u00e3o Prorroga\u00e7\u00e3o de Prazo para Defesa da Disserta\u00e7\u00e3o Contagem de Cr\u00e9ditos &#8211; Envio de Documenta\u00e7\u00e3o Solicita\u00e7\u00e3o de Contagem de Cr\u00e9ditos Comprova\u00e7\u00e3o de Profici\u00eancia &#8211; Turma 2023 Comprova\u00e7\u00e3o de Profici\u00eancia &#8211; Turma 2024 Programa de P\u00f3s-Gradua\u00e7\u00e3o em Seguran\u00e7a P\u00fablica, Cidadania e [&hellip;]<\/p>\n","protected":false},"author":5,"featured_media":0,"parent":0,"menu_order":0,"comment_status":"closed","ping_status":"closed","template":"","meta":{"footnotes":""},"class_list":["post-1475","page","type-page","status-publish","hentry"],"blocksy_meta":{"page_title_panel":"","has_hero_section":"disabled","fe1c64ab89945cda534f4bb2d579ae1a":"","hero_section":"type-1","hero_elements":[{"id":"custom_title","enabled":true,"heading_tag":"h1","title":"Home"},{"id":"custom_description","enabled":true,"description_visibility":{"desktop":true,"tablet":true,"mobile":false}},{"id":"custom_meta","enabled":false,"meta_elements":[{"id":"author","enabled":true,"label":"By","has_author_avatar":"yes","avatar_size":25},{"id":"post_date","enabled":true,"label":"On","date_format_source":"default","date_format":"M j, Y"},{"id":"updated_date","enabled":false,"label":"On","date_format_source":"default","date_format":"M j, Y"},{"id":"categories","enabled":false,"label":"In","style":"simple"},{"id":"comments","enabled":true}],"page_meta_elements":{"joined":true,"articles_count":true,"comments":true}},{"id":"breadcrumbs","enabled":false}],"433b02732bec8d55ec282f00a9a700eb":"","hero_alignment1":"CT_CSS_SKIP_RULE","hero_margin":40,"hero_alignment2":"center","hero_vertical_alignment":"center","fdbb34d69d6afe2394c07d96c9ea0b60":"","hero_structure":"narrow","cb306aece5e91b9a44875e4a81075440":"","page_title_bg_type":"featured_image","custom_hero_background":{"attachment_id":null},"page_title_image_size":"full","parallax":{"desktop":false,"tablet":false,"mobile":false},"034bc954f3c533bc75ffdf62670c8395":"","hero_height":"250px","pageTitleFont":{"family":"Default","variation":"Default","size":"30px","line-height":"CT_CSS_SKIP_RULE","letter-spacing":"CT_CSS_SKIP_RULE","text-transform":"CT_CSS_SKIP_RULE","text-decoration":"CT_CSS_SKIP_RULE"},"pageTitleFontColor":{"default":{"color":"CT_CSS_SKIP_RULEDEFAULT"}},"pageMetaFont":{"family":"Default","variation":"n6","size":"12px","line-height":"1.3","letter-spacing":"CT_CSS_SKIP_RULE","text-transform":"uppercase","text-decoration":"CT_CSS_SKIP_RULE"},"pageMetaFontColor":{"default":{"color":"CT_CSS_SKIP_RULEDEFAULT"},"hover":{"color":"CT_CSS_SKIP_RULEDEFAULT"}},"page_meta_button_type_font_colors":{"default":{"color":"CT_CSS_SKIP_RULEDEFAULT"},"hover":{"color":"CT_CSS_SKIP_RULEDEFAULT"}},"page_meta_button_type_background_colors":{"default":{"color":"CT_CSS_SKIP_RULEDEFAULT"},"hover":{"color":"CT_CSS_SKIP_RULEDEFAULT"}},"pageExcerptFont":{"family":"Default","variation":"Default","size":"CT_CSS_SKIP_RULE","line-height":"CT_CSS_SKIP_RULE","letter-spacing":"CT_CSS_SKIP_RULE","text-transform":"CT_CSS_SKIP_RULE","text-decoration":"CT_CSS_SKIP_RULE"},"pageExcerptColor":{"default":{"color":"CT_CSS_SKIP_RULEDEFAULT"}},"breadcrumbsFont":{"family":"Default","variation":"Default","size":"CT_CSS_SKIP_RULE","line-height":"CT_CSS_SKIP_RULE","letter-spacing":"CT_CSS_SKIP_RULE","text-transform":"CT_CSS_SKIP_RULE","text-decoration":"CT_CSS_SKIP_RULE"},"breadcrumbsFontColor":{"default":{"color":"CT_CSS_SKIP_RULEDEFAULT"},"initial":{"color":"CT_CSS_SKIP_RULEDEFAULT"},"hover":{"color":"CT_CSS_SKIP_RULEDEFAULT"}},"pageTitleOverlay":{"background_type":"color","background_pattern":"type-1","background_image":{"attachment_id":null,"x":0,"y":0},"gradient":"linear-gradient(135deg,rgba(6,147,227,1) 0%,rgb(155,81,224) 100%)","background_repeat":"repeat","background_size":"auto","background_attachment":"scroll","patternColor":{"default":{"color":"#e5e7ea"}},"overlayColor":{"default":{"color":"CT_CSS_SKIP_RULE"}},"backgroundColor":{"default":{"color":"CT_CSS_SKIP_RULE"}}},"pageTitleBackground":{"background_type":"color","background_pattern":"type-1","background_image":{"attachment_id":null,"x":0,"y":0},"gradient":"linear-gradient(135deg,rgba(6,147,227,1) 0%,rgb(155,81,224) 100%)","background_repeat":"repeat","background_size":"auto","background_attachment":"scroll","patternColor":{"default":{"color":"#e5e7ea"}},"overlayColor":{"default":{"color":"CT_CSS_SKIP_RULE"}},"backgroundColor":{"default":{"color":"var(--theme-palette-color-6)"}}},"pageTitlePadding":{"top":"50px","bottom":"50px","left":"auto","right":"auto","linked":true},"12e455f30de1d15aed0effbbb6f951bf":"","page_structure_type":"default","f474d2f3ad69b4e64f52dac0a3aa2bb2":"","content_style_source":"inherit","content_style":"wide","vertical_spacing_source":"custom","content_area_spacing":"none","background":{"background_type":"color","background_pattern":"type-1","background_image":{"attachment_id":null,"x":0,"y":0},"gradient":"linear-gradient(135deg,rgba(6,147,227,1) 0%,rgb(155,81,224) 100%)","background_repeat":"repeat","background_size":"auto","background_attachment":"scroll","patternColor":{"default":{"color":"#e5e7ea"}},"overlayColor":{"default":{"color":"CT_CSS_SKIP_RULE"}},"backgroundColor":{"default":{"color":"CT_CSS_SKIP_RULE"}}},"content_background":{"background_type":"color","background_pattern":"type-1","background_image":{"attachment_id":null,"x":0,"y":0},"gradient":"linear-gradient(135deg,rgba(6,147,227,1) 0%,rgb(155,81,224) 100%)","background_repeat":"repeat","background_size":"auto","background_attachment":"scroll","patternColor":{"default":{"color":"#e5e7ea"}},"overlayColor":{"default":{"color":"CT_CSS_SKIP_RULE"}},"backgroundColor":{"default":{"color":"var(--theme-palette-color-8)"}}},"content_boxed_shadow":{"inherit":false,"blur":18,"spread":-6,"v_offset":12,"h_offset":0,"inset":false,"enable":true,"color":{"color":"rgba(34, 56, 101, 0.04)"}},"content_boxed_border":{"width":1,"style":"none","color":{"color":"rgba(44,62,80,0.2)"}},"content_boxed_radius":{"top":"3px","bottom":"3px","left":"3px","right":"3px","linked":true},"boxed_content_spacing":{"desktop":{"top":"40px","bottom":"40px","left":"40px","right":"40px","linked":true},"tablet":{"top":"35px","bottom":"35px","left":"35px","right":"35px","linked":true},"mobile":{"top":"20px","bottom":"20px","left":"20px","right":"20px","linked":true}},"fca9f1d1c7aa58a4b21dd78357f6373e":"","disable_featured_image":"no","disable_share_box":"no","disable_header":"no","disable_footer":"no","styles_descriptor":{"styles":{"desktop":"","tablet":"","mobile":""},"google_fonts":[],"version":6}},"_links":{"self":[{"href":"https:\/\/posgraduacao.uea.edu.br\/segurancapublica\/index.php\/wp-json\/wp\/v2\/pages\/1475","targetHints":{"allow":["GET"]}}],"collection":[{"href":"https:\/\/posgraduacao.uea.edu.br\/segurancapublica\/index.php\/wp-json\/wp\/v2\/pages"}],"about":[{"href":"https:\/\/posgraduacao.uea.edu.br\/segurancapublica\/index.php\/wp-json\/wp\/v2\/types\/page"}],"author":[{"embeddable":true,"href":"https:\/\/posgraduacao.uea.edu.br\/segurancapublica\/index.php\/wp-json\/wp\/v2\/users\/5"}],"replies":[{"embeddable":true,"href":"https:\/\/posgraduacao.uea.edu.br\/segurancapublica\/index.php\/wp-json\/wp\/v2\/comments?post=1475"}],"version-history":[{"count":16,"href":"https:\/\/posgraduacao.uea.edu.br\/segurancapublica\/index.php\/wp-json\/wp\/v2\/pages\/1475\/revisions"}],"predecessor-version":[{"id":1721,"href":"https:\/\/posgraduacao.uea.edu.br\/segurancapublica\/index.php\/wp-json\/wp\/v2\/pages\/1475\/revisions\/1721"}],"wp:attachment":[{"href":"https:\/\/posgraduacao.uea.edu.br\/segurancapublica\/index.php\/wp-json\/wp\/v2\/media?parent=1475"}],"curies":[{"name":"wp","href":"https:\/\/api.w.org\/{rel}","templated":true}]}}