{"id":1682,"date":"2025-08-14T17:12:52","date_gmt":"2025-08-14T21:12:52","guid":{"rendered":"https:\/\/posgraduacao.uea.edu.br\/segurancapublica\/?page_id=1682"},"modified":"2025-08-14T17:34:45","modified_gmt":"2025-08-14T21:34:45","slug":"identidade-visual","status":"publish","type":"page","link":"https:\/\/posgraduacao.uea.edu.br\/segurancapublica\/index.php\/identidade-visual\/","title":{"rendered":"Identidade Visual"},"content":{"rendered":"\n<div class=\"wp-block-stackable-columns alignfull stk-block-columns stk-block stk-51b2b12 stk-block-background stk--has-background-overlay\" data-block-id=\"51b2b12\"><style>.stk-51b2b12 .stk--block-align-51b2b12{align-items:center !important;}.stk-51b2b12 {background-image:url(http:\/\/posgraduacao.uea.edu.br\/segurancapublica\/wp-content\/uploads\/2025\/01\/Design-sem-nome_20250128_002318_0000.png) !important;background-position:bottom center !important;background-repeat:no-repeat !important;background-size:cover !important;padding-top:150px !important;padding-right:150px !important;padding-bottom:150px !important;padding-left:150px !important;}.stk-51b2b12-column{--stk-column-gap:35px !important;row-gap:35px !important;}@media screen and (max-width:999px){.stk-51b2b12 {padding-top:250px !important;padding-bottom:150px !important;}}@media screen and (max-width:689px){.stk-51b2b12 {padding-top:150px !important;padding-bottom:100px !important;}}<\/style><div class=\"stk-row stk-inner-blocks stk--block-align-51b2b12 stk-block-content stk-content-align stk-51b2b12-column\">\n<div class=\"wp-block-stackable-column stk-block-column stk-column stk-block stk-3a43e6b\" data-v=\"4\" data-block-id=\"3a43e6b\"><style>.stk-3a43e6b-container{margin-top:0px !important;margin-right:0px !important;margin-bottom:0px !important;margin-left:0px !important;}<\/style><div class=\"stk-column-wrapper stk-block-column__content stk-container stk-3a43e6b-container stk--no-background stk--no-padding\"><div class=\"has-text-align-center-mobile stk-block-content stk-inner-blocks stk-3a43e6b-inner-blocks\">\n<div class=\"wp-block-stackable-heading stk-block-heading stk-block-heading--v2 stk-block stk-7225c59\" id=\"identidade-visual\" data-block-id=\"7225c59\"><style>.stk-7225c59 {margin-bottom:10px !important;}.stk-7225c59 .stk-block-heading__text{font-size:45px !important;color:var(--theme-palette-color-8, #ffffff) !important;line-height:1.3em !important;font-weight:800 !important;}@media screen and (max-width:999px){.stk-7225c59 .stk-block-heading__text{font-size:40px !important;}}@media screen and (max-width:689px){.stk-7225c59 .stk-block-heading__text{font-size:30px !important;}}<\/style><h2 class=\"stk-block-heading__text has-text-color has-text-align-center\">Identidade Visual<\/h2><\/div>\n<\/div><\/div><\/div>\n<\/div><\/div>\n\n\n\n<div class=\"wp-block-stackable-spacer stk-block-spacer stk--no-padding stk-block stk-b2c1613\" data-block-id=\"b2c1613\"><style>.stk-b2c1613 {height:15px !important;}@media screen and (max-width:999px){.stk-b2c1613 {height:70px !important;}}<\/style><\/div>\n\n\n\n<div class=\"wp-block-stackable-columns stk-block-columns stk-block stk-fe840e0\" data-block-id=\"fe840e0\"><div class=\"stk-row stk-inner-blocks stk-block-content stk-content-align stk-fe840e0-column\">\n<div class=\"wp-block-stackable-column stk-block-column stk-column stk-block stk-70ddaea\" data-v=\"4\" data-block-id=\"70ddaea\"><div class=\"stk-column-wrapper stk-block-column__content stk-container stk-70ddaea-container stk--no-background stk--no-padding\"><div class=\"stk-block-content stk-inner-blocks stk-70ddaea-inner-blocks\">\n<div class=\"wp-block-stackable-heading stk-block-heading stk-block-heading--v2 stk-block stk-716fa57\" id=\"identidade-visual-do-programa-de-pos-graduacao-em-seguranca-publica-cidadania-e-direitos-humanos\" data-block-id=\"716fa57\"><h5 class=\"stk-block-heading__text\">IDENTIDADE VISUAL DO PROGRAMA DE P\u00d3S-GRADUA\u00c7\u00c3O EM SEGURAN\u00c7A P\u00daBLICA, CIDADANIA E DIREITOS HUMANOS<\/h5><\/div>\n\n\n\n<p>Bem-vindo ao Programa de P\u00f3s-Gradua\u00e7\u00e3o em Seguran\u00e7a P\u00fablica, Cidadania e Direitos Humanos. Nossa identidade visual foi concebida com cuidado para refletir a ess\u00eancia e os valores intr\u00ednsecos ao programa, transmitindo sua natureza interdisciplinar e compromisso com a excel\u00eancia acad\u00eamica.<\/p>\n<\/div><\/div><\/div>\n<\/div><\/div>\n\n\n\n<div class=\"wp-block-stackable-heading stk-block-heading stk-block-heading--v2 stk-block stk-02dd536\" id=\"logo\" data-block-id=\"02dd536\"><h5 class=\"stk-block-heading__text\">Logo<\/h5><\/div>\n\n\n\n<div class=\"wp-block-stackable-image stk-block-image stk-block stk-3e3a739\" data-block-id=\"3e3a739\"><style>.stk-3e3a739 .stk-img-wrapper{width:488px !important;}<\/style><figure><span class=\"stk-img-wrapper stk-image--shape-stretch\"><img loading=\"lazy\" decoding=\"async\" class=\"stk-img wp-image-1683\" src=\"http:\/\/posgraduacao.uea.edu.br\/segurancapublica\/wp-content\/uploads\/2025\/08\/logo-8-1.png\" width=\"488\" height=\"154\" srcset=\"https:\/\/posgraduacao.uea.edu.br\/segurancapublica\/wp-content\/uploads\/2025\/08\/logo-8-1.png 488w, https:\/\/posgraduacao.uea.edu.br\/segurancapublica\/wp-content\/uploads\/2025\/08\/logo-8-1-300x95.png 300w\" sizes=\"auto, (max-width: 488px) 100vw, 488px\" \/><\/span><\/figure><\/div>\n\n\n\n<p>A logo concebida para o programa de p\u00f3s-gradua\u00e7\u00e3o em Seguran\u00e7a P\u00fablica, Cidadania e Direitos Humanos apresenta uma rica simbologia que reflete as complexas intera\u00e7\u00f5es entre os campos da seguran\u00e7a p\u00fablica, dos direitos humanos e da cidadania. Esta interpreta\u00e7\u00e3o, com \u00eanfase acad\u00eamica e social, analisa os componentes da logo e seus significados profundos.<\/p>\n\n\n\n<p><strong>1.1 M\u00e3o com s\u00edmbolo dos Direitos Humanos<\/strong><\/p>\n\n\n\n<p>A representa\u00e7\u00e3o da m\u00e3o aberta, evocando uma pomba, alude \u00e0 emblem\u00e1tica iconografia dos direitos humanos. De maneira simb\u00f3lica, essa imagem denota a aspira\u00e7\u00e3o \u00e0 paz e \u00e0 dignidade para todos os indiv\u00edduos. A m\u00e3o se estende n\u00e3o apenas como um s\u00edmbolo de ajuda e prote\u00e7\u00e3o, mas tamb\u00e9m como um gesto de empoderamento e inclus\u00e3o. Nesse contexto, a \u00eanfase acad\u00eamica reside na an\u00e1lise dos documentos fundadores dos direitos humanos, como a Declara\u00e7\u00e3o Universal dos Direitos Humanos da ONU, e em como esses princ\u00edpios est\u00e3o interligados com o conceito de cidadania e a necessidade de seguran\u00e7a p\u00fablica efetiva para sua concretiza\u00e7\u00e3o.&nbsp;<\/p>\n\n\n\n<p><strong>1.2<\/strong> <strong>Escudo em Segundo Plano<\/strong><\/p>\n\n\n\n<p>A presen\u00e7a do escudo em segundo plano sugere uma abordagem hol\u00edstica para a seguran\u00e7a p\u00fablica. Esse elemento acad\u00eamico remete ao exame profundo das teorias de seguran\u00e7a, incluindo abordagens realistas e construtivistas, e como elas se relacionam com os direitos humanos e a&nbsp;cidadania. O escudo n\u00e3o apenas representa a prote\u00e7\u00e3o contra amea\u00e7as externas, mas tamb\u00e9m destaca a import\u00e2ncia da preven\u00e7\u00e3o de riscos e do enfrentamento das desigualdades sociais para uma seguran\u00e7a genu\u00edna.&nbsp;<\/p>\n\n\n\n<p><strong>1.3<\/strong> <strong>C\u00edrculos e Formatos de Meia Lua:<\/strong>&nbsp;<\/p>\n\n\n\n<p>Os c\u00edrculos e formatos de meia lua que circundam a m\u00e3o, a pomba e o escudo simbolizam a cidadania de maneira singular. Academicamente, eles podem ser interpretados como:&nbsp;<\/p>\n\n\n\n<p>Redes Sociais e Comunidade: Os c\u00edrculos podem representar as conex\u00f5es sociais e comunit\u00e1rias que formam a base da cidadania. A an\u00e1lise pode se aprofundar nas teorias de participa\u00e7\u00e3o c\u00edvica e envolvimento da comunidade na formula\u00e7\u00e3o de pol\u00edticas de seguran\u00e7a p\u00fablica e direitos humanos.&nbsp;<\/p>\n\n\n\n<p>Inclus\u00e3o e Diversidade: Os c\u00edrculos s\u00e3o um lembrete visual da diversidade presente em qualquer sociedade. A discuss\u00e3o acad\u00eamica pode se concentrar em como a cidadania deve abra\u00e7ar e proteger os direitos de todos, independentemente de sua origem ou identidade.&nbsp;<\/p>\n\n\n\n<p>Processo Cont\u00ednuo: A natureza circular pode ser interpretada como um ciclo cont\u00ednuo de melhoria da seguran\u00e7a p\u00fablica e da promo\u00e7\u00e3o dos direitos humanos. Esse aspecto acad\u00eamico enfatiza a necessidade de pol\u00edticas e pr\u00e1ticas din\u00e2micas que evoluam de acordo com as mudan\u00e7as sociais e os desafios emergentes.&nbsp;<\/p>\n\n\n\n<p>Em um n\u00edvel social, a logo transcende o papel meramente visual e comunica a dedica\u00e7\u00e3o do programa ao estudo aprofundado da rela\u00e7\u00e3o entre seguran\u00e7a p\u00fablica, direitos humanos e cidadania. Ela expressa o compromisso com a cria\u00e7\u00e3o de um ambiente seguro, inclusivo e respeitoso dos direitos fundamentais de cada indiv\u00edduo, enquanto tamb\u00e9m aborda quest\u00f5es complexas relacionadas \u00e0 participa\u00e7\u00e3o ativa dos cidad\u00e3os na formula\u00e7\u00e3o de pol\u00edticas p\u00fablicas e na constru\u00e7\u00e3o de uma sociedade mais justa.&nbsp;<\/p>\n\n\n\n<p><strong>2. PALETA DE CORES FUNDAMENTAL<\/strong><\/p>\n\n\n\n<figure class=\"wp-block-image aligncenter size-full\"><img loading=\"lazy\" decoding=\"async\" width=\"971\" height=\"219\" src=\"https:\/\/posgraduacao.uea.edu.br\/segurancapublica\/wp-content\/uploads\/2025\/08\/PALETA-DE-CORES-2.png\" alt=\"\" class=\"wp-image-1686\" srcset=\"https:\/\/posgraduacao.uea.edu.br\/segurancapublica\/wp-content\/uploads\/2025\/08\/PALETA-DE-CORES-2.png 971w, https:\/\/posgraduacao.uea.edu.br\/segurancapublica\/wp-content\/uploads\/2025\/08\/PALETA-DE-CORES-2-300x68.png 300w, https:\/\/posgraduacao.uea.edu.br\/segurancapublica\/wp-content\/uploads\/2025\/08\/PALETA-DE-CORES-2-768x173.png 768w\" sizes=\"auto, (max-width: 971px) 100vw, 971px\" \/><\/figure>\n\n\n\n<p>Cores Azul e Amarelo: As cores azul e amarelo foram escolhidas para complementar a paleta de nossa identidade visual. O azul representa a confian\u00e7a, a sabedoria e a responsabilidade que acompanham a investiga\u00e7\u00e3o e o estudo dessas \u00e1reas complexas. Ele reflete a profundidade do conhecimento que buscamos compartilhar e aplicar. O amarelo, por sua vez, simboliza a esperan\u00e7a, a clareza e a positividade que almejamos incutir em nosso programa. Ele recorda a nossa cren\u00e7a no&nbsp;potencial humano para promover mudan\u00e7as positivas na sociedade, respeitando os valores dos Direitos Humanos.&nbsp;<\/p>\n\n\n\n<p>Juntas, essas cores simbolizam a interse\u00e7\u00e3o din\u00e2mica entre a Seguran\u00e7a P\u00fablica, Cidadania e Direitos Humanos. Elas capturam a miss\u00e3o do programa em abordar temas cr\u00edticos de maneira completa e equilibrada, estimulando a colabora\u00e7\u00e3o e a transforma\u00e7\u00e3o social.&nbsp;<\/p>\n\n\n\n<p><strong>3. FONTE<\/strong><\/p>\n\n\n\n<p>A fonte &#8220;Source Sans Pro&#8221; foi selecionada como elemento chave de nossa identidade visual devido \u00e0 sua est\u00e9tica contempor\u00e2nea e legibilidade, caracter\u00edsticas fundamentais para representar um campo de estudo como Seguran\u00e7a P\u00fablica, Cidadania e Direitos Humanos. A geometria equilibrada da fonte comunica uma sensa\u00e7\u00e3o de modernidade e ordem, em sintonia com a complexidade e organiza\u00e7\u00e3o necess\u00e1rias para abordar t\u00f3picos de tal relev\u00e2ncia.O azul e o amarelo foram selecionados como cores complementares para acrescentar profundidade \u00e0 identidade visual. O azul representa a confian\u00e7a, a integridade e a autoridade necess\u00e1rias na pesquisa e estudo da Seguran\u00e7a P\u00fablica. J\u00e1 o amarelo simboliza a esperan\u00e7a, clareza e otimismo que o estudo de Cidadania e Direitos Humanos aspira a alcan\u00e7ar, promovendo mudan\u00e7as positivas e construtivas na sociedade.&nbsp;<\/p>\n\n\n\n<p><strong>4. ALTERNATIVAS DE USO DA LOGO<\/strong><\/p>\n\n\n\n<p>Para assegurar a visibilidade e a integridade da nossa identidade, seguem varia\u00e7\u00f5es da logo.<\/p>\n\n\n\n<p><a href=\"https:\/\/drive.google.com\/file\/d\/1S33KuaY81DEMqkJqHLZ4zeT2lDHXm_qW\/view?usp=drive_link\">Logo original<\/a><\/p>\n\n\n\n<p><a href=\"https:\/\/drive.google.com\/file\/d\/1ke5LL-HTKX8l828PBgWJJSKHC24Sjqtv\/view?usp=sharing\" data-type=\"link\" data-id=\"https:\/\/drive.google.com\/file\/d\/1ke5LL-HTKX8l828PBgWJJSKHC24Sjqtv\/view?usp=sharing\">Logo branca<\/a><\/p>\n\n\n\n<p><a href=\"https:\/\/drive.google.com\/file\/d\/1ruhUp1yV7yehBCRbaFwbWNnk29qL-UKf\/view?usp=sharing\" data-type=\"link\" data-id=\"https:\/\/drive.google.com\/file\/d\/1ruhUp1yV7yehBCRbaFwbWNnk29qL-UKf\/view?usp=sharing\">Logo cinza<\/a><\/p>\n\n\n\n<p><a href=\"https:\/\/drive.google.com\/file\/d\/1LdfoLj9hcNbT-jIk-Qm_keO-QZUl8OHO\/view?usp=sharing\" data-type=\"link\" data-id=\"https:\/\/drive.google.com\/file\/d\/1LdfoLj9hcNbT-jIk-Qm_keO-QZUl8OHO\/view?usp=sharing\">\u00cdcone solo<\/a> <\/p>\n\n\n\n<p><a href=\"https:\/\/drive.google.com\/file\/d\/1NW7dCtc7EVB84ocJ9HqH7F0kinooQ9_Z\/view?usp=sharing\" data-type=\"link\" data-id=\"https:\/\/drive.google.com\/file\/d\/1NW7dCtc7EVB84ocJ9HqH7F0kinooQ9_Z\/view?usp=sharing\">\u00cdcone Branco<\/a><\/p>\n\n\n\n<p><a href=\"https:\/\/drive.google.com\/file\/d\/1DDY55JXji2j7QJ-_7mnDaZbMSn2-YpFE\/view?usp=sharing\" data-type=\"link\" data-id=\"https:\/\/drive.google.com\/file\/d\/1DDY55JXji2j7QJ-_7mnDaZbMSn2-YpFE\/view?usp=sharing\">\u00cdcone fundo transparente<\/a><\/p>\n\n\n\n<p><a href=\"https:\/\/drive.google.com\/file\/d\/1esMpVN0891AfkjW0zGUAGf23Cvn9TOjL\/view?usp=sharing\" data-type=\"link\" data-id=\"https:\/\/drive.google.com\/file\/d\/1esMpVN0891AfkjW0zGUAGf23Cvn9TOjL\/view?usp=sharing\">\u00cdcone formato .CDR<\/a><\/p>\n\n\n\n<p><\/p>\n\n\n\n<div class=\"wp-block-stackable-columns alignfull stk-block-columns stk-block stk-80ce3af stk-block-background stk--has-background-overlay\" data-block-id=\"80ce3af\"><style>.stk-80ce3af {background-color:linear-gradient(180deg, #ffffff 50%, var(--theme-palette-color-4, #102136) 50%) !important;margin-bottom:0px !important;}.stk-80ce3af:before{background-image:linear-gradient(180deg, #ffffff 50%, var(--theme-palette-color-4, #102136) 50%) !important;}<\/style><div class=\"stk-row stk-inner-blocks stk-block-content stk-content-align stk-80ce3af-column\">\n<div class=\"wp-block-stackable-column stk-block-column stk-column stk-block stk-6ddbaf2 stk-block-background stk--has-background-overlay\" data-v=\"4\" data-block-id=\"6ddbaf2\"><style>.stk-6ddbaf2-container{margin-top:0px !important;margin-right:0px !important;margin-bottom:0px !important;margin-left:0px !important;}.stk-6ddbaf2 {background-image:url(http:\/\/posgraduacao.uea.edu.br\/segurancapublica\/wp-content\/uploads\/2025\/05\/Imagem-do-WhatsApp-de-2025-05-16-as-14.43.09_64eb4b91-scaled.jpg) !important;border-top-left-radius:10px !important;border-top-right-radius:10px !important;border-bottom-right-radius:10px !important;border-bottom-left-radius:10px !important;overflow:hidden !important;padding-top:100px !important;padding-bottom:100px !important;}.stk-6ddbaf2:before{background-color:#000000 !important;opacity:0.4 !important;}@media screen and (max-width:999px){.stk-6ddbaf2 {padding-top:80px !important;padding-right:150px !important;padding-bottom:80px !important;padding-left:150px !important;}}@media screen and (max-width:689px){.stk-6ddbaf2 {padding-top:60px !important;padding-right:50px !important;padding-bottom:60px !important;padding-left:50px !important;}}<\/style><div class=\"stk-column-wrapper stk-block-column__content stk-container stk-6ddbaf2-container stk--no-background stk--no-padding\"><div class=\"has-text-align-center stk-block-content stk-inner-blocks stk-6ddbaf2-inner-blocks\">\n<div class=\"wp-block-stackable-heading stk-block-heading stk-block-heading--v2 stk-block stk-8054442\" id=\"programa-de-pos-graduacao-em-seguranca-publica-cidadania-e-direitos-humanos\" data-block-id=\"8054442\"><style>.stk-8054442 {margin-bottom:10px !important;}.stk-8054442 .stk-block-heading__text{color:var(--theme-palette-color-8, #ffffff) !important;font-weight:800 !important;}@media screen and (max-width:689px){.stk-8054442 .stk-block-heading__text{font-size:25px !important;}}<\/style><h2 class=\"stk-block-heading__text has-text-color stk-block-heading--use-theme-margins\">Programa de P\u00f3s-Gradua\u00e7\u00e3o em Seguran\u00e7a P\u00fablica, Cidadania e Direitos Humanos<\/h2><\/div>\n\n\n\n<div class=\"wp-block-stackable-text stk-block-text stk-block stk-0ef7198\" data-block-id=\"0ef7198\"><style>.stk-0ef7198 .stk-block-text__text{color:#ffffff !important;}<\/style><p class=\"stk-block-text__text has-text-color\">Vinculado \u00e0 UNIDADE ACAD\u00caMICA do Programa<\/p><\/div>\n\n\n\n<div class=\"wp-block-stackable-button-group stk-block-button-group stk-block stk-cc4a772\" data-block-id=\"cc4a772\"><div class=\"stk-row stk-inner-blocks stk-block-content stk-button-group\">\n<div class=\"wp-block-stackable-button stk-block-button stk-block stk-f63b751\" data-block-id=\"f63b751\"><style>.stk-f63b751 .stk-button{padding-top:12px !important;padding-right:30px !important;padding-bottom:12px !important;padding-left:30px !important;}<\/style><a class=\"stk-link stk-button stk--hover-effect-darken\" href=\"https:\/\/posgraduacao.uea.edu.br\/segurancapublica\/index.php\/contato\/\"><span class=\"stk-button__inner-text\">Fale Conosco<\/span><\/a><\/div>\n<\/div><\/div>\n<\/div><\/div><\/div>\n<\/div><\/div>\n","protected":false},"excerpt":{"rendered":"<p>Identidade Visual IDENTIDADE VISUAL DO PROGRAMA DE P\u00d3S-GRADUA\u00c7\u00c3O EM SEGURAN\u00c7A P\u00daBLICA, CIDADANIA E DIREITOS HUMANOS Bem-vindo ao Programa de P\u00f3s-Gradua\u00e7\u00e3o em Seguran\u00e7a P\u00fablica, Cidadania e Direitos Humanos. Nossa identidade visual foi concebida com cuidado para refletir a ess\u00eancia e os valores intr\u00ednsecos ao programa, transmitindo sua natureza interdisciplinar e compromisso com a excel\u00eancia acad\u00eamica. Logo [&hellip;]<\/p>\n","protected":false},"author":4,"featured_media":0,"parent":0,"menu_order":0,"comment_status":"closed","ping_status":"closed","template":"","meta":{"footnotes":""},"class_list":["post-1682","page","type-page","status-publish","hentry"],"blocksy_meta":{"page_title_panel":"","has_hero_section":"disabled","fe1c64ab89945cda534f4bb2d579ae1a":"","hero_section":"type-1","hero_elements":[{"id":"custom_title","enabled":true,"heading_tag":"h1","title":"Home"},{"id":"custom_description","enabled":true,"description_visibility":{"desktop":true,"tablet":true,"mobile":false}},{"id":"custom_meta","enabled":false,"meta_elements":[{"id":"author","enabled":true,"label":"By","has_author_avatar":"yes","avatar_size":25},{"id":"post_date","enabled":true,"label":"On","date_format_source":"default","date_format":"M j, Y"},{"id":"updated_date","enabled":false,"label":"On","date_format_source":"default","date_format":"M j, Y"},{"id":"categories","enabled":false,"label":"In","style":"simple"},{"id":"comments","enabled":true}],"page_meta_elements":{"joined":true,"articles_count":true,"comments":true}},{"id":"breadcrumbs","enabled":false}],"433b02732bec8d55ec282f00a9a700eb":"","hero_alignment1":"CT_CSS_SKIP_RULE","hero_margin":40,"hero_alignment2":"center","hero_vertical_alignment":"center","fdbb34d69d6afe2394c07d96c9ea0b60":"","hero_structure":"narrow","cb306aece5e91b9a44875e4a81075440":"","page_title_bg_type":"featured_image","custom_hero_background":{"attachment_id":null},"page_title_image_size":"full","parallax":{"desktop":false,"tablet":false,"mobile":false},"034bc954f3c533bc75ffdf62670c8395":"","hero_height":"250px","pageTitleFont":{"family":"Default","variation":"Default","size":"30px","line-height":"CT_CSS_SKIP_RULE","letter-spacing":"CT_CSS_SKIP_RULE","text-transform":"CT_CSS_SKIP_RULE","text-decoration":"CT_CSS_SKIP_RULE"},"pageTitleFontColor":{"default":{"color":"CT_CSS_SKIP_RULEDEFAULT"}},"pageMetaFont":{"family":"Default","variation":"n6","size":"12px","line-height":"1.3","letter-spacing":"CT_CSS_SKIP_RULE","text-transform":"uppercase","text-decoration":"CT_CSS_SKIP_RULE"},"pageMetaFontColor":{"default":{"color":"CT_CSS_SKIP_RULEDEFAULT"},"hover":{"color":"CT_CSS_SKIP_RULEDEFAULT"}},"page_meta_button_type_font_colors":{"default":{"color":"CT_CSS_SKIP_RULEDEFAULT"},"hover":{"color":"CT_CSS_SKIP_RULEDEFAULT"}},"page_meta_button_type_background_colors":{"default":{"color":"CT_CSS_SKIP_RULEDEFAULT"},"hover":{"color":"CT_CSS_SKIP_RULEDEFAULT"}},"pageExcerptFont":{"family":"Default","variation":"Default","size":"CT_CSS_SKIP_RULE","line-height":"CT_CSS_SKIP_RULE","letter-spacing":"CT_CSS_SKIP_RULE","text-transform":"CT_CSS_SKIP_RULE","text-decoration":"CT_CSS_SKIP_RULE"},"pageExcerptColor":{"default":{"color":"CT_CSS_SKIP_RULEDEFAULT"}},"breadcrumbsFont":{"family":"Default","variation":"Default","size":"CT_CSS_SKIP_RULE","line-height":"CT_CSS_SKIP_RULE","letter-spacing":"CT_CSS_SKIP_RULE","text-transform":"CT_CSS_SKIP_RULE","text-decoration":"CT_CSS_SKIP_RULE"},"breadcrumbsFontColor":{"default":{"color":"CT_CSS_SKIP_RULEDEFAULT"},"initial":{"color":"CT_CSS_SKIP_RULEDEFAULT"},"hover":{"color":"CT_CSS_SKIP_RULEDEFAULT"}},"pageTitleOverlay":{"background_type":"color","background_pattern":"type-1","background_image":{"attachment_id":null,"x":0,"y":0},"gradient":"linear-gradient(135deg,rgba(6,147,227,1) 0%,rgb(155,81,224) 100%)","background_repeat":"repeat","background_size":"auto","background_attachment":"scroll","patternColor":{"default":{"color":"#e5e7ea"}},"overlayColor":{"default":{"color":"CT_CSS_SKIP_RULE"}},"backgroundColor":{"default":{"color":"CT_CSS_SKIP_RULE"}}},"pageTitleBackground":{"background_type":"color","background_pattern":"type-1","background_image":{"attachment_id":null,"x":0,"y":0},"gradient":"linear-gradient(135deg,rgba(6,147,227,1) 0%,rgb(155,81,224) 100%)","background_repeat":"repeat","background_size":"auto","background_attachment":"scroll","patternColor":{"default":{"color":"#e5e7ea"}},"overlayColor":{"default":{"color":"CT_CSS_SKIP_RULE"}},"backgroundColor":{"default":{"color":"var(--theme-palette-color-6)"}}},"pageTitlePadding":{"top":"50px","bottom":"50px","left":"auto","right":"auto","linked":true},"12e455f30de1d15aed0effbbb6f951bf":"","page_structure_type":"default","f474d2f3ad69b4e64f52dac0a3aa2bb2":"","content_style_source":"inherit","content_style":"wide","vertical_spacing_source":"custom","content_area_spacing":"none","background":{"background_type":"color","background_pattern":"type-1","background_image":{"attachment_id":null,"x":0,"y":0},"gradient":"linear-gradient(135deg,rgba(6,147,227,1) 0%,rgb(155,81,224) 100%)","background_repeat":"repeat","background_size":"auto","background_attachment":"scroll","patternColor":{"default":{"color":"#e5e7ea"}},"overlayColor":{"default":{"color":"CT_CSS_SKIP_RULE"}},"backgroundColor":{"default":{"color":"CT_CSS_SKIP_RULE"}}},"content_background":{"background_type":"color","background_pattern":"type-1","background_image":{"attachment_id":null,"x":0,"y":0},"gradient":"linear-gradient(135deg,rgba(6,147,227,1) 0%,rgb(155,81,224) 100%)","background_repeat":"repeat","background_size":"auto","background_attachment":"scroll","patternColor":{"default":{"color":"#e5e7ea"}},"overlayColor":{"default":{"color":"CT_CSS_SKIP_RULE"}},"backgroundColor":{"default":{"color":"var(--theme-palette-color-8)"}}},"content_boxed_shadow":{"inherit":false,"blur":18,"spread":-6,"v_offset":12,"h_offset":0,"inset":false,"enable":true,"color":{"color":"rgba(34, 56, 101, 0.04)"}},"content_boxed_border":{"width":1,"style":"none","color":{"color":"rgba(44,62,80,0.2)"}},"content_boxed_radius":{"top":"3px","bottom":"3px","left":"3px","right":"3px","linked":true},"boxed_content_spacing":{"desktop":{"top":"40px","bottom":"40px","left":"40px","right":"40px","linked":true},"tablet":{"top":"35px","bottom":"35px","left":"35px","right":"35px","linked":true},"mobile":{"top":"20px","bottom":"20px","left":"20px","right":"20px","linked":true}},"fca9f1d1c7aa58a4b21dd78357f6373e":"","disable_featured_image":"no","disable_share_box":"no","disable_header":"no","disable_footer":"no","styles_descriptor":{"styles":{"desktop":"","tablet":"","mobile":""},"google_fonts":[],"version":6}},"_links":{"self":[{"href":"https:\/\/posgraduacao.uea.edu.br\/segurancapublica\/index.php\/wp-json\/wp\/v2\/pages\/1682","targetHints":{"allow":["GET"]}}],"collection":[{"href":"https:\/\/posgraduacao.uea.edu.br\/segurancapublica\/index.php\/wp-json\/wp\/v2\/pages"}],"about":[{"href":"https:\/\/posgraduacao.uea.edu.br\/segurancapublica\/index.php\/wp-json\/wp\/v2\/types\/page"}],"author":[{"embeddable":true,"href":"https:\/\/posgraduacao.uea.edu.br\/segurancapublica\/index.php\/wp-json\/wp\/v2\/users\/4"}],"replies":[{"embeddable":true,"href":"https:\/\/posgraduacao.uea.edu.br\/segurancapublica\/index.php\/wp-json\/wp\/v2\/comments?post=1682"}],"version-history":[{"count":4,"href":"https:\/\/posgraduacao.uea.edu.br\/segurancapublica\/index.php\/wp-json\/wp\/v2\/pages\/1682\/revisions"}],"predecessor-version":[{"id":1702,"href":"https:\/\/posgraduacao.uea.edu.br\/segurancapublica\/index.php\/wp-json\/wp\/v2\/pages\/1682\/revisions\/1702"}],"wp:attachment":[{"href":"https:\/\/posgraduacao.uea.edu.br\/segurancapublica\/index.php\/wp-json\/wp\/v2\/media?parent=1682"}],"curies":[{"name":"wp","href":"https:\/\/api.w.org\/{rel}","templated":true}]}}