{"id":762,"date":"2024-11-21T14:08:11","date_gmt":"2024-11-21T18:08:11","guid":{"rendered":"https:\/\/posgraduacao.uea.edu.br\/segurancapublica\/?page_id=762"},"modified":"2025-08-15T17:28:47","modified_gmt":"2025-08-15T21:28:47","slug":"corpo-discente","status":"publish","type":"page","link":"https:\/\/posgraduacao.uea.edu.br\/segurancapublica\/index.php\/corpo-discente\/","title":{"rendered":"Corpo Discente"},"content":{"rendered":"\n<div class=\"wp-block-stackable-columns alignfull stk-block-columns stk-block stk-51b2b12 stk-block-background stk--has-background-overlay\" data-block-id=\"51b2b12\"><style>.stk-51b2b12 .stk--block-align-51b2b12{align-items:center !important;}.stk-51b2b12 {background-color:linear-gradient(90deg,rgb(17,76,125) 7%,rgb(143,196,107) 100%) !important;background-image:url(http:\/\/posgraduacao.uea.edu.br\/segurancapublica\/wp-content\/uploads\/2025\/01\/Design-sem-nome_20250128_002318_0000.png) !important;background-position:bottom center !important;background-repeat:no-repeat !important;background-size:cover !important;min-height:0px !important;padding-top:150px !important;padding-right:150px !important;padding-bottom:150px !important;padding-left:150px !important;}.stk-51b2b12:before{opacity:0.5 !important;background-image:linear-gradient(90deg,rgb(17,76,125) 7%,rgb(143,196,107) 100%) !important;}.stk-51b2b12-column{--stk-column-gap:35px !important;row-gap:35px !important;}@media screen and (max-width:999px){.stk-51b2b12 {padding-top:250px !important;padding-bottom:150px !important;}}@media screen and (max-width:689px){.stk-51b2b12 {padding-top:150px !important;padding-bottom:100px !important;}}<\/style><div class=\"stk-row stk-inner-blocks stk--block-align-51b2b12 stk-block-content stk-content-align stk-51b2b12-column\">\n<div class=\"wp-block-stackable-column stk-block-column stk-column stk-block stk-3a43e6b\" data-v=\"4\" data-block-id=\"3a43e6b\"><style>.stk-3a43e6b-container{margin-top:0px !important;margin-right:0px !important;margin-bottom:0px !important;margin-left:0px !important;}<\/style><div class=\"stk-column-wrapper stk-block-column__content stk-container stk-3a43e6b-container stk--no-background stk--no-padding\"><div class=\"has-text-align-center-mobile stk-block-content stk-inner-blocks stk-3a43e6b-inner-blocks\">\n<div class=\"wp-block-stackable-heading stk-block-heading stk-block-heading--v2 stk-block stk-7225c59\" id=\"corpo-discente\" data-block-id=\"7225c59\"><style>.stk-7225c59 {max-width:1500px !important;min-width:auto !important;}.stk-7225c59 .stk-block-heading__text{font-size:45px !important;color:var(--theme-palette-color-8, #ffffff) !important;line-height:1.3em !important;font-weight:800 !important;}@media screen and (max-width:999px){.stk-7225c59 .stk-block-heading__text{font-size:40px !important;}}@media screen and (max-width:689px){.stk-7225c59 .stk-block-heading__text{font-size:30px !important;}}<\/style><h2 class=\"stk-block-heading__text has-text-color has-text-align-center\">Corpo Discente<\/h2><\/div>\n<\/div><\/div><\/div>\n<\/div><\/div>\n\n\n\n<div class=\"wp-block-stackable-spacer stk-block-spacer stk--no-padding stk-block stk-b2c1613\" data-block-id=\"b2c1613\"><style>.stk-b2c1613 {height:50px !important;}@media screen and (max-width:999px){.stk-b2c1613 {height:70px !important;}}<\/style><\/div>\n\n\n\n<div class=\"wp-block-stackable-heading stk-block-heading stk-block-heading--v2 stk-block stk-d543b7e\" id=\"turma-2024\" data-block-id=\"d543b7e\"><h6 class=\"stk-block-heading__text\">TURMA 2024<\/h6><\/div>\n\n\n\n<p><a href=\"http:\/\/lattes.cnpq.br\/4115931743167714\" target=\"_blank\" rel=\"noreferrer noopener\">AGNELO BATISTA DE LIMA J\u00daNIOR<\/a><\/p>\n\n\n\n<p><a href=\"http:\/\/lattes.cnpq.br\/2337352090985640\" target=\"_blank\" rel=\"noreferrer noopener\">ALESSANDRO ANDRADE ROSA DOS SANTOS<\/a><\/p>\n\n\n\n<p><a href=\"http:\/\/lattes.cnpq.br\/8665329671960299\" target=\"_blank\" rel=\"noreferrer noopener\">BRENA GOMES MAIA<\/a><\/p>\n\n\n\n<p><a href=\"http:\/\/lattes.cnpq.br\/2483535765591690\" target=\"_blank\" rel=\"noreferrer noopener\">CAROLINA ECHEVERRI OROZCO<\/a><\/p>\n\n\n\n<p><a href=\"http:\/\/lattes.cnpq.br\/7820754322050209\" target=\"_blank\" rel=\"noreferrer noopener\">EDUARDO DE CASTRO BARROS XAVIER<\/a><\/p>\n\n\n\n<p><a href=\"http:\/\/lattes.cnpq.br\/0058344068693512\" target=\"_blank\" rel=\"noreferrer noopener\">ELIZABETH BARROS DA SILVA<\/a><\/p>\n\n\n\n<p><a href=\"http:\/\/lattes.cnpq.br\/5374654098326374\" target=\"_blank\" rel=\"noreferrer noopener\">ELLEN CHRISTINE BARBOSA DE MENEZES SILVA<\/a><\/p>\n\n\n\n<p><a href=\"http:\/\/lattes.cnpq.br\/5424340064436928\" target=\"_blank\" rel=\"noreferrer noopener\">FRANCISCO VALENTE DA SILVA<\/a><\/p>\n\n\n\n<p><a href=\"http:\/\/lattes.cnpq.br\/1340417577285945\" target=\"_blank\" rel=\"noreferrer noopener\">GABRYEL GUSTAVO DE CARVALHO MACHADO<\/a><\/p>\n\n\n\n<p><a href=\"http:\/\/lattes.cnpq.br\/9184770009860977\" target=\"_blank\" rel=\"noreferrer noopener\">IGOR C\u00c2MARA DE ARA\u00daJO<\/a><\/p>\n\n\n\n<p><a href=\"http:\/\/lattes.cnpq.br\/5100265792071841\" target=\"_blank\" rel=\"noreferrer noopener\">ISABELLE MOREIRA CHAGAS<\/a><\/p>\n\n\n\n<p><a href=\"http:\/\/lattes.cnpq.br\/9667921009404427\" target=\"_blank\" rel=\"noreferrer noopener\">JOS\u00c9 IVAN VERAS DO NASCIMENTO<\/a><\/p>\n\n\n\n<p><a href=\"http:\/\/lattes.cnpq.br\/0120082053319103\" target=\"_blank\" rel=\"noreferrer noopener\">JO\u00c3O MEDEIROS DA SILVA<\/a><\/p>\n\n\n\n<p><a href=\"http:\/\/lattes.cnpq.br\/4252743425020633\" target=\"_blank\" rel=\"noreferrer noopener\">NICOLLE PATRICE PEREIRA ROCHA<\/a><\/p>\n\n\n\n<p><a href=\"http:\/\/lattes.cnpq.br\/9885712505746449\" target=\"_blank\" rel=\"noreferrer noopener\">PATRICIA MACEDO DE CAMPOS<\/a><\/p>\n\n\n\n<p><a href=\"http:\/\/lattes.cnpq.br\/3654109509632197\" target=\"_blank\" rel=\"noreferrer noopener\">RICARDO GRANA DE LIMA<\/a><\/p>\n\n\n\n<p><a href=\"http:\/\/lattes.cnpq.br\/4888627210542137\" target=\"_blank\" rel=\"noreferrer noopener\">ROBERTA PRISCILA DE ARA\u00daJO LIMA<\/a><\/p>\n\n\n\n<p><a href=\"http:\/\/lattes.cnpq.br\/4006747612526239\" target=\"_blank\" rel=\"noreferrer noopener\">ROSANE DA SILVA CALDAS<\/a><\/p>\n\n\n\n<p><a href=\"http:\/\/lattes.cnpq.br\/7312824954440924\" target=\"_blank\" rel=\"noreferrer noopener\">SHEILA TEIXEIRA SOARES<\/a><\/p>\n\n\n\n<p><a href=\"http:\/\/lattes.cnpq.br\/4691372562164747\" target=\"_blank\" rel=\"noreferrer noopener\">SUZETE MARIA DOS SANTOS<\/a><\/p>\n\n\n\n<p><a href=\"http:\/\/lattes.cnpq.br\/6284988618174936\" target=\"_blank\" rel=\"noreferrer noopener\">WELLINGTON SILVA DE LIMA<\/a><\/p>\n\n\n\n<div class=\"wp-block-stackable-heading stk-block-heading stk-block-heading--v2 stk-block stk-0444a3a\" id=\"turma-2023\" data-block-id=\"0444a3a\"><h6 class=\"stk-block-heading__text\">TURMA 2023<\/h6><\/div>\n\n\n\n<p><a href=\"http:\/\/lattes.cnpq.br\/6364596563356120\" target=\"_blank\" rel=\"noreferrer noopener\">ALYSSON DE ALMEIDA LIMA<\/a><\/p>\n\n\n\n<p><a href=\"http:\/\/lattes.cnpq.br\/4836202553204620\" target=\"_blank\" rel=\"noreferrer noopener\">ANA LILIAN BRAGA DO BU<\/a><\/p>\n\n\n\n<p><a href=\"http:\/\/lattes.cnpq.br\/9418203400632941\" target=\"_blank\" rel=\"noreferrer noopener\">ANDREZZA CHRISTINA ALENCAR DE LIMA<\/a><\/p>\n\n\n\n<p><a href=\"http:\/\/lattes.cnpq.br\/6844783271894698\" target=\"_blank\" rel=\"noreferrer noopener\">CARLOS EDUARDO DO VALLE PEREIRA FARIA DOS SANTOS<\/a><\/p>\n\n\n\n<p><a href=\"http:\/\/lattes.cnpq.br\/5676890657576414\" target=\"_blank\" rel=\"noreferrer noopener\">DANIEL CARLINNI BRASIL BARBOSA<\/a><\/p>\n\n\n\n<p><a href=\"http:\/\/lattes.cnpq.br\/5358307018408392\" target=\"_blank\" rel=\"noreferrer noopener\">EVELIN STAEVIE DOS SANTOS<\/a><\/p>\n\n\n\n<p><a href=\"http:\/\/lattes.cnpq.br\/0467187063278148\" target=\"_blank\" rel=\"noreferrer noopener\">GABRIELA MORAES LIMA ALENCAR<\/a><\/p>\n\n\n\n<p><a href=\"http:\/\/lattes.cnpq.br\/6618353250608843\" target=\"_blank\" rel=\"noreferrer noopener\">IDEVANDRO RICARDO COLARES DOS SANTOS<\/a><\/p>\n\n\n\n<p><a href=\"http:\/\/lattes.cnpq.br\/8998415843540835\" target=\"_blank\" rel=\"noreferrer noopener\">JAMES BARROS MONTEIRO<\/a><\/p>\n\n\n\n<p><a href=\"http:\/\/lattes.cnpq.br\/5628994423774820\" target=\"_blank\" rel=\"noreferrer noopener\">JO\u00c3O FREDERICO NASCIMENTO ARA\u00daJO<\/a><\/p>\n\n\n\n<p><a href=\"http:\/\/lattes.cnpq.br\/8476424524011390\" target=\"_blank\" rel=\"noreferrer noopener\">JO\u00c3O VICTOR TAYAH LIMA<\/a><\/p>\n\n\n\n<p><a href=\"http:\/\/lattes.cnpq.br\/2778612033645073\" target=\"_blank\" rel=\"noreferrer noopener\">LEANDRO ALBUQUERQUE DOS SANTOS<\/a><\/p>\n\n\n\n<p><a href=\"http:\/\/lattes.cnpq.br\/9329362437123420\" target=\"_blank\" rel=\"noreferrer noopener\">LUCIANA VIANA CIDRONIO DE ANDRADE<\/a><\/p>\n\n\n\n<p><a href=\"http:\/\/lattes.cnpq.br\/2815703724238008\" target=\"_blank\" rel=\"noreferrer noopener\">M\u00c1RCIO JOS\u00c9 SOUZA LEITE<\/a><\/p>\n\n\n\n<p><a href=\"http:\/\/lattes.cnpq.br\/3656499314724094\" target=\"_blank\" rel=\"noreferrer noopener\">NILZOMAR BARBOSA FILHO<\/a><\/p>\n\n\n\n<p><a href=\"http:\/\/lattes.cnpq.br\/1129465428609265\" target=\"_blank\" rel=\"noreferrer noopener\">SANDRA MILENA GALINDO BENAVIDES<\/a><\/p>\n\n\n\n<p><a href=\"http:\/\/lattes.cnpq.br\/1474228527845395\" target=\"_blank\" rel=\"noreferrer noopener\">SARAH LIMA DE SOUZA<\/a><\/p>\n\n\n\n<p><a href=\"http:\/\/lattes.cnpq.br\/0647944921857716\" target=\"_blank\" rel=\"noreferrer noopener\">WELTON MICHEL DA SILVA<\/a><\/p>\n\n\n\n<p><a href=\"http:\/\/lattes.cnpq.br\/9472544310731958\" target=\"_blank\" rel=\"noreferrer noopener\">WILLIAM DE OLIVEIRA DIAS<\/a><\/p>\n\n\n\n<div class=\"wp-block-stackable-heading stk-block-heading stk-block-heading--v2 stk-block stk-7d197a2\" id=\"turma-2022\" data-block-id=\"7d197a2\"><h6 class=\"stk-block-heading__text\">TURMA 2022<\/h6><\/div>\n\n\n\n<p><a href=\"http:\/\/lattes.cnpq.br\/8361799382315874\" target=\"_blank\" rel=\"noreferrer noopener\">AILTON LUIZ DOS SANTOS<\/a><\/p>\n\n\n\n<p><a href=\"http:\/\/lattes.cnpq.br\/5336305987685200\" target=\"_blank\" rel=\"noreferrer noopener\">ANA L\u00daCIA BORGES COELHO CARDOSO<\/a><\/p>\n\n\n\n<p><a href=\"http:\/\/lattes.cnpq.br\/7602543795374037\" target=\"_blank\" rel=\"noreferrer noopener\">ANT\u00d4NIO FELIPE BARROS DA SILVA<\/a><\/p>\n\n\n\n<p><a href=\"http:\/\/lattes.cnpq.br\/4316756533529537\" target=\"_blank\" rel=\"noreferrer noopener\">ELISANGELA DOS SANTOS CABRAL<\/a><\/p>\n\n\n\n<p><a href=\"http:\/\/lattes.cnpq.br\/4109651960735068\" target=\"_blank\" rel=\"noreferrer noopener\">FABR\u00cdCIO SILVA DOS ANJOS<\/a><\/p>\n\n\n\n<p><a href=\"http:\/\/lattes.cnpq.br\/3468988011593074\" target=\"_blank\" rel=\"noreferrer noopener\">FELIPE ALVES GOMES<\/a><\/p>\n\n\n\n<p><a href=\"http:\/\/lattes.cnpq.br\/7265769748306914\" target=\"_blank\" rel=\"noreferrer noopener\">FILIPE LAGO CASTELLO BRANCO<\/a><\/p>\n\n\n\n<p><a href=\"http:\/\/lattes.cnpq.br\/5858031454643356\" target=\"_blank\" rel=\"noreferrer noopener\">FL\u00c1VIO CARVALHO CAVALCANTE<\/a><\/p>\n\n\n\n<p><a href=\"http:\/\/lattes.cnpq.br\/4135214532091716\" target=\"_blank\" rel=\"noreferrer noopener\">FRANCISCO TAKMONY FERNANDES DANTAS<\/a><\/p>\n\n\n\n<p><a href=\"http:\/\/lattes.cnpq.br\/3706390861954566\" target=\"_blank\" rel=\"noreferrer noopener\">GABRIEL PONCE DE LE\u00c3O LIMA ALMEIDA<\/a><\/p>\n\n\n\n<p><a href=\"http:\/\/lattes.cnpq.br\/2192013345893644\" target=\"_blank\" rel=\"noreferrer noopener\">GUILHERME KEESE DIOGO CAMPOS<\/a><\/p>\n\n\n\n<p><a href=\"http:\/\/lattes.cnpq.br\/5677334697342190\" target=\"_blank\" rel=\"noreferrer noopener\">HERON FERREIRA DA SILVA MUNEYMNE<\/a><\/p>\n\n\n\n<p><a href=\"http:\/\/lattes.cnpq.br\/3045591128074331\" target=\"_blank\" rel=\"noreferrer noopener\">JOS\u00c9 AUGUSTO PALHETA TAVEIRA J\u00daNIOR<\/a><\/p>\n\n\n\n<p><a href=\"http:\/\/lattes.cnpq.br\/4160546954218522\" target=\"_blank\" rel=\"noreferrer noopener\">JO\u00c3O BATISTA FLORES DE MORAES<\/a><\/p>\n\n\n\n<p><a href=\"http:\/\/lattes.cnpq.br\/2892832838885156\" target=\"_blank\" rel=\"noreferrer noopener\">LEANDRO MEIRELES CHAVES<\/a><\/p>\n\n\n\n<p><a href=\"http:\/\/lattes.cnpq.br\/1433986801377880\" target=\"_blank\" rel=\"noreferrer noopener\">LUCIANA PINTO GONCALVES<\/a><\/p>\n\n\n\n<p><a href=\"http:\/\/lattes.cnpq.br\/8920069744434015\" target=\"_blank\" rel=\"noreferrer noopener\">ROBERTA TORRES DIAS<\/a><\/p>\n\n\n\n<p><a href=\"http:\/\/lattes.cnpq.br\/1896963640685197\" target=\"_blank\" rel=\"noreferrer noopener\">ROMULO GARCIA BARROS SILVA<\/a><\/p>\n\n\n\n<p><a href=\"http:\/\/lattes.cnpq.br\/9804876186213944\" target=\"_blank\" rel=\"noreferrer noopener\">TIAGO PEREIRA CIRINO<\/a><\/p>\n\n\n\n<details class=\"wp-block-stackable-accordion stk-block-accordion stk-inner-blocks stk-block-content stk-block stk-d8505e1 is-style-default\" data-block-id=\"d8505e1\">\n<summary class=\"wp-block-stackable-column stk-block-column stk-column stk-block stk-cc3e627 stk--container-small stk-block-accordion__heading\" data-v=\"4\" data-block-id=\"cc3e627\"><div class=\"stk-column-wrapper stk-block-column__content stk-container stk-cc3e627-container stk-hover-parent\"><div class=\"stk-block-content stk-inner-blocks stk-cc3e627-inner-blocks\">\n<div class=\"wp-block-stackable-icon-label stk-block-icon-label stk-block stk-ec93384\" data-block-id=\"ec93384\"><div class=\"stk-row stk-inner-blocks stk-block-content\">\n<div class=\"wp-block-stackable-icon stk-block-icon stk-block stk-6af6f1b\" data-block-id=\"6af6f1b\"><span class=\"stk--svg-wrapper\"><div class=\"stk--inner-svg\"><svg style=\"height:0;width:0\"><defs><linearGradient id=\"linear-gradient-6af6f1b\" x1=\"0\" x2=\"100%\" y1=\"0\" y2=\"0\"><stop offset=\"0%\" style=\"stop-opacity:1;stop-color:var(--linear-gradient-6-af-6-f-1-b-color-1)\"><\/stop><stop offset=\"100%\" style=\"stop-opacity:1;stop-color:var(--linear-gradient-6-af-6-f-1-b-color-2)\"><\/stop><\/linearGradient><\/defs><\/svg><svg data-prefix=\"fas\" data-icon=\"chevron-down\" class=\"svg-inline--fa fa-chevron-down fa-w-14\" xmlns=\"http:\/\/www.w3.org\/2000\/svg\" viewBox=\"0 0 448 512\" aria-hidden=\"true\" width=\"32\" height=\"32\"><path fill=\"currentColor\" d=\"M207.029 381.476L12.686 187.132c-9.373-9.373-9.373-24.569 0-33.941l22.667-22.667c9.357-9.357 24.522-9.375 33.901-.04L224 284.505l154.745-154.021c9.379-9.335 24.544-9.317 33.901.04l22.667 22.667c9.373 9.373 9.373 24.569 0 33.941L240.971 381.476c-9.373 9.372-24.569 9.372-33.942 0z\"><\/path><\/svg><\/div><\/span><\/div>\n<\/div><\/div>\n<\/div><\/div><\/summary>\n<\/details>\n\n\n\n<div class=\"wp-block-stackable-columns alignfull stk-block-columns stk-block stk-80ce3af stk-block-background stk--has-background-overlay\" data-block-id=\"80ce3af\"><style>.stk-80ce3af {background-color:linear-gradient(180deg, #ffffff 50%, var(--theme-palette-color-4, #102136) 50%) !important;margin-bottom:0px !important;}.stk-80ce3af:before{background-image:linear-gradient(180deg, #ffffff 50%, var(--theme-palette-color-4, #102136) 50%) !important;}<\/style><div class=\"stk-row stk-inner-blocks stk-block-content stk-content-align stk-80ce3af-column\">\n<div class=\"wp-block-stackable-column stk-block-column stk-column stk-block stk-6ddbaf2 stk-block-background stk--has-background-overlay\" data-v=\"4\" data-block-id=\"6ddbaf2\"><style>.stk-6ddbaf2-container{margin-top:0px !important;margin-right:0px !important;margin-bottom:0px !important;margin-left:0px !important;}.stk-6ddbaf2 {background-image:url(http:\/\/posgraduacao.uea.edu.br\/segurancapublica\/wp-content\/uploads\/2025\/05\/Imagem-do-WhatsApp-de-2025-05-16-as-14.43.09_64eb4b91-scaled.jpg) !important;border-top-left-radius:10px !important;border-top-right-radius:10px !important;border-bottom-right-radius:10px !important;border-bottom-left-radius:10px !important;overflow:hidden !important;}.stk-6ddbaf2:before{background-color:#000000 !important;opacity:0.5 !important;}@media screen and (max-width:999px){.stk-6ddbaf2 {padding-top:80px !important;padding-right:150px !important;padding-bottom:80px !important;padding-left:150px !important;}}@media screen and (max-width:689px){.stk-6ddbaf2 {padding-top:60px !important;padding-right:50px !important;padding-bottom:60px !important;padding-left:50px !important;}}<\/style><div class=\"stk-column-wrapper stk-block-column__content stk-container stk-6ddbaf2-container stk--no-background stk--no-padding\"><div class=\"has-text-align-center stk-block-content stk-inner-blocks stk-6ddbaf2-inner-blocks\">\n<div class=\"wp-block-stackable-heading stk-block-heading stk-block-heading--v2 stk-block stk-8054442\" id=\"programa-de-pos-graduacao-em-seguranca-publica-cidadania-e-direitos-humanos\" data-block-id=\"8054442\"><style>.stk-8054442 {margin-bottom:10px !important;}.stk-8054442 .stk-block-heading__text{color:var(--theme-palette-color-8, #ffffff) !important;font-weight:800 !important;}@media screen and (max-width:689px){.stk-8054442 .stk-block-heading__text{font-size:25px !important;}}<\/style><h2 class=\"stk-block-heading__text has-text-color stk-block-heading--use-theme-margins\">Programa de P\u00f3s-Gradua\u00e7\u00e3o em Seguran\u00e7a P\u00fablica, Cidadania e Direitos Humanos<\/h2><\/div>\n\n\n\n<div class=\"wp-block-stackable-text stk-block-text stk-block stk-0ef7198\" data-block-id=\"0ef7198\"><style>.stk-0ef7198 .stk-block-text__text{color:#ffffff !important;}<\/style><p class=\"stk-block-text__text has-text-color\">Vinculado \u00e0 Escola Superior de Ci\u00eancias Sociais<\/p><\/div>\n\n\n\n<div class=\"wp-block-stackable-button-group stk-block-button-group stk-block stk-cc4a772\" data-block-id=\"cc4a772\"><div class=\"stk-row stk-inner-blocks stk-block-content stk-button-group\">\n<div class=\"wp-block-stackable-button stk-block-button stk-block stk-f63b751\" data-block-id=\"f63b751\"><style>.stk-f63b751 .stk-button{padding-top:12px !important;padding-right:30px !important;padding-bottom:12px !important;padding-left:30px !important;}<\/style><a class=\"stk-link stk-button stk--hover-effect-darken\" href=\"https:\/\/posgraduacao.uea.edu.br\/segurancapublica\/index.php\/contato\/\"><span class=\"stk-button__inner-text\">Fale Conosco<\/span><\/a><\/div>\n<\/div><\/div>\n<\/div><\/div><\/div>\n<\/div><\/div>\n","protected":false},"excerpt":{"rendered":"<p>Corpo Discente TURMA 2024 AGNELO BATISTA DE LIMA J\u00daNIOR ALESSANDRO ANDRADE ROSA DOS SANTOS BRENA GOMES MAIA CAROLINA ECHEVERRI OROZCO EDUARDO DE CASTRO BARROS XAVIER ELIZABETH BARROS DA SILVA ELLEN CHRISTINE BARBOSA DE MENEZES SILVA FRANCISCO VALENTE DA SILVA GABRYEL GUSTAVO DE CARVALHO MACHADO IGOR C\u00c2MARA DE ARA\u00daJO ISABELLE MOREIRA CHAGAS JOS\u00c9 IVAN VERAS DO [&hellip;]<\/p>\n","protected":false},"author":2,"featured_media":0,"parent":0,"menu_order":0,"comment_status":"closed","ping_status":"closed","template":"","meta":{"footnotes":""},"class_list":["post-762","page","type-page","status-publish","hentry"],"blocksy_meta":{"page_title_panel":"","has_hero_section":"disabled","fe1c64ab89945cda534f4bb2d579ae1a":"","hero_section":"type-1","hero_elements":[{"id":"custom_title","enabled":true,"heading_tag":"h1","title":"Home"},{"id":"custom_description","enabled":true,"description_visibility":{"desktop":true,"tablet":true,"mobile":false}},{"id":"custom_meta","enabled":false,"meta_elements":[{"id":"author","enabled":true,"label":"By","has_author_avatar":"yes","avatar_size":25},{"id":"post_date","enabled":true,"label":"On","date_format_source":"default","date_format":"M j, Y"},{"id":"updated_date","enabled":false,"label":"On","date_format_source":"default","date_format":"M j, Y"},{"id":"categories","enabled":false,"label":"In","style":"simple"},{"id":"comments","enabled":true}],"page_meta_elements":{"joined":true,"articles_count":true,"comments":true}},{"id":"breadcrumbs","enabled":false}],"433b02732bec8d55ec282f00a9a700eb":"","hero_alignment1":"CT_CSS_SKIP_RULE","hero_margin":40,"hero_alignment2":"center","hero_vertical_alignment":"center","fdbb34d69d6afe2394c07d96c9ea0b60":"","hero_structure":"narrow","cb306aece5e91b9a44875e4a81075440":"","page_title_bg_type":"featured_image","custom_hero_background":{"attachment_id":null},"page_title_image_size":"full","parallax":{"desktop":false,"tablet":false,"mobile":false},"034bc954f3c533bc75ffdf62670c8395":"","hero_height":"250px","pageTitleFont":{"family":"Default","variation":"Default","size":"30px","line-height":"CT_CSS_SKIP_RULE","letter-spacing":"CT_CSS_SKIP_RULE","text-transform":"CT_CSS_SKIP_RULE","text-decoration":"CT_CSS_SKIP_RULE"},"pageTitleFontColor":{"default":{"color":"CT_CSS_SKIP_RULEDEFAULT"}},"pageMetaFont":{"family":"Default","variation":"n6","size":"12px","line-height":"1.3","letter-spacing":"CT_CSS_SKIP_RULE","text-transform":"uppercase","text-decoration":"CT_CSS_SKIP_RULE"},"pageMetaFontColor":{"default":{"color":"CT_CSS_SKIP_RULEDEFAULT"},"hover":{"color":"CT_CSS_SKIP_RULEDEFAULT"}},"page_meta_button_type_font_colors":{"default":{"color":"CT_CSS_SKIP_RULEDEFAULT"},"hover":{"color":"CT_CSS_SKIP_RULEDEFAULT"}},"page_meta_button_type_background_colors":{"default":{"color":"CT_CSS_SKIP_RULEDEFAULT"},"hover":{"color":"CT_CSS_SKIP_RULEDEFAULT"}},"pageExcerptFont":{"family":"Default","variation":"Default","size":"CT_CSS_SKIP_RULE","line-height":"CT_CSS_SKIP_RULE","letter-spacing":"CT_CSS_SKIP_RULE","text-transform":"CT_CSS_SKIP_RULE","text-decoration":"CT_CSS_SKIP_RULE"},"pageExcerptColor":{"default":{"color":"CT_CSS_SKIP_RULEDEFAULT"}},"breadcrumbsFont":{"family":"Default","variation":"Default","size":"CT_CSS_SKIP_RULE","line-height":"CT_CSS_SKIP_RULE","letter-spacing":"CT_CSS_SKIP_RULE","text-transform":"CT_CSS_SKIP_RULE","text-decoration":"CT_CSS_SKIP_RULE"},"breadcrumbsFontColor":{"default":{"color":"CT_CSS_SKIP_RULEDEFAULT"},"initial":{"color":"CT_CSS_SKIP_RULEDEFAULT"},"hover":{"color":"CT_CSS_SKIP_RULEDEFAULT"}},"pageTitleOverlay":{"background_type":"color","background_pattern":"type-1","background_image":{"attachment_id":null,"x":0,"y":0},"gradient":"linear-gradient(135deg,rgba(6,147,227,1) 0%,rgb(155,81,224) 100%)","background_repeat":"repeat","background_size":"auto","background_attachment":"scroll","patternColor":{"default":{"color":"#e5e7ea"}},"overlayColor":{"default":{"color":"CT_CSS_SKIP_RULE"}},"backgroundColor":{"default":{"color":"CT_CSS_SKIP_RULE"}}},"pageTitleBackground":{"background_type":"color","background_pattern":"type-1","background_image":{"attachment_id":null,"x":0,"y":0},"gradient":"linear-gradient(135deg,rgba(6,147,227,1) 0%,rgb(155,81,224) 100%)","background_repeat":"repeat","background_size":"auto","background_attachment":"scroll","patternColor":{"default":{"color":"#e5e7ea"}},"overlayColor":{"default":{"color":"CT_CSS_SKIP_RULE"}},"backgroundColor":{"default":{"color":"var(--theme-palette-color-6)"}}},"pageTitlePadding":{"top":"50px","bottom":"50px","left":"auto","right":"auto","linked":true},"12e455f30de1d15aed0effbbb6f951bf":"","page_structure_type":"default","f474d2f3ad69b4e64f52dac0a3aa2bb2":"","content_style_source":"inherit","content_style":"wide","vertical_spacing_source":"custom","content_area_spacing":"none","background":{"background_type":"color","background_pattern":"type-1","background_image":{"attachment_id":null,"x":0,"y":0},"gradient":"linear-gradient(135deg,rgba(6,147,227,1) 0%,rgb(155,81,224) 100%)","background_repeat":"repeat","background_size":"auto","background_attachment":"scroll","patternColor":{"default":{"color":"#e5e7ea"}},"overlayColor":{"default":{"color":"CT_CSS_SKIP_RULE"}},"backgroundColor":{"default":{"color":"CT_CSS_SKIP_RULE"}}},"content_background":{"background_type":"color","background_pattern":"type-1","background_image":{"attachment_id":null,"x":0,"y":0},"gradient":"linear-gradient(135deg,rgba(6,147,227,1) 0%,rgb(155,81,224) 100%)","background_repeat":"repeat","background_size":"auto","background_attachment":"scroll","patternColor":{"default":{"color":"#e5e7ea"}},"overlayColor":{"default":{"color":"CT_CSS_SKIP_RULE"}},"backgroundColor":{"default":{"color":"var(--theme-palette-color-8)"}}},"content_boxed_shadow":{"inherit":false,"blur":18,"spread":-6,"v_offset":12,"h_offset":0,"inset":false,"enable":true,"color":{"color":"rgba(34, 56, 101, 0.04)"}},"content_boxed_border":{"width":1,"style":"none","color":{"color":"rgba(44,62,80,0.2)"}},"content_boxed_radius":{"top":"3px","bottom":"3px","left":"3px","right":"3px","linked":true},"boxed_content_spacing":{"desktop":{"top":"40px","bottom":"40px","left":"40px","right":"40px","linked":true},"tablet":{"top":"35px","bottom":"35px","left":"35px","right":"35px","linked":true},"mobile":{"top":"20px","bottom":"20px","left":"20px","right":"20px","linked":true}},"fca9f1d1c7aa58a4b21dd78357f6373e":"","disable_featured_image":"no","disable_share_box":"no","disable_header":"no","disable_footer":"no","styles_descriptor":{"styles":{"desktop":"","tablet":"","mobile":""},"google_fonts":[],"version":6}},"_links":{"self":[{"href":"https:\/\/posgraduacao.uea.edu.br\/segurancapublica\/index.php\/wp-json\/wp\/v2\/pages\/762","targetHints":{"allow":["GET"]}}],"collection":[{"href":"https:\/\/posgraduacao.uea.edu.br\/segurancapublica\/index.php\/wp-json\/wp\/v2\/pages"}],"about":[{"href":"https:\/\/posgraduacao.uea.edu.br\/segurancapublica\/index.php\/wp-json\/wp\/v2\/types\/page"}],"author":[{"embeddable":true,"href":"https:\/\/posgraduacao.uea.edu.br\/segurancapublica\/index.php\/wp-json\/wp\/v2\/users\/2"}],"replies":[{"embeddable":true,"href":"https:\/\/posgraduacao.uea.edu.br\/segurancapublica\/index.php\/wp-json\/wp\/v2\/comments?post=762"}],"version-history":[{"count":12,"href":"https:\/\/posgraduacao.uea.edu.br\/segurancapublica\/index.php\/wp-json\/wp\/v2\/pages\/762\/revisions"}],"predecessor-version":[{"id":1777,"href":"https:\/\/posgraduacao.uea.edu.br\/segurancapublica\/index.php\/wp-json\/wp\/v2\/pages\/762\/revisions\/1777"}],"wp:attachment":[{"href":"https:\/\/posgraduacao.uea.edu.br\/segurancapublica\/index.php\/wp-json\/wp\/v2\/media?parent=762"}],"curies":[{"name":"wp","href":"https:\/\/api.w.org\/{rel}","templated":true}]}}